{"id":25591,"date":"2023-01-26T10:14:42","date_gmt":"2023-01-26T09:14:42","guid":{"rendered":"https:\/\/plasticodyssey.org\/live\/organize-meeting\/"},"modified":"2024-10-30T09:59:54","modified_gmt":"2024-10-30T08:59:54","slug":"organize-meeting","status":"publish","type":"page","link":"https:\/\/plasticodyssey.org\/en\/live\/organize-meeting\/","title":{"rendered":"Organize a meeting"},"content":{"rendered":"<div class=\"wpb-content-wrapper\"><p>[vc_row css_animation=&#8221;&#8221; row_type=&#8221;row&#8221; use_row_as_full_screen_section=&#8221;no&#8221; type=&#8221;full_width&#8221; angled_section=&#8221;no&#8221; text_align=&#8221;left&#8221; background_image_as_pattern=&#8221;without_pattern&#8221; z_index=&#8221;&#8221; background_color=&#8221;#1d1e3a&#8221;][vc_column][qode_elements_holder background_color=&#8221;#1d1e3a&#8221; number_of_columns=&#8221;two_columns&#8221; custom_class=&#8221;sk_fullheight&#8221;][qode_elements_holder_item vertical_alignment=&#8221;top&#8221; advanced_animations=&#8221;no&#8221; item_padding=&#8221;100px&#8221; item_padding_600_768=&#8221;20px 20px 20px 20px&#8221; item_padding_480_600=&#8221;20px 20px 20px 20px&#8221; item_padding_480=&#8221;20px 20px 20px 20px&#8221; custom_class=&#8221;white&#8221; item_padding_768_1024=&#8221;20px 20px 20px 20px&#8221; item_padding_1024_1280=&#8221;60px&#8221;][vc_single_image image=&#8221;4785&#8243; img_size=&#8221;medium&#8221; onclick=&#8221;custom_link&#8221; qode_css_animation=&#8221;&#8221; link=&#8221;\/en\/&#8221;][vc_column_text el_class=&#8221;mt4&#8243;]<\/p>\n<h1>To Promote my initiative<\/h1>\n<p>Are you a recycling actor and would you like to welcome our team into your company, association or workshop? Are you working on concrete solutions to fight against plastic pollution?<\/p>\n<p>Feel free to introduce your organization to us, we will get back to you quickly to organize a visit to your premises and a meeting with the team.[\/vc_column_text][vc_gallery type=&#8221;image_grid&#8221; images=&#8221;19173,19151,19169,19153&#8243; img_size=&#8221;full&#8221; onclick=&#8221;&#8221; column_number=&#8221;2&#8243; grayscale=&#8221;no&#8221; images_space=&#8221;gallery_with_space&#8221; el_class=&#8221;mt3&#8243;]<a  itemprop=\"url\" href=\"\/en\/live\/\" target=\"_self\"  class=\"qbutton  default cta_white_bg_2\" style=\"color: #ffffff; \">Go Back<span aria-hidden=\"true\" class=\"qode_icon_font_elegant arrow_right qode_button_icon_element\"><\/span><\/a>[\/qode_elements_holder_item][qode_elements_holder_item vertical_alignment=&#8221;top&#8221; advanced_animations=&#8221;no&#8221; item_padding=&#8221;100px&#8221; background_color=&#8221;#eaebed&#8221; item_padding_600_768=&#8221;20px 20px 20px 20px&#8221; item_padding_480_600=&#8221;20px 20px 20px 20px&#8221; item_padding_480=&#8221;20px 20px 20px 20px&#8221; item_padding_768_1024=&#8221;20px 20px 20px 20px&#8221; item_padding_1024_1280=&#8221;60px&#8221;][vc_column_text css=&#8221;&#8221; el_class=&#8221;sk_form&#8221;]\n<div class=\"wpcf7 no-js\" id=\"wpcf7-f26831-o1\" lang=\"en-US\" dir=\"ltr\" data-wpcf7-id=\"26831\">\n<div class=\"screen-reader-response\"><p role=\"status\" aria-live=\"polite\" aria-atomic=\"true\"><\/p> <ul><\/ul><\/div>\n<form action=\"\/en\/wp-json\/wp\/v2\/pages\/25591#wpcf7-f26831-o1\" method=\"post\" class=\"wpcf7-form init cf7_custom_style_3\" aria-label=\"Contact form\" novalidate=\"novalidate\" data-status=\"init\">\n<fieldset class=\"hidden-fields-container\"><input type=\"hidden\" name=\"_wpcf7\" value=\"26831\" \/><input type=\"hidden\" name=\"_wpcf7_version\" value=\"6.1.5\" \/><input type=\"hidden\" name=\"_wpcf7_locale\" value=\"en_US\" \/><input type=\"hidden\" name=\"_wpcf7_unit_tag\" value=\"wpcf7-f26831-o1\" \/><input type=\"hidden\" name=\"_wpcf7_container_post\" value=\"0\" \/><input type=\"hidden\" name=\"_wpcf7_posted_data_hash\" value=\"\" \/><input type=\"hidden\" name=\"_wpcf7cf_hidden_group_fields\" value=\"[]\" \/><input type=\"hidden\" name=\"_wpcf7cf_hidden_groups\" value=\"[]\" \/><input type=\"hidden\" name=\"_wpcf7cf_visible_groups\" value=\"[]\" \/><input type=\"hidden\" name=\"_wpcf7cf_repeaters\" value=\"[]\" \/><input type=\"hidden\" name=\"_wpcf7cf_steps\" value=\"{}\" \/><input type=\"hidden\" name=\"_wpcf7cf_options\" value=\"{&quot;form_id&quot;:26831,&quot;conditions&quot;:[],&quot;settings&quot;:{&quot;animation&quot;:&quot;yes&quot;,&quot;animation_intime&quot;:200,&quot;animation_outtime&quot;:200,&quot;conditions_ui&quot;:&quot;normal&quot;,&quot;notice_dismissed&quot;:false}}\" \/><input type=\"hidden\" name=\"_wpcf7_recaptcha_response\" value=\"\" \/>\n<\/fieldset>\n<p><strong>Organize a meeting - Stopover : <span class=\"wpcf7-form-control-wrap\" data-name=\"menu-escales\"><select class=\"wpcf7-form-control wpcf7-select wpcf7-validates-as-required\" aria-required=\"true\" aria-invalid=\"false\" name=\"menu-escales\"><option value=\"Morocco\">Morocco<\/option><option value=\"Senegal\">Senegal<\/option><option value=\"Guinea\">Guinea<\/option><option value=\"Cape Verde\">Cape Verde<\/option><option value=\"Brazil\">Brazil<\/option><option value=\"French Guiana\">French Guiana<\/option><option value=\"Guadeloupe\">Guadeloupe<\/option><option value=\"Martinique\">Martinique<\/option><option value=\"Dominican Republic\">Dominican Republic<\/option><option value=\"Colombia\">Colombia<\/option><option value=\"Panama\">Panama<\/option><option value=\"Costa Rica\">Costa Rica<\/option><option value=\"Ecuador\">Ecuador<\/option><option value=\"Henderson\">Henderson<\/option><option value=\"French Polynesia\">French Polynesia<\/option><option value=\"Samoa\">Samoa<\/option><option value=\"Fiji\">Fiji<\/option><option value=\"New Caledonia\">New Caledonia<\/option><option value=\"Vanuatu\">Vanuatu<\/option><option value=\"Indonesia\">Indonesia<\/option><option value=\"Singapore\">Singapore<\/option><option value=\"Cambodia\">Cambodia<\/option><option value=\"Malaysia\">Malaysia<\/option><option value=\"Vietnam\">Vietnam<\/option><option value=\"Hong Kong\">Hong Kong<\/option><option value=\"Taiwan\">Taiwan<\/option><option value=\"Philippines\" selected=\"selected\">Philippines<\/option><option value=\"Thailand\">Thailand<\/option><option value=\"India\">India<\/option><option value=\"Sri Lanka\">Sri Lanka<\/option><option value=\"Maldives\">Maldives<\/option><option value=\"Reunion\">Reunion<\/option><option value=\"Mauritius\">Mauritius<\/option><option value=\"Madagascar\">Madagascar<\/option><option value=\"Seychelles\">Seychelles<\/option><option value=\"Comoros\">Comoros<\/option><option value=\"Mayotte\">Mayotte<\/option><option value=\"Tanzania\">Tanzania<\/option><option value=\"Kenya\">Kenya<\/option><option value=\"Aldabra\">Aldabra<\/option><option value=\"Saint Brandon\">Saint Brandon<\/option><option value=\"Mozambique\">Mozambique<\/option><option value=\"South Africa\">South Africa<\/option><option value=\"Angola\">Angola<\/option><option value=\"S\u00e3o Tom\u00e9 and Pr\u00edncipe\">S\u00e3o Tom\u00e9 and Pr\u00edncipe<\/option><option value=\"Cameroon\">Cameroon<\/option><option value=\"Nigeria\">Nigeria<\/option><option value=\"Ivory Coast\">Ivory Coast<\/option><option value=\"France\">France<\/option><\/select><\/span><\/strong>\n<\/p>\n<div class=\"two_columns_50_50 clearfix\">\n\t<div class=\"column1\">\n\t\t<div class=\"column_inner\">\n\t\t\t<p><span class=\"wpcf7-form-control-wrap\" data-name=\"text-nomprenom\"><input size=\"40\" maxlength=\"400\" class=\"wpcf7-form-control wpcf7-text wpcf7-validates-as-required\" aria-required=\"true\" aria-invalid=\"false\" placeholder=\"Firstname and Lastname*\" value=\"\" type=\"text\" name=\"text-nomprenom\" \/><\/span>\n\t\t\t<\/p>\n\t\t<\/div>\n\t<\/div>\n\t<div class=\"column2\">\n\t\t<div class=\"column_inner\">\n\t\t\t<p><span class=\"wpcf7-form-control-wrap\" data-name=\"email-mail\"><input size=\"40\" maxlength=\"400\" class=\"wpcf7-form-control wpcf7-email wpcf7-validates-as-required wpcf7-text wpcf7-validates-as-email\" aria-required=\"true\" aria-invalid=\"false\" placeholder=\"E-mail address*\" value=\"\" type=\"email\" name=\"email-mail\" \/><\/span>\n\t\t\t<\/p>\n\t\t<\/div>\n\t<\/div>\n<\/div>\n<div class=\"two_columns_50_50 clearfix\">\n\t<div class=\"column1\">\n\t\t<div class=\"column_inner\">\n\t\t\t<p><span class=\"wpcf7-form-control-wrap\" data-name=\"tel-tel\"><input size=\"40\" maxlength=\"400\" class=\"wpcf7-form-control wpcf7-tel wpcf7-validates-as-required wpcf7-text wpcf7-validates-as-tel\" aria-required=\"true\" aria-invalid=\"false\" placeholder=\"Phone number*\" value=\"\" type=\"tel\" name=\"tel-tel\" \/><\/span>\n\t\t\t<\/p>\n\t\t<\/div>\n\t<\/div>\n\t<div class=\"column2\">\n\t\t<div class=\"column_inner\">\n\t\t\t<p><span class=\"wpcf7-form-control-wrap\" data-name=\"menu-vousetes\"><select class=\"wpcf7-form-control wpcf7-select wpcf7-validates-as-required\" aria-required=\"true\" aria-invalid=\"false\" name=\"menu-vousetes\"><option value=\"\">Are you? (select)*<\/option><option value=\"a Company\">a Company<\/option><option value=\"an Assocation\">an Assocation<\/option><option value=\"Other\">Other<\/option><\/select><\/span>\n\t\t\t<\/p>\n\t\t<\/div>\n\t<\/div>\n<\/div>\n<div class=\"column_inner\">\n\t<p><span class=\"wpcf7-form-control-wrap\" data-name=\"text-adresse\"><input size=\"40\" maxlength=\"400\" class=\"wpcf7-form-control wpcf7-text wpcf7-validates-as-required\" aria-required=\"true\" aria-invalid=\"false\" placeholder=\"Appointment location*\" value=\"\" type=\"text\" name=\"text-adresse\" \/><\/span>\n\t<\/p>\n<\/div>\n<div class=\"sk_box_white mt1\">\n\t<p><strong>What do you produce?<\/strong>\n\t<\/p>\n\t<p><span class=\"wpcf7-form-control-wrap\" data-name=\"checkbox-produit\"><span class=\"wpcf7-form-control wpcf7-checkbox wpcf7-validates-as-required\"><span class=\"wpcf7-list-item first\"><label><input type=\"checkbox\" name=\"checkbox-produit[]\" value=\"Shredded material\" \/><span class=\"wpcf7-list-item-label\">Shredded material<\/span><\/label><\/span><span class=\"wpcf7-list-item\"><label><input type=\"checkbox\" name=\"checkbox-produit[]\" value=\"Compacted plastic bales\" \/><span class=\"wpcf7-list-item-label\">Compacted plastic bales<\/span><\/label><\/span><span class=\"wpcf7-list-item\"><label><input type=\"checkbox\" name=\"checkbox-produit[]\" value=\"Transformed products (pavers, bricks, tiles, furniture, etc.)\" \/><span class=\"wpcf7-list-item-label\">Transformed products (pavers, bricks, tiles, furniture, etc.)<\/span><\/label><\/span><span class=\"wpcf7-list-item last\"><label><input type=\"checkbox\" name=\"checkbox-produit[]\" value=\"Other\" \/><span class=\"wpcf7-list-item-label\">Other<\/span><\/label><\/span><\/span><\/span>\n\t<\/p>\n<\/div>\n<div class=\"sk_box_white mt1\">\n\t<p><strong>Introduce your activity*<\/strong>\n\t<\/p>\n\t<p><span class=\"wpcf7-form-control-wrap\" data-name=\"textarea-presentation\"><textarea cols=\"40\" rows=\"10\" maxlength=\"2000\" class=\"wpcf7-form-control wpcf7-textarea wpcf7-validates-as-required\" aria-required=\"true\" aria-invalid=\"false\" placeholder=\"What processes do you use? What machines do you use? How many employees do you have? What is your availability? etc.\" name=\"textarea-presentation\"><\/textarea><\/span>\n\t<\/p>\n<\/div>\n<div class=\"sk_box_white mt1\">\n\t<p><strong>Add files \/ photos<\/strong>\n\t<\/p>\n\t<p><span class=\"wpcf7-form-control-wrap\" data-name=\"upload-contenusmedia\"><input size=\"40\" class=\"wpcf7-form-control wpcf7-drag-n-drop-file d-none\" aria-invalid=\"false\" type=\"file\" multiple=\"multiple\" data-name=\"upload-contenusmedia\" data-type=\"jpeg|jpg|png|pdf\" data-min=\"1\" data-max=\"10\" data-id=\"26831\" data-version=\"free version 1.3.9.5\" accept=\".jpeg, .jpg, .png, .pdf\" \/><\/span>\n\t<\/p>\n<\/div>\n<p class=\"mt2 pb1\"><span class=\"wpcf7-form-control-wrap\" data-name=\"acceptance-donnees\"><span class=\"wpcf7-form-control wpcf7-acceptance\"><span class=\"wpcf7-list-item\"><label><input type=\"checkbox\" name=\"acceptance-donnees\" value=\"1\" aria-invalid=\"false\" \/><span class=\"wpcf7-list-item-label\">By checking this box, you agree to our <a target='blank' href='\/en\/legal-notice\/'>Privacy Policy<\/a>.<\/span><\/label><\/span><\/span><\/span>\n<\/p>\n<p><input class=\"wpcf7-form-control wpcf7-submit has-spinner\" type=\"submit\" value=\"Send\" \/>\n<\/p><input type='hidden' class='wpcf7-pum' value='{\"closepopup\":false,\"closedelay\":0,\"openpopup\":false,\"openpopup_id\":0}' \/><div class=\"wpcf7-response-output\" aria-hidden=\"true\"><\/div>\n<\/form>\n<\/div>\n[\/vc_column_text][\/qode_elements_holder_item][\/qode_elements_holder][\/vc_column][\/vc_row]<\/p>\n<\/div>","protected":false},"excerpt":{"rendered":"<p>[vc_row css_animation=&#8221;&#8221; row_type=&#8221;row&#8221; use_row_as_full_screen_section=&#8221;no&#8221; type=&#8221;full_width&#8221; angled_section=&#8221;no&#8221; text_align=&#8221;left&#8221; background_image_as_pattern=&#8221;without_pattern&#8221; z_index=&#8221;&#8221; background_color=&#8221;#1d1e3a&#8221;][vc_column][qode_elements_holder background_color=&#8221;#1d1e3a&#8221; number_of_columns=&#8221;two_columns&#8221; custom_class=&#8221;sk_fullheight&#8221;][qode_elements_holder_item vertical_alignment=&#8221;top&#8221; advanced_animations=&#8221;no&#8221; item_padding=&#8221;100px&#8221; item_padding_600_768=&#8221;20px 20px 20px 20px&#8221; item_padding_480_600=&#8221;20px 20px 20px 20px&#8221; item_padding_480=&#8221;20px 20px 20px 20px&#8221; custom_class=&#8221;white&#8221; item_padding_768_1024=&#8221;20px 20px 20px 20px&#8221; item_padding_1024_1280=&#8221;60px&#8221;][vc_single_image image=&#8221;4785&#8243;&#8230;<\/p>\n","protected":false},"author":3,"featured_media":19163,"parent":25377,"menu_order":30,"comment_status":"closed","ping_status":"closed","template":"landing_page.php","meta":{"footnotes":""},"class_list":["post-25591","page","type-page","status-publish","has-post-thumbnail","hentry"],"yoast_head":"<!-- This site is optimized with the Yoast SEO plugin v25.5 - https:\/\/yoast.com\/wordpress\/plugins\/seo\/ -->\n<title>Organize a meeting during the stopover | Plastic Odyssey<\/title>\n<meta name=\"description\" content=\"Would you like to introduce your business to us and meet our field team? Don&#039;t hesitate to suggest a meeting with us.\" \/>\n<meta name=\"robots\" content=\"noindex, nofollow\" \/>\n<meta property=\"og:locale\" content=\"en_US\" \/>\n<meta property=\"og:type\" content=\"article\" \/>\n<meta property=\"og:title\" content=\"Organize a meeting during the stopover | Plastic Odyssey\" \/>\n<meta property=\"og:description\" content=\"Would you like to introduce your business to us and meet our field team? Don&#039;t hesitate to suggest a meeting with us.\" \/>\n<meta property=\"og:url\" content=\"https:\/\/plasticodyssey.org\/en\/live\/organize-meeting\/\" \/>\n<meta property=\"og:site_name\" content=\"Plastic Odyssey\" \/>\n<meta property=\"article:publisher\" content=\"https:\/\/www.facebook.com\/plasticodyssey\/\" \/>\n<meta property=\"article:modified_time\" content=\"2024-10-30T08:59:54+00:00\" \/>\n<meta property=\"og:image\" content=\"https:\/\/plasticodyssey.org\/wp-content\/uploads\/2022\/12\/fabrication-tuyaux-plastique-recycles-beyrouth.jpg\" \/>\n\t<meta property=\"og:image:width\" content=\"1080\" \/>\n\t<meta property=\"og:image:height\" content=\"608\" \/>\n\t<meta property=\"og:image:type\" content=\"image\/jpeg\" \/>\n<meta name=\"twitter:card\" content=\"summary_large_image\" \/>\n<meta name=\"twitter:site\" content=\"@plasticodyssey\" \/>\n<meta name=\"twitter:label1\" content=\"Est. reading time\" \/>\n\t<meta name=\"twitter:data1\" content=\"1 minute\" \/>\n<script type=\"application\/ld+json\" class=\"yoast-schema-graph\">{\"@context\":\"https:\/\/schema.org\",\"@graph\":[{\"@type\":\"WebPage\",\"@id\":\"https:\/\/plasticodyssey.org\/en\/live\/organize-meeting\/\",\"url\":\"https:\/\/plasticodyssey.org\/en\/live\/organize-meeting\/\",\"name\":\"Organize a meeting during the stopover | Plastic Odyssey\",\"isPartOf\":{\"@id\":\"https:\/\/plasticodyssey.org\/en\/#website\"},\"primaryImageOfPage\":{\"@id\":\"https:\/\/plasticodyssey.org\/en\/live\/organize-meeting\/#primaryimage\"},\"image\":{\"@id\":\"https:\/\/plasticodyssey.org\/en\/live\/organize-meeting\/#primaryimage\"},\"thumbnailUrl\":\"https:\/\/plasticodyssey.org\/wp-content\/uploads\/2022\/12\/fabrication-tuyaux-plastique-recycles-beyrouth.jpg\",\"datePublished\":\"2023-01-26T09:14:42+00:00\",\"dateModified\":\"2024-10-30T08:59:54+00:00\",\"description\":\"Would you like to introduce your business to us and meet our field team? Don't hesitate to suggest a meeting with us.\",\"breadcrumb\":{\"@id\":\"https:\/\/plasticodyssey.org\/en\/live\/organize-meeting\/#breadcrumb\"},\"inLanguage\":\"en-US\",\"potentialAction\":[{\"@type\":\"ReadAction\",\"target\":[\"https:\/\/plasticodyssey.org\/en\/live\/organize-meeting\/\"]}]},{\"@type\":\"ImageObject\",\"inLanguage\":\"en-US\",\"@id\":\"https:\/\/plasticodyssey.org\/en\/live\/organize-meeting\/#primaryimage\",\"url\":\"https:\/\/plasticodyssey.org\/wp-content\/uploads\/2022\/12\/fabrication-tuyaux-plastique-recycles-beyrouth.jpg\",\"contentUrl\":\"https:\/\/plasticodyssey.org\/wp-content\/uploads\/2022\/12\/fabrication-tuyaux-plastique-recycles-beyrouth.jpg\",\"width\":1080,\"height\":608},{\"@type\":\"BreadcrumbList\",\"@id\":\"https:\/\/plasticodyssey.org\/en\/live\/organize-meeting\/#breadcrumb\",\"itemListElement\":[{\"@type\":\"ListItem\",\"position\":1,\"name\":\"Accueil\",\"item\":\"https:\/\/plasticodyssey.org\/en\/home\/\"},{\"@type\":\"ListItem\",\"position\":2,\"name\":\"Live\",\"item\":\"https:\/\/plasticodyssey.org\/en\/live\/\"},{\"@type\":\"ListItem\",\"position\":3,\"name\":\"Organize a meeting\"}]},{\"@type\":\"WebSite\",\"@id\":\"https:\/\/plasticodyssey.org\/en\/#website\",\"url\":\"https:\/\/plasticodyssey.org\/en\/\",\"name\":\"Plastic Odyssey\",\"description\":\"L&#039;exp\u00e9dition autour du monde contre la pollution plastique\",\"publisher\":{\"@id\":\"https:\/\/plasticodyssey.org\/en\/#organization\"},\"potentialAction\":[{\"@type\":\"SearchAction\",\"target\":{\"@type\":\"EntryPoint\",\"urlTemplate\":\"https:\/\/plasticodyssey.org\/en\/?s={search_term_string}\"},\"query-input\":{\"@type\":\"PropertyValueSpecification\",\"valueRequired\":true,\"valueName\":\"search_term_string\"}}],\"inLanguage\":\"en-US\"},{\"@type\":\"Organization\",\"@id\":\"https:\/\/plasticodyssey.org\/en\/#organization\",\"name\":\"Plastic Odyssey\",\"url\":\"https:\/\/plasticodyssey.org\/en\/\",\"logo\":{\"@type\":\"ImageObject\",\"inLanguage\":\"en-US\",\"@id\":\"https:\/\/plasticodyssey.org\/en\/#\/schema\/logo\/image\/\",\"url\":\"https:\/\/plasticodyssey.org\/wp-content\/uploads\/2020\/02\/navire-plastic-odyssey-coucher-soleil.jpg\",\"contentUrl\":\"https:\/\/plasticodyssey.org\/wp-content\/uploads\/2020\/02\/navire-plastic-odyssey-coucher-soleil.jpg\",\"width\":1920,\"height\":1080,\"caption\":\"Plastic Odyssey\"},\"image\":{\"@id\":\"https:\/\/plasticodyssey.org\/en\/#\/schema\/logo\/image\/\"},\"sameAs\":[\"https:\/\/www.facebook.com\/plasticodyssey\/\",\"https:\/\/x.com\/plasticodyssey\",\"https:\/\/www.instagram.com\/plasticodyssey\/\",\"https:\/\/www.linkedin.com\/company\/plastic-odyssey\/\",\"https:\/\/www.youtube.com\/channel\/UC4UNxaIW9ODIuLGJaTrhnow\"]}]}<\/script>\n<!-- \/ Yoast SEO plugin. -->","yoast_head_json":{"title":"Organize a meeting during the stopover | Plastic Odyssey","description":"Would you like to introduce your business to us and meet our field team? Don't hesitate to suggest a meeting with us.","robots":{"index":"noindex","follow":"nofollow"},"og_locale":"en_US","og_type":"article","og_title":"Organize a meeting during the stopover | Plastic Odyssey","og_description":"Would you like to introduce your business to us and meet our field team? Don't hesitate to suggest a meeting with us.","og_url":"https:\/\/plasticodyssey.org\/en\/live\/organize-meeting\/","og_site_name":"Plastic Odyssey","article_publisher":"https:\/\/www.facebook.com\/plasticodyssey\/","article_modified_time":"2024-10-30T08:59:54+00:00","og_image":[{"width":1080,"height":608,"url":"https:\/\/plasticodyssey.org\/wp-content\/uploads\/2022\/12\/fabrication-tuyaux-plastique-recycles-beyrouth.jpg","type":"image\/jpeg"}],"twitter_card":"summary_large_image","twitter_site":"@plasticodyssey","twitter_misc":{"Est. reading time":"1 minute"},"schema":{"@context":"https:\/\/schema.org","@graph":[{"@type":"WebPage","@id":"https:\/\/plasticodyssey.org\/en\/live\/organize-meeting\/","url":"https:\/\/plasticodyssey.org\/en\/live\/organize-meeting\/","name":"Organize a meeting during the stopover | Plastic Odyssey","isPartOf":{"@id":"https:\/\/plasticodyssey.org\/en\/#website"},"primaryImageOfPage":{"@id":"https:\/\/plasticodyssey.org\/en\/live\/organize-meeting\/#primaryimage"},"image":{"@id":"https:\/\/plasticodyssey.org\/en\/live\/organize-meeting\/#primaryimage"},"thumbnailUrl":"https:\/\/plasticodyssey.org\/wp-content\/uploads\/2022\/12\/fabrication-tuyaux-plastique-recycles-beyrouth.jpg","datePublished":"2023-01-26T09:14:42+00:00","dateModified":"2024-10-30T08:59:54+00:00","description":"Would you like to introduce your business to us and meet our field team? Don't hesitate to suggest a meeting with us.","breadcrumb":{"@id":"https:\/\/plasticodyssey.org\/en\/live\/organize-meeting\/#breadcrumb"},"inLanguage":"en-US","potentialAction":[{"@type":"ReadAction","target":["https:\/\/plasticodyssey.org\/en\/live\/organize-meeting\/"]}]},{"@type":"ImageObject","inLanguage":"en-US","@id":"https:\/\/plasticodyssey.org\/en\/live\/organize-meeting\/#primaryimage","url":"https:\/\/plasticodyssey.org\/wp-content\/uploads\/2022\/12\/fabrication-tuyaux-plastique-recycles-beyrouth.jpg","contentUrl":"https:\/\/plasticodyssey.org\/wp-content\/uploads\/2022\/12\/fabrication-tuyaux-plastique-recycles-beyrouth.jpg","width":1080,"height":608},{"@type":"BreadcrumbList","@id":"https:\/\/plasticodyssey.org\/en\/live\/organize-meeting\/#breadcrumb","itemListElement":[{"@type":"ListItem","position":1,"name":"Accueil","item":"https:\/\/plasticodyssey.org\/en\/home\/"},{"@type":"ListItem","position":2,"name":"Live","item":"https:\/\/plasticodyssey.org\/en\/live\/"},{"@type":"ListItem","position":3,"name":"Organize a meeting"}]},{"@type":"WebSite","@id":"https:\/\/plasticodyssey.org\/en\/#website","url":"https:\/\/plasticodyssey.org\/en\/","name":"Plastic Odyssey","description":"L&#039;exp\u00e9dition autour du monde contre la pollution plastique","publisher":{"@id":"https:\/\/plasticodyssey.org\/en\/#organization"},"potentialAction":[{"@type":"SearchAction","target":{"@type":"EntryPoint","urlTemplate":"https:\/\/plasticodyssey.org\/en\/?s={search_term_string}"},"query-input":{"@type":"PropertyValueSpecification","valueRequired":true,"valueName":"search_term_string"}}],"inLanguage":"en-US"},{"@type":"Organization","@id":"https:\/\/plasticodyssey.org\/en\/#organization","name":"Plastic Odyssey","url":"https:\/\/plasticodyssey.org\/en\/","logo":{"@type":"ImageObject","inLanguage":"en-US","@id":"https:\/\/plasticodyssey.org\/en\/#\/schema\/logo\/image\/","url":"https:\/\/plasticodyssey.org\/wp-content\/uploads\/2020\/02\/navire-plastic-odyssey-coucher-soleil.jpg","contentUrl":"https:\/\/plasticodyssey.org\/wp-content\/uploads\/2020\/02\/navire-plastic-odyssey-coucher-soleil.jpg","width":1920,"height":1080,"caption":"Plastic Odyssey"},"image":{"@id":"https:\/\/plasticodyssey.org\/en\/#\/schema\/logo\/image\/"},"sameAs":["https:\/\/www.facebook.com\/plasticodyssey\/","https:\/\/x.com\/plasticodyssey","https:\/\/www.instagram.com\/plasticodyssey\/","https:\/\/www.linkedin.com\/company\/plastic-odyssey\/","https:\/\/www.youtube.com\/channel\/UC4UNxaIW9ODIuLGJaTrhnow"]}]}},"_links":{"self":[{"href":"https:\/\/plasticodyssey.org\/en\/wp-json\/wp\/v2\/pages\/25591","targetHints":{"allow":["GET"]}}],"collection":[{"href":"https:\/\/plasticodyssey.org\/en\/wp-json\/wp\/v2\/pages"}],"about":[{"href":"https:\/\/plasticodyssey.org\/en\/wp-json\/wp\/v2\/types\/page"}],"author":[{"embeddable":true,"href":"https:\/\/plasticodyssey.org\/en\/wp-json\/wp\/v2\/users\/3"}],"replies":[{"embeddable":true,"href":"https:\/\/plasticodyssey.org\/en\/wp-json\/wp\/v2\/comments?post=25591"}],"version-history":[{"count":117,"href":"https:\/\/plasticodyssey.org\/en\/wp-json\/wp\/v2\/pages\/25591\/revisions"}],"predecessor-version":[{"id":52794,"href":"https:\/\/plasticodyssey.org\/en\/wp-json\/wp\/v2\/pages\/25591\/revisions\/52794"}],"up":[{"embeddable":true,"href":"https:\/\/plasticodyssey.org\/en\/wp-json\/wp\/v2\/pages\/25377"}],"wp:featuredmedia":[{"embeddable":true,"href":"https:\/\/plasticodyssey.org\/en\/wp-json\/wp\/v2\/media\/19163"}],"wp:attachment":[{"href":"https:\/\/plasticodyssey.org\/en\/wp-json\/wp\/v2\/media?parent=25591"}],"curies":[{"name":"wp","href":"https:\/\/api.w.org\/{rel}","templated":true}]}}