{"id":7727,"date":"2020-02-26T13:15:20","date_gmt":"2020-02-26T12:15:20","guid":{"rendered":"https:\/\/plasticodyssey.org\/partners\/credit-agricole\/"},"modified":"2024-05-31T11:01:01","modified_gmt":"2024-05-31T09:01:01","slug":"credit-agricole","status":"publish","type":"page","link":"https:\/\/plasticodyssey.org\/en\/partners\/credit-agricole\/","title":{"rendered":"Credit Agricole"},"content":{"rendered":"<div class=\"wpb-content-wrapper\"><p>[vc_row css_animation=&#8221;&#8221; row_type=&#8221;row&#8221; use_row_as_full_screen_section=&#8221;no&#8221; type=&#8221;grid&#8221; angled_section=&#8221;no&#8221; text_align=&#8221;left&#8221; background_image_as_pattern=&#8221;without_pattern&#8221; z_index=&#8221;&#8221; anchor=&#8221;more&#8221; el_class=&#8221;sk_headpage_escales sk_gradient_1 white&#8221;][vc_column el_class=&#8221;align_center header_partners&#8221;][vc_column_text el_class=&#8221;partner_level&#8221;]<\/p>\n<p><span class=\"sk_passe_tag\">Official Partner<\/span><\/p>\n<p>[\/vc_column_text][vc_single_image image=&#8221;4835&#8243; img_size=&#8221;full&#8221; alignment=&#8221;center&#8221; qode_css_animation=&#8221;&#8221; el_class=&#8221;sk_img_200 mt3&#8243;][vc_column_text el_class=&#8221;mt3&#8243;]<\/p>\n<h1>Plastic Odyssey and Cr\u00e9dit Agricole<\/h1>\n<p>&#8220;The best thing that can happen to them is that, after a while, <strong>this fantastic idea spreads all over the world.&#8221;<\/strong>[\/vc_column_text][\/vc_column][\/vc_row][vc_row css_animation=&#8221;&#8221; row_type=&#8221;row&#8221; use_row_as_full_screen_section=&#8221;no&#8221; type=&#8221;grid&#8221; angled_section=&#8221;no&#8221; text_align=&#8221;left&#8221; background_image_as_pattern=&#8221;without_pattern&#8221; z_index=&#8221;&#8221; anchor=&#8221;more&#8221; el_class=&#8221;pt6 pb6&#8243;][vc_column width=&#8221;2\/3&#8243; el_class=&#8221;mt3 sk_nomobile pb2&#8243;][vc_column_text]<\/p>\n<h2>Cr\u00e9dit Agricole Group&#8217;s support for the project<\/h2>\n<p>Rational towards the plastic pollution crisis, yet anything but resigned, Plastic Odyssey&#8217;s team embarks on an ambitious project to raise awareness among the general public, companies, and governments during a round-the-world expedition aboard an ambassador vessel that aims to fight against plastic pollution.<\/p>\n<p>Aimed at initiating the stimulation of small recycling plants and fostering the improvement of local waste reduction initiatives, Plastic Odyssey&#8217;s vessel will navigate across Africa, Latin America, and Pacific-Asia. This ability to understand the big picture, and to commit fully and concretely to carrying out its convictions, convinced the Cr\u00e9dit Agricole Group&#8217;s management to support Plastic Odyssey&#8217;s project.<\/p>\n<p>After an initial phase of philanthropic support in 2018, more than fifteen Group entities have decided to join forces to support the 2021 launch of the Plastic Odyssey expedition.[\/vc_column_text][\/vc_column][vc_column width=&#8221;1\/3&#8243; css=&#8221;.vc_custom_1594302860540{margin-bottom: 40px !important;}&#8221;][vc_single_image image=&#8221;7073&#8243; img_size=&#8221;full&#8221; alignment=&#8221;center&#8221; qode_css_animation=&#8221;&#8221;][\/vc_column][\/vc_row][vc_row css_animation=&#8221;&#8221; row_type=&#8221;row&#8221; use_row_as_full_screen_section=&#8221;no&#8221; type=&#8221;grid&#8221; angled_section=&#8221;no&#8221; text_align=&#8221;left&#8221; background_image_as_pattern=&#8221;without_pattern&#8221; background_image=&#8221;7068&#8243; el_class=&#8221;sk_overlay_dark sk_bg_top&#8221; z_index=&#8221;&#8221;][vc_column css_animation=&#8221;fadeIn&#8221; el_class=&#8221;align_center pt16 pb16&#8243;][vc_column_text]<span class=\"citation\" style=\"color: #ffffff;\">&#8220;Deep down, I hope that this project transcends them.&#8221;<\/span><\/p>\n<p><span style=\"color: #ffffff;\">Philippe Brassac, Chief Executive Officer of Cr\u00e9dit Agricole S.A.<\/span>[\/vc_column_text][\/vc_column][\/vc_row][vc_row css_animation=&#8221;&#8221; row_type=&#8221;row&#8221; use_row_as_full_screen_section=&#8221;no&#8221; type=&#8221;grid&#8221; angled_section=&#8221;no&#8221; text_align=&#8221;left&#8221; background_image_as_pattern=&#8221;without_pattern&#8221; z_index=&#8221;&#8221; el_class=&#8221;pt6&#8243;][vc_column][vc_column_text css=&#8221;.vc_custom_1594285430852{margin-bottom: 20px !important;}&#8221;]<\/p>\n<h3>Cr\u00e9dit Agricole&#8217;s video on Plastic Odyssey<\/h3>\n<p>[\/vc_column_text][vc_video link=&#8221;https:\/\/www.youtube.com\/watch?v=s_FHJn1nB4s&#8221;][\/vc_column][\/vc_row][vc_row css_animation=&#8221;&#8221; row_type=&#8221;row&#8221; use_row_as_full_screen_section=&#8221;no&#8221; type=&#8221;grid&#8221; angled_section=&#8221;no&#8221; text_align=&#8221;left&#8221; background_image_as_pattern=&#8221;without_pattern&#8221; z_index=&#8221;&#8221; el_class=&#8221;pt4&#8243;][vc_column][vc_column_text]<\/p>\n<h3>Cr\u00e9dit Agricole&#8217;s approach to reducing its plastic footprint<\/h3>\n<p>In addition to supporting the Plastic Odyssey expedition, <a href=\"http:\/\/credit-agricole.com\/chaines-d-infos\/toutes-les-chaines-d-info-du-groupe-credit-agricole\/nos-engagements\/le-credit-agricole-s-engage-contre-la-pollution-plastique\" target=\"_blank\" rel=\"noopener\">Cr\u00e9dit Agricole is committed to fighting plastic pollution<\/a> by reducing its direct impact.<\/p>\n<p>An initiative that aims for zero single-use plastic at the Montrouge and Saint-Quentin-en-Yvelines sites has been launched, which hosts over 10,000 Group employees every day. Concrete proposals will be made by the end of 2019 for implementation in 2020. Dans plusieurs Caisses r\u00e9gionales, un effort est \u00e9galement initi\u00e9 pour r\u00e9duire la consommation de mati\u00e8res plastiques et favoriser leur recyclage.[\/vc_column_text][\/vc_column][\/vc_row][vc_row css_animation=&#8221;&#8221; row_type=&#8221;row&#8221; use_row_as_full_screen_section=&#8221;no&#8221; type=&#8221;grid&#8221; angled_section=&#8221;no&#8221; text_align=&#8221;left&#8221; background_image_as_pattern=&#8221;without_pattern&#8221; z_index=&#8221;&#8221; padding_top=&#8221;60&#8243; background_color=&#8221;#ffffff&#8221; anchor=&#8221;more&#8221; el_class=&#8221;img-right pb6&#8243;][vc_column css=&#8221;.vc_custom_1593179305363{margin-bottom: 40px !important;}&#8221; el_class=&#8221;shadow3&#8243;][qode_elements_holder number_of_columns=&#8221;two_columns&#8221;][qode_elements_holder_item advanced_animations=&#8221;no&#8221; item_padding=&#8221;20px 40px 20px 0&#8243; item_padding_600_768=&#8221;20px 0px&#8221; item_padding_480_600=&#8221;20px 0px&#8221; item_padding_480=&#8221;20px 0px&#8221;][vc_column_text css=&#8221;.vc_custom_1594214991999{padding-bottom: 20px !important;}&#8221;]<\/p>\n<h3>Shared convictions in the fight against plastic pollution<\/h3>\n<p>Plastic Odyssey&#8217;s goal is to build on local experiences to stimulate solutions on a global scale. It encounters a particular resonance in a decentralized and mutualist Group such as Cr\u00e9dit Agricole, which combines an international presence with proximity to the regions in which it operates.<\/p>\n<p>It is also what motivated the Cr\u00e9dit Agricole Group&#8217;s management team, to support Plastic Odyssey: a project with both an environmental and socio-economic approach, that seeks to demonstrate that plastic waste can be an economic resource in developing countries, through reuse and recycling.<\/p>\n<p>Considerable progress remains to be done in the so-called developed countries. Supporting this project is also a means for Cr\u00e9dit Agricole to help raise public awareness for the fight against over-consumption of plastic, starting with its 141,000 employees, 30,000 directors, and 51 million customers.[\/vc_column_text]<a  itemprop=\"url\" href=\"https:\/\/www.credit-agricole.com\/chaines-d-infos\/toutes-les-chaines-d-info-du-groupe-credit-agricole\/dossier\/2020\/plastic-odyssey-et-credit-agricole-stopper-la-pollution-plastique-a-la-source\" target=\"_blank\"  class=\"qbutton  default cta_white_bg_2\" style=\"\">Learn more<span aria-hidden=\"true\" class=\"qode_icon_font_elegant arrow_right qode_button_icon_element\"><\/span><\/a>[\/qode_elements_holder_item][qode_elements_holder_item cover=&#8221;yes&#8221; advanced_animations=&#8221;no&#8221; background_image=&#8221;5216&#8243; custom_class=&#8221;waveleftone&#8221;][vc_empty_space height=&#8221;200px&#8221;][\/qode_elements_holder_item][\/qode_elements_holder][\/vc_column][\/vc_row]<\/p>\n<\/div>","protected":false},"excerpt":{"rendered":"<p>[vc_row css_animation=&#8221;&#8221; row_type=&#8221;row&#8221; use_row_as_full_screen_section=&#8221;no&#8221; type=&#8221;grid&#8221; angled_section=&#8221;no&#8221; text_align=&#8221;left&#8221; background_image_as_pattern=&#8221;without_pattern&#8221; z_index=&#8221;&#8221; anchor=&#8221;more&#8221; el_class=&#8221;sk_headpage_escales sk_gradient_1 white&#8221;][vc_column el_class=&#8221;align_center header_partners&#8221;][vc_column_text el_class=&#8221;partner_level&#8221;] Official Partner [\/vc_column_text][vc_single_image image=&#8221;4835&#8243; img_size=&#8221;full&#8221; alignment=&#8221;center&#8221; qode_css_animation=&#8221;&#8221; el_class=&#8221;sk_img_200 mt3&#8243;][vc_column_text el_class=&#8221;mt3&#8243;] Plastic Odyssey and Cr\u00e9dit Agricole &#8220;The best thing that&#8230;<\/p>\n","protected":false},"author":3,"featured_media":7069,"parent":23929,"menu_order":2,"comment_status":"closed","ping_status":"closed","template":"full_width.php","meta":{"footnotes":""},"class_list":["post-7727","page","type-page","status-publish","has-post-thumbnail","hentry"],"yoast_head":"<!-- This site is optimized with the Yoast SEO plugin v25.5 - https:\/\/yoast.com\/wordpress\/plugins\/seo\/ -->\n<title>Credit Agricole, Official Partner | Plastic Odyssey<\/title>\n<meta name=\"description\" content=\"Plastic Odyssey&#039;s goal is to build on local experiences to stimulate solutions on a global scale.\" \/>\n<meta name=\"robots\" content=\"index, follow, max-snippet:-1, max-image-preview:large, max-video-preview:-1\" \/>\n<link rel=\"canonical\" href=\"https:\/\/plasticodyssey.org\/en\/partners\/credit-agricole\/\" \/>\n<meta property=\"og:locale\" content=\"en_US\" \/>\n<meta property=\"og:type\" content=\"article\" \/>\n<meta property=\"og:title\" content=\"Credit Agricole, Official Partner | Plastic Odyssey\" \/>\n<meta property=\"og:description\" content=\"Plastic Odyssey&#039;s goal is to build on local experiences to stimulate solutions on a global scale.\" \/>\n<meta property=\"og:url\" content=\"https:\/\/plasticodyssey.org\/en\/partners\/credit-agricole\/\" \/>\n<meta property=\"og:site_name\" content=\"Plastic Odyssey\" \/>\n<meta property=\"article:publisher\" content=\"https:\/\/www.facebook.com\/plasticodyssey\/\" \/>\n<meta property=\"article:modified_time\" content=\"2024-05-31T09:01:01+00:00\" \/>\n<meta property=\"og:image\" content=\"https:\/\/plasticodyssey.org\/wp-content\/uploads\/2020\/07\/credit-agricole-plastic-odyssey.jpg\" \/>\n\t<meta property=\"og:image:width\" content=\"1920\" \/>\n\t<meta property=\"og:image:height\" content=\"1080\" \/>\n\t<meta property=\"og:image:type\" content=\"image\/jpeg\" \/>\n<meta name=\"twitter:card\" content=\"summary_large_image\" \/>\n<meta name=\"twitter:site\" content=\"@plasticodyssey\" \/>\n<meta name=\"twitter:label1\" content=\"Est. reading time\" \/>\n\t<meta name=\"twitter:data1\" content=\"3 minutes\" \/>\n<script type=\"application\/ld+json\" class=\"yoast-schema-graph\">{\"@context\":\"https:\/\/schema.org\",\"@graph\":[{\"@type\":\"WebPage\",\"@id\":\"https:\/\/plasticodyssey.org\/en\/partners\/credit-agricole\/\",\"url\":\"https:\/\/plasticodyssey.org\/en\/partners\/credit-agricole\/\",\"name\":\"Credit Agricole, Official Partner | Plastic Odyssey\",\"isPartOf\":{\"@id\":\"https:\/\/plasticodyssey.org\/en\/#website\"},\"primaryImageOfPage\":{\"@id\":\"https:\/\/plasticodyssey.org\/en\/partners\/credit-agricole\/#primaryimage\"},\"image\":{\"@id\":\"https:\/\/plasticodyssey.org\/en\/partners\/credit-agricole\/#primaryimage\"},\"thumbnailUrl\":\"https:\/\/plasticodyssey.org\/wp-content\/uploads\/2020\/07\/credit-agricole-plastic-odyssey.jpg\",\"datePublished\":\"2020-02-26T12:15:20+00:00\",\"dateModified\":\"2024-05-31T09:01:01+00:00\",\"description\":\"Plastic Odyssey's goal is to build on local experiences to stimulate solutions on a global scale.\",\"breadcrumb\":{\"@id\":\"https:\/\/plasticodyssey.org\/en\/partners\/credit-agricole\/#breadcrumb\"},\"inLanguage\":\"en-US\",\"potentialAction\":[{\"@type\":\"ReadAction\",\"target\":[\"https:\/\/plasticodyssey.org\/en\/partners\/credit-agricole\/\"]}]},{\"@type\":\"ImageObject\",\"inLanguage\":\"en-US\",\"@id\":\"https:\/\/plasticodyssey.org\/en\/partners\/credit-agricole\/#primaryimage\",\"url\":\"https:\/\/plasticodyssey.org\/wp-content\/uploads\/2020\/07\/credit-agricole-plastic-odyssey.jpg\",\"contentUrl\":\"https:\/\/plasticodyssey.org\/wp-content\/uploads\/2020\/07\/credit-agricole-plastic-odyssey.jpg\",\"width\":1920,\"height\":1080},{\"@type\":\"BreadcrumbList\",\"@id\":\"https:\/\/plasticodyssey.org\/en\/partners\/credit-agricole\/#breadcrumb\",\"itemListElement\":[{\"@type\":\"ListItem\",\"position\":1,\"name\":\"Accueil\",\"item\":\"https:\/\/plasticodyssey.org\/en\/home\/\"},{\"@type\":\"ListItem\",\"position\":2,\"name\":\"Partners\",\"item\":\"https:\/\/plasticodyssey.org\/en\/partners\/\"},{\"@type\":\"ListItem\",\"position\":3,\"name\":\"Credit Agricole\"}]},{\"@type\":\"WebSite\",\"@id\":\"https:\/\/plasticodyssey.org\/en\/#website\",\"url\":\"https:\/\/plasticodyssey.org\/en\/\",\"name\":\"Plastic Odyssey\",\"description\":\"L&#039;exp\u00e9dition autour du monde contre la pollution plastique\",\"publisher\":{\"@id\":\"https:\/\/plasticodyssey.org\/en\/#organization\"},\"potentialAction\":[{\"@type\":\"SearchAction\",\"target\":{\"@type\":\"EntryPoint\",\"urlTemplate\":\"https:\/\/plasticodyssey.org\/en\/?s={search_term_string}\"},\"query-input\":{\"@type\":\"PropertyValueSpecification\",\"valueRequired\":true,\"valueName\":\"search_term_string\"}}],\"inLanguage\":\"en-US\"},{\"@type\":\"Organization\",\"@id\":\"https:\/\/plasticodyssey.org\/en\/#organization\",\"name\":\"Plastic Odyssey\",\"url\":\"https:\/\/plasticodyssey.org\/en\/\",\"logo\":{\"@type\":\"ImageObject\",\"inLanguage\":\"en-US\",\"@id\":\"https:\/\/plasticodyssey.org\/en\/#\/schema\/logo\/image\/\",\"url\":\"https:\/\/plasticodyssey.org\/wp-content\/uploads\/2020\/02\/navire-plastic-odyssey-coucher-soleil.jpg\",\"contentUrl\":\"https:\/\/plasticodyssey.org\/wp-content\/uploads\/2020\/02\/navire-plastic-odyssey-coucher-soleil.jpg\",\"width\":1920,\"height\":1080,\"caption\":\"Plastic Odyssey\"},\"image\":{\"@id\":\"https:\/\/plasticodyssey.org\/en\/#\/schema\/logo\/image\/\"},\"sameAs\":[\"https:\/\/www.facebook.com\/plasticodyssey\/\",\"https:\/\/x.com\/plasticodyssey\",\"https:\/\/www.instagram.com\/plasticodyssey\/\",\"https:\/\/www.linkedin.com\/company\/plastic-odyssey\/\",\"https:\/\/www.youtube.com\/channel\/UC4UNxaIW9ODIuLGJaTrhnow\"]}]}<\/script>\n<!-- \/ Yoast SEO plugin. -->","yoast_head_json":{"title":"Credit Agricole, Official Partner | Plastic Odyssey","description":"Plastic Odyssey's goal is to build on local experiences to stimulate solutions on a global scale.","robots":{"index":"index","follow":"follow","max-snippet":"max-snippet:-1","max-image-preview":"max-image-preview:large","max-video-preview":"max-video-preview:-1"},"canonical":"https:\/\/plasticodyssey.org\/en\/partners\/credit-agricole\/","og_locale":"en_US","og_type":"article","og_title":"Credit Agricole, Official Partner | Plastic Odyssey","og_description":"Plastic Odyssey's goal is to build on local experiences to stimulate solutions on a global scale.","og_url":"https:\/\/plasticodyssey.org\/en\/partners\/credit-agricole\/","og_site_name":"Plastic Odyssey","article_publisher":"https:\/\/www.facebook.com\/plasticodyssey\/","article_modified_time":"2024-05-31T09:01:01+00:00","og_image":[{"width":1920,"height":1080,"url":"https:\/\/plasticodyssey.org\/wp-content\/uploads\/2020\/07\/credit-agricole-plastic-odyssey.jpg","type":"image\/jpeg"}],"twitter_card":"summary_large_image","twitter_site":"@plasticodyssey","twitter_misc":{"Est. reading time":"3 minutes"},"schema":{"@context":"https:\/\/schema.org","@graph":[{"@type":"WebPage","@id":"https:\/\/plasticodyssey.org\/en\/partners\/credit-agricole\/","url":"https:\/\/plasticodyssey.org\/en\/partners\/credit-agricole\/","name":"Credit Agricole, Official Partner | Plastic Odyssey","isPartOf":{"@id":"https:\/\/plasticodyssey.org\/en\/#website"},"primaryImageOfPage":{"@id":"https:\/\/plasticodyssey.org\/en\/partners\/credit-agricole\/#primaryimage"},"image":{"@id":"https:\/\/plasticodyssey.org\/en\/partners\/credit-agricole\/#primaryimage"},"thumbnailUrl":"https:\/\/plasticodyssey.org\/wp-content\/uploads\/2020\/07\/credit-agricole-plastic-odyssey.jpg","datePublished":"2020-02-26T12:15:20+00:00","dateModified":"2024-05-31T09:01:01+00:00","description":"Plastic Odyssey's goal is to build on local experiences to stimulate solutions on a global scale.","breadcrumb":{"@id":"https:\/\/plasticodyssey.org\/en\/partners\/credit-agricole\/#breadcrumb"},"inLanguage":"en-US","potentialAction":[{"@type":"ReadAction","target":["https:\/\/plasticodyssey.org\/en\/partners\/credit-agricole\/"]}]},{"@type":"ImageObject","inLanguage":"en-US","@id":"https:\/\/plasticodyssey.org\/en\/partners\/credit-agricole\/#primaryimage","url":"https:\/\/plasticodyssey.org\/wp-content\/uploads\/2020\/07\/credit-agricole-plastic-odyssey.jpg","contentUrl":"https:\/\/plasticodyssey.org\/wp-content\/uploads\/2020\/07\/credit-agricole-plastic-odyssey.jpg","width":1920,"height":1080},{"@type":"BreadcrumbList","@id":"https:\/\/plasticodyssey.org\/en\/partners\/credit-agricole\/#breadcrumb","itemListElement":[{"@type":"ListItem","position":1,"name":"Accueil","item":"https:\/\/plasticodyssey.org\/en\/home\/"},{"@type":"ListItem","position":2,"name":"Partners","item":"https:\/\/plasticodyssey.org\/en\/partners\/"},{"@type":"ListItem","position":3,"name":"Credit Agricole"}]},{"@type":"WebSite","@id":"https:\/\/plasticodyssey.org\/en\/#website","url":"https:\/\/plasticodyssey.org\/en\/","name":"Plastic Odyssey","description":"L&#039;exp\u00e9dition autour du monde contre la pollution plastique","publisher":{"@id":"https:\/\/plasticodyssey.org\/en\/#organization"},"potentialAction":[{"@type":"SearchAction","target":{"@type":"EntryPoint","urlTemplate":"https:\/\/plasticodyssey.org\/en\/?s={search_term_string}"},"query-input":{"@type":"PropertyValueSpecification","valueRequired":true,"valueName":"search_term_string"}}],"inLanguage":"en-US"},{"@type":"Organization","@id":"https:\/\/plasticodyssey.org\/en\/#organization","name":"Plastic Odyssey","url":"https:\/\/plasticodyssey.org\/en\/","logo":{"@type":"ImageObject","inLanguage":"en-US","@id":"https:\/\/plasticodyssey.org\/en\/#\/schema\/logo\/image\/","url":"https:\/\/plasticodyssey.org\/wp-content\/uploads\/2020\/02\/navire-plastic-odyssey-coucher-soleil.jpg","contentUrl":"https:\/\/plasticodyssey.org\/wp-content\/uploads\/2020\/02\/navire-plastic-odyssey-coucher-soleil.jpg","width":1920,"height":1080,"caption":"Plastic Odyssey"},"image":{"@id":"https:\/\/plasticodyssey.org\/en\/#\/schema\/logo\/image\/"},"sameAs":["https:\/\/www.facebook.com\/plasticodyssey\/","https:\/\/x.com\/plasticodyssey","https:\/\/www.instagram.com\/plasticodyssey\/","https:\/\/www.linkedin.com\/company\/plastic-odyssey\/","https:\/\/www.youtube.com\/channel\/UC4UNxaIW9ODIuLGJaTrhnow"]}]}},"_links":{"self":[{"href":"https:\/\/plasticodyssey.org\/en\/wp-json\/wp\/v2\/pages\/7727","targetHints":{"allow":["GET"]}}],"collection":[{"href":"https:\/\/plasticodyssey.org\/en\/wp-json\/wp\/v2\/pages"}],"about":[{"href":"https:\/\/plasticodyssey.org\/en\/wp-json\/wp\/v2\/types\/page"}],"author":[{"embeddable":true,"href":"https:\/\/plasticodyssey.org\/en\/wp-json\/wp\/v2\/users\/3"}],"replies":[{"embeddable":true,"href":"https:\/\/plasticodyssey.org\/en\/wp-json\/wp\/v2\/comments?post=7727"}],"version-history":[{"count":23,"href":"https:\/\/plasticodyssey.org\/en\/wp-json\/wp\/v2\/pages\/7727\/revisions"}],"predecessor-version":[{"id":48299,"href":"https:\/\/plasticodyssey.org\/en\/wp-json\/wp\/v2\/pages\/7727\/revisions\/48299"}],"up":[{"embeddable":true,"href":"https:\/\/plasticodyssey.org\/en\/wp-json\/wp\/v2\/pages\/23929"}],"wp:featuredmedia":[{"embeddable":true,"href":"https:\/\/plasticodyssey.org\/en\/wp-json\/wp\/v2\/media\/7069"}],"wp:attachment":[{"href":"https:\/\/plasticodyssey.org\/en\/wp-json\/wp\/v2\/media?parent=7727"}],"curies":[{"name":"wp","href":"https:\/\/api.w.org\/{rel}","templated":true}]}}