{"id":32907,"date":"2023-02-08T14:02:47","date_gmt":"2023-02-08T13:02:47","guid":{"rendered":"https:\/\/plasticodyssey.org\/contacto-prensa\/"},"modified":"2026-03-06T17:39:29","modified_gmt":"2026-03-06T16:39:29","slug":"contacto-prensa","status":"publish","type":"page","link":"https:\/\/plasticodyssey.org\/es\/directo\/contacto-prensa\/","title":{"rendered":"Contacto de prensa"},"content":{"rendered":"<div class=\"wpb-content-wrapper\"><p>[vc_row css_animation=\u00bb\u00bb row_type=\u00bbrow\u00bb use_row_as_full_screen_section=\u00bbno\u00bb type=\u00bbfull_width\u00bb angled_section=\u00bbno\u00bb text_align=\u00bbleft\u00bb background_image_as_pattern=\u00bbwithout_pattern\u00bb z_index=\u00bb\u00bb][vc_column][qode_elements_holder background_color=\u00bb#1d1e3a\u00bb number_of_columns=\u00bbtwo_columns\u00bb custom_class=\u00bbsk_fullheight\u00bb][qode_elements_holder_item vertical_alignment=\u00bbtop\u00bb advanced_animations=\u00bbno\u00bb item_padding=\u00bb100px\u00bb item_padding_600_768=\u00bb20px\u00bb item_padding_480_600=\u00bb20px\u00bb item_padding_480=\u00bb20px\u00bb custom_class=\u00bbwhite sk_list\u00bb item_padding_768_1024=\u00bb20px\u00bb item_padding_1024_1280=\u00bb60px\u00bb][vc_single_image image=\u00bb30273&#8243; img_size=\u00bbmedium\u00bb onclick=\u00bbcustom_link\u00bb qode_css_animation=\u00bb\u00bb link=\u00bb\/es\/\u00bb][vc_column_text el_class=\u00bbmt3&#8243;]<\/p>\n<h1>Contacto para la prensa y los medios de comunicaci\u00f3n<\/h1>\n<p>Si es usted periodista o medio de comunicaci\u00f3n y desea ponerse en contacto con nuestros equipos para organizar una entrevista, una filmaci\u00f3n o una sesi\u00f3n fotogr\u00e1fica durante su escala, podemos ayudarle. No dude en decirnos lo que necesita.[\/vc_column_text][vc_single_image image=\u00bb32363&#8243; img_size=\u00bbfull\u00bb alignment=\u00bbcenter\u00bb qode_css_animation=\u00bb\u00bb el_class=\u00bbmt2&#8243;][vc_column_text el_class=\u00bbpt2&#8243;]Para m\u00e1s contenidos, visite la <a href=\"\/es\/prensa\/\">sala de prensa<\/a>.[\/vc_column_text][\/qode_elements_holder_item][qode_elements_holder_item vertical_alignment=\u00bbtop\u00bb advanced_animations=\u00bbno\u00bb item_padding=\u00bb100px\u00bb background_color=\u00bb#eaebed\u00bb item_padding_600_768=\u00bb20px\u00bb item_padding_480_600=\u00bb20px\u00bb item_padding_480=\u00bb20px\u00bb item_padding_768_1024=\u00bb20px\u00bb item_padding_1024_1280=\u00bb60px\u00bb][vc_column_text css=\u00bb\u00bb el_class=\u00bbsk_form\u00bb]\n<div class=\"wpcf7 no-js\" id=\"wpcf7-f35360-o1\" lang=\"es-ES\" dir=\"ltr\" data-wpcf7-id=\"35360\">\n<div class=\"screen-reader-response\"><p role=\"status\" aria-live=\"polite\" aria-atomic=\"true\"><\/p> <ul><\/ul><\/div>\n<form action=\"\/es\/wp-json\/wp\/v2\/pages\/32907#wpcf7-f35360-o1\" method=\"post\" class=\"wpcf7-form init cf7_custom_style_3\" aria-label=\"Formulario de contacto\" novalidate=\"novalidate\" data-status=\"init\">\n<fieldset class=\"hidden-fields-container\"><input type=\"hidden\" name=\"_wpcf7\" value=\"35360\" \/><input type=\"hidden\" name=\"_wpcf7_version\" value=\"6.1.5\" \/><input type=\"hidden\" name=\"_wpcf7_locale\" value=\"es_ES\" \/><input type=\"hidden\" name=\"_wpcf7_unit_tag\" value=\"wpcf7-f35360-o1\" \/><input type=\"hidden\" name=\"_wpcf7_container_post\" value=\"0\" \/><input type=\"hidden\" name=\"_wpcf7_posted_data_hash\" value=\"\" \/><input type=\"hidden\" name=\"_wpcf7cf_hidden_group_fields\" value=\"[]\" \/><input type=\"hidden\" name=\"_wpcf7cf_hidden_groups\" value=\"[]\" \/><input type=\"hidden\" name=\"_wpcf7cf_visible_groups\" value=\"[]\" \/><input type=\"hidden\" name=\"_wpcf7cf_repeaters\" value=\"[]\" \/><input type=\"hidden\" name=\"_wpcf7cf_steps\" value=\"{}\" \/><input type=\"hidden\" name=\"_wpcf7cf_options\" value=\"{&quot;form_id&quot;:35360,&quot;conditions&quot;:[{&quot;then_field&quot;:&quot;-1&quot;,&quot;and_rules&quot;:[{&quot;if_field&quot;:&quot;-1&quot;,&quot;operator&quot;:&quot;equals&quot;,&quot;if_value&quot;:&quot;&quot;}]}],&quot;settings&quot;:{&quot;animation&quot;:&quot;yes&quot;,&quot;animation_intime&quot;:200,&quot;animation_outtime&quot;:200,&quot;conditions_ui&quot;:&quot;normal&quot;,&quot;notice_dismissed&quot;:false}}\" \/><input type=\"hidden\" name=\"_wpcf7_recaptcha_response\" value=\"\" \/>\n<\/fieldset>\n<p><strong>Contacto para la prensa y los medios de comunicaci\u00f3n - Escala : <span class=\"wpcf7-form-control-wrap\" data-name=\"menu-escales\"><select class=\"wpcf7-form-control wpcf7-select wpcf7-validates-as-required\" aria-required=\"true\" aria-invalid=\"false\" name=\"menu-escales\"><option value=\"Marruecos\">Marruecos<\/option><option value=\"Senegal\">Senegal<\/option><option value=\"Guinea\">Guinea<\/option><option value=\"Cabo Verde\">Cabo Verde<\/option><option value=\"Brasil\">Brasil<\/option><option value=\"Guayana Francesa\">Guayana Francesa<\/option><option value=\"Guadalupe\">Guadalupe<\/option><option value=\"Martinica\">Martinica<\/option><option value=\"Rep\u00fablica Dominicana\">Rep\u00fablica Dominicana<\/option><option value=\"Colombia\">Colombia<\/option><option value=\"Panam\u00e1\">Panam\u00e1<\/option><option value=\"Costa Rica\">Costa Rica<\/option><option value=\"Ecuador\">Ecuador<\/option><option value=\"Henderson\">Henderson<\/option><option value=\"Polinesia Francesa\">Polinesia Francesa<\/option><option value=\"Samoa\">Samoa<\/option><option value=\"Fiyi\">Fiyi<\/option><option value=\"Nueva Caledonia\">Nueva Caledonia<\/option><option value=\"Vanuatu\">Vanuatu<\/option><option value=\"Indonesia\">Indonesia<\/option><option value=\"Singapur\">Singapur<\/option><option value=\"Camboya\">Camboya<\/option><option value=\"Malasia\">Malasia<\/option><option value=\"Vietnam\">Vietnam<\/option><option value=\"Hong Kong\">Hong Kong<\/option><option value=\"Taiw\u00e1n\">Taiw\u00e1n<\/option><option value=\"Filipinas\">Filipinas<\/option><option value=\"Tailandia\">Tailandia<\/option><option value=\"India\">India<\/option><option value=\"Sri Lanka\">Sri Lanka<\/option><option value=\"Maldivas\">Maldivas<\/option><option value=\"La Reuni\u00f3n\">La Reuni\u00f3n<\/option><option value=\"Mauricio\">Mauricio<\/option><option value=\"Madagascar\">Madagascar<\/option><option value=\"Seychelles\">Seychelles<\/option><option value=\"Comoras\">Comoras<\/option><option value=\"Mayotte\">Mayotte<\/option><option value=\"Tanzania\">Tanzania<\/option><option value=\"Kenia\">Kenia<\/option><option value=\"Aldabra\">Aldabra<\/option><option value=\"Cargados Carajos\">Cargados Carajos<\/option><option value=\"Mozambique\">Mozambique<\/option><option value=\"Sud\u00e1frica\">Sud\u00e1frica<\/option><option value=\"Angola\">Angola<\/option><option value=\"Santo Tom\u00e9 y Pr\u00edncipe\">Santo Tom\u00e9 y Pr\u00edncipe<\/option><option value=\"Camer\u00fan\">Camer\u00fan<\/option><option value=\"Nigeria\">Nigeria<\/option><option value=\"Costa de Marfil\">Costa de Marfil<\/option><option value=\"Francia\" selected=\"selected\">Francia<\/option><\/select><\/span><\/strong>\n<\/p>\n<div class=\"two_columns_50_50 clearfix\">\n\t<div class=\"column1\">\n\t\t<div class=\"column_inner\">\n\t\t\t<p><span class=\"wpcf7-form-control-wrap\" data-name=\"text-nomprenom\"><input size=\"40\" maxlength=\"400\" class=\"wpcf7-form-control wpcf7-text wpcf7-validates-as-required\" aria-required=\"true\" aria-invalid=\"false\" placeholder=\"Su nombre y apellidos*\" value=\"\" type=\"text\" name=\"text-nomprenom\" \/><\/span>\n\t\t\t<\/p>\n\t\t<\/div>\n\t<\/div>\n\t<div class=\"column2\">\n\t\t<div class=\"column_inner\">\n\t\t\t<p><span class=\"wpcf7-form-control-wrap\" data-name=\"email-mail\"><input size=\"40\" maxlength=\"400\" class=\"wpcf7-form-control wpcf7-email wpcf7-validates-as-required wpcf7-text wpcf7-validates-as-email\" aria-required=\"true\" aria-invalid=\"false\" placeholder=\"Su correo electr\u00f3nico*\" value=\"\" type=\"email\" name=\"email-mail\" \/><\/span>\n\t\t\t<\/p>\n\t\t<\/div>\n\t<\/div>\n<\/div>\n<div class=\"two_columns_50_50 clearfix\">\n\t<div class=\"column1\">\n\t\t<div class=\"column_inner\">\n\t\t\t<p><span class=\"wpcf7-form-control-wrap\" data-name=\"tel-journaliste\"><input size=\"40\" maxlength=\"400\" class=\"wpcf7-form-control wpcf7-tel wpcf7-text wpcf7-validates-as-tel\" aria-invalid=\"false\" placeholder=\"Su tel\u00e9fono\" value=\"\" type=\"tel\" name=\"tel-journaliste\" \/><\/span>\n\t\t\t<\/p>\n\t\t<\/div>\n\t<\/div>\n\t<div class=\"column2\">\n\t\t<div class=\"column_inner\">\n\t\t\t<p><span class=\"wpcf7-form-control-wrap\" data-name=\"menu-vousetes\"><select class=\"wpcf7-form-control wpcf7-select wpcf7-validates-as-required\" aria-required=\"true\" aria-invalid=\"false\" name=\"menu-vousetes\"><option value=\"\">\u00bfQui\u00e9n es usted? (Seleccionar)*<\/option><option value=\"Un periodista\">Un periodista<\/option><option value=\"Un medio de comunicaci\u00f3n\">Un medio de comunicaci\u00f3n<\/option><option value=\"Una instituci\u00f3n\">Una instituci\u00f3n<\/option><option value=\"Otro\">Otro<\/option><\/select><\/span>\n\t\t\t<\/p>\n\t\t<\/div>\n\t<\/div>\n<\/div>\n<div class=\"sk_box_white mt1\">\n\t<p><strong>A\u00f1adir un mensaje<\/strong>\n\t<\/p>\n\t<p><span class=\"wpcf7-form-control-wrap\" data-name=\"textarea-commentaire\"><textarea cols=\"40\" rows=\"10\" maxlength=\"2000\" class=\"wpcf7-form-control wpcf7-textarea\" aria-invalid=\"false\" placeholder=\"Pres\u00e9ntese y expl\u00edquenos sus necesidades\" name=\"textarea-commentaire\"><\/textarea><\/span>\n\t<\/p>\n<\/div>\n<p class=\"pb1\"><br \/>\n<span class=\"wpcf7-form-control-wrap\" data-name=\"acceptance-donnees\"><span class=\"wpcf7-form-control wpcf7-acceptance\"><span class=\"wpcf7-list-item\"><label><input type=\"checkbox\" name=\"acceptance-donnees\" value=\"1\" aria-invalid=\"false\" \/><span class=\"wpcf7-list-item-label\">Al marcar esta casilla, confirma que acepta nuestra <a target=\"blank\" href=\"\/es\/informacion-juridica\/\">Pol\u00edtica de privacidad<\/a>.<\/span><\/label><\/span><\/span><\/span>\n<\/p>\n<p><input class=\"wpcf7-form-control wpcf7-submit has-spinner\" type=\"submit\" value=\"Enviar\" \/>\n<\/p><input type='hidden' class='wpcf7-pum' value='{\"closepopup\":false,\"closedelay\":0,\"openpopup\":false,\"openpopup_id\":0}' \/><div class=\"wpcf7-response-output\" aria-hidden=\"true\"><\/div>\n<\/form>\n<\/div>\n[\/vc_column_text][\/qode_elements_holder_item][\/qode_elements_holder][\/vc_column][\/vc_row]<\/p>\n<\/div>","protected":false},"excerpt":{"rendered":"<p>[vc_row css_animation=\u00bb\u00bb row_type=\u00bbrow\u00bb use_row_as_full_screen_section=\u00bbno\u00bb type=\u00bbfull_width\u00bb angled_section=\u00bbno\u00bb text_align=\u00bbleft\u00bb background_image_as_pattern=\u00bbwithout_pattern\u00bb z_index=\u00bb\u00bb][vc_column][qode_elements_holder background_color=\u00bb#1d1e3a\u00bb number_of_columns=\u00bbtwo_columns\u00bb custom_class=\u00bbsk_fullheight\u00bb][qode_elements_holder_item vertical_alignment=\u00bbtop\u00bb advanced_animations=\u00bbno\u00bb item_padding=\u00bb100px\u00bb item_padding_600_768=\u00bb20px\u00bb item_padding_480_600=\u00bb20px\u00bb item_padding_480=\u00bb20px\u00bb custom_class=\u00bbwhite sk_list\u00bb item_padding_768_1024=\u00bb20px\u00bb item_padding_1024_1280=\u00bb60px\u00bb][vc_single_image image=\u00bb30273&#8243; img_size=\u00bbmedium\u00bb onclick=\u00bbcustom_link\u00bb qode_css_animation=\u00bb\u00bb link=\u00bb\/es\/\u00bb][vc_column_text el_class=\u00bbmt3&#8243;] Contacto para la prensa y los medios&#8230;<\/p>\n","protected":false},"author":2,"featured_media":0,"parent":33459,"menu_order":2,"comment_status":"closed","ping_status":"closed","template":"landing_page.php","meta":{"footnotes":""},"class_list":["post-32907","page","type-page","status-publish","hentry"],"yoast_head":"<!-- This site is optimized with the Yoast SEO plugin v25.5 - https:\/\/yoast.com\/wordpress\/plugins\/seo\/ -->\n<title>Contacto para la prensa y los medios de comunicaci\u00f3n | Plastic Odyssey<\/title>\n<meta name=\"description\" content=\"Si es usted periodista o medio de comunicaci\u00f3n y desea ponerse en contacto con nuestros equipos para organizar una entrevista, un reportaje o una sesi\u00f3n fotogr\u00e1fica, estaremos encantados de escucharle.\" \/>\n<meta name=\"robots\" content=\"noindex, nofollow\" \/>\n<meta property=\"og:locale\" content=\"es_ES\" \/>\n<meta property=\"og:type\" content=\"article\" \/>\n<meta property=\"og:title\" content=\"Contacto para la prensa y los medios de comunicaci\u00f3n | Plastic Odyssey\" \/>\n<meta property=\"og:description\" content=\"Si es usted periodista o medio de comunicaci\u00f3n y desea ponerse en contacto con nuestros equipos para organizar una entrevista, un reportaje o una sesi\u00f3n fotogr\u00e1fica, estaremos encantados de escucharle.\" \/>\n<meta property=\"og:url\" content=\"https:\/\/plasticodyssey.org\/es\/directo\/contacto-prensa\/\" \/>\n<meta property=\"og:site_name\" content=\"Plastic Odyssey\" \/>\n<meta property=\"article:publisher\" content=\"https:\/\/www.facebook.com\/plasticodyssey\/\" \/>\n<meta property=\"article:modified_time\" content=\"2026-03-06T16:39:29+00:00\" \/>\n<meta property=\"og:image\" content=\"https:\/\/plasticodyssey.org\/wp-content\/uploads\/2020\/08\/bateau-recyclage-plastique.jpg\" \/>\n\t<meta property=\"og:image:width\" content=\"1920\" \/>\n\t<meta property=\"og:image:height\" content=\"1080\" \/>\n\t<meta property=\"og:image:type\" content=\"image\/jpeg\" \/>\n<meta name=\"twitter:card\" content=\"summary_large_image\" \/>\n<meta name=\"twitter:site\" content=\"@plasticodyssey\" \/>\n<meta name=\"twitter:label1\" content=\"Tiempo de lectura\" \/>\n\t<meta name=\"twitter:data1\" content=\"1 minuto\" \/>\n<script type=\"application\/ld+json\" class=\"yoast-schema-graph\">{\"@context\":\"https:\/\/schema.org\",\"@graph\":[{\"@type\":\"WebPage\",\"@id\":\"https:\/\/plasticodyssey.org\/es\/directo\/contacto-prensa\/\",\"url\":\"https:\/\/plasticodyssey.org\/es\/directo\/contacto-prensa\/\",\"name\":\"Contacto para la prensa y los medios de comunicaci\u00f3n | Plastic Odyssey\",\"isPartOf\":{\"@id\":\"https:\/\/plasticodyssey.org\/es\/#website\"},\"datePublished\":\"2023-02-08T13:02:47+00:00\",\"dateModified\":\"2026-03-06T16:39:29+00:00\",\"description\":\"Si es usted periodista o medio de comunicaci\u00f3n y desea ponerse en contacto con nuestros equipos para organizar una entrevista, un reportaje o una sesi\u00f3n fotogr\u00e1fica, estaremos encantados de escucharle.\",\"breadcrumb\":{\"@id\":\"https:\/\/plasticodyssey.org\/es\/directo\/contacto-prensa\/#breadcrumb\"},\"inLanguage\":\"es\",\"potentialAction\":[{\"@type\":\"ReadAction\",\"target\":[\"https:\/\/plasticodyssey.org\/es\/directo\/contacto-prensa\/\"]}]},{\"@type\":\"BreadcrumbList\",\"@id\":\"https:\/\/plasticodyssey.org\/es\/directo\/contacto-prensa\/#breadcrumb\",\"itemListElement\":[{\"@type\":\"ListItem\",\"position\":1,\"name\":\"Accueil\",\"item\":\"https:\/\/plasticodyssey.org\/es\/inicio\/\"},{\"@type\":\"ListItem\",\"position\":2,\"name\":\"Directo\",\"item\":\"https:\/\/plasticodyssey.org\/es\/directo\/\"},{\"@type\":\"ListItem\",\"position\":3,\"name\":\"Contacto de prensa\"}]},{\"@type\":\"WebSite\",\"@id\":\"https:\/\/plasticodyssey.org\/es\/#website\",\"url\":\"https:\/\/plasticodyssey.org\/es\/\",\"name\":\"Plastic Odyssey\",\"description\":\"L&#039;exp\u00e9dition autour du monde contre la pollution plastique\",\"publisher\":{\"@id\":\"https:\/\/plasticodyssey.org\/es\/#organization\"},\"potentialAction\":[{\"@type\":\"SearchAction\",\"target\":{\"@type\":\"EntryPoint\",\"urlTemplate\":\"https:\/\/plasticodyssey.org\/es\/?s={search_term_string}\"},\"query-input\":{\"@type\":\"PropertyValueSpecification\",\"valueRequired\":true,\"valueName\":\"search_term_string\"}}],\"inLanguage\":\"es\"},{\"@type\":\"Organization\",\"@id\":\"https:\/\/plasticodyssey.org\/es\/#organization\",\"name\":\"Plastic Odyssey\",\"url\":\"https:\/\/plasticodyssey.org\/es\/\",\"logo\":{\"@type\":\"ImageObject\",\"inLanguage\":\"es\",\"@id\":\"https:\/\/plasticodyssey.org\/es\/#\/schema\/logo\/image\/\",\"url\":\"https:\/\/plasticodyssey.org\/wp-content\/uploads\/2020\/02\/navire-plastic-odyssey-coucher-soleil.jpg\",\"contentUrl\":\"https:\/\/plasticodyssey.org\/wp-content\/uploads\/2020\/02\/navire-plastic-odyssey-coucher-soleil.jpg\",\"width\":1920,\"height\":1080,\"caption\":\"Plastic Odyssey\"},\"image\":{\"@id\":\"https:\/\/plasticodyssey.org\/es\/#\/schema\/logo\/image\/\"},\"sameAs\":[\"https:\/\/www.facebook.com\/plasticodyssey\/\",\"https:\/\/x.com\/plasticodyssey\",\"https:\/\/www.instagram.com\/plasticodyssey\/\",\"https:\/\/www.linkedin.com\/company\/plastic-odyssey\/\",\"https:\/\/www.youtube.com\/channel\/UC4UNxaIW9ODIuLGJaTrhnow\"]}]}<\/script>\n<!-- \/ Yoast SEO plugin. -->","yoast_head_json":{"title":"Contacto para la prensa y los medios de comunicaci\u00f3n | Plastic Odyssey","description":"Si es usted periodista o medio de comunicaci\u00f3n y desea ponerse en contacto con nuestros equipos para organizar una entrevista, un reportaje o una sesi\u00f3n fotogr\u00e1fica, estaremos encantados de escucharle.","robots":{"index":"noindex","follow":"nofollow"},"og_locale":"es_ES","og_type":"article","og_title":"Contacto para la prensa y los medios de comunicaci\u00f3n | Plastic Odyssey","og_description":"Si es usted periodista o medio de comunicaci\u00f3n y desea ponerse en contacto con nuestros equipos para organizar una entrevista, un reportaje o una sesi\u00f3n fotogr\u00e1fica, estaremos encantados de escucharle.","og_url":"https:\/\/plasticodyssey.org\/es\/directo\/contacto-prensa\/","og_site_name":"Plastic Odyssey","article_publisher":"https:\/\/www.facebook.com\/plasticodyssey\/","article_modified_time":"2026-03-06T16:39:29+00:00","og_image":[{"width":1920,"height":1080,"url":"https:\/\/plasticodyssey.org\/wp-content\/uploads\/2020\/08\/bateau-recyclage-plastique.jpg","type":"image\/jpeg"}],"twitter_card":"summary_large_image","twitter_site":"@plasticodyssey","twitter_misc":{"Tiempo de lectura":"1 minuto"},"schema":{"@context":"https:\/\/schema.org","@graph":[{"@type":"WebPage","@id":"https:\/\/plasticodyssey.org\/es\/directo\/contacto-prensa\/","url":"https:\/\/plasticodyssey.org\/es\/directo\/contacto-prensa\/","name":"Contacto para la prensa y los medios de comunicaci\u00f3n | Plastic Odyssey","isPartOf":{"@id":"https:\/\/plasticodyssey.org\/es\/#website"},"datePublished":"2023-02-08T13:02:47+00:00","dateModified":"2026-03-06T16:39:29+00:00","description":"Si es usted periodista o medio de comunicaci\u00f3n y desea ponerse en contacto con nuestros equipos para organizar una entrevista, un reportaje o una sesi\u00f3n fotogr\u00e1fica, estaremos encantados de escucharle.","breadcrumb":{"@id":"https:\/\/plasticodyssey.org\/es\/directo\/contacto-prensa\/#breadcrumb"},"inLanguage":"es","potentialAction":[{"@type":"ReadAction","target":["https:\/\/plasticodyssey.org\/es\/directo\/contacto-prensa\/"]}]},{"@type":"BreadcrumbList","@id":"https:\/\/plasticodyssey.org\/es\/directo\/contacto-prensa\/#breadcrumb","itemListElement":[{"@type":"ListItem","position":1,"name":"Accueil","item":"https:\/\/plasticodyssey.org\/es\/inicio\/"},{"@type":"ListItem","position":2,"name":"Directo","item":"https:\/\/plasticodyssey.org\/es\/directo\/"},{"@type":"ListItem","position":3,"name":"Contacto de prensa"}]},{"@type":"WebSite","@id":"https:\/\/plasticodyssey.org\/es\/#website","url":"https:\/\/plasticodyssey.org\/es\/","name":"Plastic Odyssey","description":"L&#039;exp\u00e9dition autour du monde contre la pollution plastique","publisher":{"@id":"https:\/\/plasticodyssey.org\/es\/#organization"},"potentialAction":[{"@type":"SearchAction","target":{"@type":"EntryPoint","urlTemplate":"https:\/\/plasticodyssey.org\/es\/?s={search_term_string}"},"query-input":{"@type":"PropertyValueSpecification","valueRequired":true,"valueName":"search_term_string"}}],"inLanguage":"es"},{"@type":"Organization","@id":"https:\/\/plasticodyssey.org\/es\/#organization","name":"Plastic Odyssey","url":"https:\/\/plasticodyssey.org\/es\/","logo":{"@type":"ImageObject","inLanguage":"es","@id":"https:\/\/plasticodyssey.org\/es\/#\/schema\/logo\/image\/","url":"https:\/\/plasticodyssey.org\/wp-content\/uploads\/2020\/02\/navire-plastic-odyssey-coucher-soleil.jpg","contentUrl":"https:\/\/plasticodyssey.org\/wp-content\/uploads\/2020\/02\/navire-plastic-odyssey-coucher-soleil.jpg","width":1920,"height":1080,"caption":"Plastic Odyssey"},"image":{"@id":"https:\/\/plasticodyssey.org\/es\/#\/schema\/logo\/image\/"},"sameAs":["https:\/\/www.facebook.com\/plasticodyssey\/","https:\/\/x.com\/plasticodyssey","https:\/\/www.instagram.com\/plasticodyssey\/","https:\/\/www.linkedin.com\/company\/plastic-odyssey\/","https:\/\/www.youtube.com\/channel\/UC4UNxaIW9ODIuLGJaTrhnow"]}]}},"_links":{"self":[{"href":"https:\/\/plasticodyssey.org\/es\/wp-json\/wp\/v2\/pages\/32907","targetHints":{"allow":["GET"]}}],"collection":[{"href":"https:\/\/plasticodyssey.org\/es\/wp-json\/wp\/v2\/pages"}],"about":[{"href":"https:\/\/plasticodyssey.org\/es\/wp-json\/wp\/v2\/types\/page"}],"author":[{"embeddable":true,"href":"https:\/\/plasticodyssey.org\/es\/wp-json\/wp\/v2\/users\/2"}],"replies":[{"embeddable":true,"href":"https:\/\/plasticodyssey.org\/es\/wp-json\/wp\/v2\/comments?post=32907"}],"version-history":[{"count":185,"href":"https:\/\/plasticodyssey.org\/es\/wp-json\/wp\/v2\/pages\/32907\/revisions"}],"predecessor-version":[{"id":63084,"href":"https:\/\/plasticodyssey.org\/es\/wp-json\/wp\/v2\/pages\/32907\/revisions\/63084"}],"up":[{"embeddable":true,"href":"https:\/\/plasticodyssey.org\/es\/wp-json\/wp\/v2\/pages\/33459"}],"wp:attachment":[{"href":"https:\/\/plasticodyssey.org\/es\/wp-json\/wp\/v2\/media?parent=32907"}],"curies":[{"name":"wp","href":"https:\/\/api.w.org\/{rel}","templated":true}]}}