{"id":32911,"date":"2023-01-26T10:14:42","date_gmt":"2023-01-26T09:14:42","guid":{"rendered":"https:\/\/plasticodyssey.org\/organizar-una-reunion\/"},"modified":"2024-10-30T10:00:25","modified_gmt":"2024-10-30T09:00:25","slug":"organizar-una-reunion","status":"publish","type":"page","link":"https:\/\/plasticodyssey.org\/es\/directo\/organizar-una-reunion\/","title":{"rendered":"Organizar una reuni\u00f3n"},"content":{"rendered":"<div class=\"wpb-content-wrapper\"><p>[vc_row css_animation=\u00bb\u00bb row_type=\u00bbrow\u00bb use_row_as_full_screen_section=\u00bbno\u00bb type=\u00bbfull_width\u00bb angled_section=\u00bbno\u00bb text_align=\u00bbleft\u00bb background_image_as_pattern=\u00bbwithout_pattern\u00bb z_index=\u00bb\u00bb background_color=\u00bb#1d1e3a\u00bb][vc_column][qode_elements_holder background_color=\u00bb#1d1e3a\u00bb number_of_columns=\u00bbtwo_columns\u00bb custom_class=\u00bbsk_fullheight\u00bb][qode_elements_holder_item vertical_alignment=\u00bbtop\u00bb advanced_animations=\u00bbno\u00bb item_padding=\u00bb100px\u00bb item_padding_600_768=\u00bb20px 20px 20px 20px\u00bb item_padding_480_600=\u00bb20px 20px 20px 20px\u00bb item_padding_480=\u00bb20px 20px 20px 20px\u00bb custom_class=\u00bbwhite\u00bb item_padding_768_1024=\u00bb20px 20px 20px 20px\u00bb item_padding_1024_1280=\u00bb60px\u00bb][vc_single_image image=\u00bb30273&#8243; img_size=\u00bbmedium\u00bb onclick=\u00bbcustom_link\u00bb qode_css_animation=\u00bb\u00bb link=\u00bb\/es\/\u00bb][vc_column_text el_class=\u00bbmt4&#8243;]<\/p>\n<h1>Dar a conocer mi iniciativa<\/h1>\n<p>\u00bfSe dedica usted al reciclaje y desea que nuestro equipo visite su empresa, asociaci\u00f3n o taller? \u00bfEst\u00e1 trabajando en soluciones pr\u00e1cticas para combatir la contaminaci\u00f3n por pl\u00e1sticos?<\/p>\n<p>No dude en hablarnos de su organizaci\u00f3n y nos pondremos en contacto con usted lo antes posible para concertar una visita a sus instalaciones y una reuni\u00f3n con el equipo.[\/vc_column_text][vc_gallery type=\u00bbimage_grid\u00bb images=\u00bb31849,31838,31847,31839&#8243; img_size=\u00bbfull\u00bb onclick=\u00bb\u00bb column_number=\u00bb2&#8243; grayscale=\u00bbno\u00bb images_space=\u00bbgallery_with_space\u00bb el_class=\u00bbmt3&#8243;]<a  itemprop=\"url\" href=\"\/es\/directo\/\" target=\"_self\"  class=\"qbutton  default cta_white_bg_2\" style=\"color: #ffffff; \">Inicio<span aria-hidden=\"true\" class=\"qode_icon_font_elegant arrow_right qode_button_icon_element\"><\/span><\/a>[\/qode_elements_holder_item][qode_elements_holder_item vertical_alignment=\u00bbtop\u00bb advanced_animations=\u00bbno\u00bb item_padding=\u00bb100px\u00bb background_color=\u00bb#eaebed\u00bb item_padding_600_768=\u00bb20px 20px 20px 20px\u00bb item_padding_480_600=\u00bb20px 20px 20px 20px\u00bb item_padding_480=\u00bb20px 20px 20px 20px\u00bb item_padding_768_1024=\u00bb20px 20px 20px 20px\u00bb item_padding_1024_1280=\u00bb60px\u00bb][vc_column_text css=\u00bb\u00bb el_class=\u00bbsk_form\u00bb]\n<div class=\"wpcf7 no-js\" id=\"wpcf7-f35363-o1\" lang=\"es-ES\" dir=\"ltr\" data-wpcf7-id=\"35363\">\n<div class=\"screen-reader-response\"><p role=\"status\" aria-live=\"polite\" aria-atomic=\"true\"><\/p> <ul><\/ul><\/div>\n<form action=\"\/es\/wp-json\/wp\/v2\/pages\/32911#wpcf7-f35363-o1\" method=\"post\" class=\"wpcf7-form init cf7_custom_style_3\" aria-label=\"Formulario de contacto\" novalidate=\"novalidate\" data-status=\"init\">\n<fieldset class=\"hidden-fields-container\"><input type=\"hidden\" name=\"_wpcf7\" value=\"35363\" \/><input type=\"hidden\" name=\"_wpcf7_version\" value=\"6.1.5\" \/><input type=\"hidden\" name=\"_wpcf7_locale\" value=\"es_ES\" \/><input type=\"hidden\" name=\"_wpcf7_unit_tag\" value=\"wpcf7-f35363-o1\" \/><input type=\"hidden\" name=\"_wpcf7_container_post\" value=\"0\" \/><input type=\"hidden\" name=\"_wpcf7_posted_data_hash\" value=\"\" \/><input type=\"hidden\" name=\"_wpcf7cf_hidden_group_fields\" value=\"[]\" \/><input type=\"hidden\" name=\"_wpcf7cf_hidden_groups\" value=\"[]\" \/><input type=\"hidden\" name=\"_wpcf7cf_visible_groups\" value=\"[]\" \/><input type=\"hidden\" name=\"_wpcf7cf_repeaters\" value=\"[]\" \/><input type=\"hidden\" name=\"_wpcf7cf_steps\" value=\"{}\" \/><input type=\"hidden\" name=\"_wpcf7cf_options\" value=\"{&quot;form_id&quot;:35363,&quot;conditions&quot;:[],&quot;settings&quot;:{&quot;animation&quot;:&quot;yes&quot;,&quot;animation_intime&quot;:200,&quot;animation_outtime&quot;:200,&quot;conditions_ui&quot;:&quot;normal&quot;,&quot;notice_dismissed&quot;:false}}\" \/><input type=\"hidden\" name=\"_wpcf7_recaptcha_response\" value=\"\" \/>\n<\/fieldset>\n<p><strong>Organizar una reuni\u00f3n - Escala : <span class=\"wpcf7-form-control-wrap\" data-name=\"menu-escales\"><select class=\"wpcf7-form-control wpcf7-select wpcf7-validates-as-required\" aria-required=\"true\" aria-invalid=\"false\" name=\"menu-escales\"><option value=\"Marruecos\">Marruecos<\/option><option value=\"Senegal\">Senegal<\/option><option value=\"Guinea\">Guinea<\/option><option value=\"Cabo Verde\">Cabo Verde<\/option><option value=\"Brasil\">Brasil<\/option><option value=\"Guayana Francesa\">Guayana Francesa<\/option><option value=\"Guadalupe\">Guadalupe<\/option><option value=\"Martinica\">Martinica<\/option><option value=\"Rep\u00fablica Dominicana\">Rep\u00fablica Dominicana<\/option><option value=\"Colombia\">Colombia<\/option><option value=\"Panam\u00e1\">Panam\u00e1<\/option><option value=\"Costa Rica\">Costa Rica<\/option><option value=\"Ecuador\">Ecuador<\/option><option value=\"Henderson\">Henderson<\/option><option value=\"Polinesia Francesa\">Polinesia Francesa<\/option><option value=\"Samoa\">Samoa<\/option><option value=\"Fiyi\">Fiyi<\/option><option value=\"Nueva Caledonia\">Nueva Caledonia<\/option><option value=\"Vanuatu\">Vanuatu<\/option><option value=\"Indonesia\">Indonesia<\/option><option value=\"Singapur\">Singapur<\/option><option value=\"Camboya\">Camboya<\/option><option value=\"Malasia\">Malasia<\/option><option value=\"Vietnam\">Vietnam<\/option><option value=\"Hong Kong\">Hong Kong<\/option><option value=\"Taiw\u00e1n\">Taiw\u00e1n<\/option><option value=\"Filipinas\" selected=\"selected\">Filipinas<\/option><option value=\"Tailandia\">Tailandia<\/option><option value=\"India\">India<\/option><option value=\"Sri Lanka\">Sri Lanka<\/option><option value=\"Maldivas\">Maldivas<\/option><option value=\"La Reuni\u00f3n\">La Reuni\u00f3n<\/option><option value=\"Mauricio\">Mauricio<\/option><option value=\"Madagascar\">Madagascar<\/option><option value=\"Seychelles\">Seychelles<\/option><option value=\"Comoras\">Comoras<\/option><option value=\"Mayotte\">Mayotte<\/option><option value=\"Tanzania\">Tanzania<\/option><option value=\"Kenia\">Kenia<\/option><option value=\"Aldabra\">Aldabra<\/option><option value=\"Cargados Carajos\">Cargados Carajos<\/option><option value=\"Mozambique\">Mozambique<\/option><option value=\"Sud\u00e1frica\">Sud\u00e1frica<\/option><option value=\"Angola\">Angola<\/option><option value=\"Santo Tom\u00e9 y Pr\u00edncipe\">Santo Tom\u00e9 y Pr\u00edncipe<\/option><option value=\"Camer\u00fan\">Camer\u00fan<\/option><option value=\"Nigeria\">Nigeria<\/option><option value=\"Costa de Marfil\">Costa de Marfil<\/option><option value=\"Francia\">Francia<\/option><\/select><\/span><\/strong>\n<\/p>\n<div class=\"two_columns_50_50 clearfix\">\n\t<div class=\"column1\">\n\t\t<div class=\"column_inner\">\n\t\t\t<p><span class=\"wpcf7-form-control-wrap\" data-name=\"text-nomprenom\"><input size=\"40\" maxlength=\"400\" class=\"wpcf7-form-control wpcf7-text wpcf7-validates-as-required\" aria-required=\"true\" aria-invalid=\"false\" placeholder=\"Su nombre y apellidos*\" value=\"\" type=\"text\" name=\"text-nomprenom\" \/><\/span>\n\t\t\t<\/p>\n\t\t<\/div>\n\t<\/div>\n\t<div class=\"column2\">\n\t\t<div class=\"column_inner\">\n\t\t\t<p><span class=\"wpcf7-form-control-wrap\" data-name=\"email-mail\"><input size=\"40\" maxlength=\"400\" class=\"wpcf7-form-control wpcf7-email wpcf7-validates-as-required wpcf7-text wpcf7-validates-as-email\" aria-required=\"true\" aria-invalid=\"false\" placeholder=\"Su correo electr\u00f3nico*\" value=\"\" type=\"email\" name=\"email-mail\" \/><\/span>\n\t\t\t<\/p>\n\t\t<\/div>\n\t<\/div>\n<\/div>\n<div class=\"two_columns_50_50 clearfix\">\n\t<div class=\"column1\">\n\t\t<div class=\"column_inner\">\n\t\t\t<p><span class=\"wpcf7-form-control-wrap\" data-name=\"tel-tel\"><input size=\"40\" maxlength=\"400\" class=\"wpcf7-form-control wpcf7-tel wpcf7-validates-as-required wpcf7-text wpcf7-validates-as-tel\" aria-required=\"true\" aria-invalid=\"false\" placeholder=\"Su tel\u00e9fono*\" value=\"\" type=\"tel\" name=\"tel-tel\" \/><\/span>\n\t\t\t<\/p>\n\t\t<\/div>\n\t<\/div>\n\t<div class=\"column2\">\n\t\t<div class=\"column_inner\">\n\t\t\t<p><span class=\"wpcf7-form-control-wrap\" data-name=\"menu-vousetes\"><select class=\"wpcf7-form-control wpcf7-select wpcf7-validates-as-required\" aria-required=\"true\" aria-invalid=\"false\" name=\"menu-vousetes\"><option value=\"\">\u00bfQui\u00e9n es usted? (Seleccionar)*<\/option><option value=\"Una empresa\">Una empresa<\/option><option value=\"Una asociaci\u00f3n\">Una asociaci\u00f3n<\/option><option value=\"Otro\">Otro<\/option><\/select><\/span>\n\t\t\t<\/p>\n\t\t<\/div>\n\t<\/div>\n<\/div>\n<div class=\"column_inner\">\n\t<p><span class=\"wpcf7-form-control-wrap\" data-name=\"text-adresse\"><input size=\"40\" maxlength=\"400\" class=\"wpcf7-form-control wpcf7-text wpcf7-validates-as-required\" aria-required=\"true\" aria-invalid=\"false\" placeholder=\"Direcci\u00f3n de la reuni\u00f3n*\" value=\"\" type=\"text\" name=\"text-adresse\" \/><\/span>\n\t<\/p>\n<\/div>\n<div class=\"sk_box_white mt1\">\n\t<p><strong>\u00bfQu\u00e9 produce?<\/strong>\n\t<\/p>\n\t<p><span class=\"wpcf7-form-control-wrap\" data-name=\"checkbox-produit\"><span class=\"wpcf7-form-control wpcf7-checkbox wpcf7-validates-as-required\"><span class=\"wpcf7-list-item first\"><label><input type=\"checkbox\" name=\"checkbox-produit[]\" value=\"Material triturado\" \/><span class=\"wpcf7-list-item-label\">Material triturado<\/span><\/label><\/span><span class=\"wpcf7-list-item\"><label><input type=\"checkbox\" name=\"checkbox-produit[]\" value=\"Balas de pl\u00e1stico compactadas\" \/><span class=\"wpcf7-list-item-label\">Balas de pl\u00e1stico compactadas<\/span><\/label><\/span><span class=\"wpcf7-list-item\"><label><input type=\"checkbox\" name=\"checkbox-produit[]\" value=\"Productos transformados (adoquines, ladrillos, tejas, muebles, etc.)\" \/><span class=\"wpcf7-list-item-label\">Productos transformados (adoquines, ladrillos, tejas, muebles, etc.)<\/span><\/label><\/span><span class=\"wpcf7-list-item last\"><label><input type=\"checkbox\" name=\"checkbox-produit[]\" value=\"Otro\" \/><span class=\"wpcf7-list-item-label\">Otro<\/span><\/label><\/span><\/span><\/span>\n\t<\/p>\n<\/div>\n<div class=\"sk_box_white mt1\">\n\t<p><strong>H\u00e1blenos de su empresa*<\/strong>\n\t<\/p>\n\t<p><span class=\"wpcf7-form-control-wrap\" data-name=\"textarea-presentation\"><textarea cols=\"40\" rows=\"10\" maxlength=\"2000\" class=\"wpcf7-form-control wpcf7-textarea wpcf7-validates-as-required\" aria-required=\"true\" aria-invalid=\"false\" placeholder=\"\u00bfQu\u00e9 procesos utiliza? \u00bfQu\u00e9 m\u00e1quinas utiliza? \u00bfCu\u00e1ntos empleados tiene? \u00bfCu\u00e1l es su disponibilidad? etc.\" name=\"textarea-presentation\"><\/textarea><\/span>\n\t<\/p>\n<\/div>\n<div class=\"sk_box_white mt1\">\n\t<p><strong>A\u00f1adir fotos o documentos<\/strong>\n\t<\/p>\n\t<p><span class=\"wpcf7-form-control-wrap\" data-name=\"upload-contenusmedia\"><input size=\"40\" class=\"wpcf7-form-control wpcf7-drag-n-drop-file d-none\" aria-invalid=\"false\" type=\"file\" multiple=\"multiple\" data-name=\"upload-contenusmedia\" data-type=\"jpeg|jpg|png|pdf\" data-limit=\"2000000\" data-min=\"1\" data-max=\"10\" data-id=\"35363\" data-version=\"free version 1.3.9.5\" accept=\".jpeg, .jpg, .png, .pdf\" \/><\/span>\n\t<\/p>\n<\/div>\n<p class=\"mt2 pb1\"><span class=\"wpcf7-form-control-wrap\" data-name=\"acceptance-donnees\"><span class=\"wpcf7-form-control wpcf7-acceptance\"><span class=\"wpcf7-list-item\"><label><input type=\"checkbox\" name=\"acceptance-donnees\" value=\"1\" aria-invalid=\"false\" \/><span class=\"wpcf7-list-item-label\">Al marcar esta casilla, confirma que acepta nuestra <a target=\"blank\" href=\"\/es\/informacion-juridica\/\">Pol\u00edtica de privacidad<\/a>.<\/span><\/label><\/span><\/span><\/span>\n<\/p>\n<p><input class=\"wpcf7-form-control wpcf7-submit has-spinner\" type=\"submit\" value=\"Enviar\" \/>\n<\/p><input type='hidden' class='wpcf7-pum' value='{\"closepopup\":false,\"closedelay\":0,\"openpopup\":false,\"openpopup_id\":0}' \/><div class=\"wpcf7-response-output\" aria-hidden=\"true\"><\/div>\n<\/form>\n<\/div>\n[\/vc_column_text][\/qode_elements_holder_item][\/qode_elements_holder][\/vc_column][\/vc_row]<\/p>\n<\/div>","protected":false},"excerpt":{"rendered":"<p>[vc_row css_animation=\u00bb\u00bb row_type=\u00bbrow\u00bb use_row_as_full_screen_section=\u00bbno\u00bb type=\u00bbfull_width\u00bb angled_section=\u00bbno\u00bb text_align=\u00bbleft\u00bb background_image_as_pattern=\u00bbwithout_pattern\u00bb z_index=\u00bb\u00bb background_color=\u00bb#1d1e3a\u00bb][vc_column][qode_elements_holder background_color=\u00bb#1d1e3a\u00bb number_of_columns=\u00bbtwo_columns\u00bb custom_class=\u00bbsk_fullheight\u00bb][qode_elements_holder_item vertical_alignment=\u00bbtop\u00bb advanced_animations=\u00bbno\u00bb item_padding=\u00bb100px\u00bb item_padding_600_768=\u00bb20px 20px 20px 20px\u00bb item_padding_480_600=\u00bb20px 20px 20px 20px\u00bb item_padding_480=\u00bb20px 20px 20px 20px\u00bb custom_class=\u00bbwhite\u00bb item_padding_768_1024=\u00bb20px 20px 20px 20px\u00bb item_padding_1024_1280=\u00bb60px\u00bb][vc_single_image image=\u00bb30273&#8243;&#8230;<\/p>\n","protected":false},"author":3,"featured_media":31844,"parent":33459,"menu_order":30,"comment_status":"closed","ping_status":"closed","template":"landing_page.php","meta":{"footnotes":""},"class_list":["post-32911","page","type-page","status-publish","has-post-thumbnail","hentry"],"yoast_head":"<!-- This site is optimized with the Yoast SEO plugin v25.5 - https:\/\/yoast.com\/wordpress\/plugins\/seo\/ -->\n<title>Organizar una reuni\u00f3n durante la escala | Plastic Odyssey<\/title>\n<meta name=\"description\" content=\"\u00bfLe gustar\u00eda hablarnos de su empresa y conocer a nuestro equipo sobre el terreno? No dude en concertar una cita.\" \/>\n<meta name=\"robots\" content=\"noindex, nofollow\" \/>\n<meta property=\"og:locale\" content=\"es_ES\" \/>\n<meta property=\"og:type\" content=\"article\" \/>\n<meta property=\"og:title\" content=\"Organizar una reuni\u00f3n durante la escala | Plastic Odyssey\" \/>\n<meta property=\"og:description\" content=\"\u00bfLe gustar\u00eda hablarnos de su empresa y conocer a nuestro equipo sobre el terreno? No dude en concertar una cita.\" \/>\n<meta property=\"og:url\" content=\"https:\/\/plasticodyssey.org\/es\/directo\/organizar-una-reunion\/\" \/>\n<meta property=\"og:site_name\" content=\"Plastic Odyssey\" \/>\n<meta property=\"article:publisher\" content=\"https:\/\/www.facebook.com\/plasticodyssey\/\" \/>\n<meta property=\"article:modified_time\" content=\"2024-10-30T09:00:25+00:00\" \/>\n<meta property=\"og:image\" content=\"https:\/\/plasticodyssey.org\/wp-content\/uploads\/2022\/12\/fabrication-tuyaux-plastique-recycles-beyrouth.jpg\" \/>\n\t<meta property=\"og:image:width\" content=\"1080\" \/>\n\t<meta property=\"og:image:height\" content=\"608\" \/>\n\t<meta property=\"og:image:type\" content=\"image\/jpeg\" \/>\n<meta name=\"twitter:card\" content=\"summary_large_image\" \/>\n<meta name=\"twitter:site\" content=\"@plasticodyssey\" \/>\n<meta name=\"twitter:label1\" content=\"Tiempo de lectura\" \/>\n\t<meta name=\"twitter:data1\" content=\"1 minuto\" \/>\n<script type=\"application\/ld+json\" class=\"yoast-schema-graph\">{\"@context\":\"https:\/\/schema.org\",\"@graph\":[{\"@type\":\"WebPage\",\"@id\":\"https:\/\/plasticodyssey.org\/es\/directo\/organizar-una-reunion\/\",\"url\":\"https:\/\/plasticodyssey.org\/es\/directo\/organizar-una-reunion\/\",\"name\":\"Organizar una reuni\u00f3n durante la escala | Plastic Odyssey\",\"isPartOf\":{\"@id\":\"https:\/\/plasticodyssey.org\/es\/#website\"},\"primaryImageOfPage\":{\"@id\":\"https:\/\/plasticodyssey.org\/es\/directo\/organizar-una-reunion\/#primaryimage\"},\"image\":{\"@id\":\"https:\/\/plasticodyssey.org\/es\/directo\/organizar-una-reunion\/#primaryimage\"},\"thumbnailUrl\":\"https:\/\/plasticodyssey.org\/wp-content\/uploads\/2022\/12\/fabrication-tuyaux-plastique-recycles-beyrouth.jpg\",\"datePublished\":\"2023-01-26T09:14:42+00:00\",\"dateModified\":\"2024-10-30T09:00:25+00:00\",\"description\":\"\u00bfLe gustar\u00eda hablarnos de su empresa y conocer a nuestro equipo sobre el terreno? No dude en concertar una cita.\",\"breadcrumb\":{\"@id\":\"https:\/\/plasticodyssey.org\/es\/directo\/organizar-una-reunion\/#breadcrumb\"},\"inLanguage\":\"es\",\"potentialAction\":[{\"@type\":\"ReadAction\",\"target\":[\"https:\/\/plasticodyssey.org\/es\/directo\/organizar-una-reunion\/\"]}]},{\"@type\":\"ImageObject\",\"inLanguage\":\"es\",\"@id\":\"https:\/\/plasticodyssey.org\/es\/directo\/organizar-una-reunion\/#primaryimage\",\"url\":\"https:\/\/plasticodyssey.org\/wp-content\/uploads\/2022\/12\/fabrication-tuyaux-plastique-recycles-beyrouth.jpg\",\"contentUrl\":\"https:\/\/plasticodyssey.org\/wp-content\/uploads\/2022\/12\/fabrication-tuyaux-plastique-recycles-beyrouth.jpg\",\"width\":1080,\"height\":608},{\"@type\":\"BreadcrumbList\",\"@id\":\"https:\/\/plasticodyssey.org\/es\/directo\/organizar-una-reunion\/#breadcrumb\",\"itemListElement\":[{\"@type\":\"ListItem\",\"position\":1,\"name\":\"Accueil\",\"item\":\"https:\/\/plasticodyssey.org\/es\/inicio\/\"},{\"@type\":\"ListItem\",\"position\":2,\"name\":\"Directo\",\"item\":\"https:\/\/plasticodyssey.org\/es\/directo\/\"},{\"@type\":\"ListItem\",\"position\":3,\"name\":\"Organizar una reuni\u00f3n\"}]},{\"@type\":\"WebSite\",\"@id\":\"https:\/\/plasticodyssey.org\/es\/#website\",\"url\":\"https:\/\/plasticodyssey.org\/es\/\",\"name\":\"Plastic Odyssey\",\"description\":\"L&#039;exp\u00e9dition autour du monde contre la pollution plastique\",\"publisher\":{\"@id\":\"https:\/\/plasticodyssey.org\/es\/#organization\"},\"potentialAction\":[{\"@type\":\"SearchAction\",\"target\":{\"@type\":\"EntryPoint\",\"urlTemplate\":\"https:\/\/plasticodyssey.org\/es\/?s={search_term_string}\"},\"query-input\":{\"@type\":\"PropertyValueSpecification\",\"valueRequired\":true,\"valueName\":\"search_term_string\"}}],\"inLanguage\":\"es\"},{\"@type\":\"Organization\",\"@id\":\"https:\/\/plasticodyssey.org\/es\/#organization\",\"name\":\"Plastic Odyssey\",\"url\":\"https:\/\/plasticodyssey.org\/es\/\",\"logo\":{\"@type\":\"ImageObject\",\"inLanguage\":\"es\",\"@id\":\"https:\/\/plasticodyssey.org\/es\/#\/schema\/logo\/image\/\",\"url\":\"https:\/\/plasticodyssey.org\/wp-content\/uploads\/2020\/02\/navire-plastic-odyssey-coucher-soleil.jpg\",\"contentUrl\":\"https:\/\/plasticodyssey.org\/wp-content\/uploads\/2020\/02\/navire-plastic-odyssey-coucher-soleil.jpg\",\"width\":1920,\"height\":1080,\"caption\":\"Plastic Odyssey\"},\"image\":{\"@id\":\"https:\/\/plasticodyssey.org\/es\/#\/schema\/logo\/image\/\"},\"sameAs\":[\"https:\/\/www.facebook.com\/plasticodyssey\/\",\"https:\/\/x.com\/plasticodyssey\",\"https:\/\/www.instagram.com\/plasticodyssey\/\",\"https:\/\/www.linkedin.com\/company\/plastic-odyssey\/\",\"https:\/\/www.youtube.com\/channel\/UC4UNxaIW9ODIuLGJaTrhnow\"]}]}<\/script>\n<!-- \/ Yoast SEO plugin. -->","yoast_head_json":{"title":"Organizar una reuni\u00f3n durante la escala | Plastic Odyssey","description":"\u00bfLe gustar\u00eda hablarnos de su empresa y conocer a nuestro equipo sobre el terreno? No dude en concertar una cita.","robots":{"index":"noindex","follow":"nofollow"},"og_locale":"es_ES","og_type":"article","og_title":"Organizar una reuni\u00f3n durante la escala | Plastic Odyssey","og_description":"\u00bfLe gustar\u00eda hablarnos de su empresa y conocer a nuestro equipo sobre el terreno? No dude en concertar una cita.","og_url":"https:\/\/plasticodyssey.org\/es\/directo\/organizar-una-reunion\/","og_site_name":"Plastic Odyssey","article_publisher":"https:\/\/www.facebook.com\/plasticodyssey\/","article_modified_time":"2024-10-30T09:00:25+00:00","og_image":[{"width":1080,"height":608,"url":"https:\/\/plasticodyssey.org\/wp-content\/uploads\/2022\/12\/fabrication-tuyaux-plastique-recycles-beyrouth.jpg","type":"image\/jpeg"}],"twitter_card":"summary_large_image","twitter_site":"@plasticodyssey","twitter_misc":{"Tiempo de lectura":"1 minuto"},"schema":{"@context":"https:\/\/schema.org","@graph":[{"@type":"WebPage","@id":"https:\/\/plasticodyssey.org\/es\/directo\/organizar-una-reunion\/","url":"https:\/\/plasticodyssey.org\/es\/directo\/organizar-una-reunion\/","name":"Organizar una reuni\u00f3n durante la escala | Plastic Odyssey","isPartOf":{"@id":"https:\/\/plasticodyssey.org\/es\/#website"},"primaryImageOfPage":{"@id":"https:\/\/plasticodyssey.org\/es\/directo\/organizar-una-reunion\/#primaryimage"},"image":{"@id":"https:\/\/plasticodyssey.org\/es\/directo\/organizar-una-reunion\/#primaryimage"},"thumbnailUrl":"https:\/\/plasticodyssey.org\/wp-content\/uploads\/2022\/12\/fabrication-tuyaux-plastique-recycles-beyrouth.jpg","datePublished":"2023-01-26T09:14:42+00:00","dateModified":"2024-10-30T09:00:25+00:00","description":"\u00bfLe gustar\u00eda hablarnos de su empresa y conocer a nuestro equipo sobre el terreno? No dude en concertar una cita.","breadcrumb":{"@id":"https:\/\/plasticodyssey.org\/es\/directo\/organizar-una-reunion\/#breadcrumb"},"inLanguage":"es","potentialAction":[{"@type":"ReadAction","target":["https:\/\/plasticodyssey.org\/es\/directo\/organizar-una-reunion\/"]}]},{"@type":"ImageObject","inLanguage":"es","@id":"https:\/\/plasticodyssey.org\/es\/directo\/organizar-una-reunion\/#primaryimage","url":"https:\/\/plasticodyssey.org\/wp-content\/uploads\/2022\/12\/fabrication-tuyaux-plastique-recycles-beyrouth.jpg","contentUrl":"https:\/\/plasticodyssey.org\/wp-content\/uploads\/2022\/12\/fabrication-tuyaux-plastique-recycles-beyrouth.jpg","width":1080,"height":608},{"@type":"BreadcrumbList","@id":"https:\/\/plasticodyssey.org\/es\/directo\/organizar-una-reunion\/#breadcrumb","itemListElement":[{"@type":"ListItem","position":1,"name":"Accueil","item":"https:\/\/plasticodyssey.org\/es\/inicio\/"},{"@type":"ListItem","position":2,"name":"Directo","item":"https:\/\/plasticodyssey.org\/es\/directo\/"},{"@type":"ListItem","position":3,"name":"Organizar una reuni\u00f3n"}]},{"@type":"WebSite","@id":"https:\/\/plasticodyssey.org\/es\/#website","url":"https:\/\/plasticodyssey.org\/es\/","name":"Plastic Odyssey","description":"L&#039;exp\u00e9dition autour du monde contre la pollution plastique","publisher":{"@id":"https:\/\/plasticodyssey.org\/es\/#organization"},"potentialAction":[{"@type":"SearchAction","target":{"@type":"EntryPoint","urlTemplate":"https:\/\/plasticodyssey.org\/es\/?s={search_term_string}"},"query-input":{"@type":"PropertyValueSpecification","valueRequired":true,"valueName":"search_term_string"}}],"inLanguage":"es"},{"@type":"Organization","@id":"https:\/\/plasticodyssey.org\/es\/#organization","name":"Plastic Odyssey","url":"https:\/\/plasticodyssey.org\/es\/","logo":{"@type":"ImageObject","inLanguage":"es","@id":"https:\/\/plasticodyssey.org\/es\/#\/schema\/logo\/image\/","url":"https:\/\/plasticodyssey.org\/wp-content\/uploads\/2020\/02\/navire-plastic-odyssey-coucher-soleil.jpg","contentUrl":"https:\/\/plasticodyssey.org\/wp-content\/uploads\/2020\/02\/navire-plastic-odyssey-coucher-soleil.jpg","width":1920,"height":1080,"caption":"Plastic Odyssey"},"image":{"@id":"https:\/\/plasticodyssey.org\/es\/#\/schema\/logo\/image\/"},"sameAs":["https:\/\/www.facebook.com\/plasticodyssey\/","https:\/\/x.com\/plasticodyssey","https:\/\/www.instagram.com\/plasticodyssey\/","https:\/\/www.linkedin.com\/company\/plastic-odyssey\/","https:\/\/www.youtube.com\/channel\/UC4UNxaIW9ODIuLGJaTrhnow"]}]}},"_links":{"self":[{"href":"https:\/\/plasticodyssey.org\/es\/wp-json\/wp\/v2\/pages\/32911","targetHints":{"allow":["GET"]}}],"collection":[{"href":"https:\/\/plasticodyssey.org\/es\/wp-json\/wp\/v2\/pages"}],"about":[{"href":"https:\/\/plasticodyssey.org\/es\/wp-json\/wp\/v2\/types\/page"}],"author":[{"embeddable":true,"href":"https:\/\/plasticodyssey.org\/es\/wp-json\/wp\/v2\/users\/3"}],"replies":[{"embeddable":true,"href":"https:\/\/plasticodyssey.org\/es\/wp-json\/wp\/v2\/comments?post=32911"}],"version-history":[{"count":83,"href":"https:\/\/plasticodyssey.org\/es\/wp-json\/wp\/v2\/pages\/32911\/revisions"}],"predecessor-version":[{"id":52801,"href":"https:\/\/plasticodyssey.org\/es\/wp-json\/wp\/v2\/pages\/32911\/revisions\/52801"}],"up":[{"embeddable":true,"href":"https:\/\/plasticodyssey.org\/es\/wp-json\/wp\/v2\/pages\/33459"}],"wp:featuredmedia":[{"embeddable":true,"href":"https:\/\/plasticodyssey.org\/es\/wp-json\/wp\/v2\/media\/31844"}],"wp:attachment":[{"href":"https:\/\/plasticodyssey.org\/es\/wp-json\/wp\/v2\/media?parent=32911"}],"curies":[{"name":"wp","href":"https:\/\/api.w.org\/{rel}","templated":true}]}}