{"id":32936,"date":"2023-06-14T12:20:27","date_gmt":"2023-06-14T10:20:27","guid":{"rendered":"https:\/\/plasticodyssey.org\/soluciones\/recycling-academy\/descargar-guia-3\/"},"modified":"2023-08-29T10:34:14","modified_gmt":"2023-08-29T08:34:14","slug":"descargar-guia-3","status":"publish","type":"page","link":"https:\/\/plasticodyssey.org\/es\/soluciones\/recycling-academy\/descargar-guia-3\/","title":{"rendered":"Descargar curso 3"},"content":{"rendered":"<div class=\"wpb-content-wrapper\"><p>[vc_row css_animation=\u00bb\u00bb row_type=\u00bbrow\u00bb use_row_as_full_screen_section=\u00bbno\u00bb type=\u00bbfull_width\u00bb angled_section=\u00bbno\u00bb text_align=\u00bbleft\u00bb background_image_as_pattern=\u00bbwithout_pattern\u00bb z_index=\u00bb\u00bb][vc_column][qode_elements_holder background_color=\u00bb#1d1e3a\u00bb number_of_columns=\u00bbtwo_columns\u00bb custom_class=\u00bbsk_fullheight\u00bb][qode_elements_holder_item vertical_alignment=\u00bbmiddle\u00bb advanced_animations=\u00bbno\u00bb item_padding=\u00bb140px\u00bb item_padding_600_768=\u00bb20px\u00bb item_padding_480_600=\u00bb20px\u00bb item_padding_480=\u00bb20px\u00bb custom_class=\u00bbwhite sk_list\u00bb item_padding_768_1024=\u00bb20px\u00bb item_padding_1024_1280=\u00bb60px\u00bb][vc_single_image image=\u00bb31611&#8243; img_size=\u00bbmedium\u00bb onclick=\u00bbcustom_link\u00bb qode_css_animation=\u00bb\u00bb link=\u00bb\/es\/\u00bb][vc_column_text el_class=\u00bbmt6&#8243;]<\/p>\n<div class=\"two_columns_25_75 clearfix\">\n<div class=\"column1\">\n<div class=\"column_inner\"><img loading=\"lazy\" decoding=\"async\" class=\"alignnone wp-image-29741 size-full\" src=\"https:\/\/plasticodyssey.org\/wp-content\/uploads\/2023\/06\/thumbnail-recycling-academy-guide-3.jpg\" alt=\"Gu\u00eda 3\" width=\"140\" height=\"42\"><\/div>\n<\/div>\n<div class=\"column2\">\n<div class=\"column_inner\">\n<p><span class=\"sk_tag_gratuit sk_passe_tag\">Gratis<\/span><\/p>\n<h1>Descargar curso 3<\/h1>\n<p><strong>Construir un modelo de negocio viable<\/strong><br \/>\n<em>Gu\u00eda 3 y herramienta RBMB<\/em><\/p>\n<\/div>\n<\/div>\n<\/div>\n<p>[\/vc_column_text][vc_separator type=\u00bbnormal\u00bb color=\u00bbrgba(255,255,255,0.3)\u00bb thickness=\u00bb1&#8243; up=\u00bb40&#8243; down=\u00bb40&#8243;][vc_column_text]<strong>Puntos clave del aprendizaje :<\/strong><\/p>\n<ul>\n<li>Puedo definir con precisi\u00f3n mi modelo de negocio y mi posicionamiento;<\/li>\n<li>Puedo hacer una lista de mis gastos y fuentes de ingresos y simular mi modelo financiero;<\/li>\n<li>S\u00e9 c\u00f3mo hacer una previsi\u00f3n financiera y estimar la rentabilidad de mi negocio;<\/li>\n<li>Tengo lo b\u00e1sico para elaborar un plan de negocio, empezando por un pitch deck;<\/li>\n<li>S\u00e9 d\u00f3nde buscar financiaci\u00f3n.<\/li>\n<\/ul>\n<p>[\/vc_column_text][\/qode_elements_holder_item][qode_elements_holder_item vertical_alignment=\u00bbtop\u00bb advanced_animations=\u00bbno\u00bb item_padding=\u00bb100px\u00bb background_color=\u00bb#eaebed\u00bb item_padding_600_768=\u00bb20px\u00bb item_padding_480_600=\u00bb20px\u00bb item_padding_480=\u00bb20px\u00bb item_padding_768_1024=\u00bb20px\u00bb item_padding_1024_1280=\u00bb60px\u00bb][vc_column_text el_class=\u00bbsk_form\u00bb]\n<div class=\"wpcf7 no-js\" id=\"wpcf7-f36262-o1\" lang=\"es-ES\" dir=\"ltr\" data-wpcf7-id=\"36262\">\n<div class=\"screen-reader-response\"><p role=\"status\" aria-live=\"polite\" aria-atomic=\"true\"><\/p> <ul><\/ul><\/div>\n<form action=\"\/es\/wp-json\/wp\/v2\/pages\/32936#wpcf7-f36262-o1\" method=\"post\" class=\"wpcf7-form init cf7_custom_style_3\" aria-label=\"Formulario de contacto\" novalidate=\"novalidate\" data-status=\"init\">\n<fieldset class=\"hidden-fields-container\"><input type=\"hidden\" name=\"_wpcf7\" value=\"36262\" \/><input type=\"hidden\" name=\"_wpcf7_version\" value=\"6.1.5\" \/><input type=\"hidden\" name=\"_wpcf7_locale\" value=\"es_ES\" \/><input type=\"hidden\" name=\"_wpcf7_unit_tag\" value=\"wpcf7-f36262-o1\" \/><input type=\"hidden\" name=\"_wpcf7_container_post\" value=\"0\" \/><input type=\"hidden\" name=\"_wpcf7_posted_data_hash\" value=\"\" \/><input type=\"hidden\" name=\"_wpcf7cf_hidden_group_fields\" value=\"[]\" \/><input type=\"hidden\" name=\"_wpcf7cf_hidden_groups\" value=\"[]\" \/><input type=\"hidden\" name=\"_wpcf7cf_visible_groups\" value=\"[]\" \/><input type=\"hidden\" name=\"_wpcf7cf_repeaters\" value=\"[]\" \/><input type=\"hidden\" name=\"_wpcf7cf_steps\" value=\"{}\" \/><input type=\"hidden\" name=\"_wpcf7cf_options\" value=\"{&quot;form_id&quot;:36262,&quot;conditions&quot;:[],&quot;settings&quot;:{&quot;animation&quot;:&quot;yes&quot;,&quot;animation_intime&quot;:200,&quot;animation_outtime&quot;:200,&quot;conditions_ui&quot;:&quot;normal&quot;,&quot;notice_dismissed&quot;:false}}\" \/><input type=\"hidden\" name=\"_wpcf7_recaptcha_response\" value=\"\" \/>\n<\/fieldset>\n<h3>Cumplimente el formulario\n<\/h3>\n<p class=\"pb3\"><strong>Rellene el formulario para recibir el enlace de descarga.<\/strong>\n<\/p>\n<p><span class=\"wpcf7-form-control-wrap\" data-name=\"text-nomprenom\"><input size=\"40\" maxlength=\"400\" class=\"wpcf7-form-control wpcf7-text wpcf7-validates-as-required\" aria-required=\"true\" aria-invalid=\"false\" placeholder=\"Su nombre y apellidos*\" value=\"\" type=\"text\" name=\"text-nomprenom\" \/><\/span>\n<\/p>\n<p><span class=\"wpcf7-form-control-wrap\" data-name=\"menu-vousetes\"><select class=\"wpcf7-form-control wpcf7-select wpcf7-validates-as-required\" aria-required=\"true\" aria-invalid=\"false\" name=\"menu-vousetes\"><option value=\"\">\u00bfQui\u00e9n es usted? (Seleccionar)*<\/option><option value=\"Estudiante\">Estudiante<\/option><option value=\"Empresario\">Empresario<\/option><option value=\"Reciclador\">Reciclador<\/option><option value=\"Ingeniero\">Ingeniero<\/option><option value=\"Dise\u00f1ador\">Dise\u00f1ador<\/option><option value=\"Cient\u00edfico\">Cient\u00edfico<\/option><option value=\"Otro\">Otro<\/option><\/select><\/span>\n<\/p>\n<p><span class=\"wpcf7-form-control-wrap\" data-name=\"email-mail\"><input size=\"40\" maxlength=\"400\" class=\"wpcf7-form-control wpcf7-email wpcf7-validates-as-required wpcf7-text wpcf7-validates-as-email\" aria-required=\"true\" aria-invalid=\"false\" placeholder=\"Su correo electr\u00f3nico*\" value=\"\" type=\"email\" name=\"email-mail\" \/><\/span>\n<\/p>\n<p><span class=\"wpcf7-form-control-wrap\" data-name=\"email-mail-confirm\"><input size=\"40\" maxlength=\"400\" class=\"wpcf7-form-control wpcf7-email wpcf7-validates-as-required wpcf7-text wpcf7-validates-as-email\" aria-required=\"true\" aria-invalid=\"false\" placeholder=\"Confirme su correo electr\u00f3nico*\" value=\"\" type=\"email\" name=\"email-mail-confirm\" \/><\/span>\n<\/p>\n<p class=\"pb1\"><br \/>\n<span class=\"wpcf7-form-control-wrap\" data-name=\"acceptance-donnees\"><span class=\"wpcf7-form-control wpcf7-acceptance\"><span class=\"wpcf7-list-item\"><label><input type=\"checkbox\" name=\"acceptance-donnees\" value=\"1\" aria-invalid=\"false\" \/><span class=\"wpcf7-list-item-label\">Al marcar esta casilla, confirma que acepta nuestra <a target=\"blank\" href=\"\/es\/informacion-juridica\/\">Pol\u00edtica de privacidad<\/a>.<\/span><\/label><\/span><\/span><\/span>\n<\/p>\n<p><input class=\"wpcf7-form-control wpcf7-submit has-spinner\" type=\"submit\" value=\"Enviar\" \/>\n<\/p><input type='hidden' class='wpcf7-pum' value='{\"closepopup\":false,\"closedelay\":0,\"openpopup\":false,\"openpopup_id\":0}' \/><div class=\"wpcf7-response-output\" aria-hidden=\"true\"><\/div>\n<\/form>\n<\/div>\n[\/vc_column_text][\/qode_elements_holder_item][\/qode_elements_holder][\/vc_column][\/vc_row]<\/p>\n<\/div>","protected":false},"excerpt":{"rendered":"<p>[vc_row css_animation=\u00bb\u00bb row_type=\u00bbrow\u00bb use_row_as_full_screen_section=\u00bbno\u00bb type=\u00bbfull_width\u00bb angled_section=\u00bbno\u00bb text_align=\u00bbleft\u00bb background_image_as_pattern=\u00bbwithout_pattern\u00bb z_index=\u00bb\u00bb][vc_column][qode_elements_holder background_color=\u00bb#1d1e3a\u00bb number_of_columns=\u00bbtwo_columns\u00bb custom_class=\u00bbsk_fullheight\u00bb][qode_elements_holder_item vertical_alignment=\u00bbmiddle\u00bb advanced_animations=\u00bbno\u00bb item_padding=\u00bb140px\u00bb item_padding_600_768=\u00bb20px\u00bb item_padding_480_600=\u00bb20px\u00bb item_padding_480=\u00bb20px\u00bb custom_class=\u00bbwhite sk_list\u00bb item_padding_768_1024=\u00bb20px\u00bb item_padding_1024_1280=\u00bb60px\u00bb][vc_single_image image=\u00bb31611&#8243; img_size=\u00bbmedium\u00bb onclick=\u00bbcustom_link\u00bb qode_css_animation=\u00bb\u00bb link=\u00bb\/es\/\u00bb][vc_column_text el_class=\u00bbmt6&#8243;] Gratis Descargar curso 3 Construir un modelo&#8230;<\/p>\n","protected":false},"author":3,"featured_media":0,"parent":32811,"menu_order":3,"comment_status":"closed","ping_status":"closed","template":"landing_page.php","meta":{"footnotes":""},"class_list":["post-32936","page","type-page","status-publish","hentry"],"yoast_head":"<!-- This site is optimized with the Yoast SEO plugin v25.5 - https:\/\/yoast.com\/wordpress\/plugins\/seo\/ -->\n<title>Descargar Gu\u00eda 3 - Recycling Academy | Plastic Odyssey<\/title>\n<meta name=\"description\" content=\"Descargar el curso 3: Crear un modelo de negocio viable para mi empresa de reciclaje. Contenido del curso : Gu\u00eda de formaci\u00f3n\" \/>\n<meta name=\"robots\" content=\"noindex, nofollow\" \/>\n<meta property=\"og:locale\" content=\"es_ES\" \/>\n<meta property=\"og:type\" content=\"article\" \/>\n<meta property=\"og:title\" content=\"Descargar Gu\u00eda 3 - Recycling Academy | Plastic Odyssey\" \/>\n<meta property=\"og:description\" content=\"Descargar el curso 3: Crear un modelo de negocio viable para mi empresa de reciclaje. Contenido del curso : Gu\u00eda de formaci\u00f3n\" \/>\n<meta property=\"og:url\" content=\"https:\/\/plasticodyssey.org\/es\/soluciones\/recycling-academy\/descargar-guia-3\/\" \/>\n<meta property=\"og:site_name\" content=\"Plastic Odyssey\" \/>\n<meta property=\"article:publisher\" content=\"https:\/\/www.facebook.com\/plasticodyssey\/\" \/>\n<meta property=\"article:modified_time\" content=\"2023-08-29T08:34:14+00:00\" \/>\n<meta property=\"og:image\" content=\"https:\/\/plasticodyssey.org\/wp-content\/uploads\/2023\/06\/thumbnail-recycling-academy-guide-3.jpg\" \/>\n<meta name=\"twitter:card\" content=\"summary_large_image\" \/>\n<meta name=\"twitter:site\" content=\"@plasticodyssey\" \/>\n<meta name=\"twitter:label1\" content=\"Tiempo de lectura\" \/>\n\t<meta name=\"twitter:data1\" content=\"1 minuto\" \/>\n<script type=\"application\/ld+json\" class=\"yoast-schema-graph\">{\"@context\":\"https:\/\/schema.org\",\"@graph\":[{\"@type\":\"WebPage\",\"@id\":\"https:\/\/plasticodyssey.org\/es\/soluciones\/recycling-academy\/descargar-guia-3\/\",\"url\":\"https:\/\/plasticodyssey.org\/es\/soluciones\/recycling-academy\/descargar-guia-3\/\",\"name\":\"Descargar Gu\u00eda 3 - Recycling Academy | Plastic Odyssey\",\"isPartOf\":{\"@id\":\"https:\/\/plasticodyssey.org\/es\/#website\"},\"primaryImageOfPage\":{\"@id\":\"https:\/\/plasticodyssey.org\/es\/soluciones\/recycling-academy\/descargar-guia-3\/#primaryimage\"},\"image\":{\"@id\":\"https:\/\/plasticodyssey.org\/es\/soluciones\/recycling-academy\/descargar-guia-3\/#primaryimage\"},\"thumbnailUrl\":\"https:\/\/plasticodyssey.org\/wp-content\/uploads\/2023\/06\/thumbnail-recycling-academy-guide-3.jpg\",\"datePublished\":\"2023-06-14T10:20:27+00:00\",\"dateModified\":\"2023-08-29T08:34:14+00:00\",\"description\":\"Descargar el curso 3: Crear un modelo de negocio viable para mi empresa de reciclaje. Contenido del curso : Gu\u00eda de formaci\u00f3n\",\"breadcrumb\":{\"@id\":\"https:\/\/plasticodyssey.org\/es\/soluciones\/recycling-academy\/descargar-guia-3\/#breadcrumb\"},\"inLanguage\":\"es\",\"potentialAction\":[{\"@type\":\"ReadAction\",\"target\":[\"https:\/\/plasticodyssey.org\/es\/soluciones\/recycling-academy\/descargar-guia-3\/\"]}]},{\"@type\":\"ImageObject\",\"inLanguage\":\"es\",\"@id\":\"https:\/\/plasticodyssey.org\/es\/soluciones\/recycling-academy\/descargar-guia-3\/#primaryimage\",\"url\":\"https:\/\/plasticodyssey.org\/wp-content\/uploads\/2023\/06\/thumbnail-recycling-academy-guide-3.jpg\",\"contentUrl\":\"https:\/\/plasticodyssey.org\/wp-content\/uploads\/2023\/06\/thumbnail-recycling-academy-guide-3.jpg\"},{\"@type\":\"BreadcrumbList\",\"@id\":\"https:\/\/plasticodyssey.org\/es\/soluciones\/recycling-academy\/descargar-guia-3\/#breadcrumb\",\"itemListElement\":[{\"@type\":\"ListItem\",\"position\":1,\"name\":\"Accueil\",\"item\":\"https:\/\/plasticodyssey.org\/es\/inicio\/\"},{\"@type\":\"ListItem\",\"position\":2,\"name\":\"Soluciones\",\"item\":\"https:\/\/plasticodyssey.org\/es\/soluciones\/\"},{\"@type\":\"ListItem\",\"position\":3,\"name\":\"Recycling Academy\",\"item\":\"https:\/\/plasticodyssey.org\/es\/soluciones\/recycling-academy\/\"},{\"@type\":\"ListItem\",\"position\":4,\"name\":\"Descargar curso 3\"}]},{\"@type\":\"WebSite\",\"@id\":\"https:\/\/plasticodyssey.org\/es\/#website\",\"url\":\"https:\/\/plasticodyssey.org\/es\/\",\"name\":\"Plastic Odyssey\",\"description\":\"L&#039;exp\u00e9dition autour du monde contre la pollution plastique\",\"publisher\":{\"@id\":\"https:\/\/plasticodyssey.org\/es\/#organization\"},\"potentialAction\":[{\"@type\":\"SearchAction\",\"target\":{\"@type\":\"EntryPoint\",\"urlTemplate\":\"https:\/\/plasticodyssey.org\/es\/?s={search_term_string}\"},\"query-input\":{\"@type\":\"PropertyValueSpecification\",\"valueRequired\":true,\"valueName\":\"search_term_string\"}}],\"inLanguage\":\"es\"},{\"@type\":\"Organization\",\"@id\":\"https:\/\/plasticodyssey.org\/es\/#organization\",\"name\":\"Plastic Odyssey\",\"url\":\"https:\/\/plasticodyssey.org\/es\/\",\"logo\":{\"@type\":\"ImageObject\",\"inLanguage\":\"es\",\"@id\":\"https:\/\/plasticodyssey.org\/es\/#\/schema\/logo\/image\/\",\"url\":\"https:\/\/plasticodyssey.org\/wp-content\/uploads\/2020\/02\/navire-plastic-odyssey-coucher-soleil.jpg\",\"contentUrl\":\"https:\/\/plasticodyssey.org\/wp-content\/uploads\/2020\/02\/navire-plastic-odyssey-coucher-soleil.jpg\",\"width\":1920,\"height\":1080,\"caption\":\"Plastic Odyssey\"},\"image\":{\"@id\":\"https:\/\/plasticodyssey.org\/es\/#\/schema\/logo\/image\/\"},\"sameAs\":[\"https:\/\/www.facebook.com\/plasticodyssey\/\",\"https:\/\/x.com\/plasticodyssey\",\"https:\/\/www.instagram.com\/plasticodyssey\/\",\"https:\/\/www.linkedin.com\/company\/plastic-odyssey\/\",\"https:\/\/www.youtube.com\/channel\/UC4UNxaIW9ODIuLGJaTrhnow\"]}]}<\/script>\n<!-- \/ Yoast SEO plugin. -->","yoast_head_json":{"title":"Descargar Gu\u00eda 3 - Recycling Academy | Plastic Odyssey","description":"Descargar el curso 3: Crear un modelo de negocio viable para mi empresa de reciclaje. Contenido del curso : Gu\u00eda de formaci\u00f3n","robots":{"index":"noindex","follow":"nofollow"},"og_locale":"es_ES","og_type":"article","og_title":"Descargar Gu\u00eda 3 - Recycling Academy | Plastic Odyssey","og_description":"Descargar el curso 3: Crear un modelo de negocio viable para mi empresa de reciclaje. Contenido del curso : Gu\u00eda de formaci\u00f3n","og_url":"https:\/\/plasticodyssey.org\/es\/soluciones\/recycling-academy\/descargar-guia-3\/","og_site_name":"Plastic Odyssey","article_publisher":"https:\/\/www.facebook.com\/plasticodyssey\/","article_modified_time":"2023-08-29T08:34:14+00:00","og_image":[{"url":"https:\/\/plasticodyssey.org\/wp-content\/uploads\/2023\/06\/thumbnail-recycling-academy-guide-3.jpg","type":"","width":"","height":""}],"twitter_card":"summary_large_image","twitter_site":"@plasticodyssey","twitter_misc":{"Tiempo de lectura":"1 minuto"},"schema":{"@context":"https:\/\/schema.org","@graph":[{"@type":"WebPage","@id":"https:\/\/plasticodyssey.org\/es\/soluciones\/recycling-academy\/descargar-guia-3\/","url":"https:\/\/plasticodyssey.org\/es\/soluciones\/recycling-academy\/descargar-guia-3\/","name":"Descargar Gu\u00eda 3 - Recycling Academy | Plastic Odyssey","isPartOf":{"@id":"https:\/\/plasticodyssey.org\/es\/#website"},"primaryImageOfPage":{"@id":"https:\/\/plasticodyssey.org\/es\/soluciones\/recycling-academy\/descargar-guia-3\/#primaryimage"},"image":{"@id":"https:\/\/plasticodyssey.org\/es\/soluciones\/recycling-academy\/descargar-guia-3\/#primaryimage"},"thumbnailUrl":"https:\/\/plasticodyssey.org\/wp-content\/uploads\/2023\/06\/thumbnail-recycling-academy-guide-3.jpg","datePublished":"2023-06-14T10:20:27+00:00","dateModified":"2023-08-29T08:34:14+00:00","description":"Descargar el curso 3: Crear un modelo de negocio viable para mi empresa de reciclaje. Contenido del curso : Gu\u00eda de formaci\u00f3n","breadcrumb":{"@id":"https:\/\/plasticodyssey.org\/es\/soluciones\/recycling-academy\/descargar-guia-3\/#breadcrumb"},"inLanguage":"es","potentialAction":[{"@type":"ReadAction","target":["https:\/\/plasticodyssey.org\/es\/soluciones\/recycling-academy\/descargar-guia-3\/"]}]},{"@type":"ImageObject","inLanguage":"es","@id":"https:\/\/plasticodyssey.org\/es\/soluciones\/recycling-academy\/descargar-guia-3\/#primaryimage","url":"https:\/\/plasticodyssey.org\/wp-content\/uploads\/2023\/06\/thumbnail-recycling-academy-guide-3.jpg","contentUrl":"https:\/\/plasticodyssey.org\/wp-content\/uploads\/2023\/06\/thumbnail-recycling-academy-guide-3.jpg"},{"@type":"BreadcrumbList","@id":"https:\/\/plasticodyssey.org\/es\/soluciones\/recycling-academy\/descargar-guia-3\/#breadcrumb","itemListElement":[{"@type":"ListItem","position":1,"name":"Accueil","item":"https:\/\/plasticodyssey.org\/es\/inicio\/"},{"@type":"ListItem","position":2,"name":"Soluciones","item":"https:\/\/plasticodyssey.org\/es\/soluciones\/"},{"@type":"ListItem","position":3,"name":"Recycling Academy","item":"https:\/\/plasticodyssey.org\/es\/soluciones\/recycling-academy\/"},{"@type":"ListItem","position":4,"name":"Descargar curso 3"}]},{"@type":"WebSite","@id":"https:\/\/plasticodyssey.org\/es\/#website","url":"https:\/\/plasticodyssey.org\/es\/","name":"Plastic Odyssey","description":"L&#039;exp\u00e9dition autour du monde contre la pollution plastique","publisher":{"@id":"https:\/\/plasticodyssey.org\/es\/#organization"},"potentialAction":[{"@type":"SearchAction","target":{"@type":"EntryPoint","urlTemplate":"https:\/\/plasticodyssey.org\/es\/?s={search_term_string}"},"query-input":{"@type":"PropertyValueSpecification","valueRequired":true,"valueName":"search_term_string"}}],"inLanguage":"es"},{"@type":"Organization","@id":"https:\/\/plasticodyssey.org\/es\/#organization","name":"Plastic Odyssey","url":"https:\/\/plasticodyssey.org\/es\/","logo":{"@type":"ImageObject","inLanguage":"es","@id":"https:\/\/plasticodyssey.org\/es\/#\/schema\/logo\/image\/","url":"https:\/\/plasticodyssey.org\/wp-content\/uploads\/2020\/02\/navire-plastic-odyssey-coucher-soleil.jpg","contentUrl":"https:\/\/plasticodyssey.org\/wp-content\/uploads\/2020\/02\/navire-plastic-odyssey-coucher-soleil.jpg","width":1920,"height":1080,"caption":"Plastic Odyssey"},"image":{"@id":"https:\/\/plasticodyssey.org\/es\/#\/schema\/logo\/image\/"},"sameAs":["https:\/\/www.facebook.com\/plasticodyssey\/","https:\/\/x.com\/plasticodyssey","https:\/\/www.instagram.com\/plasticodyssey\/","https:\/\/www.linkedin.com\/company\/plastic-odyssey\/","https:\/\/www.youtube.com\/channel\/UC4UNxaIW9ODIuLGJaTrhnow"]}]}},"_links":{"self":[{"href":"https:\/\/plasticodyssey.org\/es\/wp-json\/wp\/v2\/pages\/32936","targetHints":{"allow":["GET"]}}],"collection":[{"href":"https:\/\/plasticodyssey.org\/es\/wp-json\/wp\/v2\/pages"}],"about":[{"href":"https:\/\/plasticodyssey.org\/es\/wp-json\/wp\/v2\/types\/page"}],"author":[{"embeddable":true,"href":"https:\/\/plasticodyssey.org\/es\/wp-json\/wp\/v2\/users\/3"}],"replies":[{"embeddable":true,"href":"https:\/\/plasticodyssey.org\/es\/wp-json\/wp\/v2\/comments?post=32936"}],"version-history":[{"count":10,"href":"https:\/\/plasticodyssey.org\/es\/wp-json\/wp\/v2\/pages\/32936\/revisions"}],"predecessor-version":[{"id":36266,"href":"https:\/\/plasticodyssey.org\/es\/wp-json\/wp\/v2\/pages\/32936\/revisions\/36266"}],"up":[{"embeddable":true,"href":"https:\/\/plasticodyssey.org\/es\/wp-json\/wp\/v2\/pages\/32811"}],"wp:attachment":[{"href":"https:\/\/plasticodyssey.org\/es\/wp-json\/wp\/v2\/media?parent=32936"}],"curies":[{"name":"wp","href":"https:\/\/api.w.org\/{rel}","templated":true}]}}