{"id":32940,"date":"2023-03-08T10:58:35","date_gmt":"2023-03-08T09:58:35","guid":{"rendered":"https:\/\/plasticodyssey.org\/soluciones\/local-factories\/contacto\/"},"modified":"2023-07-05T17:19:35","modified_gmt":"2023-07-05T15:19:35","slug":"contacto","status":"publish","type":"page","link":"https:\/\/plasticodyssey.org\/es\/soluciones\/local-factories\/contacto\/","title":{"rendered":"Contacto Local Factories"},"content":{"rendered":"<div class=\"wpb-content-wrapper\"><p>[vc_row css_animation=\u00bb\u00bb row_type=\u00bbrow\u00bb use_row_as_full_screen_section=\u00bbno\u00bb type=\u00bbfull_width\u00bb angled_section=\u00bbno\u00bb text_align=\u00bbleft\u00bb background_image_as_pattern=\u00bbwithout_pattern\u00bb z_index=\u00bb\u00bb background_color=\u00bb#1d1e3a\u00bb][vc_column][qode_elements_holder background_color=\u00bb#1d1e3a\u00bb number_of_columns=\u00bbtwo_columns\u00bb custom_class=\u00bbsk_fullheight\u00bb][qode_elements_holder_item vertical_alignment=\u00bbtop\u00bb advanced_animations=\u00bbno\u00bb item_padding=\u00bb100px\u00bb item_padding_600_768=\u00bb20px 20px 20px 20px\u00bb item_padding_480_600=\u00bb20px 20px 20px 20px\u00bb item_padding_480=\u00bb20px 20px 20px 20px\u00bb custom_class=\u00bbwhite\u00bb item_padding_768_1024=\u00bb20px 20px 20px 20px\u00bb item_padding_1024_1280=\u00bb60px\u00bb][vc_single_image image=\u00bb31699&#8243; img_size=\u00bbmedium\u00bb qode_css_animation=\u00bb\u00bb][vc_column_text el_class=\u00bbmt4&#8243;]<\/p>\n<h1>H\u00e1blenos de su proyecto<\/h1>\n<p>\u00bfEst\u00e1 implicado en el reciclaje y quiere saber m\u00e1s sobre nuestras microf\u00e1bricas y nuestra comunidad? No dude en hablarnos de su perfil y su proyecto. Nos pondremos en contacto muy pronto.[\/vc_column_text][vc_gallery type=\u00bbimage_grid\u00bb images=\u00bb32295,32282,32283,32286&#8243; img_size=\u00bbfull\u00bb onclick=\u00bb\u00bb column_number=\u00bb2&#8243; grayscale=\u00bbno\u00bb images_space=\u00bbgallery_with_space\u00bb el_class=\u00bbmt3&#8243;]<a  itemprop=\"url\" href=\"\/es\/soluciones\/local-factories\/\" target=\"_self\"  class=\"qbutton  default cta_white_bg_2\" style=\"color: #ffffff; \">Inicio<span aria-hidden=\"true\" class=\"qode_icon_font_elegant arrow_right qode_button_icon_element\"><\/span><\/a>[\/qode_elements_holder_item][qode_elements_holder_item vertical_alignment=\u00bbtop\u00bb advanced_animations=\u00bbno\u00bb item_padding=\u00bb100px\u00bb background_color=\u00bb#eaebed\u00bb item_padding_600_768=\u00bb20px 20px 20px 20px\u00bb item_padding_480_600=\u00bb20px 20px 20px 20px\u00bb item_padding_480=\u00bb20px 20px 20px 20px\u00bb item_padding_768_1024=\u00bb20px 20px 20px 20px\u00bb item_padding_1024_1280=\u00bb60px\u00bb custom_class=\u00bbsk_form\u00bb]\n<div class=\"wpcf7 no-js\" id=\"wpcf7-f35334-o1\" lang=\"es-ES\" dir=\"ltr\" data-wpcf7-id=\"35334\">\n<div class=\"screen-reader-response\"><p role=\"status\" aria-live=\"polite\" aria-atomic=\"true\"><\/p> <ul><\/ul><\/div>\n<form action=\"\/es\/wp-json\/wp\/v2\/pages\/32940#wpcf7-f35334-o1\" method=\"post\" class=\"wpcf7-form init cf7_custom_style_3\" aria-label=\"Formulario de contacto\" novalidate=\"novalidate\" data-status=\"init\">\n<fieldset class=\"hidden-fields-container\"><input type=\"hidden\" name=\"_wpcf7\" value=\"35334\" \/><input type=\"hidden\" name=\"_wpcf7_version\" value=\"6.1.5\" \/><input type=\"hidden\" name=\"_wpcf7_locale\" value=\"es_ES\" \/><input type=\"hidden\" name=\"_wpcf7_unit_tag\" value=\"wpcf7-f35334-o1\" \/><input type=\"hidden\" name=\"_wpcf7_container_post\" value=\"0\" \/><input type=\"hidden\" name=\"_wpcf7_posted_data_hash\" value=\"\" \/><input type=\"hidden\" name=\"_wpcf7cf_hidden_group_fields\" value=\"[]\" \/><input type=\"hidden\" name=\"_wpcf7cf_hidden_groups\" value=\"[]\" \/><input type=\"hidden\" name=\"_wpcf7cf_visible_groups\" value=\"[]\" \/><input type=\"hidden\" name=\"_wpcf7cf_repeaters\" value=\"[]\" \/><input type=\"hidden\" name=\"_wpcf7cf_steps\" value=\"{}\" \/><input type=\"hidden\" name=\"_wpcf7cf_options\" value=\"{&quot;form_id&quot;:35334,&quot;conditions&quot;:[],&quot;settings&quot;:{&quot;animation&quot;:&quot;yes&quot;,&quot;animation_intime&quot;:200,&quot;animation_outtime&quot;:200,&quot;conditions_ui&quot;:&quot;normal&quot;,&quot;notice_dismissed&quot;:false}}\" \/><input type=\"hidden\" name=\"_wpcf7_recaptcha_response\" value=\"\" \/>\n<\/fieldset>\n<div class=\"two_columns_50_50 clearfix\">\n\t<div class=\"column1\">\n\t\t<div class=\"column_inner\">\n\t\t\t<p><span class=\"wpcf7-form-control-wrap\" data-name=\"text-nomprenom\"><input size=\"40\" maxlength=\"400\" class=\"wpcf7-form-control wpcf7-text wpcf7-validates-as-required\" aria-required=\"true\" aria-invalid=\"false\" placeholder=\"Nombre y apellidos*\" value=\"\" type=\"text\" name=\"text-nomprenom\" \/><\/span>\n\t\t\t<\/p>\n\t\t<\/div>\n\t<\/div>\n\t<div class=\"column2\">\n\t\t<div class=\"column_inner\">\n\t\t\t<p><span class=\"wpcf7-form-control-wrap\" data-name=\"email-mail\"><input size=\"40\" maxlength=\"400\" class=\"wpcf7-form-control wpcf7-email wpcf7-validates-as-required wpcf7-text wpcf7-validates-as-email\" aria-required=\"true\" aria-invalid=\"false\" placeholder=\"Correo electr\u00f3nico*\" value=\"\" type=\"email\" name=\"email-mail\" \/><\/span>\n\t\t\t<\/p>\n\t\t<\/div>\n\t<\/div>\n<\/div>\n<div class=\"two_columns_50_50 clearfix\">\n\t<div class=\"column1\">\n\t\t<div class=\"column_inner\">\n\t\t\t<p><span class=\"wpcf7-form-control-wrap\" data-name=\"tel-whatsapp\"><input size=\"40\" maxlength=\"400\" class=\"wpcf7-form-control wpcf7-tel wpcf7-validates-as-required wpcf7-text wpcf7-validates-as-tel\" aria-required=\"true\" aria-invalid=\"false\" placeholder=\"Tel\u00e9fono (WhatsApp)*\" value=\"\" type=\"tel\" name=\"tel-whatsapp\" \/><\/span>\n\t\t\t<\/p>\n\t\t<\/div>\n\t<\/div>\n\t<div class=\"column2\">\n\t\t<div class=\"column_inner\">\n\t\t\t<p><span class=\"wpcf7-form-control-wrap\" data-name=\"menu-vousetes\"><select class=\"wpcf7-form-control wpcf7-select wpcf7-validates-as-required\" aria-required=\"true\" aria-invalid=\"false\" name=\"menu-vousetes\"><option value=\"\">\u00bfQui\u00e9n es usted? (Seleccionar)*<\/option><option value=\"Una empresa\">Una empresa<\/option><option value=\"Una asociaci\u00f3n\">Una asociaci\u00f3n<\/option><option value=\"Un empresario\">Un empresario<\/option><option value=\"Otro\">Otro<\/option><\/select><\/span>\n\t\t\t<\/p>\n\t\t<\/div>\n\t<\/div>\n<\/div>\n<div class=\"two_columns_50_50 clearfix\">\n\t<div class=\"column1\">\n\t\t<div class=\"column_inner\">\n\t\t\t<p><span class=\"wpcf7-form-control-wrap\" data-name=\"text-entreprise\"><input size=\"40\" maxlength=\"400\" class=\"wpcf7-form-control wpcf7-text\" aria-invalid=\"false\" placeholder=\"Empresa (opcional)\" value=\"\" type=\"text\" name=\"text-entreprise\" \/><\/span>\n\t\t\t<\/p>\n\t\t<\/div>\n\t<\/div>\n\t<div class=\"column2\">\n\t\t<div class=\"column_inner\">\n\t\t\t<p><span class=\"wpcf7-form-control-wrap\" data-name=\"url-siteweb\"><input size=\"40\" maxlength=\"400\" class=\"wpcf7-form-control wpcf7-url wpcf7-text wpcf7-validates-as-url\" aria-invalid=\"false\" placeholder=\"Sitio web (opcional)\" value=\"\" type=\"url\" name=\"url-siteweb\" \/><\/span>\n\t\t\t<\/p>\n\t\t<\/div>\n\t<\/div>\n<\/div>\n<div class=\"two_columns_50_50 clearfix\">\n\t<div class=\"column1\">\n\t\t<div class=\"column_inner\">\n\t\t\t<p><span class=\"wpcf7-form-control-wrap\" data-name=\"text-pays\"><input size=\"40\" maxlength=\"400\" class=\"wpcf7-form-control wpcf7-text wpcf7-validates-as-required\" aria-required=\"true\" aria-invalid=\"false\" placeholder=\"Pa\u00eds*\" value=\"\" type=\"text\" name=\"text-pays\" \/><\/span>\n\t\t\t<\/p>\n\t\t<\/div>\n\t<\/div>\n\t<div class=\"column2\">\n\t\t<div class=\"column_inner\">\n\t\t\t<p><span class=\"wpcf7-form-control-wrap\" data-name=\"text-ville\"><input size=\"40\" maxlength=\"400\" class=\"wpcf7-form-control wpcf7-text wpcf7-validates-as-required\" aria-required=\"true\" aria-invalid=\"false\" placeholder=\"Ciudad*\" value=\"\" type=\"text\" name=\"text-ville\" \/><\/span>\n\t\t\t<\/p>\n\t\t<\/div>\n\t<\/div>\n<\/div>\n<div class=\"sk_box_white mt1\">\n\t<p><strong>\u00bfHasta d\u00f3nde ha llegado con su proyecto?<sup>*<\/sup><\/strong>\n\t<\/p>\n\t<p><span class=\"wpcf7-form-control-wrap\" data-name=\"etatavancement\"><span class=\"wpcf7-form-control wpcf7-checkbox wpcf7-validates-as-required wpcf7-exclusive-checkbox\"><span class=\"wpcf7-list-item first\"><label><input type=\"checkbox\" name=\"etatavancement\" value=\"En estudio\" \/><span class=\"wpcf7-list-item-label\">En estudio<\/span><\/label><\/span><span class=\"wpcf7-list-item\"><label><input type=\"checkbox\" name=\"etatavancement\" value=\"En construcci\u00f3n\" \/><span class=\"wpcf7-list-item-label\">En construcci\u00f3n<\/span><\/label><\/span><span class=\"wpcf7-list-item last\"><label><input type=\"checkbox\" name=\"etatavancement\" value=\"Avanzado\" \/><span class=\"wpcf7-list-item-label\">Avanzado<\/span><\/label><\/span><\/span><\/span>\n\t<\/p>\n<\/div>\n<div class=\"sk_box_white mt1\">\n\t<p><strong>\u00bfYa tiene socios?<sup>*<\/sup><\/strong><br \/>\n(suministro de pl\u00e1sticos, autoridades locales, ONG, empresas\/empresas sociales, etc.)\n\t<\/p>\n\t<p><span class=\"wpcf7-form-control-wrap\" data-name=\"partenaires\"><span class=\"wpcf7-form-control wpcf7-checkbox wpcf7-validates-as-required wpcf7-exclusive-checkbox\"><span class=\"wpcf7-list-item first\"><label><input type=\"checkbox\" name=\"partenaires\" value=\"S\u00ed\" \/><span class=\"wpcf7-list-item-label\">S\u00ed<\/span><\/label><\/span><span class=\"wpcf7-list-item\"><label><input type=\"checkbox\" name=\"partenaires\" value=\"No\" \/><span class=\"wpcf7-list-item-label\">No<\/span><\/label><\/span><span class=\"wpcf7-list-item last\"><label><input type=\"checkbox\" name=\"partenaires\" value=\"En curso\" \/><span class=\"wpcf7-list-item-label\">En curso<\/span><\/label><\/span><\/span><\/span>\n\t<\/p>\n<\/div>\n<div class=\"sk_box_white mt1\">\n\t<p><strong>\u00bfTiene acceso a financiaci\u00f3n?<sup>*<\/sup><\/strong>\n\t<\/p>\n\t<p><span class=\"wpcf7-form-control-wrap\" data-name=\"financements\"><span class=\"wpcf7-form-control wpcf7-checkbox wpcf7-validates-as-required wpcf7-exclusive-checkbox\"><span class=\"wpcf7-list-item first\"><label><input type=\"checkbox\" name=\"financements\" value=\"S\u00ed\" \/><span class=\"wpcf7-list-item-label\">S\u00ed<\/span><\/label><\/span><span class=\"wpcf7-list-item\"><label><input type=\"checkbox\" name=\"financements\" value=\"Parcialmente\" \/><span class=\"wpcf7-list-item-label\">Parcialmente<\/span><\/label><\/span><span class=\"wpcf7-list-item\"><label><input type=\"checkbox\" name=\"financements\" value=\"En curso\" \/><span class=\"wpcf7-list-item-label\">En curso<\/span><\/label><\/span><span class=\"wpcf7-list-item last\"><label><input type=\"checkbox\" name=\"financements\" value=\"No\" \/><span class=\"wpcf7-list-item-label\">No<\/span><\/label><\/span><\/span><\/span>\n\t<\/p>\n<\/div>\n<div class=\"sk_box_white mt1\">\n\t<p><strong>\u00bfQu\u00e9 necesita?<sup>*<\/sup><\/strong>\n\t<\/p>\n\t<p><span class=\"wpcf7-form-control-wrap\" data-name=\"besoins\"><span class=\"wpcf7-form-control wpcf7-checkbox wpcf7-validates-as-required\"><span class=\"wpcf7-list-item first\"><label><input type=\"checkbox\" name=\"besoins[]\" value=\"T\u00e9cnico\" \/><span class=\"wpcf7-list-item-label\">T\u00e9cnico<\/span><\/label><\/span><span class=\"wpcf7-list-item\"><label><input type=\"checkbox\" name=\"besoins[]\" value=\"Formaci\u00f3n\" \/><span class=\"wpcf7-list-item-label\">Formaci\u00f3n<\/span><\/label><\/span><span class=\"wpcf7-list-item\"><label><input type=\"checkbox\" name=\"besoins[]\" value=\"Modelo de negocio\" \/><span class=\"wpcf7-list-item-label\">Modelo de negocio<\/span><\/label><\/span><span class=\"wpcf7-list-item\"><label><input type=\"checkbox\" name=\"besoins[]\" value=\"Finanzas\" \/><span class=\"wpcf7-list-item-label\">Finanzas<\/span><\/label><\/span><span class=\"wpcf7-list-item last\"><label><input type=\"checkbox\" name=\"besoins[]\" value=\"Otro\" \/><span class=\"wpcf7-list-item-label\">Otro<\/span><\/label><\/span><\/span><\/span>\n\t<\/p>\n<\/div>\n<div class=\"sk_box_white mt1\">\n\t<p><strong>H\u00e1blenos de su proyecto<sup>*<\/sup><\/strong>\n\t<\/p>\n\t<p><span class=\"wpcf7-form-control-wrap\" data-name=\"textarea-presentation\"><textarea cols=\"40\" rows=\"10\" maxlength=\"2000\" class=\"wpcf7-form-control wpcf7-textarea wpcf7-validates-as-required\" aria-required=\"true\" aria-invalid=\"false\" placeholder=\"Toneladas ya recogidas mensualmente, toneladas ya recicladas mensualmente, expectativas de Plastic Odyssey, etc.\" name=\"textarea-presentation\"><\/textarea><\/span>\n\t<\/p>\n<\/div>\n<div class=\"sk_box_white mt1\">\n\t<p><strong>A\u00f1adir fotos o documentos<\/strong>\n\t<\/p>\n\t<p><span class=\"wpcf7-form-control-wrap\" data-name=\"upload-contenusmedia\"><input size=\"40\" class=\"wpcf7-form-control wpcf7-drag-n-drop-file d-none\" aria-invalid=\"false\" type=\"file\" multiple=\"multiple\" data-name=\"upload-contenusmedia\" data-type=\"jpeg|jpg|png|pdf\" data-limit=\"2000000\" data-min=\"1\" data-max=\"10\" data-id=\"35334\" data-version=\"free version 1.3.9.5\" accept=\".jpeg, .jpg, .png, .pdf\" \/><\/span>\n\t<\/p>\n<\/div>\n<p class=\"mt2 pb1\"><span class=\"wpcf7-form-control-wrap\" data-name=\"acceptance-donnees\"><span class=\"wpcf7-form-control wpcf7-acceptance\"><span class=\"wpcf7-list-item\"><label><input type=\"checkbox\" name=\"acceptance-donnees\" value=\"1\" aria-invalid=\"false\" \/><span class=\"wpcf7-list-item-label\">Al marcar esta casilla, confirma que acepta nuestra <a target=\"blank\" href=\"\/es\/informacion-juridica\/\">Pol\u00edtica de privacidad<\/a>.<\/span><\/label><\/span><\/span><\/span>\n<\/p>\n<p><input class=\"wpcf7-form-control wpcf7-submit has-spinner\" type=\"submit\" value=\"Enviar\" \/>\n<\/p><input type='hidden' class='wpcf7-pum' value='{\"closepopup\":false,\"closedelay\":0,\"openpopup\":false,\"openpopup_id\":0}' \/><div class=\"wpcf7-response-output\" aria-hidden=\"true\"><\/div>\n<\/form>\n<\/div>\n[\/qode_elements_holder_item][\/qode_elements_holder][\/vc_column][\/vc_row]<\/p>\n<\/div>","protected":false},"excerpt":{"rendered":"<p>[vc_row css_animation=\u00bb\u00bb row_type=\u00bbrow\u00bb use_row_as_full_screen_section=\u00bbno\u00bb type=\u00bbfull_width\u00bb angled_section=\u00bbno\u00bb text_align=\u00bbleft\u00bb background_image_as_pattern=\u00bbwithout_pattern\u00bb z_index=\u00bb\u00bb background_color=\u00bb#1d1e3a\u00bb][vc_column][qode_elements_holder background_color=\u00bb#1d1e3a\u00bb number_of_columns=\u00bbtwo_columns\u00bb custom_class=\u00bbsk_fullheight\u00bb][qode_elements_holder_item vertical_alignment=\u00bbtop\u00bb advanced_animations=\u00bbno\u00bb item_padding=\u00bb100px\u00bb item_padding_600_768=\u00bb20px 20px 20px 20px\u00bb item_padding_480_600=\u00bb20px 20px 20px 20px\u00bb item_padding_480=\u00bb20px 20px 20px 20px\u00bb custom_class=\u00bbwhite\u00bb item_padding_768_1024=\u00bb20px 20px 20px 20px\u00bb item_padding_1024_1280=\u00bb60px\u00bb][vc_single_image image=\u00bb31699&#8243;&#8230;<\/p>\n","protected":false},"author":3,"featured_media":31844,"parent":32847,"menu_order":30,"comment_status":"closed","ping_status":"closed","template":"landing_page.php","meta":{"footnotes":""},"class_list":["post-32940","page","type-page","status-publish","has-post-thumbnail","hentry"],"yoast_head":"<!-- This site is optimized with the Yoast SEO plugin v25.5 - https:\/\/yoast.com\/wordpress\/plugins\/seo\/ -->\n<title>Contacte con nuestro equipo Local Factories | Plastic Odyssey<\/title>\n<meta name=\"description\" content=\"\u00bfQuiere contarnos su proyecto y hablar con nuestro equipo? Esperamos sus noticias.\" \/>\n<meta name=\"robots\" content=\"noindex, nofollow\" \/>\n<meta property=\"og:locale\" content=\"es_ES\" \/>\n<meta property=\"og:type\" content=\"article\" \/>\n<meta property=\"og:title\" content=\"Contacte con nuestro equipo Local Factories | Plastic Odyssey\" \/>\n<meta property=\"og:description\" content=\"\u00bfQuiere contarnos su proyecto y hablar con nuestro equipo? Esperamos sus noticias.\" \/>\n<meta property=\"og:url\" content=\"https:\/\/plasticodyssey.org\/es\/soluciones\/local-factories\/contacto\/\" \/>\n<meta property=\"og:site_name\" content=\"Plastic Odyssey\" \/>\n<meta property=\"article:publisher\" content=\"https:\/\/www.facebook.com\/plasticodyssey\/\" \/>\n<meta property=\"article:modified_time\" content=\"2023-07-05T15:19:35+00:00\" \/>\n<meta property=\"og:image\" content=\"https:\/\/plasticodyssey.org\/wp-content\/uploads\/2022\/12\/fabrication-tuyaux-plastique-recycles-beyrouth.jpg\" \/>\n\t<meta property=\"og:image:width\" content=\"1080\" \/>\n\t<meta property=\"og:image:height\" content=\"608\" \/>\n\t<meta property=\"og:image:type\" content=\"image\/jpeg\" \/>\n<meta name=\"twitter:card\" content=\"summary_large_image\" \/>\n<meta name=\"twitter:site\" content=\"@plasticodyssey\" \/>\n<meta name=\"twitter:label1\" content=\"Tiempo de lectura\" \/>\n\t<meta name=\"twitter:data1\" content=\"1 minuto\" \/>\n<script type=\"application\/ld+json\" class=\"yoast-schema-graph\">{\"@context\":\"https:\/\/schema.org\",\"@graph\":[{\"@type\":\"WebPage\",\"@id\":\"https:\/\/plasticodyssey.org\/es\/soluciones\/local-factories\/contacto\/\",\"url\":\"https:\/\/plasticodyssey.org\/es\/soluciones\/local-factories\/contacto\/\",\"name\":\"Contacte con nuestro equipo Local Factories | Plastic Odyssey\",\"isPartOf\":{\"@id\":\"https:\/\/plasticodyssey.org\/es\/#website\"},\"primaryImageOfPage\":{\"@id\":\"https:\/\/plasticodyssey.org\/es\/soluciones\/local-factories\/contacto\/#primaryimage\"},\"image\":{\"@id\":\"https:\/\/plasticodyssey.org\/es\/soluciones\/local-factories\/contacto\/#primaryimage\"},\"thumbnailUrl\":\"https:\/\/plasticodyssey.org\/wp-content\/uploads\/2022\/12\/fabrication-tuyaux-plastique-recycles-beyrouth.jpg\",\"datePublished\":\"2023-03-08T09:58:35+00:00\",\"dateModified\":\"2023-07-05T15:19:35+00:00\",\"description\":\"\u00bfQuiere contarnos su proyecto y hablar con nuestro equipo? Esperamos sus noticias.\",\"breadcrumb\":{\"@id\":\"https:\/\/plasticodyssey.org\/es\/soluciones\/local-factories\/contacto\/#breadcrumb\"},\"inLanguage\":\"es\",\"potentialAction\":[{\"@type\":\"ReadAction\",\"target\":[\"https:\/\/plasticodyssey.org\/es\/soluciones\/local-factories\/contacto\/\"]}]},{\"@type\":\"ImageObject\",\"inLanguage\":\"es\",\"@id\":\"https:\/\/plasticodyssey.org\/es\/soluciones\/local-factories\/contacto\/#primaryimage\",\"url\":\"https:\/\/plasticodyssey.org\/wp-content\/uploads\/2022\/12\/fabrication-tuyaux-plastique-recycles-beyrouth.jpg\",\"contentUrl\":\"https:\/\/plasticodyssey.org\/wp-content\/uploads\/2022\/12\/fabrication-tuyaux-plastique-recycles-beyrouth.jpg\",\"width\":1080,\"height\":608},{\"@type\":\"BreadcrumbList\",\"@id\":\"https:\/\/plasticodyssey.org\/es\/soluciones\/local-factories\/contacto\/#breadcrumb\",\"itemListElement\":[{\"@type\":\"ListItem\",\"position\":1,\"name\":\"Accueil\",\"item\":\"https:\/\/plasticodyssey.org\/es\/inicio\/\"},{\"@type\":\"ListItem\",\"position\":2,\"name\":\"Soluciones\",\"item\":\"https:\/\/plasticodyssey.org\/es\/soluciones\/\"},{\"@type\":\"ListItem\",\"position\":3,\"name\":\"Local Factories\",\"item\":\"https:\/\/plasticodyssey.org\/es\/soluciones\/local-factories\/\"},{\"@type\":\"ListItem\",\"position\":4,\"name\":\"Contacto Local Factories\"}]},{\"@type\":\"WebSite\",\"@id\":\"https:\/\/plasticodyssey.org\/es\/#website\",\"url\":\"https:\/\/plasticodyssey.org\/es\/\",\"name\":\"Plastic Odyssey\",\"description\":\"L&#039;exp\u00e9dition autour du monde contre la pollution plastique\",\"publisher\":{\"@id\":\"https:\/\/plasticodyssey.org\/es\/#organization\"},\"potentialAction\":[{\"@type\":\"SearchAction\",\"target\":{\"@type\":\"EntryPoint\",\"urlTemplate\":\"https:\/\/plasticodyssey.org\/es\/?s={search_term_string}\"},\"query-input\":{\"@type\":\"PropertyValueSpecification\",\"valueRequired\":true,\"valueName\":\"search_term_string\"}}],\"inLanguage\":\"es\"},{\"@type\":\"Organization\",\"@id\":\"https:\/\/plasticodyssey.org\/es\/#organization\",\"name\":\"Plastic Odyssey\",\"url\":\"https:\/\/plasticodyssey.org\/es\/\",\"logo\":{\"@type\":\"ImageObject\",\"inLanguage\":\"es\",\"@id\":\"https:\/\/plasticodyssey.org\/es\/#\/schema\/logo\/image\/\",\"url\":\"https:\/\/plasticodyssey.org\/wp-content\/uploads\/2020\/02\/navire-plastic-odyssey-coucher-soleil.jpg\",\"contentUrl\":\"https:\/\/plasticodyssey.org\/wp-content\/uploads\/2020\/02\/navire-plastic-odyssey-coucher-soleil.jpg\",\"width\":1920,\"height\":1080,\"caption\":\"Plastic Odyssey\"},\"image\":{\"@id\":\"https:\/\/plasticodyssey.org\/es\/#\/schema\/logo\/image\/\"},\"sameAs\":[\"https:\/\/www.facebook.com\/plasticodyssey\/\",\"https:\/\/x.com\/plasticodyssey\",\"https:\/\/www.instagram.com\/plasticodyssey\/\",\"https:\/\/www.linkedin.com\/company\/plastic-odyssey\/\",\"https:\/\/www.youtube.com\/channel\/UC4UNxaIW9ODIuLGJaTrhnow\"]}]}<\/script>\n<!-- \/ Yoast SEO plugin. -->","yoast_head_json":{"title":"Contacte con nuestro equipo Local Factories | Plastic Odyssey","description":"\u00bfQuiere contarnos su proyecto y hablar con nuestro equipo? Esperamos sus noticias.","robots":{"index":"noindex","follow":"nofollow"},"og_locale":"es_ES","og_type":"article","og_title":"Contacte con nuestro equipo Local Factories | Plastic Odyssey","og_description":"\u00bfQuiere contarnos su proyecto y hablar con nuestro equipo? Esperamos sus noticias.","og_url":"https:\/\/plasticodyssey.org\/es\/soluciones\/local-factories\/contacto\/","og_site_name":"Plastic Odyssey","article_publisher":"https:\/\/www.facebook.com\/plasticodyssey\/","article_modified_time":"2023-07-05T15:19:35+00:00","og_image":[{"width":1080,"height":608,"url":"https:\/\/plasticodyssey.org\/wp-content\/uploads\/2022\/12\/fabrication-tuyaux-plastique-recycles-beyrouth.jpg","type":"image\/jpeg"}],"twitter_card":"summary_large_image","twitter_site":"@plasticodyssey","twitter_misc":{"Tiempo de lectura":"1 minuto"},"schema":{"@context":"https:\/\/schema.org","@graph":[{"@type":"WebPage","@id":"https:\/\/plasticodyssey.org\/es\/soluciones\/local-factories\/contacto\/","url":"https:\/\/plasticodyssey.org\/es\/soluciones\/local-factories\/contacto\/","name":"Contacte con nuestro equipo Local Factories | Plastic Odyssey","isPartOf":{"@id":"https:\/\/plasticodyssey.org\/es\/#website"},"primaryImageOfPage":{"@id":"https:\/\/plasticodyssey.org\/es\/soluciones\/local-factories\/contacto\/#primaryimage"},"image":{"@id":"https:\/\/plasticodyssey.org\/es\/soluciones\/local-factories\/contacto\/#primaryimage"},"thumbnailUrl":"https:\/\/plasticodyssey.org\/wp-content\/uploads\/2022\/12\/fabrication-tuyaux-plastique-recycles-beyrouth.jpg","datePublished":"2023-03-08T09:58:35+00:00","dateModified":"2023-07-05T15:19:35+00:00","description":"\u00bfQuiere contarnos su proyecto y hablar con nuestro equipo? Esperamos sus noticias.","breadcrumb":{"@id":"https:\/\/plasticodyssey.org\/es\/soluciones\/local-factories\/contacto\/#breadcrumb"},"inLanguage":"es","potentialAction":[{"@type":"ReadAction","target":["https:\/\/plasticodyssey.org\/es\/soluciones\/local-factories\/contacto\/"]}]},{"@type":"ImageObject","inLanguage":"es","@id":"https:\/\/plasticodyssey.org\/es\/soluciones\/local-factories\/contacto\/#primaryimage","url":"https:\/\/plasticodyssey.org\/wp-content\/uploads\/2022\/12\/fabrication-tuyaux-plastique-recycles-beyrouth.jpg","contentUrl":"https:\/\/plasticodyssey.org\/wp-content\/uploads\/2022\/12\/fabrication-tuyaux-plastique-recycles-beyrouth.jpg","width":1080,"height":608},{"@type":"BreadcrumbList","@id":"https:\/\/plasticodyssey.org\/es\/soluciones\/local-factories\/contacto\/#breadcrumb","itemListElement":[{"@type":"ListItem","position":1,"name":"Accueil","item":"https:\/\/plasticodyssey.org\/es\/inicio\/"},{"@type":"ListItem","position":2,"name":"Soluciones","item":"https:\/\/plasticodyssey.org\/es\/soluciones\/"},{"@type":"ListItem","position":3,"name":"Local Factories","item":"https:\/\/plasticodyssey.org\/es\/soluciones\/local-factories\/"},{"@type":"ListItem","position":4,"name":"Contacto Local Factories"}]},{"@type":"WebSite","@id":"https:\/\/plasticodyssey.org\/es\/#website","url":"https:\/\/plasticodyssey.org\/es\/","name":"Plastic Odyssey","description":"L&#039;exp\u00e9dition autour du monde contre la pollution plastique","publisher":{"@id":"https:\/\/plasticodyssey.org\/es\/#organization"},"potentialAction":[{"@type":"SearchAction","target":{"@type":"EntryPoint","urlTemplate":"https:\/\/plasticodyssey.org\/es\/?s={search_term_string}"},"query-input":{"@type":"PropertyValueSpecification","valueRequired":true,"valueName":"search_term_string"}}],"inLanguage":"es"},{"@type":"Organization","@id":"https:\/\/plasticodyssey.org\/es\/#organization","name":"Plastic Odyssey","url":"https:\/\/plasticodyssey.org\/es\/","logo":{"@type":"ImageObject","inLanguage":"es","@id":"https:\/\/plasticodyssey.org\/es\/#\/schema\/logo\/image\/","url":"https:\/\/plasticodyssey.org\/wp-content\/uploads\/2020\/02\/navire-plastic-odyssey-coucher-soleil.jpg","contentUrl":"https:\/\/plasticodyssey.org\/wp-content\/uploads\/2020\/02\/navire-plastic-odyssey-coucher-soleil.jpg","width":1920,"height":1080,"caption":"Plastic Odyssey"},"image":{"@id":"https:\/\/plasticodyssey.org\/es\/#\/schema\/logo\/image\/"},"sameAs":["https:\/\/www.facebook.com\/plasticodyssey\/","https:\/\/x.com\/plasticodyssey","https:\/\/www.instagram.com\/plasticodyssey\/","https:\/\/www.linkedin.com\/company\/plastic-odyssey\/","https:\/\/www.youtube.com\/channel\/UC4UNxaIW9ODIuLGJaTrhnow"]}]}},"_links":{"self":[{"href":"https:\/\/plasticodyssey.org\/es\/wp-json\/wp\/v2\/pages\/32940","targetHints":{"allow":["GET"]}}],"collection":[{"href":"https:\/\/plasticodyssey.org\/es\/wp-json\/wp\/v2\/pages"}],"about":[{"href":"https:\/\/plasticodyssey.org\/es\/wp-json\/wp\/v2\/types\/page"}],"author":[{"embeddable":true,"href":"https:\/\/plasticodyssey.org\/es\/wp-json\/wp\/v2\/users\/3"}],"replies":[{"embeddable":true,"href":"https:\/\/plasticodyssey.org\/es\/wp-json\/wp\/v2\/comments?post=32940"}],"version-history":[{"count":3,"href":"https:\/\/plasticodyssey.org\/es\/wp-json\/wp\/v2\/pages\/32940\/revisions"}],"predecessor-version":[{"id":32943,"href":"https:\/\/plasticodyssey.org\/es\/wp-json\/wp\/v2\/pages\/32940\/revisions\/32943"}],"up":[{"embeddable":true,"href":"https:\/\/plasticodyssey.org\/es\/wp-json\/wp\/v2\/pages\/32847"}],"wp:featuredmedia":[{"embeddable":true,"href":"https:\/\/plasticodyssey.org\/es\/wp-json\/wp\/v2\/media\/31844"}],"wp:attachment":[{"href":"https:\/\/plasticodyssey.org\/es\/wp-json\/wp\/v2\/media?parent=32940"}],"curies":[{"name":"wp","href":"https:\/\/api.w.org\/{rel}","templated":true}]}}