{"id":32944,"date":"2023-03-11T10:35:23","date_gmt":"2023-03-11T09:35:23","guid":{"rendered":"https:\/\/plasticodyssey.org\/soluciones\/exploration-school\/escuela-exploradores\/"},"modified":"2023-07-06T09:47:11","modified_gmt":"2023-07-06T07:47:11","slug":"escuela-exploradores","status":"publish","type":"page","link":"https:\/\/plasticodyssey.org\/es\/soluciones\/exploration-school\/escuela-exploradores\/","title":{"rendered":"La escuela de los exploradores"},"content":{"rendered":"<div class=\"wpb-content-wrapper\"><p>[vc_row css_animation=\u00bb\u00bb row_type=\u00bbrow\u00bb use_row_as_full_screen_section=\u00bbno\u00bb type=\u00bbfull_width\u00bb angled_section=\u00bbno\u00bb text_align=\u00bbleft\u00bb background_image_as_pattern=\u00bbwithout_pattern\u00bb z_index=\u00bb\u00bb background_color=\u00bb#1d1e3a\u00bb][vc_column][qode_elements_holder background_color=\u00bb#1d1e3a\u00bb number_of_columns=\u00bbtwo_columns\u00bb custom_class=\u00bbsk_fullheight\u00bb][qode_elements_holder_item vertical_alignment=\u00bbtop\u00bb advanced_animations=\u00bbno\u00bb item_padding=\u00bb100px\u00bb item_padding_600_768=\u00bb20px 20px 20px 20px\u00bb item_padding_480_600=\u00bb20px 20px 20px 20px\u00bb item_padding_480=\u00bb20px 20px 20px 20px\u00bb custom_class=\u00bbwhite\u00bb item_padding_768_1024=\u00bb20px 20px 20px 20px\u00bb item_padding_1024_1280=\u00bb60px\u00bb][vc_single_image image=\u00bb31690&#8243; img_size=\u00bbmedium\u00bb qode_css_animation=\u00bb\u00bb][vc_column_text el_class=\u00bbmt4 sk_list\u00bb]<\/p>\n<h1>Escuela de Exploradores<\/h1>\n<p>\u00bfEs usted profesor y quiere trabajar con sus alumnos el tema de la contaminaci\u00f3n por pl\u00e1sticos? <strong>Plastic Odyssey apoya los proyectos de las clases destinados a reducir el pl\u00e1stico en la escuela a lo largo del curso o trimestre.<\/strong><\/p>\n<p>El equipo ofrece apoyo gratuito a las clases, recurriendo a una serie de recursos:<\/p>\n<ul>\n<li>Apoyo metodol\u00f3gico para que los propios alumnos tomen la iniciativa de reducir el uso de pl\u00e1stico en la escuela y medir su impacto (auditor\u00eda, desarrollo de una estrategia, aplicaci\u00f3n de acciones, medici\u00f3n del impacto, etc.).<\/li>\n<li>Ponencias de expertos de la red Plastic Odyssey (exploradores, cient\u00edficos, navegantes, etc.), directamente relacionadas con el proyecto realizado por los alumnos.<\/li>\n<li>Un v\u00ednculo con el barco Plastic Odyssey y los exploradores que trabajaban en ella<\/li>\n<\/ul>\n<p>Este apoyo es totalmente personalizado y se adapta al proyecto elegido por los estudiantes y profesores. Por tanto, s\u00f3lo podemos admitir un n\u00famero reducido de clases. Cada a\u00f1o se publica una convocatoria de candidaturas. <strong>Para 2023, la convocatoria est\u00e1 cerrada.<\/strong>[\/vc_column_text]<a  itemprop=\"url\" href=\"\/es\/soluciones\/exploration-school\/\" target=\"_self\"  class=\"qbutton  default cta_white_bg_2\" style=\"color: #ffffff; \">Inicio<span aria-hidden=\"true\" class=\"qode_icon_font_elegant arrow_right qode_button_icon_element\"><\/span><\/a>[\/qode_elements_holder_item][qode_elements_holder_item vertical_alignment=\u00bbtop\u00bb advanced_animations=\u00bbno\u00bb item_padding=\u00bb100px\u00bb background_color=\u00bb#eaebed\u00bb item_padding_600_768=\u00bb20px 20px 20px 20px\u00bb item_padding_480_600=\u00bb20px 20px 20px 20px\u00bb item_padding_480=\u00bb20px 20px 20px 20px\u00bb item_padding_768_1024=\u00bb20px 20px 20px 20px\u00bb item_padding_1024_1280=\u00bb60px\u00bb][vc_column_text el_class=\u00bbpb2&#8243;]<span class=\"sk_exploration_school_tag\">Inscripciones cerradas<\/span><\/p>\n<h2>Edici\u00f3n 2023 &#8211; Convocatoria cerrada<\/h2>\n<p>Puede rellenar este formulario para que le informemos de la pr\u00f3xima convocatoria.[\/vc_column_text]\n<div class=\"wpcf7 no-js\" id=\"wpcf7-f24118-o1\" lang=\"fr-FR\" dir=\"ltr\" data-wpcf7-id=\"24118\">\n<div class=\"screen-reader-response\"><p role=\"status\" aria-live=\"polite\" aria-atomic=\"true\"><\/p> <ul><\/ul><\/div>\n<form action=\"\/es\/wp-json\/wp\/v2\/pages\/32944#wpcf7-f24118-o1\" method=\"post\" class=\"wpcf7-form init cf7_custom_style_3\" aria-label=\"Formulaire de contact\" novalidate=\"novalidate\" data-status=\"init\">\n<fieldset class=\"hidden-fields-container\"><input type=\"hidden\" name=\"_wpcf7\" value=\"24118\" \/><input type=\"hidden\" name=\"_wpcf7_version\" value=\"6.1.5\" \/><input type=\"hidden\" name=\"_wpcf7_locale\" value=\"fr_FR\" \/><input type=\"hidden\" name=\"_wpcf7_unit_tag\" value=\"wpcf7-f24118-o1\" \/><input type=\"hidden\" name=\"_wpcf7_container_post\" value=\"0\" \/><input type=\"hidden\" name=\"_wpcf7_posted_data_hash\" value=\"\" \/><input type=\"hidden\" name=\"_wpcf7cf_hidden_group_fields\" value=\"[]\" \/><input type=\"hidden\" name=\"_wpcf7cf_hidden_groups\" value=\"[]\" \/><input type=\"hidden\" name=\"_wpcf7cf_visible_groups\" value=\"[]\" \/><input type=\"hidden\" name=\"_wpcf7cf_repeaters\" value=\"[]\" \/><input type=\"hidden\" name=\"_wpcf7cf_steps\" value=\"{}\" \/><input type=\"hidden\" name=\"_wpcf7cf_options\" value=\"{&quot;form_id&quot;:24118,&quot;conditions&quot;:[{&quot;then_field&quot;:&quot;-1&quot;,&quot;and_rules&quot;:[{&quot;if_field&quot;:&quot;-1&quot;,&quot;operator&quot;:&quot;equals&quot;,&quot;if_value&quot;:&quot;&quot;}]}],&quot;settings&quot;:{&quot;animation&quot;:&quot;yes&quot;,&quot;animation_intime&quot;:200,&quot;animation_outtime&quot;:200,&quot;conditions_ui&quot;:&quot;normal&quot;,&quot;notice_dismissed&quot;:false}}\" \/><input type=\"hidden\" name=\"_wpcf7_recaptcha_response\" value=\"\" \/>\n<\/fieldset>\n<div class=\"two_columns_50_50 clearfix\">\n\t<div class=\"column1\">\n\t\t<div class=\"column_inner\">\n\t\t\t<p><span class=\"wpcf7-form-control-wrap\" data-name=\"text-nomprenom\"><input size=\"40\" maxlength=\"400\" class=\"wpcf7-form-control wpcf7-text wpcf7-validates-as-required\" aria-required=\"true\" aria-invalid=\"false\" placeholder=\"Votre nom et pr\u00e9nom*\" value=\"\" type=\"text\" name=\"text-nomprenom\" \/><\/span>\n\t\t\t<\/p>\n\t\t<\/div>\n\t<\/div>\n\t<div class=\"column2\">\n\t\t<div class=\"column_inner\">\n\t\t\t<p><span class=\"wpcf7-form-control-wrap\" data-name=\"email-mail\"><input size=\"40\" maxlength=\"400\" class=\"wpcf7-form-control wpcf7-email wpcf7-validates-as-required wpcf7-text wpcf7-validates-as-email\" aria-required=\"true\" aria-invalid=\"false\" placeholder=\"Votre mail*\" value=\"\" type=\"email\" name=\"email-mail\" \/><\/span>\n\t\t\t<\/p>\n\t\t<\/div>\n\t<\/div>\n<\/div>\n<div class=\"two_columns_50_50 clearfix\">\n\t<div class=\"column1\">\n\t\t<div class=\"column_inner\">\n\t\t\t<p><span class=\"wpcf7-form-control-wrap\" data-name=\"text-etablissement\"><input size=\"40\" maxlength=\"400\" class=\"wpcf7-form-control wpcf7-text wpcf7-validates-as-required\" aria-required=\"true\" aria-invalid=\"false\" placeholder=\"Nom de votre \u00e9tablissement*\" value=\"\" type=\"text\" name=\"text-etablissement\" \/><\/span>\n\t\t\t<\/p>\n\t\t<\/div>\n\t<\/div>\n\t<div class=\"column2\">\n\t\t<div class=\"column_inner\">\n\t\t\t<p><span class=\"wpcf7-form-control-wrap\" data-name=\"menu-nivo\"><select class=\"wpcf7-form-control wpcf7-select wpcf7-validates-as-required\" aria-required=\"true\" aria-invalid=\"false\" name=\"menu-nivo\"><option value=\"\">Niveau de votre classe (choisir)*<\/option><option value=\"CP\">CP<\/option><option value=\"CM1\">CM1<\/option><option value=\"CM2\">CM2<\/option><option value=\"Autre\">Autre<\/option><\/select><\/span>\n\t\t\t<\/p>\n\t\t<\/div>\n\t<\/div>\n<\/div>\n<div class=\"sk_box_white\">\n\t<p><strong>Ajouter un message<\/strong>\n\t<\/p>\n\t<p><span class=\"wpcf7-form-control-wrap\" data-name=\"textarea-commentaire\"><textarea cols=\"40\" rows=\"10\" maxlength=\"2000\" class=\"wpcf7-form-control wpcf7-textarea\" aria-invalid=\"false\" placeholder=\"Parlez-nous de votre projet\" name=\"textarea-commentaire\"><\/textarea><\/span>\n\t<\/p>\n<\/div>\n<p class=\"pb1\"><br \/>\n<span class=\"wpcf7-form-control-wrap\" data-name=\"acceptance-donnees\"><span class=\"wpcf7-form-control wpcf7-acceptance\"><span class=\"wpcf7-list-item\"><label><input type=\"checkbox\" name=\"acceptance-donnees\" value=\"1\" aria-invalid=\"false\" \/><span class=\"wpcf7-list-item-label\">En cochant cette case, vous confirmez que acceptez notre <a target=\"blank\" href=\"\/mentions-legales\/#politiquedeconfidentialite\">Politique de confidentialit\u00e9<\/a>.<\/span><\/label><\/span><\/span><\/span>\n<\/p>\n<p><input class=\"wpcf7-form-control wpcf7-submit has-spinner\" type=\"submit\" value=\"Envoyer\" \/>\n<\/p><input type='hidden' class='wpcf7-pum' value='{\"closepopup\":false,\"closedelay\":0,\"openpopup\":false,\"openpopup_id\":0}' \/><div class=\"wpcf7-response-output\" aria-hidden=\"true\"><\/div>\n<\/form>\n<\/div>\n[\/qode_elements_holder_item][\/qode_elements_holder][\/vc_column][\/vc_row]<\/p>\n<\/div>","protected":false},"excerpt":{"rendered":"<p>[vc_row css_animation=\u00bb\u00bb row_type=\u00bbrow\u00bb use_row_as_full_screen_section=\u00bbno\u00bb type=\u00bbfull_width\u00bb angled_section=\u00bbno\u00bb text_align=\u00bbleft\u00bb background_image_as_pattern=\u00bbwithout_pattern\u00bb z_index=\u00bb\u00bb background_color=\u00bb#1d1e3a\u00bb][vc_column][qode_elements_holder background_color=\u00bb#1d1e3a\u00bb number_of_columns=\u00bbtwo_columns\u00bb custom_class=\u00bbsk_fullheight\u00bb][qode_elements_holder_item vertical_alignment=\u00bbtop\u00bb advanced_animations=\u00bbno\u00bb item_padding=\u00bb100px\u00bb item_padding_600_768=\u00bb20px 20px 20px 20px\u00bb item_padding_480_600=\u00bb20px 20px 20px 20px\u00bb item_padding_480=\u00bb20px 20px 20px 20px\u00bb custom_class=\u00bbwhite\u00bb item_padding_768_1024=\u00bb20px 20px 20px 20px\u00bb item_padding_1024_1280=\u00bb60px\u00bb][vc_single_image image=\u00bb31690&#8243;&#8230;<\/p>\n","protected":false},"author":83,"featured_media":31229,"parent":32863,"menu_order":1,"comment_status":"closed","ping_status":"closed","template":"landing_page.php","meta":{"footnotes":""},"class_list":["post-32944","page","type-page","status-publish","has-post-thumbnail","hentry"],"yoast_head":"<!-- This site is optimized with the Yoast SEO plugin v25.5 - https:\/\/yoast.com\/wordpress\/plugins\/seo\/ -->\n<title>Escuela de Exploradores | Plastic Odyssey<\/title>\n<meta name=\"description\" content=\"Inscriba a su clase en nuestro programa e invol\u00facrela en la b\u00fasqueda de soluciones para combatir la contaminaci\u00f3n por pl\u00e1sticos.\" \/>\n<meta name=\"robots\" content=\"noindex, nofollow\" \/>\n<meta property=\"og:locale\" content=\"es_ES\" \/>\n<meta property=\"og:type\" content=\"article\" \/>\n<meta property=\"og:title\" content=\"Escuela de Exploradores | Plastic Odyssey\" \/>\n<meta property=\"og:description\" content=\"Inscriba a su clase en nuestro programa e invol\u00facrela en la b\u00fasqueda de soluciones para combatir la contaminaci\u00f3n por pl\u00e1sticos.\" \/>\n<meta property=\"og:url\" content=\"https:\/\/plasticodyssey.org\/es\/soluciones\/exploration-school\/escuela-exploradores\/\" \/>\n<meta property=\"og:site_name\" content=\"Plastic Odyssey\" \/>\n<meta property=\"article:publisher\" content=\"https:\/\/www.facebook.com\/plasticodyssey\/\" \/>\n<meta property=\"article:modified_time\" content=\"2023-07-06T07:47:11+00:00\" \/>\n<meta property=\"og:image\" content=\"https:\/\/plasticodyssey.org\/wp-content\/uploads\/2021\/10\/Plastic-Odyssey-sensibilisation-pollution.jpg\" \/>\n\t<meta property=\"og:image:width\" content=\"1152\" \/>\n\t<meta property=\"og:image:height\" content=\"648\" \/>\n\t<meta property=\"og:image:type\" content=\"image\/jpeg\" \/>\n<meta name=\"twitter:card\" content=\"summary_large_image\" \/>\n<meta name=\"twitter:site\" content=\"@plasticodyssey\" \/>\n<meta name=\"twitter:label1\" content=\"Tiempo de lectura\" \/>\n\t<meta name=\"twitter:data1\" content=\"2 minutos\" \/>\n<script type=\"application\/ld+json\" class=\"yoast-schema-graph\">{\"@context\":\"https:\/\/schema.org\",\"@graph\":[{\"@type\":\"WebPage\",\"@id\":\"https:\/\/plasticodyssey.org\/es\/soluciones\/exploration-school\/escuela-exploradores\/\",\"url\":\"https:\/\/plasticodyssey.org\/es\/soluciones\/exploration-school\/escuela-exploradores\/\",\"name\":\"Escuela de Exploradores | Plastic Odyssey\",\"isPartOf\":{\"@id\":\"https:\/\/plasticodyssey.org\/es\/#website\"},\"primaryImageOfPage\":{\"@id\":\"https:\/\/plasticodyssey.org\/es\/soluciones\/exploration-school\/escuela-exploradores\/#primaryimage\"},\"image\":{\"@id\":\"https:\/\/plasticodyssey.org\/es\/soluciones\/exploration-school\/escuela-exploradores\/#primaryimage\"},\"thumbnailUrl\":\"https:\/\/plasticodyssey.org\/wp-content\/uploads\/2021\/10\/Plastic-Odyssey-sensibilisation-pollution.jpg\",\"datePublished\":\"2023-03-11T09:35:23+00:00\",\"dateModified\":\"2023-07-06T07:47:11+00:00\",\"description\":\"Inscriba a su clase en nuestro programa e invol\u00facrela en la b\u00fasqueda de soluciones para combatir la contaminaci\u00f3n por pl\u00e1sticos.\",\"breadcrumb\":{\"@id\":\"https:\/\/plasticodyssey.org\/es\/soluciones\/exploration-school\/escuela-exploradores\/#breadcrumb\"},\"inLanguage\":\"es\",\"potentialAction\":[{\"@type\":\"ReadAction\",\"target\":[\"https:\/\/plasticodyssey.org\/es\/soluciones\/exploration-school\/escuela-exploradores\/\"]}]},{\"@type\":\"ImageObject\",\"inLanguage\":\"es\",\"@id\":\"https:\/\/plasticodyssey.org\/es\/soluciones\/exploration-school\/escuela-exploradores\/#primaryimage\",\"url\":\"https:\/\/plasticodyssey.org\/wp-content\/uploads\/2021\/10\/Plastic-Odyssey-sensibilisation-pollution.jpg\",\"contentUrl\":\"https:\/\/plasticodyssey.org\/wp-content\/uploads\/2021\/10\/Plastic-Odyssey-sensibilisation-pollution.jpg\",\"width\":1152,\"height\":648},{\"@type\":\"BreadcrumbList\",\"@id\":\"https:\/\/plasticodyssey.org\/es\/soluciones\/exploration-school\/escuela-exploradores\/#breadcrumb\",\"itemListElement\":[{\"@type\":\"ListItem\",\"position\":1,\"name\":\"Accueil\",\"item\":\"https:\/\/plasticodyssey.org\/es\/inicio\/\"},{\"@type\":\"ListItem\",\"position\":2,\"name\":\"Soluciones\",\"item\":\"https:\/\/plasticodyssey.org\/es\/soluciones\/\"},{\"@type\":\"ListItem\",\"position\":3,\"name\":\"Exploration School\",\"item\":\"https:\/\/plasticodyssey.org\/es\/soluciones\/exploration-school\/\"},{\"@type\":\"ListItem\",\"position\":4,\"name\":\"La escuela de los exploradores\"}]},{\"@type\":\"WebSite\",\"@id\":\"https:\/\/plasticodyssey.org\/es\/#website\",\"url\":\"https:\/\/plasticodyssey.org\/es\/\",\"name\":\"Plastic Odyssey\",\"description\":\"L&#039;exp\u00e9dition autour du monde contre la pollution plastique\",\"publisher\":{\"@id\":\"https:\/\/plasticodyssey.org\/es\/#organization\"},\"potentialAction\":[{\"@type\":\"SearchAction\",\"target\":{\"@type\":\"EntryPoint\",\"urlTemplate\":\"https:\/\/plasticodyssey.org\/es\/?s={search_term_string}\"},\"query-input\":{\"@type\":\"PropertyValueSpecification\",\"valueRequired\":true,\"valueName\":\"search_term_string\"}}],\"inLanguage\":\"es\"},{\"@type\":\"Organization\",\"@id\":\"https:\/\/plasticodyssey.org\/es\/#organization\",\"name\":\"Plastic Odyssey\",\"url\":\"https:\/\/plasticodyssey.org\/es\/\",\"logo\":{\"@type\":\"ImageObject\",\"inLanguage\":\"es\",\"@id\":\"https:\/\/plasticodyssey.org\/es\/#\/schema\/logo\/image\/\",\"url\":\"https:\/\/plasticodyssey.org\/wp-content\/uploads\/2020\/02\/navire-plastic-odyssey-coucher-soleil.jpg\",\"contentUrl\":\"https:\/\/plasticodyssey.org\/wp-content\/uploads\/2020\/02\/navire-plastic-odyssey-coucher-soleil.jpg\",\"width\":1920,\"height\":1080,\"caption\":\"Plastic Odyssey\"},\"image\":{\"@id\":\"https:\/\/plasticodyssey.org\/es\/#\/schema\/logo\/image\/\"},\"sameAs\":[\"https:\/\/www.facebook.com\/plasticodyssey\/\",\"https:\/\/x.com\/plasticodyssey\",\"https:\/\/www.instagram.com\/plasticodyssey\/\",\"https:\/\/www.linkedin.com\/company\/plastic-odyssey\/\",\"https:\/\/www.youtube.com\/channel\/UC4UNxaIW9ODIuLGJaTrhnow\"]}]}<\/script>\n<!-- \/ Yoast SEO plugin. -->","yoast_head_json":{"title":"Escuela de Exploradores | Plastic Odyssey","description":"Inscriba a su clase en nuestro programa e invol\u00facrela en la b\u00fasqueda de soluciones para combatir la contaminaci\u00f3n por pl\u00e1sticos.","robots":{"index":"noindex","follow":"nofollow"},"og_locale":"es_ES","og_type":"article","og_title":"Escuela de Exploradores | Plastic Odyssey","og_description":"Inscriba a su clase en nuestro programa e invol\u00facrela en la b\u00fasqueda de soluciones para combatir la contaminaci\u00f3n por pl\u00e1sticos.","og_url":"https:\/\/plasticodyssey.org\/es\/soluciones\/exploration-school\/escuela-exploradores\/","og_site_name":"Plastic Odyssey","article_publisher":"https:\/\/www.facebook.com\/plasticodyssey\/","article_modified_time":"2023-07-06T07:47:11+00:00","og_image":[{"width":1152,"height":648,"url":"https:\/\/plasticodyssey.org\/wp-content\/uploads\/2021\/10\/Plastic-Odyssey-sensibilisation-pollution.jpg","type":"image\/jpeg"}],"twitter_card":"summary_large_image","twitter_site":"@plasticodyssey","twitter_misc":{"Tiempo de lectura":"2 minutos"},"schema":{"@context":"https:\/\/schema.org","@graph":[{"@type":"WebPage","@id":"https:\/\/plasticodyssey.org\/es\/soluciones\/exploration-school\/escuela-exploradores\/","url":"https:\/\/plasticodyssey.org\/es\/soluciones\/exploration-school\/escuela-exploradores\/","name":"Escuela de Exploradores | Plastic Odyssey","isPartOf":{"@id":"https:\/\/plasticodyssey.org\/es\/#website"},"primaryImageOfPage":{"@id":"https:\/\/plasticodyssey.org\/es\/soluciones\/exploration-school\/escuela-exploradores\/#primaryimage"},"image":{"@id":"https:\/\/plasticodyssey.org\/es\/soluciones\/exploration-school\/escuela-exploradores\/#primaryimage"},"thumbnailUrl":"https:\/\/plasticodyssey.org\/wp-content\/uploads\/2021\/10\/Plastic-Odyssey-sensibilisation-pollution.jpg","datePublished":"2023-03-11T09:35:23+00:00","dateModified":"2023-07-06T07:47:11+00:00","description":"Inscriba a su clase en nuestro programa e invol\u00facrela en la b\u00fasqueda de soluciones para combatir la contaminaci\u00f3n por pl\u00e1sticos.","breadcrumb":{"@id":"https:\/\/plasticodyssey.org\/es\/soluciones\/exploration-school\/escuela-exploradores\/#breadcrumb"},"inLanguage":"es","potentialAction":[{"@type":"ReadAction","target":["https:\/\/plasticodyssey.org\/es\/soluciones\/exploration-school\/escuela-exploradores\/"]}]},{"@type":"ImageObject","inLanguage":"es","@id":"https:\/\/plasticodyssey.org\/es\/soluciones\/exploration-school\/escuela-exploradores\/#primaryimage","url":"https:\/\/plasticodyssey.org\/wp-content\/uploads\/2021\/10\/Plastic-Odyssey-sensibilisation-pollution.jpg","contentUrl":"https:\/\/plasticodyssey.org\/wp-content\/uploads\/2021\/10\/Plastic-Odyssey-sensibilisation-pollution.jpg","width":1152,"height":648},{"@type":"BreadcrumbList","@id":"https:\/\/plasticodyssey.org\/es\/soluciones\/exploration-school\/escuela-exploradores\/#breadcrumb","itemListElement":[{"@type":"ListItem","position":1,"name":"Accueil","item":"https:\/\/plasticodyssey.org\/es\/inicio\/"},{"@type":"ListItem","position":2,"name":"Soluciones","item":"https:\/\/plasticodyssey.org\/es\/soluciones\/"},{"@type":"ListItem","position":3,"name":"Exploration School","item":"https:\/\/plasticodyssey.org\/es\/soluciones\/exploration-school\/"},{"@type":"ListItem","position":4,"name":"La escuela de los exploradores"}]},{"@type":"WebSite","@id":"https:\/\/plasticodyssey.org\/es\/#website","url":"https:\/\/plasticodyssey.org\/es\/","name":"Plastic Odyssey","description":"L&#039;exp\u00e9dition autour du monde contre la pollution plastique","publisher":{"@id":"https:\/\/plasticodyssey.org\/es\/#organization"},"potentialAction":[{"@type":"SearchAction","target":{"@type":"EntryPoint","urlTemplate":"https:\/\/plasticodyssey.org\/es\/?s={search_term_string}"},"query-input":{"@type":"PropertyValueSpecification","valueRequired":true,"valueName":"search_term_string"}}],"inLanguage":"es"},{"@type":"Organization","@id":"https:\/\/plasticodyssey.org\/es\/#organization","name":"Plastic Odyssey","url":"https:\/\/plasticodyssey.org\/es\/","logo":{"@type":"ImageObject","inLanguage":"es","@id":"https:\/\/plasticodyssey.org\/es\/#\/schema\/logo\/image\/","url":"https:\/\/plasticodyssey.org\/wp-content\/uploads\/2020\/02\/navire-plastic-odyssey-coucher-soleil.jpg","contentUrl":"https:\/\/plasticodyssey.org\/wp-content\/uploads\/2020\/02\/navire-plastic-odyssey-coucher-soleil.jpg","width":1920,"height":1080,"caption":"Plastic Odyssey"},"image":{"@id":"https:\/\/plasticodyssey.org\/es\/#\/schema\/logo\/image\/"},"sameAs":["https:\/\/www.facebook.com\/plasticodyssey\/","https:\/\/x.com\/plasticodyssey","https:\/\/www.instagram.com\/plasticodyssey\/","https:\/\/www.linkedin.com\/company\/plastic-odyssey\/","https:\/\/www.youtube.com\/channel\/UC4UNxaIW9ODIuLGJaTrhnow"]}]}},"_links":{"self":[{"href":"https:\/\/plasticodyssey.org\/es\/wp-json\/wp\/v2\/pages\/32944","targetHints":{"allow":["GET"]}}],"collection":[{"href":"https:\/\/plasticodyssey.org\/es\/wp-json\/wp\/v2\/pages"}],"about":[{"href":"https:\/\/plasticodyssey.org\/es\/wp-json\/wp\/v2\/types\/page"}],"author":[{"embeddable":true,"href":"https:\/\/plasticodyssey.org\/es\/wp-json\/wp\/v2\/users\/83"}],"replies":[{"embeddable":true,"href":"https:\/\/plasticodyssey.org\/es\/wp-json\/wp\/v2\/comments?post=32944"}],"version-history":[{"count":7,"href":"https:\/\/plasticodyssey.org\/es\/wp-json\/wp\/v2\/pages\/32944\/revisions"}],"predecessor-version":[{"id":33130,"href":"https:\/\/plasticodyssey.org\/es\/wp-json\/wp\/v2\/pages\/32944\/revisions\/33130"}],"up":[{"embeddable":true,"href":"https:\/\/plasticodyssey.org\/es\/wp-json\/wp\/v2\/pages\/32863"}],"wp:featuredmedia":[{"embeddable":true,"href":"https:\/\/plasticodyssey.org\/es\/wp-json\/wp\/v2\/media\/31229"}],"wp:attachment":[{"href":"https:\/\/plasticodyssey.org\/es\/wp-json\/wp\/v2\/media?parent=32944"}],"curies":[{"name":"wp","href":"https:\/\/api.w.org\/{rel}","templated":true}]}}