{"id":32948,"date":"2023-03-11T10:55:55","date_gmt":"2023-03-11T09:55:55","guid":{"rendered":"https:\/\/plasticodyssey.org\/soluciones\/exploration-school\/ciencia-participativa\/"},"modified":"2023-08-28T19:35:35","modified_gmt":"2023-08-28T17:35:35","slug":"ciencia-participativa","status":"publish","type":"page","link":"https:\/\/plasticodyssey.org\/es\/soluciones\/exploration-school\/ciencia-participativa\/","title":{"rendered":"Ciencia participativa"},"content":{"rendered":"<div class=\"wpb-content-wrapper\"><p>[vc_row css_animation=\u00bb\u00bb row_type=\u00bbrow\u00bb use_row_as_full_screen_section=\u00bbno\u00bb type=\u00bbfull_width\u00bb angled_section=\u00bbno\u00bb text_align=\u00bbleft\u00bb background_image_as_pattern=\u00bbwithout_pattern\u00bb z_index=\u00bb\u00bb background_color=\u00bb#1d1e3a\u00bb][vc_column][qode_elements_holder background_color=\u00bb#1d1e3a\u00bb number_of_columns=\u00bbtwo_columns\u00bb custom_class=\u00bbsk_fullheight\u00bb][qode_elements_holder_item vertical_alignment=\u00bbtop\u00bb advanced_animations=\u00bbno\u00bb item_padding=\u00bb100px\u00bb item_padding_600_768=\u00bb20px 20px 20px 20px\u00bb item_padding_480_600=\u00bb20px 20px 20px 20px\u00bb item_padding_480=\u00bb20px 20px 20px 20px\u00bb custom_class=\u00bbwhite\u00bb item_padding_768_1024=\u00bb20px 20px 20px 20px\u00bb item_padding_1024_1280=\u00bb60px\u00bb][vc_single_image image=\u00bb31690&#8243; img_size=\u00bbmedium\u00bb qode_css_animation=\u00bb\u00bb][vc_column_text el_class=\u00bbmt4 sk_list\u00bb]<\/p>\n<h1>Ciencia participativa<\/h1>\n<p>Plastic Odyssey pone en marcha una gran consulta con j\u00f3venes de todo el mundo para averiguar c\u00f3mo cambiar los h\u00e1bitos relacionados con el pl\u00e1stico. La consulta est\u00e1 abierta a todas las clases y es accesible a todos los niveles. El procedimiento es muy sencillo:<\/p>\n<ul>\n<li>Un <strong>cuestionario de 3 preguntas<\/strong> para los estudiantes<\/li>\n<li>Un <strong>dibujo<\/strong> sobre el tema: \u00abPl\u00e1stico donde vivo\u00bb.<\/li>\n<li>Un protocolo a seguir para los profesores que supervisan<\/li>\n<\/ul>\n<p>Los cuestionarios y dibujos se enviar\u00e1n a investigadores en ciencias humanas y sociales, que analizar\u00e1n las respuestas para averiguar qu\u00e9 impide a la gente cambiar su comportamiento y qu\u00e9 la impulsa a hacerlo.<\/p>\n<p><strong>A la vuelta de la expedici\u00f3n Plastic Odyssey se celebrar\u00e1 en Francia un gran acontecimiento.<\/strong>[\/vc_column_text]<a  itemprop=\"url\" href=\"\/es\/soluciones\/exploration-school\/\" target=\"_self\"  class=\"qbutton  default cta_white_bg_2\" style=\"color: #ffffff; \">Inicio<span aria-hidden=\"true\" class=\"qode_icon_font_elegant arrow_right qode_button_icon_element\"><\/span><\/a>[\/qode_elements_holder_item][qode_elements_holder_item vertical_alignment=\u00bbtop\u00bb advanced_animations=\u00bbno\u00bb item_padding=\u00bb100px\u00bb background_color=\u00bb#eaebed\u00bb item_padding_600_768=\u00bb20px 20px 20px 20px\u00bb item_padding_480_600=\u00bb20px 20px 20px 20px\u00bb item_padding_480=\u00bb20px 20px 20px 20px\u00bb item_padding_768_1024=\u00bb20px 20px 20px 20px\u00bb item_padding_1024_1280=\u00bb60px\u00bb][vc_gallery type=\u00bbimage_grid\u00bb images=\u00bb32355,32095,32424&#8243; img_size=\u00bbfull\u00bb onclick=\u00bb\u00bb column_number=\u00bb3&#8243; grayscale=\u00bbno\u00bb enable_drag=\u00bbno\u00bb images_space=\u00bbgallery_with_space\u00bb][vc_column_text el_class=\u00bbsk_list mt4&#8243;]<\/p>\n<h2>Participa con su clase<\/h2>\n<p><strong>1. Prepara la secuencia con tus alumnos:<\/strong><\/p>\n<p><a class=\"qbutton sk_cta_border dark\" href=\"\/wp-content\/uploads\/2023\/03\/Protocole-questionnaire-eleves-Plastic-Odyssey-CP.pdf\" target=\"_blank\" rel=\"noopener\"><strong>Descargue el protocolo \ud83c\uddeb\ud83c\uddf7<\/strong><\/a> <a class=\"qbutton sk_cta_border sk_noborder dark\" href=\"\/wp-content\/uploads\/2023\/05\/visite-o-navio-plastic-odyssey-PR.pdf\" target=\"_blank\" rel=\"noopener\"><strong>Versi\u00f3n \ud83c\uddf5\ud83c\uddf9\/\ud83c\udde7\ud83c\uddf7<\/strong><\/a><\/p>\n<p><strong>2. Entrega a cada alumno un cuestionario:<\/strong><\/p>\n<p><a class=\"qbutton sk_cta_border dark\" href=\"\/wp-content\/uploads\/2023\/03\/Questionnaire-jeune-explorateur-Plastic-Odyssey.pdf\" target=\"_blank\" rel=\"noopener\"><strong>Descargue el cuestionario \ud83c\uddeb\ud83c\uddf7<\/strong><\/a><a class=\"qbutton sk_cta_border sk_noborder dark\" href=\"\/wp-content\/uploads\/2023\/05\/questionario-jovens-exploradores-PR.pdf.pdf\" target=\"_blank\" rel=\"noopener\"><strong>Version \ud83c\uddf5\ud83c\uddf9\/\ud83c\udde7\ud83c\uddf7<\/strong><\/a><\/p>\n<p>3. <strong>Env\u00eda los cuestionarios<\/strong> y los dibujos escaneados por correo electr\u00f3nico a <a href=\"mailto:education@plasticodyssey.org\"><strong>education[at]plasticodyssey.org<\/strong><\/a> con el asunto: \u00ab<strong><em>CIENCIAS PARTICIPATIVAS &#8211; Nombre de su centro y nombre de la clase participante<\/em><\/strong>\u00ab.<\/p>\n<p>Cada clase participante recibir\u00e1 un mensaje en v\u00eddeo del equipo de la expedici\u00f3n agradeci\u00e9ndole su participaci\u00f3n y explic\u00e1ndole por qu\u00e9 es tan valiosa para el avance de la ciencia.<\/p>\n<p>\u00bfAlguna pregunta? P\u00f3ngase en contacto con nosotros en <a href=\"mailto:education@plasticodyssey.org\"><strong>education[at]plasticodyssey.org<\/strong><\/a><\/p>\n<p>[\/vc_column_text][\/qode_elements_holder_item][\/qode_elements_holder][\/vc_column][\/vc_row]<\/p>\n<\/div>","protected":false},"excerpt":{"rendered":"<p>[vc_row css_animation=\u00bb\u00bb row_type=\u00bbrow\u00bb use_row_as_full_screen_section=\u00bbno\u00bb type=\u00bbfull_width\u00bb angled_section=\u00bbno\u00bb text_align=\u00bbleft\u00bb background_image_as_pattern=\u00bbwithout_pattern\u00bb z_index=\u00bb\u00bb background_color=\u00bb#1d1e3a\u00bb][vc_column][qode_elements_holder background_color=\u00bb#1d1e3a\u00bb number_of_columns=\u00bbtwo_columns\u00bb custom_class=\u00bbsk_fullheight\u00bb][qode_elements_holder_item vertical_alignment=\u00bbtop\u00bb advanced_animations=\u00bbno\u00bb item_padding=\u00bb100px\u00bb item_padding_600_768=\u00bb20px 20px 20px 20px\u00bb item_padding_480_600=\u00bb20px 20px 20px 20px\u00bb item_padding_480=\u00bb20px 20px 20px 20px\u00bb custom_class=\u00bbwhite\u00bb item_padding_768_1024=\u00bb20px 20px 20px 20px\u00bb item_padding_1024_1280=\u00bb60px\u00bb][vc_single_image image=\u00bb31690&#8243;&#8230;<\/p>\n","protected":false},"author":83,"featured_media":32355,"parent":32863,"menu_order":2,"comment_status":"closed","ping_status":"closed","template":"landing_page.php","meta":{"footnotes":""},"class_list":["post-32948","page","type-page","status-publish","has-post-thumbnail","hentry"],"yoast_head":"<!-- This site is optimized with the Yoast SEO plugin v25.5 - https:\/\/yoast.com\/wordpress\/plugins\/seo\/ -->\n<title>Ciencia participativa - Exploration School | Plastic Odyssey<\/title>\n<meta name=\"description\" content=\"Plastic Odyssey pone en marcha una gran consulta con j\u00f3venes de todo el mundo para averiguar c\u00f3mo cambiar los h\u00e1bitos relacionados con el pl\u00e1stico.\" \/>\n<meta name=\"robots\" content=\"noindex, nofollow\" \/>\n<meta property=\"og:locale\" content=\"es_ES\" \/>\n<meta property=\"og:type\" content=\"article\" \/>\n<meta property=\"og:title\" content=\"Ciencia participativa - Exploration School | Plastic Odyssey\" \/>\n<meta property=\"og:description\" content=\"Plastic Odyssey pone en marcha una gran consulta con j\u00f3venes de todo el mundo para averiguar c\u00f3mo cambiar los h\u00e1bitos relacionados con el pl\u00e1stico.\" \/>\n<meta property=\"og:url\" content=\"https:\/\/plasticodyssey.org\/es\/soluciones\/exploration-school\/ciencia-participativa\/\" \/>\n<meta property=\"og:site_name\" content=\"Plastic Odyssey\" \/>\n<meta property=\"article:publisher\" content=\"https:\/\/www.facebook.com\/plasticodyssey\/\" \/>\n<meta property=\"article:modified_time\" content=\"2023-08-28T17:35:35+00:00\" \/>\n<meta property=\"og:image\" content=\"https:\/\/plasticodyssey.org\/wp-content\/uploads\/2023\/03\/Questionnaire-pollution-plastique-enfant.jpg\" \/>\n\t<meta property=\"og:image:width\" content=\"1080\" \/>\n\t<meta property=\"og:image:height\" content=\"608\" \/>\n\t<meta property=\"og:image:type\" content=\"image\/jpeg\" \/>\n<meta name=\"twitter:card\" content=\"summary_large_image\" \/>\n<meta name=\"twitter:site\" content=\"@plasticodyssey\" \/>\n<meta name=\"twitter:label1\" content=\"Tiempo de lectura\" \/>\n\t<meta name=\"twitter:data1\" content=\"2 minutos\" \/>\n<script type=\"application\/ld+json\" class=\"yoast-schema-graph\">{\"@context\":\"https:\/\/schema.org\",\"@graph\":[{\"@type\":\"WebPage\",\"@id\":\"https:\/\/plasticodyssey.org\/es\/soluciones\/exploration-school\/ciencia-participativa\/\",\"url\":\"https:\/\/plasticodyssey.org\/es\/soluciones\/exploration-school\/ciencia-participativa\/\",\"name\":\"Ciencia participativa - Exploration School | Plastic Odyssey\",\"isPartOf\":{\"@id\":\"https:\/\/plasticodyssey.org\/es\/#website\"},\"primaryImageOfPage\":{\"@id\":\"https:\/\/plasticodyssey.org\/es\/soluciones\/exploration-school\/ciencia-participativa\/#primaryimage\"},\"image\":{\"@id\":\"https:\/\/plasticodyssey.org\/es\/soluciones\/exploration-school\/ciencia-participativa\/#primaryimage\"},\"thumbnailUrl\":\"https:\/\/plasticodyssey.org\/wp-content\/uploads\/2023\/03\/Questionnaire-pollution-plastique-enfant.jpg\",\"datePublished\":\"2023-03-11T09:55:55+00:00\",\"dateModified\":\"2023-08-28T17:35:35+00:00\",\"description\":\"Plastic Odyssey pone en marcha una gran consulta con j\u00f3venes de todo el mundo para averiguar c\u00f3mo cambiar los h\u00e1bitos relacionados con el pl\u00e1stico.\",\"breadcrumb\":{\"@id\":\"https:\/\/plasticodyssey.org\/es\/soluciones\/exploration-school\/ciencia-participativa\/#breadcrumb\"},\"inLanguage\":\"es\",\"potentialAction\":[{\"@type\":\"ReadAction\",\"target\":[\"https:\/\/plasticodyssey.org\/es\/soluciones\/exploration-school\/ciencia-participativa\/\"]}]},{\"@type\":\"ImageObject\",\"inLanguage\":\"es\",\"@id\":\"https:\/\/plasticodyssey.org\/es\/soluciones\/exploration-school\/ciencia-participativa\/#primaryimage\",\"url\":\"https:\/\/plasticodyssey.org\/wp-content\/uploads\/2023\/03\/Questionnaire-pollution-plastique-enfant.jpg\",\"contentUrl\":\"https:\/\/plasticodyssey.org\/wp-content\/uploads\/2023\/03\/Questionnaire-pollution-plastique-enfant.jpg\",\"width\":1080,\"height\":608},{\"@type\":\"BreadcrumbList\",\"@id\":\"https:\/\/plasticodyssey.org\/es\/soluciones\/exploration-school\/ciencia-participativa\/#breadcrumb\",\"itemListElement\":[{\"@type\":\"ListItem\",\"position\":1,\"name\":\"Accueil\",\"item\":\"https:\/\/plasticodyssey.org\/es\/inicio\/\"},{\"@type\":\"ListItem\",\"position\":2,\"name\":\"Soluciones\",\"item\":\"https:\/\/plasticodyssey.org\/es\/soluciones\/\"},{\"@type\":\"ListItem\",\"position\":3,\"name\":\"Exploration School\",\"item\":\"https:\/\/plasticodyssey.org\/es\/soluciones\/exploration-school\/\"},{\"@type\":\"ListItem\",\"position\":4,\"name\":\"Ciencia participativa\"}]},{\"@type\":\"WebSite\",\"@id\":\"https:\/\/plasticodyssey.org\/es\/#website\",\"url\":\"https:\/\/plasticodyssey.org\/es\/\",\"name\":\"Plastic Odyssey\",\"description\":\"L&#039;exp\u00e9dition autour du monde contre la pollution plastique\",\"publisher\":{\"@id\":\"https:\/\/plasticodyssey.org\/es\/#organization\"},\"potentialAction\":[{\"@type\":\"SearchAction\",\"target\":{\"@type\":\"EntryPoint\",\"urlTemplate\":\"https:\/\/plasticodyssey.org\/es\/?s={search_term_string}\"},\"query-input\":{\"@type\":\"PropertyValueSpecification\",\"valueRequired\":true,\"valueName\":\"search_term_string\"}}],\"inLanguage\":\"es\"},{\"@type\":\"Organization\",\"@id\":\"https:\/\/plasticodyssey.org\/es\/#organization\",\"name\":\"Plastic Odyssey\",\"url\":\"https:\/\/plasticodyssey.org\/es\/\",\"logo\":{\"@type\":\"ImageObject\",\"inLanguage\":\"es\",\"@id\":\"https:\/\/plasticodyssey.org\/es\/#\/schema\/logo\/image\/\",\"url\":\"https:\/\/plasticodyssey.org\/wp-content\/uploads\/2020\/02\/navire-plastic-odyssey-coucher-soleil.jpg\",\"contentUrl\":\"https:\/\/plasticodyssey.org\/wp-content\/uploads\/2020\/02\/navire-plastic-odyssey-coucher-soleil.jpg\",\"width\":1920,\"height\":1080,\"caption\":\"Plastic Odyssey\"},\"image\":{\"@id\":\"https:\/\/plasticodyssey.org\/es\/#\/schema\/logo\/image\/\"},\"sameAs\":[\"https:\/\/www.facebook.com\/plasticodyssey\/\",\"https:\/\/x.com\/plasticodyssey\",\"https:\/\/www.instagram.com\/plasticodyssey\/\",\"https:\/\/www.linkedin.com\/company\/plastic-odyssey\/\",\"https:\/\/www.youtube.com\/channel\/UC4UNxaIW9ODIuLGJaTrhnow\"]}]}<\/script>\n<!-- \/ Yoast SEO plugin. -->","yoast_head_json":{"title":"Ciencia participativa - Exploration School | Plastic Odyssey","description":"Plastic Odyssey pone en marcha una gran consulta con j\u00f3venes de todo el mundo para averiguar c\u00f3mo cambiar los h\u00e1bitos relacionados con el pl\u00e1stico.","robots":{"index":"noindex","follow":"nofollow"},"og_locale":"es_ES","og_type":"article","og_title":"Ciencia participativa - Exploration School | Plastic Odyssey","og_description":"Plastic Odyssey pone en marcha una gran consulta con j\u00f3venes de todo el mundo para averiguar c\u00f3mo cambiar los h\u00e1bitos relacionados con el pl\u00e1stico.","og_url":"https:\/\/plasticodyssey.org\/es\/soluciones\/exploration-school\/ciencia-participativa\/","og_site_name":"Plastic Odyssey","article_publisher":"https:\/\/www.facebook.com\/plasticodyssey\/","article_modified_time":"2023-08-28T17:35:35+00:00","og_image":[{"width":1080,"height":608,"url":"https:\/\/plasticodyssey.org\/wp-content\/uploads\/2023\/03\/Questionnaire-pollution-plastique-enfant.jpg","type":"image\/jpeg"}],"twitter_card":"summary_large_image","twitter_site":"@plasticodyssey","twitter_misc":{"Tiempo de lectura":"2 minutos"},"schema":{"@context":"https:\/\/schema.org","@graph":[{"@type":"WebPage","@id":"https:\/\/plasticodyssey.org\/es\/soluciones\/exploration-school\/ciencia-participativa\/","url":"https:\/\/plasticodyssey.org\/es\/soluciones\/exploration-school\/ciencia-participativa\/","name":"Ciencia participativa - Exploration School | Plastic Odyssey","isPartOf":{"@id":"https:\/\/plasticodyssey.org\/es\/#website"},"primaryImageOfPage":{"@id":"https:\/\/plasticodyssey.org\/es\/soluciones\/exploration-school\/ciencia-participativa\/#primaryimage"},"image":{"@id":"https:\/\/plasticodyssey.org\/es\/soluciones\/exploration-school\/ciencia-participativa\/#primaryimage"},"thumbnailUrl":"https:\/\/plasticodyssey.org\/wp-content\/uploads\/2023\/03\/Questionnaire-pollution-plastique-enfant.jpg","datePublished":"2023-03-11T09:55:55+00:00","dateModified":"2023-08-28T17:35:35+00:00","description":"Plastic Odyssey pone en marcha una gran consulta con j\u00f3venes de todo el mundo para averiguar c\u00f3mo cambiar los h\u00e1bitos relacionados con el pl\u00e1stico.","breadcrumb":{"@id":"https:\/\/plasticodyssey.org\/es\/soluciones\/exploration-school\/ciencia-participativa\/#breadcrumb"},"inLanguage":"es","potentialAction":[{"@type":"ReadAction","target":["https:\/\/plasticodyssey.org\/es\/soluciones\/exploration-school\/ciencia-participativa\/"]}]},{"@type":"ImageObject","inLanguage":"es","@id":"https:\/\/plasticodyssey.org\/es\/soluciones\/exploration-school\/ciencia-participativa\/#primaryimage","url":"https:\/\/plasticodyssey.org\/wp-content\/uploads\/2023\/03\/Questionnaire-pollution-plastique-enfant.jpg","contentUrl":"https:\/\/plasticodyssey.org\/wp-content\/uploads\/2023\/03\/Questionnaire-pollution-plastique-enfant.jpg","width":1080,"height":608},{"@type":"BreadcrumbList","@id":"https:\/\/plasticodyssey.org\/es\/soluciones\/exploration-school\/ciencia-participativa\/#breadcrumb","itemListElement":[{"@type":"ListItem","position":1,"name":"Accueil","item":"https:\/\/plasticodyssey.org\/es\/inicio\/"},{"@type":"ListItem","position":2,"name":"Soluciones","item":"https:\/\/plasticodyssey.org\/es\/soluciones\/"},{"@type":"ListItem","position":3,"name":"Exploration School","item":"https:\/\/plasticodyssey.org\/es\/soluciones\/exploration-school\/"},{"@type":"ListItem","position":4,"name":"Ciencia participativa"}]},{"@type":"WebSite","@id":"https:\/\/plasticodyssey.org\/es\/#website","url":"https:\/\/plasticodyssey.org\/es\/","name":"Plastic Odyssey","description":"L&#039;exp\u00e9dition autour du monde contre la pollution plastique","publisher":{"@id":"https:\/\/plasticodyssey.org\/es\/#organization"},"potentialAction":[{"@type":"SearchAction","target":{"@type":"EntryPoint","urlTemplate":"https:\/\/plasticodyssey.org\/es\/?s={search_term_string}"},"query-input":{"@type":"PropertyValueSpecification","valueRequired":true,"valueName":"search_term_string"}}],"inLanguage":"es"},{"@type":"Organization","@id":"https:\/\/plasticodyssey.org\/es\/#organization","name":"Plastic Odyssey","url":"https:\/\/plasticodyssey.org\/es\/","logo":{"@type":"ImageObject","inLanguage":"es","@id":"https:\/\/plasticodyssey.org\/es\/#\/schema\/logo\/image\/","url":"https:\/\/plasticodyssey.org\/wp-content\/uploads\/2020\/02\/navire-plastic-odyssey-coucher-soleil.jpg","contentUrl":"https:\/\/plasticodyssey.org\/wp-content\/uploads\/2020\/02\/navire-plastic-odyssey-coucher-soleil.jpg","width":1920,"height":1080,"caption":"Plastic Odyssey"},"image":{"@id":"https:\/\/plasticodyssey.org\/es\/#\/schema\/logo\/image\/"},"sameAs":["https:\/\/www.facebook.com\/plasticodyssey\/","https:\/\/x.com\/plasticodyssey","https:\/\/www.instagram.com\/plasticodyssey\/","https:\/\/www.linkedin.com\/company\/plastic-odyssey\/","https:\/\/www.youtube.com\/channel\/UC4UNxaIW9ODIuLGJaTrhnow"]}]}},"_links":{"self":[{"href":"https:\/\/plasticodyssey.org\/es\/wp-json\/wp\/v2\/pages\/32948","targetHints":{"allow":["GET"]}}],"collection":[{"href":"https:\/\/plasticodyssey.org\/es\/wp-json\/wp\/v2\/pages"}],"about":[{"href":"https:\/\/plasticodyssey.org\/es\/wp-json\/wp\/v2\/types\/page"}],"author":[{"embeddable":true,"href":"https:\/\/plasticodyssey.org\/es\/wp-json\/wp\/v2\/users\/83"}],"replies":[{"embeddable":true,"href":"https:\/\/plasticodyssey.org\/es\/wp-json\/wp\/v2\/comments?post=32948"}],"version-history":[{"count":10,"href":"https:\/\/plasticodyssey.org\/es\/wp-json\/wp\/v2\/pages\/32948\/revisions"}],"predecessor-version":[{"id":36125,"href":"https:\/\/plasticodyssey.org\/es\/wp-json\/wp\/v2\/pages\/32948\/revisions\/36125"}],"up":[{"embeddable":true,"href":"https:\/\/plasticodyssey.org\/es\/wp-json\/wp\/v2\/pages\/32863"}],"wp:featuredmedia":[{"embeddable":true,"href":"https:\/\/plasticodyssey.org\/es\/wp-json\/wp\/v2\/media\/32355"}],"wp:attachment":[{"href":"https:\/\/plasticodyssey.org\/es\/wp-json\/wp\/v2\/media?parent=32948"}],"curies":[{"name":"wp","href":"https:\/\/api.w.org\/{rel}","templated":true}]}}