{"id":33290,"date":"2021-04-06T22:18:00","date_gmt":"2021-04-06T20:18:00","guid":{"rendered":"https:\/\/plasticodyssey.org\/patrocinio\/"},"modified":"2023-07-06T11:56:18","modified_gmt":"2023-07-06T09:56:18","slug":"patrocinio","status":"publish","type":"page","link":"https:\/\/plasticodyssey.org\/es\/patrocinio\/","title":{"rendered":"Patrocinio"},"content":{"rendered":"<div class=\"wpb-content-wrapper\"><p>[vc_row css_animation=\u00bb\u00bb row_type=\u00bbrow\u00bb use_row_as_full_screen_section=\u00bbno\u00bb type=\u00bbgrid\u00bb angled_section=\u00bbno\u00bb text_align=\u00bbleft\u00bb background_image_as_pattern=\u00bbwithout_pattern\u00bb background_image=\u00bb8922&#8243; el_class=\u00bbsk_headpage_escales\u00bb z_index=\u00bb\u00bb][vc_column css_animation=\u00bbnone\u00bb width=\u00bb2\/3&#8243;][vc_column_text el_class=\u00bbwhite mt2&#8243;]<\/p>\n<h1><span class=\"sk_highlight_red\">Patrocinadores<\/span> que apoyan a la asociaci\u00f3n<\/h1>\n<p>Apoyo filantr\u00f3pico a las acciones de sensibilizaci\u00f3n sobre la contaminaci\u00f3n por pl\u00e1sticos llevadas a cabo en tierra con los habitantes de las ciudades de escala.[\/vc_column_text]<a  itemprop=\"url\" href=\"#more\" target=\"_self\"  class=\"qbutton  default sk_cta_border\" style=\"\">Descubrir<span aria-hidden=\"true\" class=\"qode_icon_font_elegant arrow_down qode_button_icon_element\"><\/span><\/a><a  itemprop=\"url\" href=\"#devenirpartenaire\" target=\"_self\"  class=\"qbutton  default sk_cta_border ml2\" style=\"\">H\u00e1gase socio<span aria-hidden=\"true\" class=\"qode_icon_font_elegant arrow_down qode_button_icon_element\"><\/span><\/a>[\/vc_column][\/vc_row][vc_row css_animation=\u00bb\u00bb row_type=\u00bbrow\u00bb use_row_as_full_screen_section=\u00bbno\u00bb type=\u00bbgrid\u00bb angled_section=\u00bbno\u00bb text_align=\u00bbleft\u00bb background_image_as_pattern=\u00bbwithout_pattern\u00bb el_class=\u00bbpt6 pb6&#8243; z_index=\u00bb\u00bb anchor=\u00bbmore\u00bb][vc_column][vc_column_text css=\u00bb.vc_custom_1617740079464{margin-top: 20px !important;margin-bottom: 40px !important;}\u00bb]<\/p>\n<h2>Patrocinio<\/h2>\n<p>Los patrocinadores invierten en la asociaci\u00f3n Plastic Odyssey Community contribuyendo activamente a los proyectos del pueblo itinerante a bordo del barco laboratorio durante la duraci\u00f3n de la expedici\u00f3n.[\/vc_column_text][qode_clients columns=\u00bbthree_columns\u00bb hover_effect=\u00bbdefault\u00bb disable_separators=\u00bbyes\u00bb][qode_client link_target=\u00bb_blank\u00bb image=\u00bb13732&#8243; link=\u00bbhttps:\/\/www.fonds-albertmarie.com\/\u00bb][qode_client link_target=\u00bb_blank\u00bb image=\u00bb3552&#8243; link=\u00bbhttp:\/\/www.procapital.fr\/\u00bb][qode_client link_target=\u00bb_blank\u00bb image=\u00bb5818&#8243; link=\u00bbhttps:\/\/feelingo.com\/\u00bb][qode_client link_target=\u00bb_blank\u00bb image=\u00bb9355&#8243; link=\u00bbhttps:\/\/www.showroomprive.com\/\u00bb][qode_client link_target=\u00bb_blank\u00bb image=\u00bb12627&#8243; link=\u00bbhttps:\/\/domorrow.org\/\u00bb][qode_client link_target=\u00bb_blank\u00bb image=\u00bb12623&#8243; link=\u00bbhttps:\/\/www.positiveplanet.ngo\/\u00bb][qode_client link_target=\u00bb_blank\u00bb image=\u00bb12625&#8243; link=\u00bb#\u00bb][qode_client link_target=\u00bb_blank\u00bb image=\u00bb12631&#8243; link=\u00bbhttps:\/\/erget-group.com\/fr\/\u00bb][qode_client link_target=\u00bb_blank\u00bb image=\u00bb28787&#8243; link=\u00bbhttps:\/\/www.oilgear.com\/paris-france\/\u00bb][qode_client link_target=\u00bb_blank\u00bb image=\u00bb28789&#8243; link=\u00bbhttps:\/\/www.aurexia.com\/fr\/\u00bb][qode_client link_target=\u00bb_blank\u00bb image=\u00bb28791&#8243; link=\u00bbhttps:\/\/www.haenggi-associes.com\/\u00bb][qode_client link_target=\u00bb_blank\u00bb image=\u00bb28793&#8243; link=\u00bbhttps:\/\/www.optimalways.com\/fr\/\u00bb][\/qode_clients][\/vc_column][\/vc_row][vc_row css_animation=\u00bb\u00bb row_type=\u00bbrow\u00bb use_row_as_full_screen_section=\u00bbno\u00bb type=\u00bbgrid\u00bb angled_section=\u00bbno\u00bb text_align=\u00bbleft\u00bb background_image_as_pattern=\u00bbwithout_pattern\u00bb z_index=\u00bb\u00bb background_color=\u00bb#eaebed\u00bb anchor=\u00bbdevenirpartenaire\u00bb el_class=\u00bbpt6 pb6 devenirpartenaire\u00bb css=\u00bb.vc_custom_1678911433909{margin-bottom: 10px !important;}\u00bb][vc_column css=\u00bb.vc_custom_1584659589951{margin-bottom: 40px !important;}\u00bb][vc_column_text]<\/p>\n<h2 style=\"text-align: left;\">H\u00e1gase socio<\/h2>\n<h3 style=\"text-align: left;\">Escribiremos juntos el pr\u00f3ximo cap\u00edtulo.<\/h3>\n<p style=\"text-align: left;\">\u00bfRepresenta a una empresa, asociaci\u00f3n o instituci\u00f3n y le gustar\u00eda colaborar con nosotros? Puede convertirse en socio del proyecto. Necesitamos tu ayuda para hacer posible esta aventura y construir un mundo sin pl\u00e1stico en el oc\u00e9ano.<\/p>\n<p>[\/vc_column_text][\/vc_column][vc_column width=\u00bb1\/2&#8243; css=\u00bb.vc_custom_1594805752125{margin-bottom: 60px !important;}\u00bb el_class=\u00bbtablet_fullwidth\u00bb][qode_content_slider enable_drag=\u00bbno\u00bb direction_nav=\u00bbno\u00bb control_nav=\u00bbyes\u00bb control_nav_justify=\u00bbno\u00bb pause_on_hover=\u00bbyes\u00bb][qode_content_slider_item][vc_single_image image=\u00bb30292&#8243; img_size=\u00bbfull\u00bb alignment=\u00bbcenter\u00bb onclick=\u00bbcustom_link\u00bb qode_css_animation=\u00bb\u00bb link=\u00bbhttps:\/\/plasticodyssey.org\/es\/socios\/#contactformpartners\u00bb][vc_column_text css=\u00bb.vc_custom_1585311651817{padding-top: 20px !important;padding-right: 20px !important;padding-bottom: 50px !important;padding-left: 20px !important;background-color: #ffffff !important;}\u00bb]<\/p>\n<h3 style=\"text-align: center;\"><span style=\"color: #ff5a60;\">Asociaci\u00f3n<\/span><\/h3>\n<h4 style=\"text-align: center;\">Asocie su marca a un proyecto medioambiental<\/h4>\n<p style=\"text-align: center;\">Promoci\u00f3n de su empresa en el buque y en el centro de reciclaje de a bordo.<\/p>\n<p>[\/vc_column_text][\/qode_content_slider_item][qode_content_slider_item][vc_single_image image=\u00bb30326&#8243; img_size=\u00bbfull\u00bb alignment=\u00bbcenter\u00bb onclick=\u00bbcustom_link\u00bb qode_css_animation=\u00bb\u00bb link=\u00bbhttps:\/\/plasticodyssey.org\/es\/socios\/#contactformpartners\u00bb][vc_column_text css=\u00bb.vc_custom_1594208940178{padding-top: 20px !important;padding-right: 20px !important;padding-bottom: 50px !important;padding-left: 20px !important;background-color: #ffffff !important;}\u00bb]<\/p>\n<h3 style=\"text-align: center;\"><span style=\"color: #ff5a60;\">Patrocinio<\/span><\/h3>\n<h4 style=\"text-align: center;\">Benef\u00edciese de una reducci\u00f3n fiscal del 66<\/h4>\n<p style=\"text-align: center;\">Apoyo filantr\u00f3pico a las acciones llevadas a cabo en tierra con los habitantes de las ciudades de escala.<\/p>\n<p>[\/vc_column_text][\/qode_content_slider_item][\/qode_content_slider][\/vc_column][vc_column width=\u00bb1\/2&#8243; css=\u00bb.vc_custom_1594805757042{margin-bottom: 20px !important;padding-right: 5% !important;padding-left: 5% !important;}\u00bb el_class=\u00bbtablet_fullwidth\u00bb][vc_column_text css=\u00bb.vc_custom_1593101120227{margin-bottom: 10px !important;}\u00bb]<\/p>\n<h3>Solicitud de asociaci\u00f3n<\/h3>\n<p>[\/vc_column_text]\n<div class=\"wpcf7 no-js\" id=\"wpcf7-f35361-o1\" lang=\"es-ES\" dir=\"ltr\" data-wpcf7-id=\"35361\">\n<div class=\"screen-reader-response\"><p role=\"status\" aria-live=\"polite\" aria-atomic=\"true\"><\/p> <ul><\/ul><\/div>\n<form action=\"\/es\/wp-json\/wp\/v2\/pages\/33290#wpcf7-f35361-o1\" method=\"post\" class=\"wpcf7-form init cf7_custom_style_3\" aria-label=\"Formulario de contacto\" novalidate=\"novalidate\" data-status=\"init\">\n<fieldset class=\"hidden-fields-container\"><input type=\"hidden\" name=\"_wpcf7\" value=\"35361\" \/><input type=\"hidden\" name=\"_wpcf7_version\" value=\"6.1.5\" \/><input type=\"hidden\" name=\"_wpcf7_locale\" value=\"es_ES\" \/><input type=\"hidden\" name=\"_wpcf7_unit_tag\" value=\"wpcf7-f35361-o1\" \/><input type=\"hidden\" name=\"_wpcf7_container_post\" value=\"0\" \/><input type=\"hidden\" name=\"_wpcf7_posted_data_hash\" value=\"\" \/><input type=\"hidden\" name=\"_wpcf7cf_hidden_group_fields\" value=\"[]\" \/><input type=\"hidden\" name=\"_wpcf7cf_hidden_groups\" value=\"[]\" \/><input type=\"hidden\" name=\"_wpcf7cf_visible_groups\" value=\"[]\" \/><input type=\"hidden\" name=\"_wpcf7cf_repeaters\" value=\"[]\" \/><input type=\"hidden\" name=\"_wpcf7cf_steps\" value=\"{}\" \/><input type=\"hidden\" name=\"_wpcf7cf_options\" value=\"{&quot;form_id&quot;:35361,&quot;conditions&quot;:[],&quot;settings&quot;:{&quot;animation&quot;:&quot;yes&quot;,&quot;animation_intime&quot;:200,&quot;animation_outtime&quot;:200,&quot;conditions_ui&quot;:&quot;normal&quot;,&quot;notice_dismissed&quot;:false}}\" \/><input type=\"hidden\" name=\"_wpcf7_recaptcha_response\" value=\"\" \/>\n<\/fieldset>\n<div class=\"two_columns_50_50 clearfix\">\n\t<div class=\"column1\">\n\t\t<div class=\"column_inner\">\n\t\t\t<p><span class=\"wpcf7-form-control-wrap\" data-name=\"text-nomprenom\"><input size=\"40\" maxlength=\"400\" class=\"wpcf7-form-control wpcf7-text wpcf7-validates-as-required\" aria-required=\"true\" aria-invalid=\"false\" placeholder=\"Nombre y apellidos*\" value=\"\" type=\"text\" name=\"text-nomprenom\" \/><\/span>\n\t\t\t<\/p>\n\t\t<\/div>\n\t<\/div>\n\t<div class=\"column2\">\n\t\t<div class=\"column_inner\">\n\t\t\t<p><span class=\"wpcf7-form-control-wrap\" data-name=\"email-mail\"><input size=\"40\" maxlength=\"400\" class=\"wpcf7-form-control wpcf7-email wpcf7-validates-as-required wpcf7-text wpcf7-validates-as-email\" aria-required=\"true\" aria-invalid=\"false\" placeholder=\"Correo electr\u00f3nico*\" value=\"\" type=\"email\" name=\"email-mail\" \/><\/span>\n\t\t\t<\/p>\n\t\t<\/div>\n\t<\/div>\n<\/div>\n<div class=\"two_columns_50_50 clearfix\">\n\t<div class=\"column1\">\n\t\t<div class=\"column_inner\">\n\t\t\t<p><span class=\"wpcf7-form-control-wrap\" data-name=\"tel-partners\"><input size=\"40\" maxlength=\"400\" class=\"wpcf7-form-control wpcf7-tel wpcf7-text wpcf7-validates-as-tel\" aria-invalid=\"false\" placeholder=\"Tel\u00e9fono\" value=\"\" type=\"tel\" name=\"tel-partners\" \/><\/span>\n\t\t\t<\/p>\n\t\t<\/div>\n\t<\/div>\n\t<div class=\"column2\">\n\t\t<div class=\"column_inner\">\n\t\t\t<p><span class=\"wpcf7-form-control-wrap\" data-name=\"menu-vousetes\"><select class=\"wpcf7-form-control wpcf7-select wpcf7-validates-as-required\" aria-required=\"true\" aria-invalid=\"false\" name=\"menu-vousetes\"><option value=\"\u00bfQui\u00e9n es usted? (Seleccionar)*\">\u00bfQui\u00e9n es usted? (Seleccionar)*<\/option><option value=\"Una empresa\/marca\">Una empresa\/marca<\/option><option value=\"Una asociaci\u00f3n\">Una asociaci\u00f3n<\/option><option value=\"Una instituci\u00f3n\">Una instituci\u00f3n<\/option><option value=\"Otro\">Otro<\/option><\/select><\/span>\n\t\t\t<\/p>\n\t\t<\/div>\n\t<\/div>\n<\/div>\n<p><span class=\"wpcf7-form-control-wrap\" data-name=\"textarea-details\"><textarea cols=\"40\" rows=\"10\" maxlength=\"2000\" class=\"wpcf7-form-control wpcf7-textarea wpcf7-validates-as-required\" aria-required=\"true\" aria-invalid=\"false\" placeholder=\"\u00bfPor qu\u00e9 le gustar\u00eda convertirse en socio o patrocinador?*\" name=\"textarea-details\"><\/textarea><\/span>\n<\/p>\n<div class=\"mt1\">\n\t<p><span class=\"wpcf7-form-control-wrap\" data-name=\"acceptance-donnees\"><span class=\"wpcf7-form-control wpcf7-acceptance\"><span class=\"wpcf7-list-item\"><label><input type=\"checkbox\" name=\"acceptance-donnees\" value=\"1\" aria-invalid=\"false\" \/><span class=\"wpcf7-list-item-label\">Por favor, acepte nuestra <a target=\"blank\" href=\"\/es\/informacion-juridica\/\">Pol\u00edtica de privacidad<\/a>.<\/span><\/label><\/span><\/span><\/span>\n\t<\/p>\n<\/div>\n<div class=\"mt1\">\n\t<p><input class=\"wpcf7-form-control wpcf7-submit has-spinner\" type=\"submit\" value=\"Enviar\" \/>\n\t<\/p>\n<\/div><input type='hidden' class='wpcf7-pum' value='{\"closepopup\":false,\"closedelay\":0,\"openpopup\":false,\"openpopup_id\":0}' \/><div class=\"wpcf7-response-output\" aria-hidden=\"true\"><\/div>\n<\/form>\n<\/div>\n[\/vc_column][\/vc_row]<\/p>\n<\/div>","protected":false},"excerpt":{"rendered":"<p>[vc_row css_animation=\u00bb\u00bb row_type=\u00bbrow\u00bb use_row_as_full_screen_section=\u00bbno\u00bb type=\u00bbgrid\u00bb angled_section=\u00bbno\u00bb text_align=\u00bbleft\u00bb background_image_as_pattern=\u00bbwithout_pattern\u00bb background_image=\u00bb8922&#8243; el_class=\u00bbsk_headpage_escales\u00bb z_index=\u00bb\u00bb][vc_column css_animation=\u00bbnone\u00bb width=\u00bb2\/3&#8243;][vc_column_text el_class=\u00bbwhite mt2&#8243;] Patrocinadores que apoyan a la asociaci\u00f3n Apoyo filantr\u00f3pico a las acciones de sensibilizaci\u00f3n sobre la contaminaci\u00f3n por pl\u00e1sticos llevadas a&#8230;<\/p>\n","protected":false},"author":3,"featured_media":30765,"parent":0,"menu_order":8,"comment_status":"closed","ping_status":"closed","template":"full_width.php","meta":{"footnotes":""},"class_list":["post-33290","page","type-page","status-publish","has-post-thumbnail","hentry"],"yoast_head":"<!-- This site is optimized with the Yoast SEO plugin v25.5 - https:\/\/yoast.com\/wordpress\/plugins\/seo\/ -->\n<title>Patrocinio | Plastic Odyssey<\/title>\n<meta name=\"description\" content=\"Apoyo filantr\u00f3pico a las acciones de sensibilizaci\u00f3n sobre la contaminaci\u00f3n por pl\u00e1sticos llevadas a cabo en tierra con los habitantes de las ciudades de escala.\" \/>\n<meta name=\"robots\" content=\"index, follow, max-snippet:-1, max-image-preview:large, max-video-preview:-1\" \/>\n<link rel=\"canonical\" href=\"https:\/\/plasticodyssey.org\/es\/patrocinio\/\" \/>\n<meta property=\"og:locale\" content=\"es_ES\" \/>\n<meta property=\"og:type\" content=\"article\" \/>\n<meta property=\"og:title\" content=\"Patrocinio | Plastic Odyssey\" \/>\n<meta property=\"og:description\" content=\"Apoyo filantr\u00f3pico a las acciones de sensibilizaci\u00f3n sobre la contaminaci\u00f3n por pl\u00e1sticos llevadas a cabo en tierra con los habitantes de las ciudades de escala.\" \/>\n<meta property=\"og:url\" content=\"https:\/\/plasticodyssey.org\/es\/patrocinio\/\" \/>\n<meta property=\"og:site_name\" content=\"Plastic Odyssey\" \/>\n<meta property=\"article:publisher\" content=\"https:\/\/www.facebook.com\/plasticodyssey\/\" \/>\n<meta property=\"article:modified_time\" content=\"2023-07-06T09:56:18+00:00\" \/>\n<meta property=\"og:image\" content=\"https:\/\/plasticodyssey.org\/wp-content\/uploads\/2020\/10\/service-civique-partenariat.jpg\" \/>\n\t<meta property=\"og:image:width\" content=\"1920\" \/>\n\t<meta property=\"og:image:height\" content=\"1080\" \/>\n\t<meta property=\"og:image:type\" content=\"image\/jpeg\" \/>\n<meta name=\"twitter:card\" content=\"summary_large_image\" \/>\n<meta name=\"twitter:site\" content=\"@plasticodyssey\" \/>\n<meta name=\"twitter:label1\" content=\"Tiempo de lectura\" \/>\n\t<meta name=\"twitter:data1\" content=\"4 minutos\" \/>\n<script type=\"application\/ld+json\" class=\"yoast-schema-graph\">{\"@context\":\"https:\/\/schema.org\",\"@graph\":[{\"@type\":\"WebPage\",\"@id\":\"https:\/\/plasticodyssey.org\/es\/patrocinio\/\",\"url\":\"https:\/\/plasticodyssey.org\/es\/patrocinio\/\",\"name\":\"Patrocinio | Plastic Odyssey\",\"isPartOf\":{\"@id\":\"https:\/\/plasticodyssey.org\/es\/#website\"},\"primaryImageOfPage\":{\"@id\":\"https:\/\/plasticodyssey.org\/es\/patrocinio\/#primaryimage\"},\"image\":{\"@id\":\"https:\/\/plasticodyssey.org\/es\/patrocinio\/#primaryimage\"},\"thumbnailUrl\":\"https:\/\/plasticodyssey.org\/wp-content\/uploads\/2020\/10\/service-civique-partenariat.jpg\",\"datePublished\":\"2021-04-06T20:18:00+00:00\",\"dateModified\":\"2023-07-06T09:56:18+00:00\",\"description\":\"Apoyo filantr\u00f3pico a las acciones de sensibilizaci\u00f3n sobre la contaminaci\u00f3n por pl\u00e1sticos llevadas a cabo en tierra con los habitantes de las ciudades de escala.\",\"breadcrumb\":{\"@id\":\"https:\/\/plasticodyssey.org\/es\/patrocinio\/#breadcrumb\"},\"inLanguage\":\"es\",\"potentialAction\":[{\"@type\":\"ReadAction\",\"target\":[\"https:\/\/plasticodyssey.org\/es\/patrocinio\/\"]}]},{\"@type\":\"ImageObject\",\"inLanguage\":\"es\",\"@id\":\"https:\/\/plasticodyssey.org\/es\/patrocinio\/#primaryimage\",\"url\":\"https:\/\/plasticodyssey.org\/wp-content\/uploads\/2020\/10\/service-civique-partenariat.jpg\",\"contentUrl\":\"https:\/\/plasticodyssey.org\/wp-content\/uploads\/2020\/10\/service-civique-partenariat.jpg\",\"width\":1920,\"height\":1080},{\"@type\":\"BreadcrumbList\",\"@id\":\"https:\/\/plasticodyssey.org\/es\/patrocinio\/#breadcrumb\",\"itemListElement\":[{\"@type\":\"ListItem\",\"position\":1,\"name\":\"Accueil\",\"item\":\"https:\/\/plasticodyssey.org\/es\/inicio\/\"},{\"@type\":\"ListItem\",\"position\":2,\"name\":\"Patrocinio\"}]},{\"@type\":\"WebSite\",\"@id\":\"https:\/\/plasticodyssey.org\/es\/#website\",\"url\":\"https:\/\/plasticodyssey.org\/es\/\",\"name\":\"Plastic Odyssey\",\"description\":\"L&#039;exp\u00e9dition autour du monde contre la pollution plastique\",\"publisher\":{\"@id\":\"https:\/\/plasticodyssey.org\/es\/#organization\"},\"potentialAction\":[{\"@type\":\"SearchAction\",\"target\":{\"@type\":\"EntryPoint\",\"urlTemplate\":\"https:\/\/plasticodyssey.org\/es\/?s={search_term_string}\"},\"query-input\":{\"@type\":\"PropertyValueSpecification\",\"valueRequired\":true,\"valueName\":\"search_term_string\"}}],\"inLanguage\":\"es\"},{\"@type\":\"Organization\",\"@id\":\"https:\/\/plasticodyssey.org\/es\/#organization\",\"name\":\"Plastic Odyssey\",\"url\":\"https:\/\/plasticodyssey.org\/es\/\",\"logo\":{\"@type\":\"ImageObject\",\"inLanguage\":\"es\",\"@id\":\"https:\/\/plasticodyssey.org\/es\/#\/schema\/logo\/image\/\",\"url\":\"https:\/\/plasticodyssey.org\/wp-content\/uploads\/2020\/02\/navire-plastic-odyssey-coucher-soleil.jpg\",\"contentUrl\":\"https:\/\/plasticodyssey.org\/wp-content\/uploads\/2020\/02\/navire-plastic-odyssey-coucher-soleil.jpg\",\"width\":1920,\"height\":1080,\"caption\":\"Plastic Odyssey\"},\"image\":{\"@id\":\"https:\/\/plasticodyssey.org\/es\/#\/schema\/logo\/image\/\"},\"sameAs\":[\"https:\/\/www.facebook.com\/plasticodyssey\/\",\"https:\/\/x.com\/plasticodyssey\",\"https:\/\/www.instagram.com\/plasticodyssey\/\",\"https:\/\/www.linkedin.com\/company\/plastic-odyssey\/\",\"https:\/\/www.youtube.com\/channel\/UC4UNxaIW9ODIuLGJaTrhnow\"]}]}<\/script>\n<!-- \/ Yoast SEO plugin. -->","yoast_head_json":{"title":"Patrocinio | Plastic Odyssey","description":"Apoyo filantr\u00f3pico a las acciones de sensibilizaci\u00f3n sobre la contaminaci\u00f3n por pl\u00e1sticos llevadas a cabo en tierra con los habitantes de las ciudades de escala.","robots":{"index":"index","follow":"follow","max-snippet":"max-snippet:-1","max-image-preview":"max-image-preview:large","max-video-preview":"max-video-preview:-1"},"canonical":"https:\/\/plasticodyssey.org\/es\/patrocinio\/","og_locale":"es_ES","og_type":"article","og_title":"Patrocinio | Plastic Odyssey","og_description":"Apoyo filantr\u00f3pico a las acciones de sensibilizaci\u00f3n sobre la contaminaci\u00f3n por pl\u00e1sticos llevadas a cabo en tierra con los habitantes de las ciudades de escala.","og_url":"https:\/\/plasticodyssey.org\/es\/patrocinio\/","og_site_name":"Plastic Odyssey","article_publisher":"https:\/\/www.facebook.com\/plasticodyssey\/","article_modified_time":"2023-07-06T09:56:18+00:00","og_image":[{"width":1920,"height":1080,"url":"https:\/\/plasticodyssey.org\/wp-content\/uploads\/2020\/10\/service-civique-partenariat.jpg","type":"image\/jpeg"}],"twitter_card":"summary_large_image","twitter_site":"@plasticodyssey","twitter_misc":{"Tiempo de lectura":"4 minutos"},"schema":{"@context":"https:\/\/schema.org","@graph":[{"@type":"WebPage","@id":"https:\/\/plasticodyssey.org\/es\/patrocinio\/","url":"https:\/\/plasticodyssey.org\/es\/patrocinio\/","name":"Patrocinio | Plastic Odyssey","isPartOf":{"@id":"https:\/\/plasticodyssey.org\/es\/#website"},"primaryImageOfPage":{"@id":"https:\/\/plasticodyssey.org\/es\/patrocinio\/#primaryimage"},"image":{"@id":"https:\/\/plasticodyssey.org\/es\/patrocinio\/#primaryimage"},"thumbnailUrl":"https:\/\/plasticodyssey.org\/wp-content\/uploads\/2020\/10\/service-civique-partenariat.jpg","datePublished":"2021-04-06T20:18:00+00:00","dateModified":"2023-07-06T09:56:18+00:00","description":"Apoyo filantr\u00f3pico a las acciones de sensibilizaci\u00f3n sobre la contaminaci\u00f3n por pl\u00e1sticos llevadas a cabo en tierra con los habitantes de las ciudades de escala.","breadcrumb":{"@id":"https:\/\/plasticodyssey.org\/es\/patrocinio\/#breadcrumb"},"inLanguage":"es","potentialAction":[{"@type":"ReadAction","target":["https:\/\/plasticodyssey.org\/es\/patrocinio\/"]}]},{"@type":"ImageObject","inLanguage":"es","@id":"https:\/\/plasticodyssey.org\/es\/patrocinio\/#primaryimage","url":"https:\/\/plasticodyssey.org\/wp-content\/uploads\/2020\/10\/service-civique-partenariat.jpg","contentUrl":"https:\/\/plasticodyssey.org\/wp-content\/uploads\/2020\/10\/service-civique-partenariat.jpg","width":1920,"height":1080},{"@type":"BreadcrumbList","@id":"https:\/\/plasticodyssey.org\/es\/patrocinio\/#breadcrumb","itemListElement":[{"@type":"ListItem","position":1,"name":"Accueil","item":"https:\/\/plasticodyssey.org\/es\/inicio\/"},{"@type":"ListItem","position":2,"name":"Patrocinio"}]},{"@type":"WebSite","@id":"https:\/\/plasticodyssey.org\/es\/#website","url":"https:\/\/plasticodyssey.org\/es\/","name":"Plastic Odyssey","description":"L&#039;exp\u00e9dition autour du monde contre la pollution plastique","publisher":{"@id":"https:\/\/plasticodyssey.org\/es\/#organization"},"potentialAction":[{"@type":"SearchAction","target":{"@type":"EntryPoint","urlTemplate":"https:\/\/plasticodyssey.org\/es\/?s={search_term_string}"},"query-input":{"@type":"PropertyValueSpecification","valueRequired":true,"valueName":"search_term_string"}}],"inLanguage":"es"},{"@type":"Organization","@id":"https:\/\/plasticodyssey.org\/es\/#organization","name":"Plastic Odyssey","url":"https:\/\/plasticodyssey.org\/es\/","logo":{"@type":"ImageObject","inLanguage":"es","@id":"https:\/\/plasticodyssey.org\/es\/#\/schema\/logo\/image\/","url":"https:\/\/plasticodyssey.org\/wp-content\/uploads\/2020\/02\/navire-plastic-odyssey-coucher-soleil.jpg","contentUrl":"https:\/\/plasticodyssey.org\/wp-content\/uploads\/2020\/02\/navire-plastic-odyssey-coucher-soleil.jpg","width":1920,"height":1080,"caption":"Plastic Odyssey"},"image":{"@id":"https:\/\/plasticodyssey.org\/es\/#\/schema\/logo\/image\/"},"sameAs":["https:\/\/www.facebook.com\/plasticodyssey\/","https:\/\/x.com\/plasticodyssey","https:\/\/www.instagram.com\/plasticodyssey\/","https:\/\/www.linkedin.com\/company\/plastic-odyssey\/","https:\/\/www.youtube.com\/channel\/UC4UNxaIW9ODIuLGJaTrhnow"]}]}},"_links":{"self":[{"href":"https:\/\/plasticodyssey.org\/es\/wp-json\/wp\/v2\/pages\/33290","targetHints":{"allow":["GET"]}}],"collection":[{"href":"https:\/\/plasticodyssey.org\/es\/wp-json\/wp\/v2\/pages"}],"about":[{"href":"https:\/\/plasticodyssey.org\/es\/wp-json\/wp\/v2\/types\/page"}],"author":[{"embeddable":true,"href":"https:\/\/plasticodyssey.org\/es\/wp-json\/wp\/v2\/users\/3"}],"replies":[{"embeddable":true,"href":"https:\/\/plasticodyssey.org\/es\/wp-json\/wp\/v2\/comments?post=33290"}],"version-history":[{"count":2,"href":"https:\/\/plasticodyssey.org\/es\/wp-json\/wp\/v2\/pages\/33290\/revisions"}],"predecessor-version":[{"id":33292,"href":"https:\/\/plasticodyssey.org\/es\/wp-json\/wp\/v2\/pages\/33290\/revisions\/33292"}],"wp:featuredmedia":[{"embeddable":true,"href":"https:\/\/plasticodyssey.org\/es\/wp-json\/wp\/v2\/media\/30765"}],"wp:attachment":[{"href":"https:\/\/plasticodyssey.org\/es\/wp-json\/wp\/v2\/media?parent=33290"}],"curies":[{"name":"wp","href":"https:\/\/api.w.org\/{rel}","templated":true}]}}