{"id":33312,"date":"2020-02-27T19:24:04","date_gmt":"2020-02-27T18:24:04","guid":{"rendered":"https:\/\/plasticodyssey.org\/apoyar\/hacer-un-donativo\/"},"modified":"2025-11-05T10:45:04","modified_gmt":"2025-11-05T09:45:04","slug":"hacer-una-donacion","status":"publish","type":"page","link":"https:\/\/plasticodyssey.org\/es\/apoyar\/hacer-una-donacion\/","title":{"rendered":"Hacer una donaci\u00f3n"},"content":{"rendered":"<div class=\"wpb-content-wrapper\"><p>[vc_row css_animation=\u00bb\u00bb row_type=\u00bbrow\u00bb use_row_as_full_screen_section=\u00bbno\u00bb type=\u00bbfull_width\u00bb angled_section=\u00bbno\u00bb text_align=\u00bbleft\u00bb background_image_as_pattern=\u00bbwithout_pattern\u00bb z_index=\u00bb\u00bb background_color=\u00bb#1d1e3a\u00bb][vc_column][qode_elements_holder background_color=\u00bb#1d1e3a\u00bb number_of_columns=\u00bbtwo_columns\u00bb custom_class=\u00bbsk_fullheight\u00bb][qode_elements_holder_item vertical_alignment=\u00bbtop\u00bb advanced_animations=\u00bbno\u00bb item_padding=\u00bb40px 100px 100px\u00bb item_padding_600_768=\u00bb20px 20px 20px 20px\u00bb item_padding_480_600=\u00bb20px 20px 20px 20px\u00bb item_padding_480=\u00bb20px 20px 20px 20px\u00bb custom_class=\u00bbwhite\u00bb item_padding_768_1024=\u00bb20px 20px 20px 20px\u00bb item_padding_1024_1280=\u00bb60px\u00bb item_padding_1280_1440=\u00bb60px\u00bb][vc_single_image image=\u00bb56256&#8243; img_size=\u00bbfull\u00bb css=\u00bb\u00bb qode_css_animation=\u00bb\u00bb el_class=\u00bbsk_img_400 mln20&#8243;][vc_column_text css=\u00bb\u00bb el_class=\u00bbmt2&#8243;]<\/p>\n<h1>Hacer una donaci\u00f3n a la asociaci\u00f3n<\/h1>\n<p><em>Plastic Odyssey Foundation es una asociaci\u00f3n sin \u00e1nimo de lucro que se rige por la ley de 1 de julio de 1901. La asociaci\u00f3n est\u00e1 registrada en Bordeaux (Francia).<\/em><\/p>\n<p><strong>Plastic Odyssey Foundation<\/strong> es una organizaci\u00f3n ben\u00e9fica registrada, autorizada a recibir donativos y emitir recibos fiscales. Como donante privado, se <strong>beneficia de una reducci\u00f3n fiscal equivalente al 66%<\/strong> del importe abonado, hasta un l\u00edmite del 20% de la renta imponible.[\/vc_column_text][vc_separator type=\u00bbnormal\u00bb color=\u00bbrgba(255,255,255,0.3)\u00bb up=\u00bb40&#8243; down=\u00bb40&#8243;][vc_column_text css=\u00bb.vc_custom_1711719325983{margin-bottom: 20px !important;}\u00bb]<\/p>\n<h4>Por ejemplo: una donaci\u00f3n de 100 euros le costar\u00e1 en realidad 33,30 euros.<\/h4>\n<p>La reducci\u00f3n fiscal indicada en este formulario est\u00e1 reservada a los contribuyentes cuyo domicilio fiscal se encuentre en Francia. Existen acuerdos entre pa\u00edses, sobre todo en Europa. P\u00f3ngase en contacto con sus autoridades fiscales para obtener m\u00e1s informaci\u00f3n.[\/vc_column_text]<a  itemprop=\"url\" href=\"\/es\/\" target=\"_self\"  class=\"qbutton  default cta_white_bg_2\" style=\"color: #ffffff; \">Volver a la p\u00e1gina de inicio<span aria-hidden=\"true\" class=\"qode_icon_font_elegant arrow_right qode_button_icon_element\"><\/span><\/a>[\/qode_elements_holder_item][qode_elements_holder_item vertical_alignment=\u00bbtop\u00bb horizontal_alignment=\u00bbcenter\u00bb advanced_animations=\u00bbno\u00bb item_padding=\u00bb60px 100px 100px\u00bb background_color=\u00bb#eaebed\u00bb item_padding_600_768=\u00bb20px 20px 20px 20px\u00bb item_padding_480_600=\u00bb20px 20px 20px 20px\u00bb item_padding_480=\u00bb20px 20px 20px 20px\u00bb item_padding_768_1024=\u00bb20px 20px 20px 20px\u00bb item_padding_1024_1280=\u00bb60px\u00bb item_padding_1280_1440=\u00bb60px\u00bb][vc_column_text css=\u00bb\u00bb el_class=\u00bbpb2&#8243;]\u26a0\ufe0f \u00a1Si tiene alg\u00fan problema con el formulario, vaya a <a href=\"https:\/\/www.helloasso.com\/associations\/plastic-odyssey-foundation\/formulaires\/1\" target=\"_blank\" rel=\"noopener\"><strong>esta p\u00e1gina<\/strong><\/a>![\/vc_column_text][vc_raw_html css=\u00bb\u00bb]PGlmcmFtZSBpZD0iaGFXaWRnZXRMaWdodCIgYWxsb3d0cmFuc3BhcmVuY3k9InRydWUiIGFsbG93PSJwYXltZW50IiBzY3JvbGxpbmc9ImF1dG8iIHNyYz0iaHR0cHM6Ly93d3cuaGVsbG9hc3NvLmNvbS9hc3NvY2lhdGlvbnMvcGxhc3RpYy1vZHlzc2V5LWZvdW5kYXRpb24vZm9ybXVsYWlyZXMvMS93aWRnZXQ\/dmlldz1mb3JtIiBzdHlsZT0id2lkdGg6IGNsYW1wKDMwMHB4LCAxMDAlLCAyNnJlbSk7IG1hcmdpbjogMCBhdXRvOyBib3JkZXI6IG5vbmU7IiBvbmxvYWQ9IndpbmRvdy5hZGRFdmVudExpc3RlbmVyKCdtZXNzYWdlJywgZSA9Jmd0OyB7Y29uc3QgZGF0YUhlaWdodCA9IGUuZGF0YS5oZWlnaHQ7IGNvbnN0IGhhV2lkZ2V0RWxlbWVudCA9IGRvY3VtZW50LmdldEVsZW1lbnRCeUlkKCdoYVdpZGdldExpZ2h0Jyk7IGhhV2lkZ2V0RWxlbWVudC5oZWlnaHQgPSBkYXRhSGVpZ2h0ICsgJ3B4Jzt9KSI+PC9pZnJhbWU+[\/vc_raw_html][\/qode_elements_holder_item][\/qode_elements_holder][\/vc_column][\/vc_row]<\/p>\n<\/div>","protected":false},"excerpt":{"rendered":"<p>[vc_row css_animation=\u00bb\u00bb row_type=\u00bbrow\u00bb use_row_as_full_screen_section=\u00bbno\u00bb type=\u00bbfull_width\u00bb angled_section=\u00bbno\u00bb text_align=\u00bbleft\u00bb background_image_as_pattern=\u00bbwithout_pattern\u00bb z_index=\u00bb\u00bb background_color=\u00bb#1d1e3a\u00bb][vc_column][qode_elements_holder background_color=\u00bb#1d1e3a\u00bb number_of_columns=\u00bbtwo_columns\u00bb custom_class=\u00bbsk_fullheight\u00bb][qode_elements_holder_item vertical_alignment=\u00bbtop\u00bb advanced_animations=\u00bbno\u00bb item_padding=\u00bb40px 100px 100px\u00bb item_padding_600_768=\u00bb20px 20px 20px 20px\u00bb item_padding_480_600=\u00bb20px 20px 20px 20px\u00bb item_padding_480=\u00bb20px 20px 20px 20px\u00bb custom_class=\u00bbwhite\u00bb item_padding_768_1024=\u00bb20px 20px 20px 20px\u00bb&#8230;<\/p>\n","protected":false},"author":3,"featured_media":30632,"parent":33297,"menu_order":1,"comment_status":"closed","ping_status":"closed","template":"landing_page.php","meta":{"footnotes":""},"class_list":["post-33312","page","type-page","status-publish","has-post-thumbnail","hentry"],"yoast_head":"<!-- This site is optimized with the Yoast SEO plugin v25.5 - https:\/\/yoast.com\/wordpress\/plugins\/seo\/ -->\n<title>Hacer una donaci\u00f3n a la asociaci\u00f3n | Plastic Odyssey<\/title>\n<meta name=\"description\" content=\"Sus donativos servir\u00e1n para escribir la siguiente parte de la aventura y nos ayudar\u00e1n a financiar la preparaci\u00f3n de la vuelta al mundo y la producci\u00f3n de herramientas educativas.\" \/>\n<meta name=\"robots\" content=\"index, follow, max-snippet:-1, max-image-preview:large, max-video-preview:-1\" \/>\n<link rel=\"canonical\" href=\"https:\/\/plasticodyssey.org\/es\/apoyar\/hacer-una-donacion\/\" \/>\n<meta property=\"og:locale\" content=\"es_ES\" \/>\n<meta property=\"og:type\" content=\"article\" \/>\n<meta property=\"og:title\" content=\"Hacer una donaci\u00f3n a la asociaci\u00f3n | Plastic Odyssey\" \/>\n<meta property=\"og:description\" content=\"Sus donativos servir\u00e1n para escribir la siguiente parte de la aventura y nos ayudar\u00e1n a financiar la preparaci\u00f3n de la vuelta al mundo y la producci\u00f3n de herramientas educativas.\" \/>\n<meta property=\"og:url\" content=\"https:\/\/plasticodyssey.org\/es\/apoyar\/hacer-una-donacion\/\" \/>\n<meta property=\"og:site_name\" content=\"Plastic Odyssey\" \/>\n<meta property=\"article:publisher\" content=\"https:\/\/www.facebook.com\/plasticodyssey\/\" \/>\n<meta property=\"article:modified_time\" content=\"2025-11-05T09:45:04+00:00\" \/>\n<meta property=\"og:image\" content=\"https:\/\/plasticodyssey.org\/wp-content\/uploads\/2020\/07\/plastique.jpg\" \/>\n\t<meta property=\"og:image:width\" content=\"1920\" \/>\n\t<meta property=\"og:image:height\" content=\"1080\" \/>\n\t<meta property=\"og:image:type\" content=\"image\/jpeg\" \/>\n<meta name=\"twitter:card\" content=\"summary_large_image\" \/>\n<meta name=\"twitter:site\" content=\"@plasticodyssey\" \/>\n<meta name=\"twitter:label1\" content=\"Tiempo de lectura\" \/>\n\t<meta name=\"twitter:data1\" content=\"2 minutos\" \/>\n<script type=\"application\/ld+json\" class=\"yoast-schema-graph\">{\"@context\":\"https:\/\/schema.org\",\"@graph\":[{\"@type\":\"WebPage\",\"@id\":\"https:\/\/plasticodyssey.org\/es\/apoyar\/hacer-una-donacion\/\",\"url\":\"https:\/\/plasticodyssey.org\/es\/apoyar\/hacer-una-donacion\/\",\"name\":\"Hacer una donaci\u00f3n a la asociaci\u00f3n | Plastic Odyssey\",\"isPartOf\":{\"@id\":\"https:\/\/plasticodyssey.org\/es\/#website\"},\"primaryImageOfPage\":{\"@id\":\"https:\/\/plasticodyssey.org\/es\/apoyar\/hacer-una-donacion\/#primaryimage\"},\"image\":{\"@id\":\"https:\/\/plasticodyssey.org\/es\/apoyar\/hacer-una-donacion\/#primaryimage\"},\"thumbnailUrl\":\"https:\/\/plasticodyssey.org\/wp-content\/uploads\/2020\/07\/plastique.jpg\",\"datePublished\":\"2020-02-27T18:24:04+00:00\",\"dateModified\":\"2025-11-05T09:45:04+00:00\",\"description\":\"Sus donativos servir\u00e1n para escribir la siguiente parte de la aventura y nos ayudar\u00e1n a financiar la preparaci\u00f3n de la vuelta al mundo y la producci\u00f3n de herramientas educativas.\",\"breadcrumb\":{\"@id\":\"https:\/\/plasticodyssey.org\/es\/apoyar\/hacer-una-donacion\/#breadcrumb\"},\"inLanguage\":\"es\",\"potentialAction\":[{\"@type\":\"ReadAction\",\"target\":[\"https:\/\/plasticodyssey.org\/es\/apoyar\/hacer-una-donacion\/\"]}]},{\"@type\":\"ImageObject\",\"inLanguage\":\"es\",\"@id\":\"https:\/\/plasticodyssey.org\/es\/apoyar\/hacer-una-donacion\/#primaryimage\",\"url\":\"https:\/\/plasticodyssey.org\/wp-content\/uploads\/2020\/07\/plastique.jpg\",\"contentUrl\":\"https:\/\/plasticodyssey.org\/wp-content\/uploads\/2020\/07\/plastique.jpg\",\"width\":1920,\"height\":1080},{\"@type\":\"BreadcrumbList\",\"@id\":\"https:\/\/plasticodyssey.org\/es\/apoyar\/hacer-una-donacion\/#breadcrumb\",\"itemListElement\":[{\"@type\":\"ListItem\",\"position\":1,\"name\":\"Accueil\",\"item\":\"https:\/\/plasticodyssey.org\/es\/inicio\/\"},{\"@type\":\"ListItem\",\"position\":2,\"name\":\"Ap\u00f3yanos\",\"item\":\"https:\/\/plasticodyssey.org\/es\/apoyar\/\"},{\"@type\":\"ListItem\",\"position\":3,\"name\":\"Hacer una donaci\u00f3n\"}]},{\"@type\":\"WebSite\",\"@id\":\"https:\/\/plasticodyssey.org\/es\/#website\",\"url\":\"https:\/\/plasticodyssey.org\/es\/\",\"name\":\"Plastic Odyssey\",\"description\":\"L&#039;exp\u00e9dition autour du monde contre la pollution plastique\",\"publisher\":{\"@id\":\"https:\/\/plasticodyssey.org\/es\/#organization\"},\"potentialAction\":[{\"@type\":\"SearchAction\",\"target\":{\"@type\":\"EntryPoint\",\"urlTemplate\":\"https:\/\/plasticodyssey.org\/es\/?s={search_term_string}\"},\"query-input\":{\"@type\":\"PropertyValueSpecification\",\"valueRequired\":true,\"valueName\":\"search_term_string\"}}],\"inLanguage\":\"es\"},{\"@type\":\"Organization\",\"@id\":\"https:\/\/plasticodyssey.org\/es\/#organization\",\"name\":\"Plastic Odyssey\",\"url\":\"https:\/\/plasticodyssey.org\/es\/\",\"logo\":{\"@type\":\"ImageObject\",\"inLanguage\":\"es\",\"@id\":\"https:\/\/plasticodyssey.org\/es\/#\/schema\/logo\/image\/\",\"url\":\"https:\/\/plasticodyssey.org\/wp-content\/uploads\/2020\/02\/navire-plastic-odyssey-coucher-soleil.jpg\",\"contentUrl\":\"https:\/\/plasticodyssey.org\/wp-content\/uploads\/2020\/02\/navire-plastic-odyssey-coucher-soleil.jpg\",\"width\":1920,\"height\":1080,\"caption\":\"Plastic Odyssey\"},\"image\":{\"@id\":\"https:\/\/plasticodyssey.org\/es\/#\/schema\/logo\/image\/\"},\"sameAs\":[\"https:\/\/www.facebook.com\/plasticodyssey\/\",\"https:\/\/x.com\/plasticodyssey\",\"https:\/\/www.instagram.com\/plasticodyssey\/\",\"https:\/\/www.linkedin.com\/company\/plastic-odyssey\/\",\"https:\/\/www.youtube.com\/channel\/UC4UNxaIW9ODIuLGJaTrhnow\"]}]}<\/script>\n<!-- \/ Yoast SEO plugin. -->","yoast_head_json":{"title":"Hacer una donaci\u00f3n a la asociaci\u00f3n | Plastic Odyssey","description":"Sus donativos servir\u00e1n para escribir la siguiente parte de la aventura y nos ayudar\u00e1n a financiar la preparaci\u00f3n de la vuelta al mundo y la producci\u00f3n de herramientas educativas.","robots":{"index":"index","follow":"follow","max-snippet":"max-snippet:-1","max-image-preview":"max-image-preview:large","max-video-preview":"max-video-preview:-1"},"canonical":"https:\/\/plasticodyssey.org\/es\/apoyar\/hacer-una-donacion\/","og_locale":"es_ES","og_type":"article","og_title":"Hacer una donaci\u00f3n a la asociaci\u00f3n | Plastic Odyssey","og_description":"Sus donativos servir\u00e1n para escribir la siguiente parte de la aventura y nos ayudar\u00e1n a financiar la preparaci\u00f3n de la vuelta al mundo y la producci\u00f3n de herramientas educativas.","og_url":"https:\/\/plasticodyssey.org\/es\/apoyar\/hacer-una-donacion\/","og_site_name":"Plastic Odyssey","article_publisher":"https:\/\/www.facebook.com\/plasticodyssey\/","article_modified_time":"2025-11-05T09:45:04+00:00","og_image":[{"width":1920,"height":1080,"url":"https:\/\/plasticodyssey.org\/wp-content\/uploads\/2020\/07\/plastique.jpg","type":"image\/jpeg"}],"twitter_card":"summary_large_image","twitter_site":"@plasticodyssey","twitter_misc":{"Tiempo de lectura":"2 minutos"},"schema":{"@context":"https:\/\/schema.org","@graph":[{"@type":"WebPage","@id":"https:\/\/plasticodyssey.org\/es\/apoyar\/hacer-una-donacion\/","url":"https:\/\/plasticodyssey.org\/es\/apoyar\/hacer-una-donacion\/","name":"Hacer una donaci\u00f3n a la asociaci\u00f3n | Plastic Odyssey","isPartOf":{"@id":"https:\/\/plasticodyssey.org\/es\/#website"},"primaryImageOfPage":{"@id":"https:\/\/plasticodyssey.org\/es\/apoyar\/hacer-una-donacion\/#primaryimage"},"image":{"@id":"https:\/\/plasticodyssey.org\/es\/apoyar\/hacer-una-donacion\/#primaryimage"},"thumbnailUrl":"https:\/\/plasticodyssey.org\/wp-content\/uploads\/2020\/07\/plastique.jpg","datePublished":"2020-02-27T18:24:04+00:00","dateModified":"2025-11-05T09:45:04+00:00","description":"Sus donativos servir\u00e1n para escribir la siguiente parte de la aventura y nos ayudar\u00e1n a financiar la preparaci\u00f3n de la vuelta al mundo y la producci\u00f3n de herramientas educativas.","breadcrumb":{"@id":"https:\/\/plasticodyssey.org\/es\/apoyar\/hacer-una-donacion\/#breadcrumb"},"inLanguage":"es","potentialAction":[{"@type":"ReadAction","target":["https:\/\/plasticodyssey.org\/es\/apoyar\/hacer-una-donacion\/"]}]},{"@type":"ImageObject","inLanguage":"es","@id":"https:\/\/plasticodyssey.org\/es\/apoyar\/hacer-una-donacion\/#primaryimage","url":"https:\/\/plasticodyssey.org\/wp-content\/uploads\/2020\/07\/plastique.jpg","contentUrl":"https:\/\/plasticodyssey.org\/wp-content\/uploads\/2020\/07\/plastique.jpg","width":1920,"height":1080},{"@type":"BreadcrumbList","@id":"https:\/\/plasticodyssey.org\/es\/apoyar\/hacer-una-donacion\/#breadcrumb","itemListElement":[{"@type":"ListItem","position":1,"name":"Accueil","item":"https:\/\/plasticodyssey.org\/es\/inicio\/"},{"@type":"ListItem","position":2,"name":"Ap\u00f3yanos","item":"https:\/\/plasticodyssey.org\/es\/apoyar\/"},{"@type":"ListItem","position":3,"name":"Hacer una donaci\u00f3n"}]},{"@type":"WebSite","@id":"https:\/\/plasticodyssey.org\/es\/#website","url":"https:\/\/plasticodyssey.org\/es\/","name":"Plastic Odyssey","description":"L&#039;exp\u00e9dition autour du monde contre la pollution plastique","publisher":{"@id":"https:\/\/plasticodyssey.org\/es\/#organization"},"potentialAction":[{"@type":"SearchAction","target":{"@type":"EntryPoint","urlTemplate":"https:\/\/plasticodyssey.org\/es\/?s={search_term_string}"},"query-input":{"@type":"PropertyValueSpecification","valueRequired":true,"valueName":"search_term_string"}}],"inLanguage":"es"},{"@type":"Organization","@id":"https:\/\/plasticodyssey.org\/es\/#organization","name":"Plastic Odyssey","url":"https:\/\/plasticodyssey.org\/es\/","logo":{"@type":"ImageObject","inLanguage":"es","@id":"https:\/\/plasticodyssey.org\/es\/#\/schema\/logo\/image\/","url":"https:\/\/plasticodyssey.org\/wp-content\/uploads\/2020\/02\/navire-plastic-odyssey-coucher-soleil.jpg","contentUrl":"https:\/\/plasticodyssey.org\/wp-content\/uploads\/2020\/02\/navire-plastic-odyssey-coucher-soleil.jpg","width":1920,"height":1080,"caption":"Plastic Odyssey"},"image":{"@id":"https:\/\/plasticodyssey.org\/es\/#\/schema\/logo\/image\/"},"sameAs":["https:\/\/www.facebook.com\/plasticodyssey\/","https:\/\/x.com\/plasticodyssey","https:\/\/www.instagram.com\/plasticodyssey\/","https:\/\/www.linkedin.com\/company\/plastic-odyssey\/","https:\/\/www.youtube.com\/channel\/UC4UNxaIW9ODIuLGJaTrhnow"]}]}},"_links":{"self":[{"href":"https:\/\/plasticodyssey.org\/es\/wp-json\/wp\/v2\/pages\/33312","targetHints":{"allow":["GET"]}}],"collection":[{"href":"https:\/\/plasticodyssey.org\/es\/wp-json\/wp\/v2\/pages"}],"about":[{"href":"https:\/\/plasticodyssey.org\/es\/wp-json\/wp\/v2\/types\/page"}],"author":[{"embeddable":true,"href":"https:\/\/plasticodyssey.org\/es\/wp-json\/wp\/v2\/users\/3"}],"replies":[{"embeddable":true,"href":"https:\/\/plasticodyssey.org\/es\/wp-json\/wp\/v2\/comments?post=33312"}],"version-history":[{"count":36,"href":"https:\/\/plasticodyssey.org\/es\/wp-json\/wp\/v2\/pages\/33312\/revisions"}],"predecessor-version":[{"id":59128,"href":"https:\/\/plasticodyssey.org\/es\/wp-json\/wp\/v2\/pages\/33312\/revisions\/59128"}],"up":[{"embeddable":true,"href":"https:\/\/plasticodyssey.org\/es\/wp-json\/wp\/v2\/pages\/33297"}],"wp:featuredmedia":[{"embeddable":true,"href":"https:\/\/plasticodyssey.org\/es\/wp-json\/wp\/v2\/media\/30632"}],"wp:attachment":[{"href":"https:\/\/plasticodyssey.org\/es\/wp-json\/wp\/v2\/media?parent=33312"}],"curies":[{"name":"wp","href":"https:\/\/api.w.org\/{rel}","templated":true}]}}