{"id":33316,"date":"2020-06-22T13:53:57","date_gmt":"2020-06-22T11:53:57","guid":{"rendered":"https:\/\/plasticodyssey.org\/proyecto-reduccion-contaminacion-plastico\/"},"modified":"2024-09-04T22:36:41","modified_gmt":"2024-09-04T20:36:41","slug":"proyecto-reduccion-contaminacion-plastico","status":"publish","type":"page","link":"https:\/\/plasticodyssey.org\/es\/proyecto-reduccion-contaminacion-plastico\/","title":{"rendered":"Qui\u00e9nes somos"},"content":{"rendered":"<div class=\"wpb-content-wrapper\"><p>[vc_row css_animation=\u00bb\u00bb row_type=\u00bbrow\u00bb use_row_as_full_screen_section=\u00bbno\u00bb type=\u00bbgrid\u00bb angled_section=\u00bbno\u00bb text_align=\u00bbleft\u00bb background_image_as_pattern=\u00bbwithout_pattern\u00bb z_index=\u00bb\u00bb el_class=\u00bbheadpage_second apropos_logo pt16 pb4&#8243;][vc_column width=\u00bb1\/3&#8243; css=\u00bb.vc_custom_1594806277350{margin-top: 40px !important;}\u00bb el_class=\u00bbtablet_fullwidth\u00bb][vc_single_image image=\u00bb30274&#8243; img_size=\u00bb\u00bb alignment=\u00bbcenter\u00bb qode_css_animation=\u00bb\u00bb el_class=\u00bbsvgimage\u00bb][\/vc_column][vc_column width=\u00bb2\/3&#8243; css=\u00bb.vc_custom_1594806180121{margin-top: 10px !important;margin-bottom: 30px !important;}\u00bb el_class=\u00bbtablet_fullwidth\u00bb][vc_column_text]<\/p>\n<h1>Acerca de Plastic Odyssey<\/h1>\n<h2>Un proyecto mundial para reducir la contaminaci\u00f3n por pl\u00e1sticos<\/h2>\n<p>Plastic Odyssey es un proyecto mundial destinado a reducir la contaminaci\u00f3n por pl\u00e1sticos en el oc\u00e9ano mediante la creaci\u00f3n de una red mundial de iniciativas locales de reciclaje. Cuenta con el apoyo de varios agentes que comparten el deseo de construir un mundo en el que los residuos pl\u00e1sticos ya no acaben en el oc\u00e9ano.[\/vc_column_text][\/vc_column][\/vc_row][vc_row row_type=\u00bbparallax\u00bb parallax_content_width=\u00bbin_grid\u00bb text_align=\u00bbcenter\u00bb full_screen_section_height=\u00bbno\u00bb background_image=\u00bb31445&#8243; section_height=\u00bb350&#8243; el_class=\u00bboverlaykrack_wave wawetopone\u00bb css=\u00bb.vc_custom_1725482172548{padding-top: 200px !important;}\u00bb][vc_column][\/vc_column][\/vc_row][vc_row css_animation=\u00bb\u00bb row_type=\u00bbrow\u00bb use_row_as_full_screen_section=\u00bbno\u00bb type=\u00bbfull_width\u00bb angled_section=\u00bbno\u00bb text_align=\u00bbleft\u00bb background_image_as_pattern=\u00bbwithout_pattern\u00bb z_index=\u00bb\u00bb el_class=\u00bba_propos_shadow\u00bb css=\u00bb.vc_custom_1593967201924{padding-top: 80px !important;padding-bottom: 60px !important;}\u00bb anchor=\u00bbmore\u00bb side_padding=\u00bb5&#8243;][vc_column width=\u00bb1\/4&#8243; css=\u00bb.vc_custom_1594806380361{margin-bottom: 20px !important;}\u00bb el_class=\u00bbshadow2 align_center tablet_halfwidth\u00bb][vc_single_image image=\u00bb30398&#8243; img_size=\u00bb\u00bb alignment=\u00bbcenter\u00bb qode_css_animation=\u00bb\u00bb][vc_column_text]<\/p>\n<h3>Una empresa<br \/>\ncon una misi\u00f3n<\/h3>\n<p><em>Plastic Odyssey Expedition, que gestiona el barco y desarrolla m\u00e1quinas de reciclaje de baja tecnolog\u00eda y c\u00f3digo abierto.<\/em>[\/vc_column_text]<a  itemprop=\"url\" href=\"\/es\/expedicion\/\" target=\"_self\"  class=\"qbutton  default cta_white_bg_1\" style=\"margin: 20px 20px 0; \">Expedici\u00f3n<span aria-hidden=\"true\" class=\"qode_icon_font_elegant arrow_right qode_button_icon_element\"><\/span><\/a>[\/vc_column][vc_column width=\u00bb1\/4&#8243; css=\u00bb.vc_custom_1594806384229{margin-bottom: 20px !important;}\u00bb el_class=\u00bbshadow2 align_center tablet_halfwidth\u00bb][vc_single_image image=\u00bb30399&#8243; img_size=\u00bb\u00bb alignment=\u00bbcenter\u00bb qode_css_animation=\u00bb\u00bb][vc_column_text]<\/p>\n<h3>Una asociaci\u00f3n<br \/>\nde inter\u00e9s general<\/h3>\n<p><em>Plastic Odyssey Community<\/em>, que lleva a cabo campa\u00f1as de sensibilizaci\u00f3n y un proyecto de investigaci\u00f3n itinerante sobre el comportamiento humano frente al pl\u00e1stico.[\/vc_column_text]<a  itemprop=\"url\" href=\"\/es\/apoyar\/hacer-una-donacion\/\" target=\"_self\"  class=\"qbutton  default cta_white_bg_1\" style=\"margin: 20px 20px 0; \">Nuestras soluciones<span aria-hidden=\"true\" class=\"qode_icon_font_elegant arrow_right qode_button_icon_element\"><\/span><\/a>[\/vc_column][vc_column width=\u00bb1\/4&#8243; css=\u00bb.vc_custom_1594806387854{margin-bottom: 20px !important;}\u00bb el_class=\u00bbshadow2 align_center tablet_halfwidth\u00bb][vc_single_image image=\u00bb30401&#8243; img_size=\u00bb\u00bb alignment=\u00bbcenter\u00bb qode_css_animation=\u00bb\u00bb][vc_column_text]<\/p>\n<h3>Socios<br \/>\ncomprometidos<\/h3>\n<p>Una red de socios p\u00fablicos y privados que participan en la lucha contra la contaminaci\u00f3n por pl\u00e1sticos y que nos apoyan.[\/vc_column_text]<a  itemprop=\"url\" href=\"\/es\/socios\/\" target=\"_self\"  class=\"qbutton  default cta_white_bg_1\" style=\"margin: 20px 20px 0; \">\u00danase a nuestra red<span aria-hidden=\"true\" class=\"qode_icon_font_elegant arrow_right qode_button_icon_element\"><\/span><\/a>[\/vc_column][vc_column width=\u00bb1\/4&#8243; el_class=\u00bbshadow2 align_center tablet_halfwidth\u00bb][vc_single_image image=\u00bb30400&#8243; img_size=\u00bb\u00bb alignment=\u00bbcenter\u00bb qode_css_animation=\u00bb\u00bb][vc_column_text css=\u00bb\u00bb]<\/p>\n<h3>Una comunidad<br \/>\ninternacional<\/h3>\n<p>Una comunidad de voluntarios motivados y comprometidos de todo el mundo para ayudarnos a transformar la forma en que utilizamos el pl\u00e1stico.[\/vc_column_text]<a  itemprop=\"url\" href=\"\/es\/ecosistema\/\" target=\"_self\"  class=\"qbutton  default cta_white_bg_1\" style=\"margin: 20px 20px 0; \">El ecosistema<span aria-hidden=\"true\" class=\"qode_icon_font_elegant arrow_right qode_button_icon_element\"><\/span><\/a>[\/vc_column][\/vc_row][vc_row css_animation=\u00bb\u00bb row_type=\u00bbrow\u00bb use_row_as_full_screen_section=\u00bbno\u00bb type=\u00bbgrid\u00bb angled_section=\u00bbno\u00bb text_align=\u00bbleft\u00bb background_image_as_pattern=\u00bbwithout_pattern\u00bb z_index=\u00bb\u00bb el_class=\u00bbpb6&#8243;][vc_column el_class=\u00bbalign_center\u00bb][vc_column_text el_class=\u00bbpb4&#8243;]<\/p>\n<h2>Logros anteriores<\/h2>\n<p>Explorar el mundo fuera de los caminos trillados<br \/>\npara reducir la contaminaci\u00f3n por pl\u00e1sticos[\/vc_column_text][\/vc_column][vc_column width=\u00bb1\/2&#8243; el_class=\u00bbmt2&#8243;][vc_column_text]<\/p>\n<h3>Estudios de campo en el Mediterr\u00e1neo, \u00c1frica y Asia para preparar la expedici\u00f3n<\/h3>\n<p>Para preparar la expedici\u00f3n que nos llevar\u00e1 alrededor del mundo, Plastic Odyssey viaj\u00f3 a Burkina Faso, Tailandia, Egipto y L\u00edbano para conocer a hombres y mujeres que realizan experimentos locales sobre el uso y el reciclado del pl\u00e1stico.[\/vc_column_text]<a  itemprop=\"url\" href=\"\/es\/expedicion\/escalas\/\" target=\"_self\"  class=\"qbutton  default cta_white_bg_2\" style=\"margin: 30px 0; \">Descubrir los puertos de escala<span aria-hidden=\"true\" class=\"qode_icon_font_elegant arrow_right qode_button_icon_element\"><\/span><\/a>[\/vc_column][vc_column width=\u00bb1\/2&#8243; el_class=\u00bbmt2&#8243;][vc_column_text css=\u00bb\u00bb]<\/p>\n<h3>Ulysse, el primer barco que avanza con residuos pl\u00e1sticos<\/h3>\n<p>En 2018, para demostrar que existen soluciones para transformar los residuos pl\u00e1sticos en recursos \u00fatiles, Plastic Odyssey cre\u00f3 Ulysse, un catamar\u00e1n que avanza transformando los residuos pl\u00e1sticos en combustible.<br \/>\nA continuaci\u00f3n, Ulysse recorri\u00f3 Francia para <a href=\"\/es\/soluciones\/\">concienciar sobre la contaminaci\u00f3n por pl\u00e1sticos<\/a> y promover esta soluci\u00f3n de baja tecnolog\u00eda entre el mayor n\u00famero posible de personas.[\/vc_column_text]<a  itemprop=\"url\" href=\"\/es\/expedicion\/barco\/\" target=\"_self\"  class=\"qbutton  default cta_white_bg_2\" style=\"margin: 30px 0; \">Descubrir Plastic Odyssey<span aria-hidden=\"true\" class=\"qode_icon_font_elegant arrow_right qode_button_icon_element\"><\/span><\/a>[\/vc_column][\/vc_row]<\/p>\n<\/div>","protected":false},"excerpt":{"rendered":"<p>[vc_row css_animation=\u00bb\u00bb row_type=\u00bbrow\u00bb use_row_as_full_screen_section=\u00bbno\u00bb type=\u00bbgrid\u00bb angled_section=\u00bbno\u00bb text_align=\u00bbleft\u00bb background_image_as_pattern=\u00bbwithout_pattern\u00bb z_index=\u00bb\u00bb el_class=\u00bbheadpage_second apropos_logo pt16 pb4&#8243;][vc_column width=\u00bb1\/3&#8243; css=\u00bb.vc_custom_1594806277350{margin-top: 40px !important;}\u00bb el_class=\u00bbtablet_fullwidth\u00bb][vc_single_image image=\u00bb30274&#8243; img_size=\u00bb\u00bb alignment=\u00bbcenter\u00bb qode_css_animation=\u00bb\u00bb el_class=\u00bbsvgimage\u00bb][\/vc_column][vc_column width=\u00bb2\/3&#8243; css=\u00bb.vc_custom_1594806180121{margin-top: 10px !important;margin-bottom: 30px !important;}\u00bb el_class=\u00bbtablet_fullwidth\u00bb][vc_column_text] Acerca de Plastic Odyssey Un&#8230;<\/p>\n","protected":false},"author":3,"featured_media":30922,"parent":0,"menu_order":20,"comment_status":"closed","ping_status":"closed","template":"full_width.php","meta":{"footnotes":""},"class_list":["post-33316","page","type-page","status-publish","has-post-thumbnail","hentry"],"yoast_head":"<!-- This site is optimized with the Yoast SEO plugin v25.5 - https:\/\/yoast.com\/wordpress\/plugins\/seo\/ -->\n<title>Acerca de Plastic Odyssey | Proyecto mundial contra la contaminaci\u00f3n por pl\u00e1sticos<\/title>\n<meta name=\"description\" content=\"Plastic Odyssey es un proyecto destinado a reducir la contaminaci\u00f3n por pl\u00e1sticos en el oc\u00e9ano mediante la creaci\u00f3n de una red mundial de iniciativas locales de reciclaje.\" \/>\n<meta name=\"robots\" content=\"index, follow, max-snippet:-1, max-image-preview:large, max-video-preview:-1\" \/>\n<link rel=\"canonical\" href=\"https:\/\/plasticodyssey.org\/es\/proyecto-reduccion-contaminacion-plastico\/\" \/>\n<meta property=\"og:locale\" content=\"es_ES\" \/>\n<meta property=\"og:type\" content=\"article\" \/>\n<meta property=\"og:title\" content=\"Acerca de Plastic Odyssey | Proyecto mundial contra la contaminaci\u00f3n por pl\u00e1sticos\" \/>\n<meta property=\"og:description\" content=\"Plastic Odyssey es un proyecto destinado a reducir la contaminaci\u00f3n por pl\u00e1sticos en el oc\u00e9ano mediante la creaci\u00f3n de una red mundial de iniciativas locales de reciclaje.\" \/>\n<meta property=\"og:url\" content=\"https:\/\/plasticodyssey.org\/es\/proyecto-reduccion-contaminacion-plastico\/\" \/>\n<meta property=\"og:site_name\" content=\"Plastic Odyssey\" \/>\n<meta property=\"article:publisher\" content=\"https:\/\/www.facebook.com\/plasticodyssey\/\" \/>\n<meta property=\"article:modified_time\" content=\"2024-09-04T20:36:41+00:00\" \/>\n<meta property=\"og:image\" content=\"https:\/\/plasticodyssey.org\/wp-content\/uploads\/2021\/03\/navire-recyclage-plastique-dunkerque.jpg\" \/>\n\t<meta property=\"og:image:width\" content=\"1920\" \/>\n\t<meta property=\"og:image:height\" content=\"1080\" \/>\n\t<meta property=\"og:image:type\" content=\"image\/jpeg\" \/>\n<meta name=\"twitter:card\" content=\"summary_large_image\" \/>\n<meta name=\"twitter:site\" content=\"@plasticodyssey\" \/>\n<meta name=\"twitter:label1\" content=\"Tiempo de lectura\" \/>\n\t<meta name=\"twitter:data1\" content=\"4 minutos\" \/>\n<script type=\"application\/ld+json\" class=\"yoast-schema-graph\">{\"@context\":\"https:\/\/schema.org\",\"@graph\":[{\"@type\":\"WebPage\",\"@id\":\"https:\/\/plasticodyssey.org\/es\/proyecto-reduccion-contaminacion-plastico\/\",\"url\":\"https:\/\/plasticodyssey.org\/es\/proyecto-reduccion-contaminacion-plastico\/\",\"name\":\"Acerca de Plastic Odyssey | Proyecto mundial contra la contaminaci\u00f3n por pl\u00e1sticos\",\"isPartOf\":{\"@id\":\"https:\/\/plasticodyssey.org\/es\/#website\"},\"primaryImageOfPage\":{\"@id\":\"https:\/\/plasticodyssey.org\/es\/proyecto-reduccion-contaminacion-plastico\/#primaryimage\"},\"image\":{\"@id\":\"https:\/\/plasticodyssey.org\/es\/proyecto-reduccion-contaminacion-plastico\/#primaryimage\"},\"thumbnailUrl\":\"https:\/\/plasticodyssey.org\/wp-content\/uploads\/2021\/03\/navire-recyclage-plastique-dunkerque.jpg\",\"datePublished\":\"2020-06-22T11:53:57+00:00\",\"dateModified\":\"2024-09-04T20:36:41+00:00\",\"description\":\"Plastic Odyssey es un proyecto destinado a reducir la contaminaci\u00f3n por pl\u00e1sticos en el oc\u00e9ano mediante la creaci\u00f3n de una red mundial de iniciativas locales de reciclaje.\",\"breadcrumb\":{\"@id\":\"https:\/\/plasticodyssey.org\/es\/proyecto-reduccion-contaminacion-plastico\/#breadcrumb\"},\"inLanguage\":\"es\",\"potentialAction\":[{\"@type\":\"ReadAction\",\"target\":[\"https:\/\/plasticodyssey.org\/es\/proyecto-reduccion-contaminacion-plastico\/\"]}]},{\"@type\":\"ImageObject\",\"inLanguage\":\"es\",\"@id\":\"https:\/\/plasticodyssey.org\/es\/proyecto-reduccion-contaminacion-plastico\/#primaryimage\",\"url\":\"https:\/\/plasticodyssey.org\/wp-content\/uploads\/2021\/03\/navire-recyclage-plastique-dunkerque.jpg\",\"contentUrl\":\"https:\/\/plasticodyssey.org\/wp-content\/uploads\/2021\/03\/navire-recyclage-plastique-dunkerque.jpg\",\"width\":1920,\"height\":1080},{\"@type\":\"BreadcrumbList\",\"@id\":\"https:\/\/plasticodyssey.org\/es\/proyecto-reduccion-contaminacion-plastico\/#breadcrumb\",\"itemListElement\":[{\"@type\":\"ListItem\",\"position\":1,\"name\":\"Accueil\",\"item\":\"https:\/\/plasticodyssey.org\/es\/inicio\/\"},{\"@type\":\"ListItem\",\"position\":2,\"name\":\"Qui\u00e9nes somos\"}]},{\"@type\":\"WebSite\",\"@id\":\"https:\/\/plasticodyssey.org\/es\/#website\",\"url\":\"https:\/\/plasticodyssey.org\/es\/\",\"name\":\"Plastic Odyssey\",\"description\":\"L&#039;exp\u00e9dition autour du monde contre la pollution plastique\",\"publisher\":{\"@id\":\"https:\/\/plasticodyssey.org\/es\/#organization\"},\"potentialAction\":[{\"@type\":\"SearchAction\",\"target\":{\"@type\":\"EntryPoint\",\"urlTemplate\":\"https:\/\/plasticodyssey.org\/es\/?s={search_term_string}\"},\"query-input\":{\"@type\":\"PropertyValueSpecification\",\"valueRequired\":true,\"valueName\":\"search_term_string\"}}],\"inLanguage\":\"es\"},{\"@type\":\"Organization\",\"@id\":\"https:\/\/plasticodyssey.org\/es\/#organization\",\"name\":\"Plastic Odyssey\",\"url\":\"https:\/\/plasticodyssey.org\/es\/\",\"logo\":{\"@type\":\"ImageObject\",\"inLanguage\":\"es\",\"@id\":\"https:\/\/plasticodyssey.org\/es\/#\/schema\/logo\/image\/\",\"url\":\"https:\/\/plasticodyssey.org\/wp-content\/uploads\/2020\/02\/navire-plastic-odyssey-coucher-soleil.jpg\",\"contentUrl\":\"https:\/\/plasticodyssey.org\/wp-content\/uploads\/2020\/02\/navire-plastic-odyssey-coucher-soleil.jpg\",\"width\":1920,\"height\":1080,\"caption\":\"Plastic Odyssey\"},\"image\":{\"@id\":\"https:\/\/plasticodyssey.org\/es\/#\/schema\/logo\/image\/\"},\"sameAs\":[\"https:\/\/www.facebook.com\/plasticodyssey\/\",\"https:\/\/x.com\/plasticodyssey\",\"https:\/\/www.instagram.com\/plasticodyssey\/\",\"https:\/\/www.linkedin.com\/company\/plastic-odyssey\/\",\"https:\/\/www.youtube.com\/channel\/UC4UNxaIW9ODIuLGJaTrhnow\"]}]}<\/script>\n<!-- \/ Yoast SEO plugin. -->","yoast_head_json":{"title":"Acerca de Plastic Odyssey | Proyecto mundial contra la contaminaci\u00f3n por pl\u00e1sticos","description":"Plastic Odyssey es un proyecto destinado a reducir la contaminaci\u00f3n por pl\u00e1sticos en el oc\u00e9ano mediante la creaci\u00f3n de una red mundial de iniciativas locales de reciclaje.","robots":{"index":"index","follow":"follow","max-snippet":"max-snippet:-1","max-image-preview":"max-image-preview:large","max-video-preview":"max-video-preview:-1"},"canonical":"https:\/\/plasticodyssey.org\/es\/proyecto-reduccion-contaminacion-plastico\/","og_locale":"es_ES","og_type":"article","og_title":"Acerca de Plastic Odyssey | Proyecto mundial contra la contaminaci\u00f3n por pl\u00e1sticos","og_description":"Plastic Odyssey es un proyecto destinado a reducir la contaminaci\u00f3n por pl\u00e1sticos en el oc\u00e9ano mediante la creaci\u00f3n de una red mundial de iniciativas locales de reciclaje.","og_url":"https:\/\/plasticodyssey.org\/es\/proyecto-reduccion-contaminacion-plastico\/","og_site_name":"Plastic Odyssey","article_publisher":"https:\/\/www.facebook.com\/plasticodyssey\/","article_modified_time":"2024-09-04T20:36:41+00:00","og_image":[{"width":1920,"height":1080,"url":"https:\/\/plasticodyssey.org\/wp-content\/uploads\/2021\/03\/navire-recyclage-plastique-dunkerque.jpg","type":"image\/jpeg"}],"twitter_card":"summary_large_image","twitter_site":"@plasticodyssey","twitter_misc":{"Tiempo de lectura":"4 minutos"},"schema":{"@context":"https:\/\/schema.org","@graph":[{"@type":"WebPage","@id":"https:\/\/plasticodyssey.org\/es\/proyecto-reduccion-contaminacion-plastico\/","url":"https:\/\/plasticodyssey.org\/es\/proyecto-reduccion-contaminacion-plastico\/","name":"Acerca de Plastic Odyssey | Proyecto mundial contra la contaminaci\u00f3n por pl\u00e1sticos","isPartOf":{"@id":"https:\/\/plasticodyssey.org\/es\/#website"},"primaryImageOfPage":{"@id":"https:\/\/plasticodyssey.org\/es\/proyecto-reduccion-contaminacion-plastico\/#primaryimage"},"image":{"@id":"https:\/\/plasticodyssey.org\/es\/proyecto-reduccion-contaminacion-plastico\/#primaryimage"},"thumbnailUrl":"https:\/\/plasticodyssey.org\/wp-content\/uploads\/2021\/03\/navire-recyclage-plastique-dunkerque.jpg","datePublished":"2020-06-22T11:53:57+00:00","dateModified":"2024-09-04T20:36:41+00:00","description":"Plastic Odyssey es un proyecto destinado a reducir la contaminaci\u00f3n por pl\u00e1sticos en el oc\u00e9ano mediante la creaci\u00f3n de una red mundial de iniciativas locales de reciclaje.","breadcrumb":{"@id":"https:\/\/plasticodyssey.org\/es\/proyecto-reduccion-contaminacion-plastico\/#breadcrumb"},"inLanguage":"es","potentialAction":[{"@type":"ReadAction","target":["https:\/\/plasticodyssey.org\/es\/proyecto-reduccion-contaminacion-plastico\/"]}]},{"@type":"ImageObject","inLanguage":"es","@id":"https:\/\/plasticodyssey.org\/es\/proyecto-reduccion-contaminacion-plastico\/#primaryimage","url":"https:\/\/plasticodyssey.org\/wp-content\/uploads\/2021\/03\/navire-recyclage-plastique-dunkerque.jpg","contentUrl":"https:\/\/plasticodyssey.org\/wp-content\/uploads\/2021\/03\/navire-recyclage-plastique-dunkerque.jpg","width":1920,"height":1080},{"@type":"BreadcrumbList","@id":"https:\/\/plasticodyssey.org\/es\/proyecto-reduccion-contaminacion-plastico\/#breadcrumb","itemListElement":[{"@type":"ListItem","position":1,"name":"Accueil","item":"https:\/\/plasticodyssey.org\/es\/inicio\/"},{"@type":"ListItem","position":2,"name":"Qui\u00e9nes somos"}]},{"@type":"WebSite","@id":"https:\/\/plasticodyssey.org\/es\/#website","url":"https:\/\/plasticodyssey.org\/es\/","name":"Plastic Odyssey","description":"L&#039;exp\u00e9dition autour du monde contre la pollution plastique","publisher":{"@id":"https:\/\/plasticodyssey.org\/es\/#organization"},"potentialAction":[{"@type":"SearchAction","target":{"@type":"EntryPoint","urlTemplate":"https:\/\/plasticodyssey.org\/es\/?s={search_term_string}"},"query-input":{"@type":"PropertyValueSpecification","valueRequired":true,"valueName":"search_term_string"}}],"inLanguage":"es"},{"@type":"Organization","@id":"https:\/\/plasticodyssey.org\/es\/#organization","name":"Plastic Odyssey","url":"https:\/\/plasticodyssey.org\/es\/","logo":{"@type":"ImageObject","inLanguage":"es","@id":"https:\/\/plasticodyssey.org\/es\/#\/schema\/logo\/image\/","url":"https:\/\/plasticodyssey.org\/wp-content\/uploads\/2020\/02\/navire-plastic-odyssey-coucher-soleil.jpg","contentUrl":"https:\/\/plasticodyssey.org\/wp-content\/uploads\/2020\/02\/navire-plastic-odyssey-coucher-soleil.jpg","width":1920,"height":1080,"caption":"Plastic Odyssey"},"image":{"@id":"https:\/\/plasticodyssey.org\/es\/#\/schema\/logo\/image\/"},"sameAs":["https:\/\/www.facebook.com\/plasticodyssey\/","https:\/\/x.com\/plasticodyssey","https:\/\/www.instagram.com\/plasticodyssey\/","https:\/\/www.linkedin.com\/company\/plastic-odyssey\/","https:\/\/www.youtube.com\/channel\/UC4UNxaIW9ODIuLGJaTrhnow"]}]}},"_links":{"self":[{"href":"https:\/\/plasticodyssey.org\/es\/wp-json\/wp\/v2\/pages\/33316","targetHints":{"allow":["GET"]}}],"collection":[{"href":"https:\/\/plasticodyssey.org\/es\/wp-json\/wp\/v2\/pages"}],"about":[{"href":"https:\/\/plasticodyssey.org\/es\/wp-json\/wp\/v2\/types\/page"}],"author":[{"embeddable":true,"href":"https:\/\/plasticodyssey.org\/es\/wp-json\/wp\/v2\/users\/3"}],"replies":[{"embeddable":true,"href":"https:\/\/plasticodyssey.org\/es\/wp-json\/wp\/v2\/comments?post=33316"}],"version-history":[{"count":25,"href":"https:\/\/plasticodyssey.org\/es\/wp-json\/wp\/v2\/pages\/33316\/revisions"}],"predecessor-version":[{"id":51021,"href":"https:\/\/plasticodyssey.org\/es\/wp-json\/wp\/v2\/pages\/33316\/revisions\/51021"}],"wp:featuredmedia":[{"embeddable":true,"href":"https:\/\/plasticodyssey.org\/es\/wp-json\/wp\/v2\/media\/30922"}],"wp:attachment":[{"href":"https:\/\/plasticodyssey.org\/es\/wp-json\/wp\/v2\/media?parent=33316"}],"curies":[{"name":"wp","href":"https:\/\/api.w.org\/{rel}","templated":true}]}}