{"id":33327,"date":"2022-06-29T19:25:05","date_gmt":"2022-06-29T17:25:05","guid":{"rendered":"https:\/\/plasticodyssey.org\/socios\/apres-demain\/"},"modified":"2024-05-31T11:07:00","modified_gmt":"2024-05-31T09:07:00","slug":"apres-demain","status":"publish","type":"page","link":"https:\/\/plasticodyssey.org\/es\/socios\/apres-demain\/","title":{"rendered":"Apr\u00e8s-Demain"},"content":{"rendered":"<div class=\"wpb-content-wrapper\"><p>[vc_row css_animation=\u00bb\u00bb row_type=\u00bbrow\u00bb use_row_as_full_screen_section=\u00bbno\u00bb type=\u00bbgrid\u00bb angled_section=\u00bbno\u00bb text_align=\u00bbleft\u00bb background_image_as_pattern=\u00bbwithout_pattern\u00bb z_index=\u00bb\u00bb anchor=\u00bbmore\u00bb el_class=\u00bbsk_headpage_escales sk_gradient_1 white\u00bb][vc_column el_class=\u00bbheader_partners align_center\u00bb][vc_column_text el_class=\u00bbpartner_level\u00bb]<\/p>\n<p><span class=\"sk_encours_tag\">Socio de campo<\/span><\/p>\n<p>[\/vc_column_text][vc_single_image image=\u00bb31395&#8243; img_size=\u00bbfull\u00bb alignment=\u00bbcenter\u00bb qode_css_animation=\u00bb\u00bb el_class=\u00bbsk_img_500 mt3&#8243;][vc_column_text el_class=\u00bbmt3&#8243;]<\/p>\n<h1>Plastic Odyssey y Apr\u00e8s-Demain<\/h1>\n<p>Nos sentimos responsables e implicados en la <strong>revoluci\u00f3n clim\u00e1tica<\/strong> y queremos desarrollar el esp\u00edritu <strong>empresarial local<\/strong>.[\/vc_column_text][\/vc_column][\/vc_row][vc_row css_animation=\u00bb\u00bb row_type=\u00bbrow\u00bb use_row_as_full_screen_section=\u00bbno\u00bb type=\u00bbgrid\u00bb angled_section=\u00bbno\u00bb text_align=\u00bbleft\u00bb background_image_as_pattern=\u00bbwithout_pattern\u00bb z_index=\u00bb\u00bb anchor=\u00bbmore\u00bb el_class=\u00bbpt6 pb6&#8243;][vc_column width=\u00bb2\/3&#8243; el_class=\u00bbpb2&#8243;][vc_column_text]<\/p>\n<h2>La historia del grupo y de la marca<\/h2>\n<p>Fundado en 1979 por el Dr. Rolland-Yves Mauvernay y dirigido desde 2001 por su hijo Thierry, el grupo Apr\u00e8s-Demain era originalmente una empresa biofarmac\u00e9utica, Debiopharm, que desarrollaba diversas terapias, dos de las cuales se han convertido en \u00e9xitos de taquilla contra los c\u00e1nceres de colon y pr\u00f3stata. Un tercer medicamento oncol\u00f3gico est\u00e1 actualmente en fase III de desarrollo.<\/p>\n<p>Siempre a trav\u00e9s de su divisi\u00f3n Life Sciences, el Grupo desarrolla antiinfecciosos y nuevas clases de antibi\u00f3ticos, tres de los cuales figuran entre los nueve antibi\u00f3ticos considerados vitales o prioritarios por la OMS.<\/p>\n<p>Al mismo tiempo, se ha desarrollado una divisi\u00f3n de Gesti\u00f3n de Activos con un esp\u00edritu de responsabilidad e impacto. Apr\u00e8s-demain se ha convertido en un importante productor de energ\u00eda e\u00f3lica, sobre todo en Finlandia, Suecia, Espa\u00f1a, Estados Unidos y Canad\u00e1.<\/p>\n<p>Por \u00faltimo, las actividades filantr\u00f3picas del Grupo incluyen dos fundaciones dedicadas principalmente a la ayuda humanitaria, la educaci\u00f3n, la formaci\u00f3n, la microempresa y el autismo, as\u00ed como una c\u00e1tedra de filantrop\u00eda familiar en el IMD.[\/vc_column_text][\/vc_column][vc_column width=\u00bb1\/3&#8243; css=\u00bb.vc_custom_1678905500580{padding-right: 5px !important;padding-left: 5px !important;}\u00bb][vc_single_image image=\u00bb31397&#8243; img_size=\u00bbfull\u00bb alignment=\u00bbcenter\u00bb qode_css_animation=\u00bb\u00bb][\/vc_column][\/vc_row][vc_row css_animation=\u00bb\u00bb row_type=\u00bbrow\u00bb use_row_as_full_screen_section=\u00bbno\u00bb type=\u00bbfull_width\u00bb angled_section=\u00bbno\u00bb text_align=\u00bbleft\u00bb background_image_as_pattern=\u00bbwithout_pattern\u00bb el_class=\u00bbpt6 sk_bg_top\u00bb z_index=\u00bb\u00bb background_image=\u00bb15252&#8243;][vc_column css_animation=\u00bbfadeIn\u00bb el_class=\u00bbalign_center\u00bb css=\u00bb.vc_custom_1594213372613{padding-top: 140px !important;padding-bottom: 100px !important;}\u00bb][vc_empty_space height=\u00bb350px\u00bb][\/vc_column][\/vc_row][vc_row css_animation=\u00bb\u00bb row_type=\u00bbrow\u00bb use_row_as_full_screen_section=\u00bbno\u00bb type=\u00bbgrid\u00bb angled_section=\u00bbno\u00bb text_align=\u00bbleft\u00bb background_image_as_pattern=\u00bbwithout_pattern\u00bb z_index=\u00bb\u00bb el_class=\u00bbpt8 pb6&#8243;][vc_column width=\u00bb1\/3&#8243; el_class=\u00bbtablet_fullwidth\u00bb css=\u00bb.vc_custom_1656525101622{margin-bottom: 20px !important;}\u00bb][vc_single_image image=\u00bb31226&#8243; img_size=\u00bbfull\u00bb alignment=\u00bbcenter\u00bb style=\u00bbvc_box_shadow_border_circle_2&#8243; qode_css_animation=\u00bb\u00bb css=\u00bb.vc_custom_1678904959506{padding-right: 15px !important;padding-left: 15px !important;}\u00bb el_class=\u00bbsk_img_300&#8243;][\/vc_column][vc_column width=\u00bb2\/3&#8243; el_class=\u00bbtablet_fullwidth\u00bb][vc_column_text]<\/p>\n<h3>Sus compromisos con los pl\u00e1sticos<\/h3>\n<p>Nos preocupa mucho el medio ambiente, pero no nos dedicamos directamente a la transformaci\u00f3n de pl\u00e1sticos. A nuestro nivel, llevamos muchos a\u00f1os sustituyendo las botellas de agua de pl\u00e1stico por jarras de vidrio.<\/p>\n<p>Nuestro compromiso con el planeta es m\u00e1s marcado en el \u00e1mbito del clima, a trav\u00e9s de nuestras inversiones en turbinas e\u00f3licas y la instalaci\u00f3n de paneles solares en nuestros edificios.[\/vc_column_text][vc_column_text css=\u00bb.vc_custom_1656525222707{margin-top: 30px !important;}\u00bb]<\/p>\n<h3>Su motivaci\u00f3n para apoyar Plastic Odyssey Exp\u00e9dition<\/h3>\n<p>En primer lugar, nos sentimos responsables e implicados en la revoluci\u00f3n clim\u00e1tica, por eso fundamos GeneRActions Planet (G\u00e9n\u00e9ration Responsabilit\u00e9 Action Planet). En segundo lugar, queremos desarrollar el esp\u00edritu empresarial local.[\/vc_column_text]<a  itemprop=\"url\" href=\"https:\/\/www.apres-demain.com\/fr\/\" target=\"_blank\"  class=\"qbutton  default cta_white_bg_2\" style=\"margin: 40px 0; \">Descubrir el sitio<span aria-hidden=\"true\" class=\"qode_icon_font_elegant arrow_right qode_button_icon_element\"><\/span><\/a>[\/vc_column][\/vc_row]<\/p>\n<\/div>","protected":false},"excerpt":{"rendered":"<p>[vc_row css_animation=\u00bb\u00bb row_type=\u00bbrow\u00bb use_row_as_full_screen_section=\u00bbno\u00bb type=\u00bbgrid\u00bb angled_section=\u00bbno\u00bb text_align=\u00bbleft\u00bb background_image_as_pattern=\u00bbwithout_pattern\u00bb z_index=\u00bb\u00bb anchor=\u00bbmore\u00bb el_class=\u00bbsk_headpage_escales sk_gradient_1 white\u00bb][vc_column el_class=\u00bbheader_partners align_center\u00bb][vc_column_text el_class=\u00bbpartner_level\u00bb] Socio de campo [\/vc_column_text][vc_single_image image=\u00bb31395&#8243; img_size=\u00bbfull\u00bb alignment=\u00bbcenter\u00bb qode_css_animation=\u00bb\u00bb el_class=\u00bbsk_img_500 mt3&#8243;][vc_column_text el_class=\u00bbmt3&#8243;] Plastic Odyssey y Apr\u00e8s-Demain Nos sentimos responsables e&#8230;<\/p>\n","protected":false},"author":3,"featured_media":31396,"parent":33263,"menu_order":1,"comment_status":"closed","ping_status":"closed","template":"full_width.php","meta":{"footnotes":""},"class_list":["post-33327","page","type-page","status-publish","has-post-thumbnail","hentry"],"yoast_head":"<!-- This site is optimized with the Yoast SEO plugin v25.5 - https:\/\/yoast.com\/wordpress\/plugins\/seo\/ -->\n<title>Apr\u00e8s-Demain - Socio de campo | Plastic Odyssey<\/title>\n<meta name=\"description\" content=\"Pasado ma\u00f1ana apoya una expedici\u00f3n a las 30 ciudades m\u00e1s contaminadas para luchar contra la contaminaci\u00f3n de los oc\u00e9anos y la emergencia del pl\u00e1stico.\" \/>\n<meta name=\"robots\" content=\"index, follow, max-snippet:-1, max-image-preview:large, max-video-preview:-1\" \/>\n<link rel=\"canonical\" href=\"https:\/\/plasticodyssey.org\/es\/socios\/apres-demain\/\" \/>\n<meta property=\"og:locale\" content=\"es_ES\" \/>\n<meta property=\"og:type\" content=\"article\" \/>\n<meta property=\"og:title\" content=\"Apr\u00e8s-Demain - Socio de campo | Plastic Odyssey\" \/>\n<meta property=\"og:description\" content=\"Pasado ma\u00f1ana apoya una expedici\u00f3n a las 30 ciudades m\u00e1s contaminadas para luchar contra la contaminaci\u00f3n de los oc\u00e9anos y la emergencia del pl\u00e1stico.\" \/>\n<meta property=\"og:url\" content=\"https:\/\/plasticodyssey.org\/es\/socios\/apres-demain\/\" \/>\n<meta property=\"og:site_name\" content=\"Plastic Odyssey\" \/>\n<meta property=\"article:publisher\" content=\"https:\/\/www.facebook.com\/plasticodyssey\/\" \/>\n<meta property=\"article:modified_time\" content=\"2024-05-31T09:07:00+00:00\" \/>\n<meta property=\"og:image\" content=\"https:\/\/plasticodyssey.org\/wp-content\/uploads\/2022\/06\/apres-demain-plastic-odyssey.jpg\" \/>\n\t<meta property=\"og:image:width\" content=\"1920\" \/>\n\t<meta property=\"og:image:height\" content=\"1080\" \/>\n\t<meta property=\"og:image:type\" content=\"image\/jpeg\" \/>\n<meta name=\"twitter:card\" content=\"summary_large_image\" \/>\n<meta name=\"twitter:site\" content=\"@plasticodyssey\" \/>\n<meta name=\"twitter:label1\" content=\"Tiempo de lectura\" \/>\n\t<meta name=\"twitter:data1\" content=\"4 minutos\" \/>\n<script type=\"application\/ld+json\" class=\"yoast-schema-graph\">{\"@context\":\"https:\/\/schema.org\",\"@graph\":[{\"@type\":\"WebPage\",\"@id\":\"https:\/\/plasticodyssey.org\/es\/socios\/apres-demain\/\",\"url\":\"https:\/\/plasticodyssey.org\/es\/socios\/apres-demain\/\",\"name\":\"Apr\u00e8s-Demain - Socio de campo | Plastic Odyssey\",\"isPartOf\":{\"@id\":\"https:\/\/plasticodyssey.org\/es\/#website\"},\"primaryImageOfPage\":{\"@id\":\"https:\/\/plasticodyssey.org\/es\/socios\/apres-demain\/#primaryimage\"},\"image\":{\"@id\":\"https:\/\/plasticodyssey.org\/es\/socios\/apres-demain\/#primaryimage\"},\"thumbnailUrl\":\"https:\/\/plasticodyssey.org\/wp-content\/uploads\/2022\/06\/apres-demain-plastic-odyssey.jpg\",\"datePublished\":\"2022-06-29T17:25:05+00:00\",\"dateModified\":\"2024-05-31T09:07:00+00:00\",\"description\":\"Pasado ma\u00f1ana apoya una expedici\u00f3n a las 30 ciudades m\u00e1s contaminadas para luchar contra la contaminaci\u00f3n de los oc\u00e9anos y la emergencia del pl\u00e1stico.\",\"breadcrumb\":{\"@id\":\"https:\/\/plasticodyssey.org\/es\/socios\/apres-demain\/#breadcrumb\"},\"inLanguage\":\"es\",\"potentialAction\":[{\"@type\":\"ReadAction\",\"target\":[\"https:\/\/plasticodyssey.org\/es\/socios\/apres-demain\/\"]}]},{\"@type\":\"ImageObject\",\"inLanguage\":\"es\",\"@id\":\"https:\/\/plasticodyssey.org\/es\/socios\/apres-demain\/#primaryimage\",\"url\":\"https:\/\/plasticodyssey.org\/wp-content\/uploads\/2022\/06\/apres-demain-plastic-odyssey.jpg\",\"contentUrl\":\"https:\/\/plasticodyssey.org\/wp-content\/uploads\/2022\/06\/apres-demain-plastic-odyssey.jpg\",\"width\":1920,\"height\":1080},{\"@type\":\"BreadcrumbList\",\"@id\":\"https:\/\/plasticodyssey.org\/es\/socios\/apres-demain\/#breadcrumb\",\"itemListElement\":[{\"@type\":\"ListItem\",\"position\":1,\"name\":\"Accueil\",\"item\":\"https:\/\/plasticodyssey.org\/es\/inicio\/\"},{\"@type\":\"ListItem\",\"position\":2,\"name\":\"Socios\",\"item\":\"https:\/\/plasticodyssey.org\/es\/socios\/\"},{\"@type\":\"ListItem\",\"position\":3,\"name\":\"Apr\u00e8s-Demain\"}]},{\"@type\":\"WebSite\",\"@id\":\"https:\/\/plasticodyssey.org\/es\/#website\",\"url\":\"https:\/\/plasticodyssey.org\/es\/\",\"name\":\"Plastic Odyssey\",\"description\":\"L&#039;exp\u00e9dition autour du monde contre la pollution plastique\",\"publisher\":{\"@id\":\"https:\/\/plasticodyssey.org\/es\/#organization\"},\"potentialAction\":[{\"@type\":\"SearchAction\",\"target\":{\"@type\":\"EntryPoint\",\"urlTemplate\":\"https:\/\/plasticodyssey.org\/es\/?s={search_term_string}\"},\"query-input\":{\"@type\":\"PropertyValueSpecification\",\"valueRequired\":true,\"valueName\":\"search_term_string\"}}],\"inLanguage\":\"es\"},{\"@type\":\"Organization\",\"@id\":\"https:\/\/plasticodyssey.org\/es\/#organization\",\"name\":\"Plastic Odyssey\",\"url\":\"https:\/\/plasticodyssey.org\/es\/\",\"logo\":{\"@type\":\"ImageObject\",\"inLanguage\":\"es\",\"@id\":\"https:\/\/plasticodyssey.org\/es\/#\/schema\/logo\/image\/\",\"url\":\"https:\/\/plasticodyssey.org\/wp-content\/uploads\/2020\/02\/navire-plastic-odyssey-coucher-soleil.jpg\",\"contentUrl\":\"https:\/\/plasticodyssey.org\/wp-content\/uploads\/2020\/02\/navire-plastic-odyssey-coucher-soleil.jpg\",\"width\":1920,\"height\":1080,\"caption\":\"Plastic Odyssey\"},\"image\":{\"@id\":\"https:\/\/plasticodyssey.org\/es\/#\/schema\/logo\/image\/\"},\"sameAs\":[\"https:\/\/www.facebook.com\/plasticodyssey\/\",\"https:\/\/x.com\/plasticodyssey\",\"https:\/\/www.instagram.com\/plasticodyssey\/\",\"https:\/\/www.linkedin.com\/company\/plastic-odyssey\/\",\"https:\/\/www.youtube.com\/channel\/UC4UNxaIW9ODIuLGJaTrhnow\"]}]}<\/script>\n<!-- \/ Yoast SEO plugin. -->","yoast_head_json":{"title":"Apr\u00e8s-Demain - Socio de campo | Plastic Odyssey","description":"Pasado ma\u00f1ana apoya una expedici\u00f3n a las 30 ciudades m\u00e1s contaminadas para luchar contra la contaminaci\u00f3n de los oc\u00e9anos y la emergencia del pl\u00e1stico.","robots":{"index":"index","follow":"follow","max-snippet":"max-snippet:-1","max-image-preview":"max-image-preview:large","max-video-preview":"max-video-preview:-1"},"canonical":"https:\/\/plasticodyssey.org\/es\/socios\/apres-demain\/","og_locale":"es_ES","og_type":"article","og_title":"Apr\u00e8s-Demain - Socio de campo | Plastic Odyssey","og_description":"Pasado ma\u00f1ana apoya una expedici\u00f3n a las 30 ciudades m\u00e1s contaminadas para luchar contra la contaminaci\u00f3n de los oc\u00e9anos y la emergencia del pl\u00e1stico.","og_url":"https:\/\/plasticodyssey.org\/es\/socios\/apres-demain\/","og_site_name":"Plastic Odyssey","article_publisher":"https:\/\/www.facebook.com\/plasticodyssey\/","article_modified_time":"2024-05-31T09:07:00+00:00","og_image":[{"width":1920,"height":1080,"url":"https:\/\/plasticodyssey.org\/wp-content\/uploads\/2022\/06\/apres-demain-plastic-odyssey.jpg","type":"image\/jpeg"}],"twitter_card":"summary_large_image","twitter_site":"@plasticodyssey","twitter_misc":{"Tiempo de lectura":"4 minutos"},"schema":{"@context":"https:\/\/schema.org","@graph":[{"@type":"WebPage","@id":"https:\/\/plasticodyssey.org\/es\/socios\/apres-demain\/","url":"https:\/\/plasticodyssey.org\/es\/socios\/apres-demain\/","name":"Apr\u00e8s-Demain - Socio de campo | Plastic Odyssey","isPartOf":{"@id":"https:\/\/plasticodyssey.org\/es\/#website"},"primaryImageOfPage":{"@id":"https:\/\/plasticodyssey.org\/es\/socios\/apres-demain\/#primaryimage"},"image":{"@id":"https:\/\/plasticodyssey.org\/es\/socios\/apres-demain\/#primaryimage"},"thumbnailUrl":"https:\/\/plasticodyssey.org\/wp-content\/uploads\/2022\/06\/apres-demain-plastic-odyssey.jpg","datePublished":"2022-06-29T17:25:05+00:00","dateModified":"2024-05-31T09:07:00+00:00","description":"Pasado ma\u00f1ana apoya una expedici\u00f3n a las 30 ciudades m\u00e1s contaminadas para luchar contra la contaminaci\u00f3n de los oc\u00e9anos y la emergencia del pl\u00e1stico.","breadcrumb":{"@id":"https:\/\/plasticodyssey.org\/es\/socios\/apres-demain\/#breadcrumb"},"inLanguage":"es","potentialAction":[{"@type":"ReadAction","target":["https:\/\/plasticodyssey.org\/es\/socios\/apres-demain\/"]}]},{"@type":"ImageObject","inLanguage":"es","@id":"https:\/\/plasticodyssey.org\/es\/socios\/apres-demain\/#primaryimage","url":"https:\/\/plasticodyssey.org\/wp-content\/uploads\/2022\/06\/apres-demain-plastic-odyssey.jpg","contentUrl":"https:\/\/plasticodyssey.org\/wp-content\/uploads\/2022\/06\/apres-demain-plastic-odyssey.jpg","width":1920,"height":1080},{"@type":"BreadcrumbList","@id":"https:\/\/plasticodyssey.org\/es\/socios\/apres-demain\/#breadcrumb","itemListElement":[{"@type":"ListItem","position":1,"name":"Accueil","item":"https:\/\/plasticodyssey.org\/es\/inicio\/"},{"@type":"ListItem","position":2,"name":"Socios","item":"https:\/\/plasticodyssey.org\/es\/socios\/"},{"@type":"ListItem","position":3,"name":"Apr\u00e8s-Demain"}]},{"@type":"WebSite","@id":"https:\/\/plasticodyssey.org\/es\/#website","url":"https:\/\/plasticodyssey.org\/es\/","name":"Plastic Odyssey","description":"L&#039;exp\u00e9dition autour du monde contre la pollution plastique","publisher":{"@id":"https:\/\/plasticodyssey.org\/es\/#organization"},"potentialAction":[{"@type":"SearchAction","target":{"@type":"EntryPoint","urlTemplate":"https:\/\/plasticodyssey.org\/es\/?s={search_term_string}"},"query-input":{"@type":"PropertyValueSpecification","valueRequired":true,"valueName":"search_term_string"}}],"inLanguage":"es"},{"@type":"Organization","@id":"https:\/\/plasticodyssey.org\/es\/#organization","name":"Plastic Odyssey","url":"https:\/\/plasticodyssey.org\/es\/","logo":{"@type":"ImageObject","inLanguage":"es","@id":"https:\/\/plasticodyssey.org\/es\/#\/schema\/logo\/image\/","url":"https:\/\/plasticodyssey.org\/wp-content\/uploads\/2020\/02\/navire-plastic-odyssey-coucher-soleil.jpg","contentUrl":"https:\/\/plasticodyssey.org\/wp-content\/uploads\/2020\/02\/navire-plastic-odyssey-coucher-soleil.jpg","width":1920,"height":1080,"caption":"Plastic Odyssey"},"image":{"@id":"https:\/\/plasticodyssey.org\/es\/#\/schema\/logo\/image\/"},"sameAs":["https:\/\/www.facebook.com\/plasticodyssey\/","https:\/\/x.com\/plasticodyssey","https:\/\/www.instagram.com\/plasticodyssey\/","https:\/\/www.linkedin.com\/company\/plastic-odyssey\/","https:\/\/www.youtube.com\/channel\/UC4UNxaIW9ODIuLGJaTrhnow"]}]}},"_links":{"self":[{"href":"https:\/\/plasticodyssey.org\/es\/wp-json\/wp\/v2\/pages\/33327","targetHints":{"allow":["GET"]}}],"collection":[{"href":"https:\/\/plasticodyssey.org\/es\/wp-json\/wp\/v2\/pages"}],"about":[{"href":"https:\/\/plasticodyssey.org\/es\/wp-json\/wp\/v2\/types\/page"}],"author":[{"embeddable":true,"href":"https:\/\/plasticodyssey.org\/es\/wp-json\/wp\/v2\/users\/3"}],"replies":[{"embeddable":true,"href":"https:\/\/plasticodyssey.org\/es\/wp-json\/wp\/v2\/comments?post=33327"}],"version-history":[{"count":9,"href":"https:\/\/plasticodyssey.org\/es\/wp-json\/wp\/v2\/pages\/33327\/revisions"}],"predecessor-version":[{"id":48347,"href":"https:\/\/plasticodyssey.org\/es\/wp-json\/wp\/v2\/pages\/33327\/revisions\/48347"}],"up":[{"embeddable":true,"href":"https:\/\/plasticodyssey.org\/es\/wp-json\/wp\/v2\/pages\/33263"}],"wp:featuredmedia":[{"embeddable":true,"href":"https:\/\/plasticodyssey.org\/es\/wp-json\/wp\/v2\/media\/31396"}],"wp:attachment":[{"href":"https:\/\/plasticodyssey.org\/es\/wp-json\/wp\/v2\/media?parent=33327"}],"curies":[{"name":"wp","href":"https:\/\/api.w.org\/{rel}","templated":true}]}}