{"id":33331,"date":"2020-02-23T22:33:16","date_gmt":"2020-02-23T21:33:16","guid":{"rendered":"https:\/\/plasticodyssey.org\/socios\/loccitane-en-provence\/"},"modified":"2024-12-10T17:53:44","modified_gmt":"2024-12-10T16:53:44","slug":"loccitane-en-provence","status":"publish","type":"page","link":"https:\/\/plasticodyssey.org\/es\/socios\/loccitane-en-provence\/","title":{"rendered":"L&#8217;Occitane en Provence"},"content":{"rendered":"<div class=\"wpb-content-wrapper\"><p>[vc_row css_animation=\u00bb\u00bb row_type=\u00bbrow\u00bb use_row_as_full_screen_section=\u00bbno\u00bb type=\u00bbgrid\u00bb angled_section=\u00bbno\u00bb text_align=\u00bbleft\u00bb background_image_as_pattern=\u00bbwithout_pattern\u00bb z_index=\u00bb\u00bb anchor=\u00bbmore\u00bb el_class=\u00bbsk_headpage_escales sk_gradient_1 white\u00bb][vc_column el_class=\u00bbalign_center\u00bb][vc_column_text el_class=\u00bbpartner_level\u00bb]<span class=\"sk_encours_tag\">Socio principal<\/span>[\/vc_column_text][vc_single_image image=\u00bb53614&#8243; img_size=\u00bbfull\u00bb alignment=\u00bbcenter\u00bb css=\u00bb\u00bb qode_css_animation=\u00bb\u00bb el_class=\u00bbsk_img_500 mt3&#8243;][vc_column_text el_class=\u00bbmt3&#8243;]<\/p>\n<h1>Plastic Odyssey y L\u2019Occitane en Provence<\/h1>\n<p>L&#8217;Occitane apoya la 1<sup>\u00aa<\/sup> expedici\u00f3n alrededor del mundo para <strong>luchar contra la contaminaci\u00f3n de los mares y oc\u00e9anos en su origen: en tierra firme<\/strong>.[\/vc_column_text][\/vc_column][\/vc_row][vc_row css_animation=\u00bb\u00bb row_type=\u00bbrow\u00bb use_row_as_full_screen_section=\u00bbno\u00bb type=\u00bbgrid\u00bb angled_section=\u00bbno\u00bb text_align=\u00bbleft\u00bb background_image_as_pattern=\u00bbwithout_pattern\u00bb z_index=\u00bb\u00bb anchor=\u00bbmore\u00bb padding_bottom=\u00bb20&#8243; el_class=\u00bbpt6&#8243;][vc_column el_class=\u00bbpb4&#8243;][qode_elements_holder number_of_columns=\u00bbtwo_columns\u00bb columns_proportion=\u00bb66_33&#8243;][qode_elements_holder_item advanced_animations=\u00bbno\u00bb item_padding=\u00bb0 60px 20px 0&#8243; item_padding_768_1024=\u00bb0 0 20px 0&#8243; item_padding_600_768=\u00bb0 0 20px 0&#8243; item_padding_480_600=\u00bb0 0 20px 0&#8243; item_padding_480=\u00bb0 0 20px 0&#8243;][vc_column_text css=\u00bb\u00bb]<\/p>\n<h2>La historia del grupo y de la marca<\/h2>\n<p>La Maison L&#8217;Occitane en Provence ofrece desde 1976 una lujosa gama de productos para el cuidado de la piel, fragancias y productos de bienestar enriquecidos con aut\u00e9nticos ingredientes naturales. Continuando con el arte de vivir provenzal, L&#8217;Occitane en Provence se inspira en las tradiciones y la artesan\u00eda locales para compartir algo m\u00e1s que productos para el cuidado de la piel: aut\u00e9nticas experiencias de bienestar que enriquecen nuestra relaci\u00f3n con los dem\u00e1s y con la Naturaleza.<\/p>\n<p>Hoy en d\u00eda, la Maison da vida a la Provenza para sus clientes, a trav\u00e9s de m\u00e1s de 3.000 boutiques, 100 spas, 3.000 hoteles asociados y un hotel de marca en particular, Le Couvent des Minimes H\u00f4tel and Spa L&#8217;Occitane en Provence*****.[\/vc_column_text][\/qode_elements_holder_item][qode_elements_holder_item advanced_animations=\u00bbno\u00bb][vc_single_image image=\u00bb53618&#8243; img_size=\u00bbfull\u00bb alignment=\u00bbcenter\u00bb css=\u00bb\u00bb qode_css_animation=\u00bb\u00bb][\/qode_elements_holder_item][\/qode_elements_holder][\/vc_column][\/vc_row][vc_row css_animation=\u00bb\u00bb row_type=\u00bbrow\u00bb use_row_as_full_screen_section=\u00bbno\u00bb type=\u00bbgrid\u00bb angled_section=\u00bbno\u00bb text_align=\u00bbleft\u00bb background_image_as_pattern=\u00bbwithout_pattern\u00bb background_image=\u00bb8658&#8243; el_class=\u00bbsk_overlay_dark\u00bb z_index=\u00bb\u00bb][vc_column css_animation=\u00bbfadeIn\u00bb el_class=\u00bbalign_center pt16 pb16&#8243;][vc_column_text]<span class=\"citation\" style=\"color: #ffffff;\">\u00abPlastic Odyssey, su idea nos hizo so\u00f1ar\u00bb.<\/span><\/p>\n<p><span style=\"color: #ffffff;\"><strong>Adrien Geiger, Group Sustainability Officer<\/strong><\/span>[\/vc_column_text][\/vc_column][\/vc_row][vc_row css_animation=\u00bb\u00bb row_type=\u00bbrow\u00bb use_row_as_full_screen_section=\u00bbno\u00bb type=\u00bbgrid\u00bb angled_section=\u00bbno\u00bb text_align=\u00bbleft\u00bb background_image_as_pattern=\u00bbwithout_pattern\u00bb z_index=\u00bb\u00bb padding_top=\u00bb60&#8243; padding_bottom=\u00bb20&#8243;][vc_column width=\u00bb1\/3&#8243; el_class=\u00bbshadow2 align_center shadowmobile tablet_fullwidth\u00bb css=\u00bb.vc_custom_1594808092524{margin-bottom: 20px !important;}\u00bb][vc_single_image image=\u00bb53597&#8243; img_size=\u00bb\u00bb alignment=\u00bbcenter\u00bb css=\u00bb\u00bb qode_css_animation=\u00bb\u00bb][vc_column_text el_class=\u00bbmt2&#8243;]<strong>Nuestro objetivo<\/strong><\/p>\n<p>Garantizar que el 100% de nuestras botellas est\u00e9n fabricadas con pl\u00e1stico 100% reciclado, y que el 100% de nuestras tiendas ofrezcan un servicio de reciclaje para 2025.[\/vc_column_text]<a  itemprop=\"url\" href=\"https:\/\/fr.loccitane.com\/le-recyclage-notre-engagement,74,1,95637,1355598.htm\" target=\"_blank\"  class=\"qbutton  default cta_white_bg_1\" style=\"margin: 20px 0 0; \">M\u00e1s info<span aria-hidden=\"true\" class=\"qode_icon_font_elegant arrow_right qode_button_icon_element\"><\/span><\/a>[\/vc_column][vc_column width=\u00bb2\/3&#8243; css=\u00bb.vc_custom_1594808096354{margin-bottom: 20px !important;}\u00bb el_class=\u00bbtablet_fullwidth\u00bb][vc_column_text css=\u00bb\u00bb el_class=\u00bbsk_list\u00bb]<\/p>\n<h3>Sus compromisos con los pl\u00e1sticos<\/h3>\n<p><strong>La reducci\u00f3n de residuos es uno de los compromisos prioritarios de Maison L&#8217;Occitane en Provence.<\/strong> Cuando se fund\u00f3 en 1976, las boutiques de L&#8217;Occitane en Provence ya ofrec\u00edan un sistema de dep\u00f3sito para las botellas de vidrio. En 1992, L&#8217;Occitane en Provence lanz\u00f3 \u00abL&#8217;action Mistral\u00bb, un programa destinado a sensibilizar a los consumidores y a las autoridades p\u00fablicas sobre la importancia del reciclaje y la necesidad de clasificar los residuos.<br \/>\nHoy en d\u00eda, L&#8217;Occitane en Provence sigue participando en una amplia gama de iniciativas, llevadas a cabo por sus propios equipos o a trav\u00e9s de asociaciones, y ha construido su estrategia en torno a las 3 \u00abR\u00bb: Reducir, Reciclar y Reaccionar.<\/p>\n<ul>\n<li><strong>REDUCE<\/strong>, reduciendo el peso de sus envases y fomentando su reutilizaci\u00f3n, gracias a alternativas como las recargas o las fuentes a granel.<\/li>\n<li><strong>RECICLAR<\/strong>, fomentando el uso de materiales reciclados y garantizando que al final del ciclo cada residuo pueda convertirse en un recurso.<\/li>\n<li><strong>REACCIONAR<\/strong>, mediante asociaciones con agentes clave e iniciativas innovadoras como Plastic Odyssey.<\/li>\n<\/ul>\n<p>[\/vc_column_text][\/vc_column][vc_column el_class=\u00bbpt4 pb6&#8243;][vc_column_text css=\u00bb.vc_custom_1733848744024{margin-bottom: 20px !important;}\u00bb]<\/p>\n<h3>Entrevista con Adrien GEIGER en BFM Business TV<\/h3>\n<p>[\/vc_column_text][vc_video link=\u00bbhttps:\/\/www.youtube.com\/watch?v=HJItH3uhu4Y\u00bb][\/vc_column][\/vc_row][vc_row css_animation=\u00bb\u00bb row_type=\u00bbrow\u00bb use_row_as_full_screen_section=\u00bbno\u00bb type=\u00bbgrid\u00bb angled_section=\u00bbno\u00bb text_align=\u00bbleft\u00bb background_image_as_pattern=\u00bbwithout_pattern\u00bb z_index=\u00bb\u00bb el_class=\u00bbpb6&#8243;][vc_column width=\u00bb1\/3&#8243; el_class=\u00bbpb2&#8243;][vc_single_image image=\u00bb53633&#8243; img_size=\u00bbfull\u00bb alignment=\u00bbcenter\u00bb css=\u00bb\u00bb qode_css_animation=\u00bb\u00bb el_class=\u00bbsk_img_300&#8243;][\/vc_column][vc_column width=\u00bb2\/3&#8243;][vc_column_text css=\u00bb\u00bb]<\/p>\n<h3>Su motivaci\u00f3n para apoyar Plastic Odyssey Exp\u00e9dition<\/h3>\n<p><em>\u00abEnfrentadas a una emergencia medioambiental, las empresas ya no pueden limitarse a reducir su impacto, tambi\u00e9n son una fuerza considerable en la b\u00fasqueda de soluciones concretas para reparar los da\u00f1os causados a la naturaleza. Al ser el principal patrocinador de Plastic Odyssey, L\u2019Occitane en Provence apoya un proyecto que pretende transformar los residuos pl\u00e1sticos en un recurso y participar as\u00ed en el desarrollo de una nueva econom\u00eda. Por eso estamos orgullosos de asociarnos a Plastic Odyssey, una maravillosa aventura humana.\u00bb<\/em><\/p>\n<p>\u2013 Adrien GEIGER, Director General de L&#8217;Occitane en Provence[\/vc_column_text]<a  itemprop=\"url\" href=\"https:\/\/group.loccitane.com\/\" target=\"_blank\"  class=\"qbutton  default cta_white_bg_2\" style=\"margin: 40px 0; \">Descubrir el sitio<span aria-hidden=\"true\" class=\"qode_icon_font_elegant arrow_right qode_button_icon_element\"><\/span><\/a>[\/vc_column][\/vc_row]<\/p>\n<\/div>","protected":false},"excerpt":{"rendered":"<p>[vc_row css_animation=\u00bb\u00bb row_type=\u00bbrow\u00bb use_row_as_full_screen_section=\u00bbno\u00bb type=\u00bbgrid\u00bb angled_section=\u00bbno\u00bb text_align=\u00bbleft\u00bb background_image_as_pattern=\u00bbwithout_pattern\u00bb z_index=\u00bb\u00bb anchor=\u00bbmore\u00bb el_class=\u00bbsk_headpage_escales sk_gradient_1 white\u00bb][vc_column el_class=\u00bbalign_center\u00bb][vc_column_text el_class=\u00bbpartner_level\u00bb]Socio principal[\/vc_column_text][vc_single_image image=\u00bb53614&#8243; img_size=\u00bbfull\u00bb alignment=\u00bbcenter\u00bb css=\u00bb\u00bb qode_css_animation=\u00bb\u00bb el_class=\u00bbsk_img_500 mt3&#8243;][vc_column_text el_class=\u00bbmt3&#8243;] Plastic Odyssey y L\u2019Occitane en Provence L&#8217;Occitane apoya la 1\u00aa expedici\u00f3n&#8230;<\/p>\n","protected":false},"author":3,"featured_media":30745,"parent":33263,"menu_order":1,"comment_status":"closed","ping_status":"closed","template":"full_width.php","meta":{"footnotes":""},"class_list":["post-33331","page","type-page","status-publish","has-post-thumbnail","hentry"],"yoast_head":"<!-- This site is optimized with the Yoast SEO plugin v25.5 - https:\/\/yoast.com\/wordpress\/plugins\/seo\/ -->\n<title>L&#039;Occitane en Provence - Socio Principal | Plastic Odyssey<\/title>\n<meta name=\"description\" content=\"L&#039;Occitane apoya la 1\u00aa expedici\u00f3n alrededor del mundo para luchar contra la contaminaci\u00f3n de los mares y oc\u00e9anos en su origen: en tierra firme.\" \/>\n<meta name=\"robots\" content=\"index, follow, max-snippet:-1, max-image-preview:large, max-video-preview:-1\" \/>\n<link rel=\"canonical\" href=\"https:\/\/plasticodyssey.org\/es\/socios\/loccitane-en-provence\/\" \/>\n<meta property=\"og:locale\" content=\"es_ES\" \/>\n<meta property=\"og:type\" content=\"article\" \/>\n<meta property=\"og:title\" content=\"L&#039;Occitane en Provence - Socio Principal | Plastic Odyssey\" \/>\n<meta property=\"og:description\" content=\"L&#039;Occitane apoya la 1\u00aa expedici\u00f3n alrededor del mundo para luchar contra la contaminaci\u00f3n de los mares y oc\u00e9anos en su origen: en tierra firme.\" \/>\n<meta property=\"og:url\" content=\"https:\/\/plasticodyssey.org\/es\/socios\/loccitane-en-provence\/\" \/>\n<meta property=\"og:site_name\" content=\"Plastic Odyssey\" \/>\n<meta property=\"article:publisher\" content=\"https:\/\/www.facebook.com\/plasticodyssey\/\" \/>\n<meta property=\"article:modified_time\" content=\"2024-12-10T16:53:44+00:00\" \/>\n<meta property=\"og:image\" content=\"https:\/\/plasticodyssey.org\/wp-content\/uploads\/2020\/09\/partenariat-bateau-occitane-en-provence.jpg\" \/>\n\t<meta property=\"og:image:width\" content=\"1250\" \/>\n\t<meta property=\"og:image:height\" content=\"834\" \/>\n\t<meta property=\"og:image:type\" content=\"image\/jpeg\" \/>\n<meta name=\"twitter:card\" content=\"summary_large_image\" \/>\n<meta name=\"twitter:site\" content=\"@plasticodyssey\" \/>\n<meta name=\"twitter:label1\" content=\"Tiempo de lectura\" \/>\n\t<meta name=\"twitter:data1\" content=\"5 minutos\" \/>\n<script type=\"application\/ld+json\" class=\"yoast-schema-graph\">{\"@context\":\"https:\/\/schema.org\",\"@graph\":[{\"@type\":\"WebPage\",\"@id\":\"https:\/\/plasticodyssey.org\/es\/socios\/loccitane-en-provence\/\",\"url\":\"https:\/\/plasticodyssey.org\/es\/socios\/loccitane-en-provence\/\",\"name\":\"L'Occitane en Provence - Socio Principal | Plastic Odyssey\",\"isPartOf\":{\"@id\":\"https:\/\/plasticodyssey.org\/es\/#website\"},\"primaryImageOfPage\":{\"@id\":\"https:\/\/plasticodyssey.org\/es\/socios\/loccitane-en-provence\/#primaryimage\"},\"image\":{\"@id\":\"https:\/\/plasticodyssey.org\/es\/socios\/loccitane-en-provence\/#primaryimage\"},\"thumbnailUrl\":\"https:\/\/plasticodyssey.org\/wp-content\/uploads\/2020\/09\/partenariat-bateau-occitane-en-provence.jpg\",\"datePublished\":\"2020-02-23T21:33:16+00:00\",\"dateModified\":\"2024-12-10T16:53:44+00:00\",\"description\":\"L'Occitane apoya la 1\u00aa expedici\u00f3n alrededor del mundo para luchar contra la contaminaci\u00f3n de los mares y oc\u00e9anos en su origen: en tierra firme.\",\"breadcrumb\":{\"@id\":\"https:\/\/plasticodyssey.org\/es\/socios\/loccitane-en-provence\/#breadcrumb\"},\"inLanguage\":\"es\",\"potentialAction\":[{\"@type\":\"ReadAction\",\"target\":[\"https:\/\/plasticodyssey.org\/es\/socios\/loccitane-en-provence\/\"]}]},{\"@type\":\"ImageObject\",\"inLanguage\":\"es\",\"@id\":\"https:\/\/plasticodyssey.org\/es\/socios\/loccitane-en-provence\/#primaryimage\",\"url\":\"https:\/\/plasticodyssey.org\/wp-content\/uploads\/2020\/09\/partenariat-bateau-occitane-en-provence.jpg\",\"contentUrl\":\"https:\/\/plasticodyssey.org\/wp-content\/uploads\/2020\/09\/partenariat-bateau-occitane-en-provence.jpg\",\"width\":1250,\"height\":834,\"caption\":\"Alexandre DECHELOTTE et Simon BERNARD hisse la grand voile\"},{\"@type\":\"BreadcrumbList\",\"@id\":\"https:\/\/plasticodyssey.org\/es\/socios\/loccitane-en-provence\/#breadcrumb\",\"itemListElement\":[{\"@type\":\"ListItem\",\"position\":1,\"name\":\"Accueil\",\"item\":\"https:\/\/plasticodyssey.org\/es\/inicio\/\"},{\"@type\":\"ListItem\",\"position\":2,\"name\":\"Socios\",\"item\":\"https:\/\/plasticodyssey.org\/es\/socios\/\"},{\"@type\":\"ListItem\",\"position\":3,\"name\":\"L&rsquo;Occitane en Provence\"}]},{\"@type\":\"WebSite\",\"@id\":\"https:\/\/plasticodyssey.org\/es\/#website\",\"url\":\"https:\/\/plasticodyssey.org\/es\/\",\"name\":\"Plastic Odyssey\",\"description\":\"L&#039;exp\u00e9dition autour du monde contre la pollution plastique\",\"publisher\":{\"@id\":\"https:\/\/plasticodyssey.org\/es\/#organization\"},\"potentialAction\":[{\"@type\":\"SearchAction\",\"target\":{\"@type\":\"EntryPoint\",\"urlTemplate\":\"https:\/\/plasticodyssey.org\/es\/?s={search_term_string}\"},\"query-input\":{\"@type\":\"PropertyValueSpecification\",\"valueRequired\":true,\"valueName\":\"search_term_string\"}}],\"inLanguage\":\"es\"},{\"@type\":\"Organization\",\"@id\":\"https:\/\/plasticodyssey.org\/es\/#organization\",\"name\":\"Plastic Odyssey\",\"url\":\"https:\/\/plasticodyssey.org\/es\/\",\"logo\":{\"@type\":\"ImageObject\",\"inLanguage\":\"es\",\"@id\":\"https:\/\/plasticodyssey.org\/es\/#\/schema\/logo\/image\/\",\"url\":\"https:\/\/plasticodyssey.org\/wp-content\/uploads\/2020\/02\/navire-plastic-odyssey-coucher-soleil.jpg\",\"contentUrl\":\"https:\/\/plasticodyssey.org\/wp-content\/uploads\/2020\/02\/navire-plastic-odyssey-coucher-soleil.jpg\",\"width\":1920,\"height\":1080,\"caption\":\"Plastic Odyssey\"},\"image\":{\"@id\":\"https:\/\/plasticodyssey.org\/es\/#\/schema\/logo\/image\/\"},\"sameAs\":[\"https:\/\/www.facebook.com\/plasticodyssey\/\",\"https:\/\/x.com\/plasticodyssey\",\"https:\/\/www.instagram.com\/plasticodyssey\/\",\"https:\/\/www.linkedin.com\/company\/plastic-odyssey\/\",\"https:\/\/www.youtube.com\/channel\/UC4UNxaIW9ODIuLGJaTrhnow\"]}]}<\/script>\n<!-- \/ Yoast SEO plugin. -->","yoast_head_json":{"title":"L'Occitane en Provence - Socio Principal | Plastic Odyssey","description":"L'Occitane apoya la 1\u00aa expedici\u00f3n alrededor del mundo para luchar contra la contaminaci\u00f3n de los mares y oc\u00e9anos en su origen: en tierra firme.","robots":{"index":"index","follow":"follow","max-snippet":"max-snippet:-1","max-image-preview":"max-image-preview:large","max-video-preview":"max-video-preview:-1"},"canonical":"https:\/\/plasticodyssey.org\/es\/socios\/loccitane-en-provence\/","og_locale":"es_ES","og_type":"article","og_title":"L'Occitane en Provence - Socio Principal | Plastic Odyssey","og_description":"L'Occitane apoya la 1\u00aa expedici\u00f3n alrededor del mundo para luchar contra la contaminaci\u00f3n de los mares y oc\u00e9anos en su origen: en tierra firme.","og_url":"https:\/\/plasticodyssey.org\/es\/socios\/loccitane-en-provence\/","og_site_name":"Plastic Odyssey","article_publisher":"https:\/\/www.facebook.com\/plasticodyssey\/","article_modified_time":"2024-12-10T16:53:44+00:00","og_image":[{"width":1250,"height":834,"url":"https:\/\/plasticodyssey.org\/wp-content\/uploads\/2020\/09\/partenariat-bateau-occitane-en-provence.jpg","type":"image\/jpeg"}],"twitter_card":"summary_large_image","twitter_site":"@plasticodyssey","twitter_misc":{"Tiempo de lectura":"5 minutos"},"schema":{"@context":"https:\/\/schema.org","@graph":[{"@type":"WebPage","@id":"https:\/\/plasticodyssey.org\/es\/socios\/loccitane-en-provence\/","url":"https:\/\/plasticodyssey.org\/es\/socios\/loccitane-en-provence\/","name":"L'Occitane en Provence - Socio Principal | Plastic Odyssey","isPartOf":{"@id":"https:\/\/plasticodyssey.org\/es\/#website"},"primaryImageOfPage":{"@id":"https:\/\/plasticodyssey.org\/es\/socios\/loccitane-en-provence\/#primaryimage"},"image":{"@id":"https:\/\/plasticodyssey.org\/es\/socios\/loccitane-en-provence\/#primaryimage"},"thumbnailUrl":"https:\/\/plasticodyssey.org\/wp-content\/uploads\/2020\/09\/partenariat-bateau-occitane-en-provence.jpg","datePublished":"2020-02-23T21:33:16+00:00","dateModified":"2024-12-10T16:53:44+00:00","description":"L'Occitane apoya la 1\u00aa expedici\u00f3n alrededor del mundo para luchar contra la contaminaci\u00f3n de los mares y oc\u00e9anos en su origen: en tierra firme.","breadcrumb":{"@id":"https:\/\/plasticodyssey.org\/es\/socios\/loccitane-en-provence\/#breadcrumb"},"inLanguage":"es","potentialAction":[{"@type":"ReadAction","target":["https:\/\/plasticodyssey.org\/es\/socios\/loccitane-en-provence\/"]}]},{"@type":"ImageObject","inLanguage":"es","@id":"https:\/\/plasticodyssey.org\/es\/socios\/loccitane-en-provence\/#primaryimage","url":"https:\/\/plasticodyssey.org\/wp-content\/uploads\/2020\/09\/partenariat-bateau-occitane-en-provence.jpg","contentUrl":"https:\/\/plasticodyssey.org\/wp-content\/uploads\/2020\/09\/partenariat-bateau-occitane-en-provence.jpg","width":1250,"height":834,"caption":"Alexandre DECHELOTTE et Simon BERNARD hisse la grand voile"},{"@type":"BreadcrumbList","@id":"https:\/\/plasticodyssey.org\/es\/socios\/loccitane-en-provence\/#breadcrumb","itemListElement":[{"@type":"ListItem","position":1,"name":"Accueil","item":"https:\/\/plasticodyssey.org\/es\/inicio\/"},{"@type":"ListItem","position":2,"name":"Socios","item":"https:\/\/plasticodyssey.org\/es\/socios\/"},{"@type":"ListItem","position":3,"name":"L&rsquo;Occitane en Provence"}]},{"@type":"WebSite","@id":"https:\/\/plasticodyssey.org\/es\/#website","url":"https:\/\/plasticodyssey.org\/es\/","name":"Plastic Odyssey","description":"L&#039;exp\u00e9dition autour du monde contre la pollution plastique","publisher":{"@id":"https:\/\/plasticodyssey.org\/es\/#organization"},"potentialAction":[{"@type":"SearchAction","target":{"@type":"EntryPoint","urlTemplate":"https:\/\/plasticodyssey.org\/es\/?s={search_term_string}"},"query-input":{"@type":"PropertyValueSpecification","valueRequired":true,"valueName":"search_term_string"}}],"inLanguage":"es"},{"@type":"Organization","@id":"https:\/\/plasticodyssey.org\/es\/#organization","name":"Plastic Odyssey","url":"https:\/\/plasticodyssey.org\/es\/","logo":{"@type":"ImageObject","inLanguage":"es","@id":"https:\/\/plasticodyssey.org\/es\/#\/schema\/logo\/image\/","url":"https:\/\/plasticodyssey.org\/wp-content\/uploads\/2020\/02\/navire-plastic-odyssey-coucher-soleil.jpg","contentUrl":"https:\/\/plasticodyssey.org\/wp-content\/uploads\/2020\/02\/navire-plastic-odyssey-coucher-soleil.jpg","width":1920,"height":1080,"caption":"Plastic Odyssey"},"image":{"@id":"https:\/\/plasticodyssey.org\/es\/#\/schema\/logo\/image\/"},"sameAs":["https:\/\/www.facebook.com\/plasticodyssey\/","https:\/\/x.com\/plasticodyssey","https:\/\/www.instagram.com\/plasticodyssey\/","https:\/\/www.linkedin.com\/company\/plastic-odyssey\/","https:\/\/www.youtube.com\/channel\/UC4UNxaIW9ODIuLGJaTrhnow"]}]}},"_links":{"self":[{"href":"https:\/\/plasticodyssey.org\/es\/wp-json\/wp\/v2\/pages\/33331","targetHints":{"allow":["GET"]}}],"collection":[{"href":"https:\/\/plasticodyssey.org\/es\/wp-json\/wp\/v2\/pages"}],"about":[{"href":"https:\/\/plasticodyssey.org\/es\/wp-json\/wp\/v2\/types\/page"}],"author":[{"embeddable":true,"href":"https:\/\/plasticodyssey.org\/es\/wp-json\/wp\/v2\/users\/3"}],"replies":[{"embeddable":true,"href":"https:\/\/plasticodyssey.org\/es\/wp-json\/wp\/v2\/comments?post=33331"}],"version-history":[{"count":28,"href":"https:\/\/plasticodyssey.org\/es\/wp-json\/wp\/v2\/pages\/33331\/revisions"}],"predecessor-version":[{"id":53656,"href":"https:\/\/plasticodyssey.org\/es\/wp-json\/wp\/v2\/pages\/33331\/revisions\/53656"}],"up":[{"embeddable":true,"href":"https:\/\/plasticodyssey.org\/es\/wp-json\/wp\/v2\/pages\/33263"}],"wp:featuredmedia":[{"embeddable":true,"href":"https:\/\/plasticodyssey.org\/es\/wp-json\/wp\/v2\/media\/30745"}],"wp:attachment":[{"href":"https:\/\/plasticodyssey.org\/es\/wp-json\/wp\/v2\/media?parent=33331"}],"curies":[{"name":"wp","href":"https:\/\/api.w.org\/{rel}","templated":true}]}}