{"id":33372,"date":"2020-02-26T13:15:20","date_gmt":"2020-02-26T12:15:20","guid":{"rendered":"https:\/\/plasticodyssey.org\/socios\/credit-agricole\/"},"modified":"2024-05-31T11:05:21","modified_gmt":"2024-05-31T09:05:21","slug":"credit-agricole","status":"publish","type":"page","link":"https:\/\/plasticodyssey.org\/es\/socios\/credit-agricole\/","title":{"rendered":"Credit Agricole"},"content":{"rendered":"<div class=\"wpb-content-wrapper\"><p>[vc_row css_animation=\u00bb\u00bb row_type=\u00bbrow\u00bb use_row_as_full_screen_section=\u00bbno\u00bb type=\u00bbgrid\u00bb angled_section=\u00bbno\u00bb text_align=\u00bbleft\u00bb background_image_as_pattern=\u00bbwithout_pattern\u00bb z_index=\u00bb\u00bb anchor=\u00bbmore\u00bb el_class=\u00bbsk_headpage_escales sk_gradient_1 white\u00bb][vc_column el_class=\u00bbalign_center header_partners\u00bb][vc_column_text el_class=\u00bbpartner_level\u00bb]<\/p>\n<p><span class=\"sk_passe_tag\">Socio oficial<\/span><\/p>\n<p>[\/vc_column_text][vc_single_image image=\u00bb30323&#8243; img_size=\u00bbfull\u00bb alignment=\u00bbcenter\u00bb qode_css_animation=\u00bb\u00bb el_class=\u00bbsk_img_200 mt3&#8243;][vc_column_text el_class=\u00bbmt3&#8243;]<\/p>\n<h1>Plastic Odyssey y Cr\u00e9dit Agricole<\/h1>\n<p>\u00abLo mejor que les puede pasar es que, pasado un tiempo, <strong>esta fant\u00e1stica idea se extienda por todo el mundo<\/strong>\u00ab.[\/vc_column_text][\/vc_column][\/vc_row][vc_row css_animation=\u00bb\u00bb row_type=\u00bbrow\u00bb use_row_as_full_screen_section=\u00bbno\u00bb type=\u00bbgrid\u00bb angled_section=\u00bbno\u00bb text_align=\u00bbleft\u00bb background_image_as_pattern=\u00bbwithout_pattern\u00bb z_index=\u00bb\u00bb anchor=\u00bbmore\u00bb el_class=\u00bbpt6 pb6&#8243;][vc_column width=\u00bb2\/3&#8243; el_class=\u00bbmt3 sk_nomobile pb2&#8243;][vc_column_text]<\/p>\n<h2>Apoyo del Grupo Cr\u00e9dit Agricole al proyecto<\/h2>\n<p>El equipo de Plastic Odyssey, realista ante la contaminaci\u00f3n por pl\u00e1sticos pero todo menos resignado, se ha embarcado en un ambicioso proyecto para sensibilizar al p\u00fablico en general, a las empresas y a los gobiernos navegando alrededor del mundo en un barco embajador de la lucha contra la contaminaci\u00f3n por pl\u00e1sticos.<\/p>\n<p>Con el objetivo de iniciar la creaci\u00f3n de peque\u00f1as plantas de reciclaje y fomentar la aparici\u00f3n de iniciativas locales de reducci\u00f3n de residuos, el buque Plastic Odyssey visitar\u00e1 \u00c1frica, Am\u00e9rica Latina y Asia-Pac\u00edfico. Esta capacidad de visi\u00f3n de conjunto y de compromiso pleno y concreto con nuestras convicciones convenci\u00f3 a la alta direcci\u00f3n del grupo Cr\u00e9dit Agricole para apoyar el proyecto Plastic Odyssey.<\/p>\n<p>Tras una primera fase de apoyo de patrocinio en 2018, m\u00e1s de quince entidades del Grupo han decidido unir sus fuerzas para apoyar el lanzamiento de la expedici\u00f3n Plastic Odyssey en 2020.[\/vc_column_text][\/vc_column][vc_column width=\u00bb1\/3&#8243; css=\u00bb.vc_custom_1594302860540{margin-bottom: 40px !important;}\u00bb][vc_single_image image=\u00bb30703&#8243; img_size=\u00bbfull\u00bb alignment=\u00bbcenter\u00bb qode_css_animation=\u00bb\u00bb][\/vc_column][\/vc_row][vc_row css_animation=\u00bb\u00bb row_type=\u00bbrow\u00bb use_row_as_full_screen_section=\u00bbno\u00bb type=\u00bbgrid\u00bb angled_section=\u00bbno\u00bb text_align=\u00bbleft\u00bb background_image_as_pattern=\u00bbwithout_pattern\u00bb background_image=\u00bb7068&#8243; el_class=\u00bbsk_overlay_dark sk_bg_top\u00bb z_index=\u00bb\u00bb][vc_column css_animation=\u00bbfadeIn\u00bb el_class=\u00bbalign_center pt16 pb16&#8243;][vc_column_text]<span class=\"citation\" style=\"color: #ffffff;\">\u00abEspero que, al final, este proyecto se les escape\u00bb.<\/span><\/p>\n<p><span style=\"color: #ffffff;\">Philippe Brassac, Director General de Cr\u00e9dit Agricole S.A.<\/span>[\/vc_column_text][\/vc_column][\/vc_row][vc_row css_animation=\u00bb\u00bb row_type=\u00bbrow\u00bb use_row_as_full_screen_section=\u00bbno\u00bb type=\u00bbgrid\u00bb angled_section=\u00bbno\u00bb text_align=\u00bbleft\u00bb background_image_as_pattern=\u00bbwithout_pattern\u00bb z_index=\u00bb\u00bb el_class=\u00bbpt6&#8243;][vc_column][vc_column_text css=\u00bb.vc_custom_1594285430852{margin-bottom: 20px !important;}\u00bb]<\/p>\n<h3>V\u00eddeo de Cr\u00e9dit Agricole sobre Plastic Odyssey<\/h3>\n<p>[\/vc_column_text][vc_video link=\u00bbhttps:\/\/www.youtube.com\/watch?v=s_FHJn1nB4s\u00bb][\/vc_column][\/vc_row][vc_row css_animation=\u00bb\u00bb row_type=\u00bbrow\u00bb use_row_as_full_screen_section=\u00bbno\u00bb type=\u00bbgrid\u00bb angled_section=\u00bbno\u00bb text_align=\u00bbleft\u00bb background_image_as_pattern=\u00bbwithout_pattern\u00bb z_index=\u00bb\u00bb el_class=\u00bbpt4&#8243;][vc_column][vc_column_text]<\/p>\n<h3>Una iniciativa para reducir la huella de pl\u00e1stico de Cr\u00e9dit Agricole<\/h3>\n<p>Adem\u00e1s de apoyar la expedici\u00f3n Plastic Odyssey, <a href=\"http:\/\/credit-agricole.com\/chaines-d-infos\/toutes-les-chaines-d-info-du-groupe-credit-agricole\/nos-engagements\/le-credit-agricole-s-engage-contre-la-pollution-plastique\" target=\"_blank\" rel=\"noopener\">Cr\u00e9dit Agricole act\u00faa contra la contaminaci\u00f3n por pl\u00e1sticos<\/a> reduciendo su propio impacto directo.<\/p>\n<p>En los centros de Montrouge y Saint-Quentin-en-Yvelines, que acogen diariamente a m\u00e1s de 10.000 empleados del Grupo, se ha puesto en marcha una iniciativa para conseguir que no se utilice pl\u00e1stico de un solo uso. A finales de 2019 se presentar\u00e1n propuestas concretas para su aplicaci\u00f3n en 2020. Varias Mutuas Regionales tambi\u00e9n est\u00e1n trabajando para reducir su consumo de pl\u00e1sticos y fomentar el reciclaje.[\/vc_column_text][\/vc_column][\/vc_row][vc_row css_animation=\u00bb\u00bb row_type=\u00bbrow\u00bb use_row_as_full_screen_section=\u00bbno\u00bb type=\u00bbgrid\u00bb angled_section=\u00bbno\u00bb text_align=\u00bbleft\u00bb background_image_as_pattern=\u00bbwithout_pattern\u00bb z_index=\u00bb\u00bb padding_top=\u00bb60&#8243; background_color=\u00bb#ffffff\u00bb anchor=\u00bbmore\u00bb el_class=\u00bbimg-right pb6&#8243;][vc_column css=\u00bb.vc_custom_1593179305363{margin-bottom: 40px !important;}\u00bb el_class=\u00bbshadow3&#8243;][qode_elements_holder number_of_columns=\u00bbtwo_columns\u00bb][qode_elements_holder_item advanced_animations=\u00bbno\u00bb item_padding=\u00bb20px 40px 20px 0&#8243; item_padding_600_768=\u00bb20px 0px\u00bb item_padding_480_600=\u00bb20px 0px\u00bb item_padding_480=\u00bb20px 0px\u00bb][vc_column_text css=\u00bb.vc_custom_1594214991999{padding-bottom: 20px !important;}\u00bb]<\/p>\n<h3>Convicciones compartidas en la lucha contra la contaminaci\u00f3n por pl\u00e1sticos<\/h3>\n<p>El planteamiento de Plastic Odyssey consiste en utilizar las experiencias locales como punto de partida, con el objetivo de aportar soluciones a escala mundial. Es especialmente pertinente en un Grupo descentralizado y mutualista como Cr\u00e9dit Agricole, que combina una presencia internacional con estrechos v\u00ednculos con sus comunidades locales.<\/p>\n<p>Esto es tambi\u00e9n lo que motiv\u00f3 a los altos ejecutivos del Grupo Cr\u00e9dit Agricole a apoyar el proyecto Plastic Odyssey, que adopta un doble enfoque medioambiental y socioecon\u00f3mico para demostrar que los residuos pl\u00e1sticos pueden reutilizarse y reciclarse para convertirse en un recurso econ\u00f3mico para la poblaci\u00f3n de los pa\u00edses emergentes.<\/p>\n<p>Tambi\u00e9n queda mucho por hacer en los llamados pa\u00edses desarrollados. Al apoyar este proyecto, Cr\u00e9dit Agricole contribuye tambi\u00e9n a sensibilizar a la opini\u00f3n p\u00fablica sobre la necesidad de luchar contra el consumo excesivo de pl\u00e1stico, empezando por sus 141.000 empleados, 30.000 directivos y 51 millones de clientes.[\/vc_column_text]<a  itemprop=\"url\" href=\"https:\/\/www.credit-agricole.com\/chaines-d-infos\/toutes-les-chaines-d-info-du-groupe-credit-agricole\/dossier\/2020\/plastic-odyssey-et-credit-agricole-stopper-la-pollution-plastique-a-la-source\" target=\"_blank\"  class=\"qbutton  default cta_white_bg_2\" style=\"\">M\u00e1s informaci\u00f3n<span aria-hidden=\"true\" class=\"qode_icon_font_elegant arrow_right qode_button_icon_element\"><\/span><\/a>[\/qode_elements_holder_item][qode_elements_holder_item cover=\u00bbyes\u00bb advanced_animations=\u00bbno\u00bb background_image=\u00bb5216&#8243; custom_class=\u00bbwaveleftone\u00bb][vc_empty_space height=\u00bb200px\u00bb][\/qode_elements_holder_item][\/qode_elements_holder][\/vc_column][\/vc_row]<\/p>\n<\/div>","protected":false},"excerpt":{"rendered":"<p>[vc_row css_animation=\u00bb\u00bb row_type=\u00bbrow\u00bb use_row_as_full_screen_section=\u00bbno\u00bb type=\u00bbgrid\u00bb angled_section=\u00bbno\u00bb text_align=\u00bbleft\u00bb background_image_as_pattern=\u00bbwithout_pattern\u00bb z_index=\u00bb\u00bb anchor=\u00bbmore\u00bb el_class=\u00bbsk_headpage_escales sk_gradient_1 white\u00bb][vc_column el_class=\u00bbalign_center header_partners\u00bb][vc_column_text el_class=\u00bbpartner_level\u00bb] Socio oficial [\/vc_column_text][vc_single_image image=\u00bb30323&#8243; img_size=\u00bbfull\u00bb alignment=\u00bbcenter\u00bb qode_css_animation=\u00bb\u00bb el_class=\u00bbsk_img_200 mt3&#8243;][vc_column_text el_class=\u00bbmt3&#8243;] Plastic Odyssey y Cr\u00e9dit Agricole \u00abLo mejor que les&#8230;<\/p>\n","protected":false},"author":3,"featured_media":30702,"parent":33263,"menu_order":2,"comment_status":"closed","ping_status":"closed","template":"full_width.php","meta":{"footnotes":""},"class_list":["post-33372","page","type-page","status-publish","has-post-thumbnail","hentry"],"yoast_head":"<!-- This site is optimized with the Yoast SEO plugin v25.5 - https:\/\/yoast.com\/wordpress\/plugins\/seo\/ -->\n<title>Credit Agricole, Socio Oficial | Plastic Odyssey<\/title>\n<meta name=\"description\" content=\"El planteamiento de Plastic Odyssey consiste en utilizar las experiencias locales como punto de partida, con el objetivo de aportar soluciones a escala mundial.\" \/>\n<meta name=\"robots\" content=\"index, follow, max-snippet:-1, max-image-preview:large, max-video-preview:-1\" \/>\n<link rel=\"canonical\" href=\"https:\/\/plasticodyssey.org\/es\/socios\/credit-agricole\/\" \/>\n<meta property=\"og:locale\" content=\"es_ES\" \/>\n<meta property=\"og:type\" content=\"article\" \/>\n<meta property=\"og:title\" content=\"Credit Agricole, Socio Oficial | Plastic Odyssey\" \/>\n<meta property=\"og:description\" content=\"El planteamiento de Plastic Odyssey consiste en utilizar las experiencias locales como punto de partida, con el objetivo de aportar soluciones a escala mundial.\" \/>\n<meta property=\"og:url\" content=\"https:\/\/plasticodyssey.org\/es\/socios\/credit-agricole\/\" \/>\n<meta property=\"og:site_name\" content=\"Plastic Odyssey\" \/>\n<meta property=\"article:publisher\" content=\"https:\/\/www.facebook.com\/plasticodyssey\/\" \/>\n<meta property=\"article:modified_time\" content=\"2024-05-31T09:05:21+00:00\" \/>\n<meta property=\"og:image\" content=\"https:\/\/plasticodyssey.org\/wp-content\/uploads\/2020\/07\/credit-agricole-plastic-odyssey.jpg\" \/>\n\t<meta property=\"og:image:width\" content=\"1920\" \/>\n\t<meta property=\"og:image:height\" content=\"1080\" \/>\n\t<meta property=\"og:image:type\" content=\"image\/jpeg\" \/>\n<meta name=\"twitter:card\" content=\"summary_large_image\" \/>\n<meta name=\"twitter:site\" content=\"@plasticodyssey\" \/>\n<meta name=\"twitter:label1\" content=\"Tiempo de lectura\" \/>\n\t<meta name=\"twitter:data1\" content=\"5 minutos\" \/>\n<script type=\"application\/ld+json\" class=\"yoast-schema-graph\">{\"@context\":\"https:\/\/schema.org\",\"@graph\":[{\"@type\":\"WebPage\",\"@id\":\"https:\/\/plasticodyssey.org\/es\/socios\/credit-agricole\/\",\"url\":\"https:\/\/plasticodyssey.org\/es\/socios\/credit-agricole\/\",\"name\":\"Credit Agricole, Socio Oficial | Plastic Odyssey\",\"isPartOf\":{\"@id\":\"https:\/\/plasticodyssey.org\/es\/#website\"},\"primaryImageOfPage\":{\"@id\":\"https:\/\/plasticodyssey.org\/es\/socios\/credit-agricole\/#primaryimage\"},\"image\":{\"@id\":\"https:\/\/plasticodyssey.org\/es\/socios\/credit-agricole\/#primaryimage\"},\"thumbnailUrl\":\"https:\/\/plasticodyssey.org\/wp-content\/uploads\/2020\/07\/credit-agricole-plastic-odyssey.jpg\",\"datePublished\":\"2020-02-26T12:15:20+00:00\",\"dateModified\":\"2024-05-31T09:05:21+00:00\",\"description\":\"El planteamiento de Plastic Odyssey consiste en utilizar las experiencias locales como punto de partida, con el objetivo de aportar soluciones a escala mundial.\",\"breadcrumb\":{\"@id\":\"https:\/\/plasticodyssey.org\/es\/socios\/credit-agricole\/#breadcrumb\"},\"inLanguage\":\"es\",\"potentialAction\":[{\"@type\":\"ReadAction\",\"target\":[\"https:\/\/plasticodyssey.org\/es\/socios\/credit-agricole\/\"]}]},{\"@type\":\"ImageObject\",\"inLanguage\":\"es\",\"@id\":\"https:\/\/plasticodyssey.org\/es\/socios\/credit-agricole\/#primaryimage\",\"url\":\"https:\/\/plasticodyssey.org\/wp-content\/uploads\/2020\/07\/credit-agricole-plastic-odyssey.jpg\",\"contentUrl\":\"https:\/\/plasticodyssey.org\/wp-content\/uploads\/2020\/07\/credit-agricole-plastic-odyssey.jpg\",\"width\":1920,\"height\":1080},{\"@type\":\"BreadcrumbList\",\"@id\":\"https:\/\/plasticodyssey.org\/es\/socios\/credit-agricole\/#breadcrumb\",\"itemListElement\":[{\"@type\":\"ListItem\",\"position\":1,\"name\":\"Accueil\",\"item\":\"https:\/\/plasticodyssey.org\/es\/inicio\/\"},{\"@type\":\"ListItem\",\"position\":2,\"name\":\"Socios\",\"item\":\"https:\/\/plasticodyssey.org\/es\/socios\/\"},{\"@type\":\"ListItem\",\"position\":3,\"name\":\"Credit Agricole\"}]},{\"@type\":\"WebSite\",\"@id\":\"https:\/\/plasticodyssey.org\/es\/#website\",\"url\":\"https:\/\/plasticodyssey.org\/es\/\",\"name\":\"Plastic Odyssey\",\"description\":\"L&#039;exp\u00e9dition autour du monde contre la pollution plastique\",\"publisher\":{\"@id\":\"https:\/\/plasticodyssey.org\/es\/#organization\"},\"potentialAction\":[{\"@type\":\"SearchAction\",\"target\":{\"@type\":\"EntryPoint\",\"urlTemplate\":\"https:\/\/plasticodyssey.org\/es\/?s={search_term_string}\"},\"query-input\":{\"@type\":\"PropertyValueSpecification\",\"valueRequired\":true,\"valueName\":\"search_term_string\"}}],\"inLanguage\":\"es\"},{\"@type\":\"Organization\",\"@id\":\"https:\/\/plasticodyssey.org\/es\/#organization\",\"name\":\"Plastic Odyssey\",\"url\":\"https:\/\/plasticodyssey.org\/es\/\",\"logo\":{\"@type\":\"ImageObject\",\"inLanguage\":\"es\",\"@id\":\"https:\/\/plasticodyssey.org\/es\/#\/schema\/logo\/image\/\",\"url\":\"https:\/\/plasticodyssey.org\/wp-content\/uploads\/2020\/02\/navire-plastic-odyssey-coucher-soleil.jpg\",\"contentUrl\":\"https:\/\/plasticodyssey.org\/wp-content\/uploads\/2020\/02\/navire-plastic-odyssey-coucher-soleil.jpg\",\"width\":1920,\"height\":1080,\"caption\":\"Plastic Odyssey\"},\"image\":{\"@id\":\"https:\/\/plasticodyssey.org\/es\/#\/schema\/logo\/image\/\"},\"sameAs\":[\"https:\/\/www.facebook.com\/plasticodyssey\/\",\"https:\/\/x.com\/plasticodyssey\",\"https:\/\/www.instagram.com\/plasticodyssey\/\",\"https:\/\/www.linkedin.com\/company\/plastic-odyssey\/\",\"https:\/\/www.youtube.com\/channel\/UC4UNxaIW9ODIuLGJaTrhnow\"]}]}<\/script>\n<!-- \/ Yoast SEO plugin. -->","yoast_head_json":{"title":"Credit Agricole, Socio Oficial | Plastic Odyssey","description":"El planteamiento de Plastic Odyssey consiste en utilizar las experiencias locales como punto de partida, con el objetivo de aportar soluciones a escala mundial.","robots":{"index":"index","follow":"follow","max-snippet":"max-snippet:-1","max-image-preview":"max-image-preview:large","max-video-preview":"max-video-preview:-1"},"canonical":"https:\/\/plasticodyssey.org\/es\/socios\/credit-agricole\/","og_locale":"es_ES","og_type":"article","og_title":"Credit Agricole, Socio Oficial | Plastic Odyssey","og_description":"El planteamiento de Plastic Odyssey consiste en utilizar las experiencias locales como punto de partida, con el objetivo de aportar soluciones a escala mundial.","og_url":"https:\/\/plasticodyssey.org\/es\/socios\/credit-agricole\/","og_site_name":"Plastic Odyssey","article_publisher":"https:\/\/www.facebook.com\/plasticodyssey\/","article_modified_time":"2024-05-31T09:05:21+00:00","og_image":[{"width":1920,"height":1080,"url":"https:\/\/plasticodyssey.org\/wp-content\/uploads\/2020\/07\/credit-agricole-plastic-odyssey.jpg","type":"image\/jpeg"}],"twitter_card":"summary_large_image","twitter_site":"@plasticodyssey","twitter_misc":{"Tiempo de lectura":"5 minutos"},"schema":{"@context":"https:\/\/schema.org","@graph":[{"@type":"WebPage","@id":"https:\/\/plasticodyssey.org\/es\/socios\/credit-agricole\/","url":"https:\/\/plasticodyssey.org\/es\/socios\/credit-agricole\/","name":"Credit Agricole, Socio Oficial | Plastic Odyssey","isPartOf":{"@id":"https:\/\/plasticodyssey.org\/es\/#website"},"primaryImageOfPage":{"@id":"https:\/\/plasticodyssey.org\/es\/socios\/credit-agricole\/#primaryimage"},"image":{"@id":"https:\/\/plasticodyssey.org\/es\/socios\/credit-agricole\/#primaryimage"},"thumbnailUrl":"https:\/\/plasticodyssey.org\/wp-content\/uploads\/2020\/07\/credit-agricole-plastic-odyssey.jpg","datePublished":"2020-02-26T12:15:20+00:00","dateModified":"2024-05-31T09:05:21+00:00","description":"El planteamiento de Plastic Odyssey consiste en utilizar las experiencias locales como punto de partida, con el objetivo de aportar soluciones a escala mundial.","breadcrumb":{"@id":"https:\/\/plasticodyssey.org\/es\/socios\/credit-agricole\/#breadcrumb"},"inLanguage":"es","potentialAction":[{"@type":"ReadAction","target":["https:\/\/plasticodyssey.org\/es\/socios\/credit-agricole\/"]}]},{"@type":"ImageObject","inLanguage":"es","@id":"https:\/\/plasticodyssey.org\/es\/socios\/credit-agricole\/#primaryimage","url":"https:\/\/plasticodyssey.org\/wp-content\/uploads\/2020\/07\/credit-agricole-plastic-odyssey.jpg","contentUrl":"https:\/\/plasticodyssey.org\/wp-content\/uploads\/2020\/07\/credit-agricole-plastic-odyssey.jpg","width":1920,"height":1080},{"@type":"BreadcrumbList","@id":"https:\/\/plasticodyssey.org\/es\/socios\/credit-agricole\/#breadcrumb","itemListElement":[{"@type":"ListItem","position":1,"name":"Accueil","item":"https:\/\/plasticodyssey.org\/es\/inicio\/"},{"@type":"ListItem","position":2,"name":"Socios","item":"https:\/\/plasticodyssey.org\/es\/socios\/"},{"@type":"ListItem","position":3,"name":"Credit Agricole"}]},{"@type":"WebSite","@id":"https:\/\/plasticodyssey.org\/es\/#website","url":"https:\/\/plasticodyssey.org\/es\/","name":"Plastic Odyssey","description":"L&#039;exp\u00e9dition autour du monde contre la pollution plastique","publisher":{"@id":"https:\/\/plasticodyssey.org\/es\/#organization"},"potentialAction":[{"@type":"SearchAction","target":{"@type":"EntryPoint","urlTemplate":"https:\/\/plasticodyssey.org\/es\/?s={search_term_string}"},"query-input":{"@type":"PropertyValueSpecification","valueRequired":true,"valueName":"search_term_string"}}],"inLanguage":"es"},{"@type":"Organization","@id":"https:\/\/plasticodyssey.org\/es\/#organization","name":"Plastic Odyssey","url":"https:\/\/plasticodyssey.org\/es\/","logo":{"@type":"ImageObject","inLanguage":"es","@id":"https:\/\/plasticodyssey.org\/es\/#\/schema\/logo\/image\/","url":"https:\/\/plasticodyssey.org\/wp-content\/uploads\/2020\/02\/navire-plastic-odyssey-coucher-soleil.jpg","contentUrl":"https:\/\/plasticodyssey.org\/wp-content\/uploads\/2020\/02\/navire-plastic-odyssey-coucher-soleil.jpg","width":1920,"height":1080,"caption":"Plastic Odyssey"},"image":{"@id":"https:\/\/plasticodyssey.org\/es\/#\/schema\/logo\/image\/"},"sameAs":["https:\/\/www.facebook.com\/plasticodyssey\/","https:\/\/x.com\/plasticodyssey","https:\/\/www.instagram.com\/plasticodyssey\/","https:\/\/www.linkedin.com\/company\/plastic-odyssey\/","https:\/\/www.youtube.com\/channel\/UC4UNxaIW9ODIuLGJaTrhnow"]}]}},"_links":{"self":[{"href":"https:\/\/plasticodyssey.org\/es\/wp-json\/wp\/v2\/pages\/33372","targetHints":{"allow":["GET"]}}],"collection":[{"href":"https:\/\/plasticodyssey.org\/es\/wp-json\/wp\/v2\/pages"}],"about":[{"href":"https:\/\/plasticodyssey.org\/es\/wp-json\/wp\/v2\/types\/page"}],"author":[{"embeddable":true,"href":"https:\/\/plasticodyssey.org\/es\/wp-json\/wp\/v2\/users\/3"}],"replies":[{"embeddable":true,"href":"https:\/\/plasticodyssey.org\/es\/wp-json\/wp\/v2\/comments?post=33372"}],"version-history":[{"count":9,"href":"https:\/\/plasticodyssey.org\/es\/wp-json\/wp\/v2\/pages\/33372\/revisions"}],"predecessor-version":[{"id":48330,"href":"https:\/\/plasticodyssey.org\/es\/wp-json\/wp\/v2\/pages\/33372\/revisions\/48330"}],"up":[{"embeddable":true,"href":"https:\/\/plasticodyssey.org\/es\/wp-json\/wp\/v2\/pages\/33263"}],"wp:featuredmedia":[{"embeddable":true,"href":"https:\/\/plasticodyssey.org\/es\/wp-json\/wp\/v2\/media\/30702"}],"wp:attachment":[{"href":"https:\/\/plasticodyssey.org\/es\/wp-json\/wp\/v2\/media?parent=33372"}],"curies":[{"name":"wp","href":"https:\/\/api.w.org\/{rel}","templated":true}]}}