{"id":33376,"date":"2020-02-26T13:16:50","date_gmt":"2020-02-26T12:16:50","guid":{"rendered":"https:\/\/plasticodyssey.org\/socios\/clarins\/"},"modified":"2024-05-31T11:05:02","modified_gmt":"2024-05-31T09:05:02","slug":"clarins","status":"publish","type":"page","link":"https:\/\/plasticodyssey.org\/es\/socios\/clarins\/","title":{"rendered":"Clarins"},"content":{"rendered":"<div class=\"wpb-content-wrapper\"><p>[vc_row css_animation=\u00bb\u00bb row_type=\u00bbrow\u00bb use_row_as_full_screen_section=\u00bbno\u00bb type=\u00bbgrid\u00bb angled_section=\u00bbno\u00bb text_align=\u00bbleft\u00bb background_image_as_pattern=\u00bbwithout_pattern\u00bb z_index=\u00bb\u00bb anchor=\u00bbmore\u00bb el_class=\u00bbsk_headpage_escales sk_gradient_1 white\u00bb][vc_column el_class=\u00bbalign_center header_partners\u00bb][vc_column_text el_class=\u00bbpartner_level\u00bb]<span class=\"sk_passe_tag\">Socio oficial<\/span>[\/vc_column_text][vc_single_image image=\u00bb30321&#8243; img_size=\u00bb\u00bb alignment=\u00bbcenter\u00bb qode_css_animation=\u00bb\u00bb el_class=\u00bbsk_img_400 mt3&#8243;][vc_column_text el_class=\u00bbmt3&#8243;]<\/p>\n<h1>Plastic Odyssey y Clarins<\/h1>\n<p>Escribir una nueva historia, la de una <strong>econom\u00eda circular m\u00e1s respetuosa con la naturaleza<\/strong>.[\/vc_column_text][\/vc_column][\/vc_row][vc_row css_animation=\u00bb\u00bb row_type=\u00bbrow\u00bb use_row_as_full_screen_section=\u00bbno\u00bb type=\u00bbgrid\u00bb angled_section=\u00bbno\u00bb text_align=\u00bbleft\u00bb background_image_as_pattern=\u00bbwithout_pattern\u00bb z_index=\u00bb\u00bb anchor=\u00bbmore\u00bb el_class=\u00bbpt6 pb6&#8243;][vc_column width=\u00bb2\/3&#8243; el_class=\u00bbmt4 sk_nomobile pb2&#8243;][vc_column_text]<\/p>\n<h2>La historia de Clarins<\/h2>\n<p>La historia de Clarins comenz\u00f3 en 1954 en la calle Tronchet de Par\u00eds. En su sal\u00f3n de belleza, Jacques Courtin-Clarins desarroll\u00f3 un aceite de masaje con aceites esenciales y propiedades adelgazantes destinado a aumentar la eficacia de los masajes reafirmantes. A petici\u00f3n de sus clientes, acept\u00f3 comercializarlo. Esto marc\u00f3 el inicio de una relaci\u00f3n basada en el di\u00e1logo y la confianza que contin\u00faa hasta hoy.<\/p>\n<p>La divisi\u00f3n de Belleza incluye las marcas Clarins y My Blend, as\u00ed como el negocio de Spa. El 90% de la producci\u00f3n se exporta a los 141 pa\u00edses donde se distribuyen los productos.<\/p>\n<p>Fiel a la filosof\u00eda de su fundador, el grupo Clarins dispone de sus propios laboratorios de Investigaci\u00f3n y Desarrollo y produce exclusivamente en Francia.[\/vc_column_text][\/vc_column][vc_column width=\u00bb1\/3&#8243;][vc_single_image image=\u00bb30729&#8243; img_size=\u00bbfull\u00bb alignment=\u00bbcenter\u00bb qode_css_animation=\u00bb\u00bb][\/vc_column][\/vc_row][vc_row css_animation=\u00bb\u00bb row_type=\u00bbrow\u00bb use_row_as_full_screen_section=\u00bbno\u00bb type=\u00bbfull_width\u00bb angled_section=\u00bbno\u00bb text_align=\u00bbleft\u00bb background_image_as_pattern=\u00bbwithout_pattern\u00bb background_image=\u00bb7274&#8243; el_class=\u00bbsk_overlay_dark sk_bg_top\u00bb z_index=\u00bb\u00bb][vc_column css_animation=\u00bbfadeIn\u00bb el_class=\u00bbalign_center pt16 pb16&#8243;][vc_column_text]<span class=\"citation\" style=\"color: #ffffff;\">\u00abUn proyecto maravilloso, tan inspirador como concreto\u00bb.<\/span><\/p>\n<p><span style=\"color: #ffffff;\">Christian Courtin Clarins, Presidente del Consejo de Supervisi\u00f3n.<\/span>[\/vc_column_text][\/vc_column][\/vc_row][vc_row css_animation=\u00bb\u00bb row_type=\u00bbrow\u00bb use_row_as_full_screen_section=\u00bbno\u00bb type=\u00bbgrid\u00bb angled_section=\u00bbno\u00bb text_align=\u00bbleft\u00bb background_image_as_pattern=\u00bbwithout_pattern\u00bb z_index=\u00bb\u00bb el_class=\u00bbpt6&#8243;][vc_column][vc_column_text]<\/p>\n<h3>Clarins, primer socio de Plastic Odyssey<\/h3>\n<p>El primer encuentro tuvo lugar en 2017, gracias a Roland Jourdain, un gran navegante que re\u00fane a su alrededor a los \u00abhacedores\u00bb, como \u00e9l los llama. Christian Courtin-Clarins ha apoyado el fondo Explore desde su creaci\u00f3n, reuniendo a los exploradores del ma\u00f1ana en torno a Roland Jourdain y Sophie Varceletto, sus dos fundadores. Explicaciones: \u00abTodas las tierras han sido descubiertas, todos los mares han sido explorados. Pero a\u00fan hay una especie que se propone descubrir el futuro: nuevas formas de vivir, de comer y de proteger nuestro planeta. Esta especie son los Nuevos Exploradores. Explica Roland Jourdain.<\/p>\n<p>El Fondo Explore apoya el desarrollo de numerosos proyectos, entre ellos varias expediciones: Under The Pole, Nomade des Mers y Plastic Odyssey.<\/p>\n<p>Christian Courtin-Clarins se dej\u00f3 seducir por la visi\u00f3n de la asociaci\u00f3n Plastic Odyssey cuando el proyecto a\u00fan estaba sobre el papel, y decidi\u00f3 embarcar a su grupo. El primer patrocinador de la asociaci\u00f3n ha permitido que surja y se haga realidad el proyecto de la asociaci\u00f3n: crear un buque de demostraci\u00f3n capaz de convertir el pl\u00e1stico en combustible.<\/p>\n<p>Un a\u00f1o y medio m\u00e1s tarde, la vuelta al mundo tomaba forma y era natural que Clarins subiera a bordo. Se ha firmado una asociaci\u00f3n \u00aboficial\u00bb por un periodo de 5 a\u00f1os.[\/vc_column_text][\/vc_column][\/vc_row][vc_row css_animation=\u00bb\u00bb row_type=\u00bbrow\u00bb use_row_as_full_screen_section=\u00bbno\u00bb type=\u00bbgrid\u00bb angled_section=\u00bbno\u00bb text_align=\u00bbleft\u00bb background_image_as_pattern=\u00bbwithout_pattern\u00bb z_index=\u00bb\u00bb background_color=\u00bb#ffffff\u00bb anchor=\u00bbmore\u00bb el_class=\u00bbpt6 pb6&#8243;][vc_column css=\u00bb.vc_custom_1593179305363{margin-bottom: 40px !important;}\u00bb el_class=\u00bbshadow3&#8243;][qode_elements_holder number_of_columns=\u00bbtwo_columns\u00bb][qode_elements_holder_item advanced_animations=\u00bbno\u00bb item_padding=\u00bb20px 40px 20px 0&#8243; item_padding_600_768=\u00bb20px 0 20px\u00bb item_padding_480_600=\u00bb20px 0 20px\u00bb item_padding_480=\u00bb20px 0 20px\u00bb][vc_column_text css=\u00bb.vc_custom_1594288460953{padding-bottom: 20px !important;}\u00bb]<\/p>\n<h3>Clarins y Plastic Odyssey, una s\u00f3lida visi\u00f3n compartida: respeto por la naturaleza y las personas.<\/h3>\n<p>Christian Courtin Clarins ha sido pionero en importantes cambios medioambientales dentro del Grupo. Conmocionado por la contaminaci\u00f3n marina mientras navegaba por Asia, en 1999 tom\u00f3 la decisi\u00f3n pionera de prohibir las bolsas de pl\u00e1stico en todos sus establecimientos. Desde entonces, nuestros productos se han dise\u00f1ado para tener el menor impacto posible en el medio ambiente. Las plantas, componente esencial de los productos fabricados por el grupo, se cultivan con m\u00e9todos ecol\u00f3gicos -respetuosos con el suelo- y de comercio justo -respetuosos con las personas-. Esta actividad econ\u00f3mica permite el desarrollo de infraestructuras esenciales como escuelas y centros de salud.<\/p>\n<p>Como grupo de renombre mundial en el sector de la belleza, Clarins, junto con Plastic Odyssey, desea desarrollar y promover una econom\u00eda circular m\u00e1s respetuosa con la naturaleza para iniciar un cambio sostenible en todo el mundo.<\/p>\n<p>Una nueva historia que escribir juntos, rica en acciones concretas para el presente, intercambios y nuevas ambiciones para el futuro.[\/vc_column_text]<a  itemprop=\"url\" href=\"http:\/\/www.groupeclarins.com\/fr\/actualite\/clarins-premier-partenaire-de-plastic-odyssey-expedition\" target=\"_blank\"  class=\"qbutton  default cta_white_bg_2\" style=\"\">M\u00e1s info<span aria-hidden=\"true\" class=\"qode_icon_font_elegant arrow_right qode_button_icon_element\"><\/span><\/a>[\/qode_elements_holder_item][qode_elements_holder_item cover=\u00bbyes\u00bb advanced_animations=\u00bbno\u00bb background_image=\u00bb4774&#8243; custom_class=\u00bbwaveleftone\u00bb][vc_empty_space height=\u00bb200px\u00bb][\/qode_elements_holder_item][\/qode_elements_holder][\/vc_column][\/vc_row]<\/p>\n<\/div>","protected":false},"excerpt":{"rendered":"<p>[vc_row css_animation=\u00bb\u00bb row_type=\u00bbrow\u00bb use_row_as_full_screen_section=\u00bbno\u00bb type=\u00bbgrid\u00bb angled_section=\u00bbno\u00bb text_align=\u00bbleft\u00bb background_image_as_pattern=\u00bbwithout_pattern\u00bb z_index=\u00bb\u00bb anchor=\u00bbmore\u00bb el_class=\u00bbsk_headpage_escales sk_gradient_1 white\u00bb][vc_column el_class=\u00bbalign_center header_partners\u00bb][vc_column_text el_class=\u00bbpartner_level\u00bb]Socio oficial[\/vc_column_text][vc_single_image image=\u00bb30321&#8243; img_size=\u00bb\u00bb alignment=\u00bbcenter\u00bb qode_css_animation=\u00bb\u00bb el_class=\u00bbsk_img_400 mt3&#8243;][vc_column_text el_class=\u00bbmt3&#8243;] Plastic Odyssey y Clarins Escribir una nueva historia, la de una&#8230;<\/p>\n","protected":false},"author":3,"featured_media":30726,"parent":33263,"menu_order":3,"comment_status":"closed","ping_status":"closed","template":"full_width.php","meta":{"footnotes":""},"class_list":["post-33376","page","type-page","status-publish","has-post-thumbnail","hentry"],"yoast_head":"<!-- This site is optimized with the Yoast SEO plugin v25.5 - https:\/\/yoast.com\/wordpress\/plugins\/seo\/ -->\n<title>Clarins, Socio Oficial | Plastic Odyssey<\/title>\n<meta name=\"description\" content=\"Clarins y Plastic Odyssey, una s\u00f3lida visi\u00f3n compartida: respeto por la naturaleza y las personas.\" \/>\n<meta name=\"robots\" content=\"index, follow, max-snippet:-1, max-image-preview:large, max-video-preview:-1\" \/>\n<link rel=\"canonical\" href=\"https:\/\/plasticodyssey.org\/es\/socios\/clarins\/\" \/>\n<meta property=\"og:locale\" content=\"es_ES\" \/>\n<meta property=\"og:type\" content=\"article\" \/>\n<meta property=\"og:title\" content=\"Clarins, Socio Oficial | Plastic Odyssey\" \/>\n<meta property=\"og:description\" content=\"Clarins y Plastic Odyssey, una s\u00f3lida visi\u00f3n compartida: respeto por la naturaleza y las personas.\" \/>\n<meta property=\"og:url\" content=\"https:\/\/plasticodyssey.org\/es\/socios\/clarins\/\" \/>\n<meta property=\"og:site_name\" content=\"Plastic Odyssey\" \/>\n<meta property=\"article:publisher\" content=\"https:\/\/www.facebook.com\/plasticodyssey\/\" \/>\n<meta property=\"article:modified_time\" content=\"2024-05-31T09:05:02+00:00\" \/>\n<meta property=\"og:image\" content=\"https:\/\/plasticodyssey.org\/wp-content\/uploads\/2020\/07\/clarins-partners-po.jpg\" \/>\n\t<meta property=\"og:image:width\" content=\"1920\" \/>\n\t<meta property=\"og:image:height\" content=\"1080\" \/>\n\t<meta property=\"og:image:type\" content=\"image\/jpeg\" \/>\n<meta name=\"twitter:card\" content=\"summary_large_image\" \/>\n<meta name=\"twitter:site\" content=\"@plasticodyssey\" \/>\n<meta name=\"twitter:label1\" content=\"Tiempo de lectura\" \/>\n\t<meta name=\"twitter:data1\" content=\"5 minutos\" \/>\n<script type=\"application\/ld+json\" class=\"yoast-schema-graph\">{\"@context\":\"https:\/\/schema.org\",\"@graph\":[{\"@type\":\"WebPage\",\"@id\":\"https:\/\/plasticodyssey.org\/es\/socios\/clarins\/\",\"url\":\"https:\/\/plasticodyssey.org\/es\/socios\/clarins\/\",\"name\":\"Clarins, Socio Oficial | Plastic Odyssey\",\"isPartOf\":{\"@id\":\"https:\/\/plasticodyssey.org\/es\/#website\"},\"primaryImageOfPage\":{\"@id\":\"https:\/\/plasticodyssey.org\/es\/socios\/clarins\/#primaryimage\"},\"image\":{\"@id\":\"https:\/\/plasticodyssey.org\/es\/socios\/clarins\/#primaryimage\"},\"thumbnailUrl\":\"https:\/\/plasticodyssey.org\/wp-content\/uploads\/2020\/07\/clarins-partners-po.jpg\",\"datePublished\":\"2020-02-26T12:16:50+00:00\",\"dateModified\":\"2024-05-31T09:05:02+00:00\",\"description\":\"Clarins y Plastic Odyssey, una s\u00f3lida visi\u00f3n compartida: respeto por la naturaleza y las personas.\",\"breadcrumb\":{\"@id\":\"https:\/\/plasticodyssey.org\/es\/socios\/clarins\/#breadcrumb\"},\"inLanguage\":\"es\",\"potentialAction\":[{\"@type\":\"ReadAction\",\"target\":[\"https:\/\/plasticodyssey.org\/es\/socios\/clarins\/\"]}]},{\"@type\":\"ImageObject\",\"inLanguage\":\"es\",\"@id\":\"https:\/\/plasticodyssey.org\/es\/socios\/clarins\/#primaryimage\",\"url\":\"https:\/\/plasticodyssey.org\/wp-content\/uploads\/2020\/07\/clarins-partners-po.jpg\",\"contentUrl\":\"https:\/\/plasticodyssey.org\/wp-content\/uploads\/2020\/07\/clarins-partners-po.jpg\",\"width\":1920,\"height\":1080},{\"@type\":\"BreadcrumbList\",\"@id\":\"https:\/\/plasticodyssey.org\/es\/socios\/clarins\/#breadcrumb\",\"itemListElement\":[{\"@type\":\"ListItem\",\"position\":1,\"name\":\"Accueil\",\"item\":\"https:\/\/plasticodyssey.org\/es\/inicio\/\"},{\"@type\":\"ListItem\",\"position\":2,\"name\":\"Socios\",\"item\":\"https:\/\/plasticodyssey.org\/es\/socios\/\"},{\"@type\":\"ListItem\",\"position\":3,\"name\":\"Clarins\"}]},{\"@type\":\"WebSite\",\"@id\":\"https:\/\/plasticodyssey.org\/es\/#website\",\"url\":\"https:\/\/plasticodyssey.org\/es\/\",\"name\":\"Plastic Odyssey\",\"description\":\"L&#039;exp\u00e9dition autour du monde contre la pollution plastique\",\"publisher\":{\"@id\":\"https:\/\/plasticodyssey.org\/es\/#organization\"},\"potentialAction\":[{\"@type\":\"SearchAction\",\"target\":{\"@type\":\"EntryPoint\",\"urlTemplate\":\"https:\/\/plasticodyssey.org\/es\/?s={search_term_string}\"},\"query-input\":{\"@type\":\"PropertyValueSpecification\",\"valueRequired\":true,\"valueName\":\"search_term_string\"}}],\"inLanguage\":\"es\"},{\"@type\":\"Organization\",\"@id\":\"https:\/\/plasticodyssey.org\/es\/#organization\",\"name\":\"Plastic Odyssey\",\"url\":\"https:\/\/plasticodyssey.org\/es\/\",\"logo\":{\"@type\":\"ImageObject\",\"inLanguage\":\"es\",\"@id\":\"https:\/\/plasticodyssey.org\/es\/#\/schema\/logo\/image\/\",\"url\":\"https:\/\/plasticodyssey.org\/wp-content\/uploads\/2020\/02\/navire-plastic-odyssey-coucher-soleil.jpg\",\"contentUrl\":\"https:\/\/plasticodyssey.org\/wp-content\/uploads\/2020\/02\/navire-plastic-odyssey-coucher-soleil.jpg\",\"width\":1920,\"height\":1080,\"caption\":\"Plastic Odyssey\"},\"image\":{\"@id\":\"https:\/\/plasticodyssey.org\/es\/#\/schema\/logo\/image\/\"},\"sameAs\":[\"https:\/\/www.facebook.com\/plasticodyssey\/\",\"https:\/\/x.com\/plasticodyssey\",\"https:\/\/www.instagram.com\/plasticodyssey\/\",\"https:\/\/www.linkedin.com\/company\/plastic-odyssey\/\",\"https:\/\/www.youtube.com\/channel\/UC4UNxaIW9ODIuLGJaTrhnow\"]}]}<\/script>\n<!-- \/ Yoast SEO plugin. -->","yoast_head_json":{"title":"Clarins, Socio Oficial | Plastic Odyssey","description":"Clarins y Plastic Odyssey, una s\u00f3lida visi\u00f3n compartida: respeto por la naturaleza y las personas.","robots":{"index":"index","follow":"follow","max-snippet":"max-snippet:-1","max-image-preview":"max-image-preview:large","max-video-preview":"max-video-preview:-1"},"canonical":"https:\/\/plasticodyssey.org\/es\/socios\/clarins\/","og_locale":"es_ES","og_type":"article","og_title":"Clarins, Socio Oficial | Plastic Odyssey","og_description":"Clarins y Plastic Odyssey, una s\u00f3lida visi\u00f3n compartida: respeto por la naturaleza y las personas.","og_url":"https:\/\/plasticodyssey.org\/es\/socios\/clarins\/","og_site_name":"Plastic Odyssey","article_publisher":"https:\/\/www.facebook.com\/plasticodyssey\/","article_modified_time":"2024-05-31T09:05:02+00:00","og_image":[{"width":1920,"height":1080,"url":"https:\/\/plasticodyssey.org\/wp-content\/uploads\/2020\/07\/clarins-partners-po.jpg","type":"image\/jpeg"}],"twitter_card":"summary_large_image","twitter_site":"@plasticodyssey","twitter_misc":{"Tiempo de lectura":"5 minutos"},"schema":{"@context":"https:\/\/schema.org","@graph":[{"@type":"WebPage","@id":"https:\/\/plasticodyssey.org\/es\/socios\/clarins\/","url":"https:\/\/plasticodyssey.org\/es\/socios\/clarins\/","name":"Clarins, Socio Oficial | Plastic Odyssey","isPartOf":{"@id":"https:\/\/plasticodyssey.org\/es\/#website"},"primaryImageOfPage":{"@id":"https:\/\/plasticodyssey.org\/es\/socios\/clarins\/#primaryimage"},"image":{"@id":"https:\/\/plasticodyssey.org\/es\/socios\/clarins\/#primaryimage"},"thumbnailUrl":"https:\/\/plasticodyssey.org\/wp-content\/uploads\/2020\/07\/clarins-partners-po.jpg","datePublished":"2020-02-26T12:16:50+00:00","dateModified":"2024-05-31T09:05:02+00:00","description":"Clarins y Plastic Odyssey, una s\u00f3lida visi\u00f3n compartida: respeto por la naturaleza y las personas.","breadcrumb":{"@id":"https:\/\/plasticodyssey.org\/es\/socios\/clarins\/#breadcrumb"},"inLanguage":"es","potentialAction":[{"@type":"ReadAction","target":["https:\/\/plasticodyssey.org\/es\/socios\/clarins\/"]}]},{"@type":"ImageObject","inLanguage":"es","@id":"https:\/\/plasticodyssey.org\/es\/socios\/clarins\/#primaryimage","url":"https:\/\/plasticodyssey.org\/wp-content\/uploads\/2020\/07\/clarins-partners-po.jpg","contentUrl":"https:\/\/plasticodyssey.org\/wp-content\/uploads\/2020\/07\/clarins-partners-po.jpg","width":1920,"height":1080},{"@type":"BreadcrumbList","@id":"https:\/\/plasticodyssey.org\/es\/socios\/clarins\/#breadcrumb","itemListElement":[{"@type":"ListItem","position":1,"name":"Accueil","item":"https:\/\/plasticodyssey.org\/es\/inicio\/"},{"@type":"ListItem","position":2,"name":"Socios","item":"https:\/\/plasticodyssey.org\/es\/socios\/"},{"@type":"ListItem","position":3,"name":"Clarins"}]},{"@type":"WebSite","@id":"https:\/\/plasticodyssey.org\/es\/#website","url":"https:\/\/plasticodyssey.org\/es\/","name":"Plastic Odyssey","description":"L&#039;exp\u00e9dition autour du monde contre la pollution plastique","publisher":{"@id":"https:\/\/plasticodyssey.org\/es\/#organization"},"potentialAction":[{"@type":"SearchAction","target":{"@type":"EntryPoint","urlTemplate":"https:\/\/plasticodyssey.org\/es\/?s={search_term_string}"},"query-input":{"@type":"PropertyValueSpecification","valueRequired":true,"valueName":"search_term_string"}}],"inLanguage":"es"},{"@type":"Organization","@id":"https:\/\/plasticodyssey.org\/es\/#organization","name":"Plastic Odyssey","url":"https:\/\/plasticodyssey.org\/es\/","logo":{"@type":"ImageObject","inLanguage":"es","@id":"https:\/\/plasticodyssey.org\/es\/#\/schema\/logo\/image\/","url":"https:\/\/plasticodyssey.org\/wp-content\/uploads\/2020\/02\/navire-plastic-odyssey-coucher-soleil.jpg","contentUrl":"https:\/\/plasticodyssey.org\/wp-content\/uploads\/2020\/02\/navire-plastic-odyssey-coucher-soleil.jpg","width":1920,"height":1080,"caption":"Plastic Odyssey"},"image":{"@id":"https:\/\/plasticodyssey.org\/es\/#\/schema\/logo\/image\/"},"sameAs":["https:\/\/www.facebook.com\/plasticodyssey\/","https:\/\/x.com\/plasticodyssey","https:\/\/www.instagram.com\/plasticodyssey\/","https:\/\/www.linkedin.com\/company\/plastic-odyssey\/","https:\/\/www.youtube.com\/channel\/UC4UNxaIW9ODIuLGJaTrhnow"]}]}},"_links":{"self":[{"href":"https:\/\/plasticodyssey.org\/es\/wp-json\/wp\/v2\/pages\/33376","targetHints":{"allow":["GET"]}}],"collection":[{"href":"https:\/\/plasticodyssey.org\/es\/wp-json\/wp\/v2\/pages"}],"about":[{"href":"https:\/\/plasticodyssey.org\/es\/wp-json\/wp\/v2\/types\/page"}],"author":[{"embeddable":true,"href":"https:\/\/plasticodyssey.org\/es\/wp-json\/wp\/v2\/users\/3"}],"replies":[{"embeddable":true,"href":"https:\/\/plasticodyssey.org\/es\/wp-json\/wp\/v2\/comments?post=33376"}],"version-history":[{"count":22,"href":"https:\/\/plasticodyssey.org\/es\/wp-json\/wp\/v2\/pages\/33376\/revisions"}],"predecessor-version":[{"id":48327,"href":"https:\/\/plasticodyssey.org\/es\/wp-json\/wp\/v2\/pages\/33376\/revisions\/48327"}],"up":[{"embeddable":true,"href":"https:\/\/plasticodyssey.org\/es\/wp-json\/wp\/v2\/pages\/33263"}],"wp:featuredmedia":[{"embeddable":true,"href":"https:\/\/plasticodyssey.org\/es\/wp-json\/wp\/v2\/media\/30726"}],"wp:attachment":[{"href":"https:\/\/plasticodyssey.org\/es\/wp-json\/wp\/v2\/media?parent=33376"}],"curies":[{"name":"wp","href":"https:\/\/api.w.org\/{rel}","templated":true}]}}