{"id":33380,"date":"2020-02-26T13:16:10","date_gmt":"2020-02-26T12:16:10","guid":{"rendered":"https:\/\/plasticodyssey.org\/socios\/matmut\/"},"modified":"2024-05-31T11:05:43","modified_gmt":"2024-05-31T09:05:43","slug":"matmut","status":"publish","type":"page","link":"https:\/\/plasticodyssey.org\/es\/socios\/matmut\/","title":{"rendered":"Matmut"},"content":{"rendered":"<div class=\"wpb-content-wrapper\"><p>[vc_row css_animation=\u00bb\u00bb row_type=\u00bbrow\u00bb use_row_as_full_screen_section=\u00bbno\u00bb type=\u00bbgrid\u00bb angled_section=\u00bbno\u00bb text_align=\u00bbleft\u00bb background_image_as_pattern=\u00bbwithout_pattern\u00bb z_index=\u00bb\u00bb anchor=\u00bbmore\u00bb el_class=\u00bbsk_headpage_escales sk_gradient_1 white\u00bb][vc_column el_class=\u00bbalign_center header_partners\u00bb][vc_column_text el_class=\u00bbpartner_level\u00bb]<span class=\"sk_passe_tag\">Socio oficial<\/span>[\/vc_column_text][vc_single_image image=\u00bb32410&#8243; img_size=\u00bb\u00bb alignment=\u00bbcenter\u00bb qode_css_animation=\u00bb\u00bb el_class=\u00bbsk_img_400 mt3&#8243;][vc_column_text el_class=\u00bbmt3&#8243;]<\/p>\n<h1>Plastic Odyssey y La MATMUT<\/h1>\n<p>\u00abEl proyecto de Plastic Odyssey es <strong>innovador, sostenible y decididamente humano<\/strong>.\u00bb[\/vc_column_text][\/vc_column][\/vc_row][vc_row css_animation=\u00bb\u00bb row_type=\u00bbrow\u00bb use_row_as_full_screen_section=\u00bbno\u00bb type=\u00bbgrid\u00bb angled_section=\u00bbno\u00bb text_align=\u00bbleft\u00bb background_image_as_pattern=\u00bbwithout_pattern\u00bb z_index=\u00bb\u00bb anchor=\u00bbmore\u00bb el_class=\u00bbpt6 pb6&#8243;][vc_column width=\u00bb2\/3&#8243; css=\u00bb.vc_custom_1621499381172{margin-bottom: 20px !important;}\u00bb el_class=\u00bbhistory\u00bb][vc_column_text]<\/p>\n<h2>Historia del Grupo MATMUT<\/h2>\n<p>Mutua de seguros fundada en 1961 para ofrecer el primer seguro de autom\u00f3vil a los asalariados del sector privado. Matmut aplica un sistema democr\u00e1tico de gobernanza centrado en sus afiliados, que est\u00e1n representados por 470 delegados en toda Francia.<\/p>\n<p>Con m\u00e1s de 3,8 millones de afiliados y 7,2 millones* de p\u00f3lizas de seguros gestionadas, Matmut es uno de los principales actores del mercado asegurador franc\u00e9s. Ofrece a todos -particulares, profesionales, empresas y asociaciones- una gama completa de productos de seguros personales y patrimoniales (autom\u00f3vil, moto, embarcaci\u00f3n, hogar, responsabilidad civil, protecci\u00f3n familiar, salud, protecci\u00f3n jur\u00eddica y asistencia), as\u00ed como servicios financieros y de ahorro (pr\u00e9stamos para autom\u00f3viles, pr\u00e9stamos para proyectos, seguros de pr\u00e9stamos, libretas de ahorro, seguros de vida, etc.).<\/p>\n<p><em>*figuras a 31\/12\/2018<\/em>[\/vc_column_text][\/vc_column][vc_column width=\u00bb1\/3&#8243;][vc_single_image image=\u00bb30728&#8243; img_size=\u00bbfull\u00bb alignment=\u00bbcenter\u00bb qode_css_animation=\u00bb\u00bb][\/vc_column][\/vc_row][vc_row css_animation=\u00bb\u00bb row_type=\u00bbrow\u00bb use_row_as_full_screen_section=\u00bbno\u00bb type=\u00bbgrid\u00bb angled_section=\u00bbno\u00bb text_align=\u00bbleft\u00bb background_image_as_pattern=\u00bbwithout_pattern\u00bb background_image=\u00bb7262&#8243; el_class=\u00bbsk_overlay_dark sk_bg_top\u00bb z_index=\u00bb\u00bb][vc_column css_animation=\u00bbfadeIn\u00bb el_class=\u00bbalign_center pt16 pb16&#8243;][vc_column_text]<span class=\"citation\" style=\"color: #ffffff;\">\u00ab\u00a1Qu\u00e9 fuente de inspiraci\u00f3n para pasar a la acci\u00f3n y proteger nuestro planeta!\u00bb<\/span><\/p>\n<p><span style=\"color: #ffffff;\">St\u00e9phanie Boutin, Directora General Adjunta de La Matmut<\/span>[\/vc_column_text][\/vc_column][\/vc_row][vc_row css_animation=\u00bb\u00bb row_type=\u00bbrow\u00bb use_row_as_full_screen_section=\u00bbno\u00bb type=\u00bbgrid\u00bb angled_section=\u00bbno\u00bb text_align=\u00bbleft\u00bb background_image_as_pattern=\u00bbwithout_pattern\u00bb z_index=\u00bb\u00bb el_class=\u00bbpt6 pb4&#8243;][vc_column][vc_column_text css=\u00bb.vc_custom_1594286153107{margin-bottom: 20px !important;}\u00bb]<\/p>\n<h3>V\u00eddeo de Viva Technology Par\u00eds &#8211; 2019<\/h3>\n<p>[\/vc_column_text][vc_video link=\u00bbhttps:\/\/www.youtube.com\/watch?v=U8K5djDWurA\u00bb][\/vc_column][\/vc_row][vc_row css_animation=\u00bb\u00bb row_type=\u00bbrow\u00bb use_row_as_full_screen_section=\u00bbno\u00bb type=\u00bbgrid\u00bb angled_section=\u00bbno\u00bb text_align=\u00bbleft\u00bb background_image_as_pattern=\u00bbwithout_pattern\u00bb z_index=\u00bb\u00bb][vc_column css=\u00bb.vc_custom_1594285929367{margin-bottom: 40px !important;}\u00bb][vc_column_text]<\/p>\n<h3>Compromisos de RSE de Matmut<\/h3>\n<p>Esta nueva asociaci\u00f3n forma parte del enfoque proactivo de Matmut en materia de RSE. Consciente de los grandes retos medioambientales a los que nos enfrentamos hoy en d\u00eda, la empresa se ha comprometido desde hace a\u00f1os a reducir su huella ecol\u00f3gica mediante una serie de acciones, como :[\/vc_column_text][\/vc_column][vc_column width=\u00bb1\/2&#8243; css=\u00bb.vc_custom_1594286029519{margin-bottom: 20px !important;}\u00bb el_class=\u00bblist_krack\u00bb][vc_column_text el_class=\u00bbsk_list\u00bb]<\/p>\n<h2>Con los empleados<\/h2>\n<ul style=\"margin-bottom: 40px;\">\n<li>Instalaci\u00f3n de puntos de recogida internos para que los empleados recojan y reciclen colillas, pilas, tapones de pl\u00e1stico y vasos.<\/li>\n<li>Equipar los dispensadores de bebidas con detectores de tazas y vasos para reducir al m\u00ednimo el uso de vasos de pl\u00e1stico de un solo uso.<\/li>\n<li>El continuo descenso del volumen de consumibles inform\u00e1ticos.<\/li>\n<li>La organizaci\u00f3n de ma\u00f1anas de \u00abdesintoxicaci\u00f3n digital\u00bb, en las que se anima a los empleados a reducir el n\u00famero de correos electr\u00f3nicos que env\u00edan.<\/li>\n<\/ul>\n<h2>Entre los miembros<\/h2>\n<ul>\n<li>Apoyo a los asegurados, con la organizaci\u00f3n de cursos de conducci\u00f3n ecol\u00f3gica para ayudarles a adquirir t\u00e9cnicas de conducci\u00f3n econ\u00f3mica y ecol\u00f3gica y, en \u00faltima instancia, a reducir el consumo de combustible.<\/li>\n<\/ul>\n<p>[\/vc_column_text][\/vc_column][vc_column width=\u00bb1\/2&#8243; css=\u00bb.vc_custom_1594285664463{margin-bottom: 20px !important;}\u00bb][vc_column_text el_class=\u00bbsk_list\u00bb]<\/p>\n<h2>Inmobiliario<\/h2>\n<ul>\n<li>El despliegue de cajas de ahorro, sistemas autom\u00e1ticos de gesti\u00f3n de la energ\u00eda. 70 sucursales conectadas a finales de 2018, un 20% m\u00e1s que a finales de 2017, para una mayor proactividad en caso de fugas de agua o exceso de consumo el\u00e9ctrico.<\/li>\n<li>La construcci\u00f3n del edificio La Filature en Rouen, un edificio de alto rendimiento energ\u00e9tico con tecnolog\u00eda innovadora, que ha obtenido recientemente la etiqueta \u00abPassivhaus\u00bb.<\/li>\n<li>Participaci\u00f3n de Matmut en el concurso Cube 2020, que forma parte de la iniciativa local COP 21 lanzada por el \u00e1rea metropolitana de Rouen Normand\u00eda. Las empresas registradas se comprometen a reducir al m\u00e1ximo su consumo de energ\u00eda.<\/li>\n<\/ul>\n<p>La empresa tambi\u00e9n acaba de ser nombrada ganadora de los Troph\u00e9es du D\u00e9veloppement durable@ 2019, organizados anualmente desde hace 10 a\u00f1os por Caux Seine Agglo para destacar la innovaci\u00f3n y las mejores pr\u00e1cticas en desarrollo sostenible.[\/vc_column_text][\/vc_column][\/vc_row][vc_row css_animation=\u00bb\u00bb row_type=\u00bbrow\u00bb use_row_as_full_screen_section=\u00bbno\u00bb type=\u00bbgrid\u00bb angled_section=\u00bbno\u00bb text_align=\u00bbleft\u00bb background_image_as_pattern=\u00bbwithout_pattern\u00bb z_index=\u00bb\u00bb background_color=\u00bb#ffffff\u00bb anchor=\u00bbmore\u00bb el_class=\u00bbpt4 pb6&#8243;][vc_column css=\u00bb.vc_custom_1593179305363{margin-bottom: 40px !important;}\u00bb el_class=\u00bbshadow3&#8243;][qode_elements_holder number_of_columns=\u00bbtwo_columns\u00bb][qode_elements_holder_item advanced_animations=\u00bbno\u00bb item_padding=\u00bb20px 40px 20px 0&#8243; item_padding_600_768=\u00bb20px 0 20px\u00bb item_padding_480_600=\u00bb20px 0 20px\u00bb item_padding_480=\u00bb20px 0 20px\u00bb][vc_column_text css=\u00bb.vc_custom_1594216585812{padding-bottom: 20px !important;}\u00bb]<\/p>\n<h3>Razones del Grupo Matmut para apoyar la Expedici\u00f3n Plastic Odyssey<\/h3>\n<p>El compromiso social, responsable y c\u00edvico de Matmut forma parte de su ADN. La empresa siempre se ha guiado por un enfoque solidario y humano de los seguros, una pol\u00edtica social responsable y el compromiso de reducir su huella ecol\u00f3gica.<\/p>\n<p>La asociaci\u00f3n con Plastic Odyssey nos permitir\u00e1 sensibilizar tanto interna como externamente y apoyar el cambio y la transici\u00f3n a un sistema m\u00e1s respetuoso con el medio ambiente, al tiempo que respaldamos un proyecto innovador y con visi\u00f3n de futuro.<\/p>\n<p><strong>A prop\u00f3sito de esta colaboraci\u00f3n, St\u00e9phanie Boutin, Directora General Adjunta de La Matmut y responsable de Comunicaci\u00f3n, ha declarado lo siguiente:<\/strong><\/p>\n<p>\u00abEl proyecto de Plastic Odyssey es innovador y sostenible, y est\u00e1 muy centrado en las personas, algo que nos atrae como mutua. Es emblem\u00e1tico de nuestro compromiso con nuestros empleados y nuestros socios. [&#8230;] Hoy deseamos a nuestro socio todo lo mejor en su extraordinario proyecto y, a partir de 2020, toda La Matmut seguir\u00e1 los progresos de su expedici\u00f3n. Qu\u00e9 fuente de inspiraci\u00f3n para todos y cada uno de nosotros actuar, a nuestro nivel y a diario, en favor de la preservaci\u00f3n de nuestro planeta!\u00bb.[\/vc_column_text]<a  itemprop=\"url\" href=\"https:\/\/www.matmut.fr\/groupe-matmut\/acteur-citoyen\/plastic-odyssey.html\" target=\"_blank\"  class=\"qbutton  default cta_white_bg_2\" style=\"\">M\u00e1s informaci\u00f3n sobre Matmut<span aria-hidden=\"true\" class=\"qode_icon_font_elegant arrow_right qode_button_icon_element\"><\/span><\/a>[\/qode_elements_holder_item][qode_elements_holder_item cover=\u00bbyes\u00bb advanced_animations=\u00bbno\u00bb background_image=\u00bb153&#8243; custom_class=\u00bbwaveleftone partners_bgposition\u00bb][vc_empty_space height=\u00bb200px\u00bb][\/qode_elements_holder_item][\/qode_elements_holder][\/vc_column][\/vc_row]<\/p>\n<\/div>","protected":false},"excerpt":{"rendered":"<p>[vc_row css_animation=\u00bb\u00bb row_type=\u00bbrow\u00bb use_row_as_full_screen_section=\u00bbno\u00bb type=\u00bbgrid\u00bb angled_section=\u00bbno\u00bb text_align=\u00bbleft\u00bb background_image_as_pattern=\u00bbwithout_pattern\u00bb z_index=\u00bb\u00bb anchor=\u00bbmore\u00bb el_class=\u00bbsk_headpage_escales sk_gradient_1 white\u00bb][vc_column el_class=\u00bbalign_center header_partners\u00bb][vc_column_text el_class=\u00bbpartner_level\u00bb]Socio oficial[\/vc_column_text][vc_single_image image=\u00bb32410&#8243; img_size=\u00bb\u00bb alignment=\u00bbcenter\u00bb qode_css_animation=\u00bb\u00bb el_class=\u00bbsk_img_400 mt3&#8243;][vc_column_text el_class=\u00bbmt3&#8243;] Plastic Odyssey y La MATMUT \u00abEl proyecto de Plastic Odyssey es&#8230;<\/p>\n","protected":false},"author":3,"featured_media":30725,"parent":33263,"menu_order":4,"comment_status":"closed","ping_status":"closed","template":"full_width.php","meta":{"footnotes":""},"class_list":["post-33380","page","type-page","status-publish","has-post-thumbnail","hentry"],"yoast_head":"<!-- This site is optimized with the Yoast SEO plugin v25.5 - https:\/\/yoast.com\/wordpress\/plugins\/seo\/ -->\n<title>Matmut, Socio Oficial | Plastic Odyssey<\/title>\n<meta name=\"description\" content=\"La asociaci\u00f3n con Plastic Odyssey contribuir\u00e1 a concienciar y apoyar el cambio y la transici\u00f3n a un sistema m\u00e1s respetuoso con el medio ambiente.\" \/>\n<meta name=\"robots\" content=\"index, follow, max-snippet:-1, max-image-preview:large, max-video-preview:-1\" \/>\n<link rel=\"canonical\" href=\"https:\/\/plasticodyssey.org\/es\/socios\/matmut\/\" \/>\n<meta property=\"og:locale\" content=\"es_ES\" \/>\n<meta property=\"og:type\" content=\"article\" \/>\n<meta property=\"og:title\" content=\"Matmut, Socio Oficial | Plastic Odyssey\" \/>\n<meta property=\"og:description\" content=\"La asociaci\u00f3n con Plastic Odyssey contribuir\u00e1 a concienciar y apoyar el cambio y la transici\u00f3n a un sistema m\u00e1s respetuoso con el medio ambiente.\" \/>\n<meta property=\"og:url\" content=\"https:\/\/plasticodyssey.org\/es\/socios\/matmut\/\" \/>\n<meta property=\"og:site_name\" content=\"Plastic Odyssey\" \/>\n<meta property=\"article:publisher\" content=\"https:\/\/www.facebook.com\/plasticodyssey\/\" \/>\n<meta property=\"article:modified_time\" content=\"2024-05-31T09:05:43+00:00\" \/>\n<meta property=\"og:image\" content=\"https:\/\/plasticodyssey.org\/wp-content\/uploads\/2020\/07\/matmut-partner-po.jpg\" \/>\n\t<meta property=\"og:image:width\" content=\"1920\" \/>\n\t<meta property=\"og:image:height\" content=\"1080\" \/>\n\t<meta property=\"og:image:type\" content=\"image\/jpeg\" \/>\n<meta name=\"twitter:card\" content=\"summary_large_image\" \/>\n<meta name=\"twitter:site\" content=\"@plasticodyssey\" \/>\n<meta name=\"twitter:label1\" content=\"Tiempo de lectura\" \/>\n\t<meta name=\"twitter:data1\" content=\"6 minutos\" \/>\n<script type=\"application\/ld+json\" class=\"yoast-schema-graph\">{\"@context\":\"https:\/\/schema.org\",\"@graph\":[{\"@type\":\"WebPage\",\"@id\":\"https:\/\/plasticodyssey.org\/es\/socios\/matmut\/\",\"url\":\"https:\/\/plasticodyssey.org\/es\/socios\/matmut\/\",\"name\":\"Matmut, Socio Oficial | Plastic Odyssey\",\"isPartOf\":{\"@id\":\"https:\/\/plasticodyssey.org\/es\/#website\"},\"primaryImageOfPage\":{\"@id\":\"https:\/\/plasticodyssey.org\/es\/socios\/matmut\/#primaryimage\"},\"image\":{\"@id\":\"https:\/\/plasticodyssey.org\/es\/socios\/matmut\/#primaryimage\"},\"thumbnailUrl\":\"https:\/\/plasticodyssey.org\/wp-content\/uploads\/2020\/07\/matmut-partner-po.jpg\",\"datePublished\":\"2020-02-26T12:16:10+00:00\",\"dateModified\":\"2024-05-31T09:05:43+00:00\",\"description\":\"La asociaci\u00f3n con Plastic Odyssey contribuir\u00e1 a concienciar y apoyar el cambio y la transici\u00f3n a un sistema m\u00e1s respetuoso con el medio ambiente.\",\"breadcrumb\":{\"@id\":\"https:\/\/plasticodyssey.org\/es\/socios\/matmut\/#breadcrumb\"},\"inLanguage\":\"es\",\"potentialAction\":[{\"@type\":\"ReadAction\",\"target\":[\"https:\/\/plasticodyssey.org\/es\/socios\/matmut\/\"]}]},{\"@type\":\"ImageObject\",\"inLanguage\":\"es\",\"@id\":\"https:\/\/plasticodyssey.org\/es\/socios\/matmut\/#primaryimage\",\"url\":\"https:\/\/plasticodyssey.org\/wp-content\/uploads\/2020\/07\/matmut-partner-po.jpg\",\"contentUrl\":\"https:\/\/plasticodyssey.org\/wp-content\/uploads\/2020\/07\/matmut-partner-po.jpg\",\"width\":1920,\"height\":1080},{\"@type\":\"BreadcrumbList\",\"@id\":\"https:\/\/plasticodyssey.org\/es\/socios\/matmut\/#breadcrumb\",\"itemListElement\":[{\"@type\":\"ListItem\",\"position\":1,\"name\":\"Accueil\",\"item\":\"https:\/\/plasticodyssey.org\/es\/inicio\/\"},{\"@type\":\"ListItem\",\"position\":2,\"name\":\"Socios\",\"item\":\"https:\/\/plasticodyssey.org\/es\/socios\/\"},{\"@type\":\"ListItem\",\"position\":3,\"name\":\"Matmut\"}]},{\"@type\":\"WebSite\",\"@id\":\"https:\/\/plasticodyssey.org\/es\/#website\",\"url\":\"https:\/\/plasticodyssey.org\/es\/\",\"name\":\"Plastic Odyssey\",\"description\":\"L&#039;exp\u00e9dition autour du monde contre la pollution plastique\",\"publisher\":{\"@id\":\"https:\/\/plasticodyssey.org\/es\/#organization\"},\"potentialAction\":[{\"@type\":\"SearchAction\",\"target\":{\"@type\":\"EntryPoint\",\"urlTemplate\":\"https:\/\/plasticodyssey.org\/es\/?s={search_term_string}\"},\"query-input\":{\"@type\":\"PropertyValueSpecification\",\"valueRequired\":true,\"valueName\":\"search_term_string\"}}],\"inLanguage\":\"es\"},{\"@type\":\"Organization\",\"@id\":\"https:\/\/plasticodyssey.org\/es\/#organization\",\"name\":\"Plastic Odyssey\",\"url\":\"https:\/\/plasticodyssey.org\/es\/\",\"logo\":{\"@type\":\"ImageObject\",\"inLanguage\":\"es\",\"@id\":\"https:\/\/plasticodyssey.org\/es\/#\/schema\/logo\/image\/\",\"url\":\"https:\/\/plasticodyssey.org\/wp-content\/uploads\/2020\/02\/navire-plastic-odyssey-coucher-soleil.jpg\",\"contentUrl\":\"https:\/\/plasticodyssey.org\/wp-content\/uploads\/2020\/02\/navire-plastic-odyssey-coucher-soleil.jpg\",\"width\":1920,\"height\":1080,\"caption\":\"Plastic Odyssey\"},\"image\":{\"@id\":\"https:\/\/plasticodyssey.org\/es\/#\/schema\/logo\/image\/\"},\"sameAs\":[\"https:\/\/www.facebook.com\/plasticodyssey\/\",\"https:\/\/x.com\/plasticodyssey\",\"https:\/\/www.instagram.com\/plasticodyssey\/\",\"https:\/\/www.linkedin.com\/company\/plastic-odyssey\/\",\"https:\/\/www.youtube.com\/channel\/UC4UNxaIW9ODIuLGJaTrhnow\"]}]}<\/script>\n<!-- \/ Yoast SEO plugin. -->","yoast_head_json":{"title":"Matmut, Socio Oficial | Plastic Odyssey","description":"La asociaci\u00f3n con Plastic Odyssey contribuir\u00e1 a concienciar y apoyar el cambio y la transici\u00f3n a un sistema m\u00e1s respetuoso con el medio ambiente.","robots":{"index":"index","follow":"follow","max-snippet":"max-snippet:-1","max-image-preview":"max-image-preview:large","max-video-preview":"max-video-preview:-1"},"canonical":"https:\/\/plasticodyssey.org\/es\/socios\/matmut\/","og_locale":"es_ES","og_type":"article","og_title":"Matmut, Socio Oficial | Plastic Odyssey","og_description":"La asociaci\u00f3n con Plastic Odyssey contribuir\u00e1 a concienciar y apoyar el cambio y la transici\u00f3n a un sistema m\u00e1s respetuoso con el medio ambiente.","og_url":"https:\/\/plasticodyssey.org\/es\/socios\/matmut\/","og_site_name":"Plastic Odyssey","article_publisher":"https:\/\/www.facebook.com\/plasticodyssey\/","article_modified_time":"2024-05-31T09:05:43+00:00","og_image":[{"width":1920,"height":1080,"url":"https:\/\/plasticodyssey.org\/wp-content\/uploads\/2020\/07\/matmut-partner-po.jpg","type":"image\/jpeg"}],"twitter_card":"summary_large_image","twitter_site":"@plasticodyssey","twitter_misc":{"Tiempo de lectura":"6 minutos"},"schema":{"@context":"https:\/\/schema.org","@graph":[{"@type":"WebPage","@id":"https:\/\/plasticodyssey.org\/es\/socios\/matmut\/","url":"https:\/\/plasticodyssey.org\/es\/socios\/matmut\/","name":"Matmut, Socio Oficial | Plastic Odyssey","isPartOf":{"@id":"https:\/\/plasticodyssey.org\/es\/#website"},"primaryImageOfPage":{"@id":"https:\/\/plasticodyssey.org\/es\/socios\/matmut\/#primaryimage"},"image":{"@id":"https:\/\/plasticodyssey.org\/es\/socios\/matmut\/#primaryimage"},"thumbnailUrl":"https:\/\/plasticodyssey.org\/wp-content\/uploads\/2020\/07\/matmut-partner-po.jpg","datePublished":"2020-02-26T12:16:10+00:00","dateModified":"2024-05-31T09:05:43+00:00","description":"La asociaci\u00f3n con Plastic Odyssey contribuir\u00e1 a concienciar y apoyar el cambio y la transici\u00f3n a un sistema m\u00e1s respetuoso con el medio ambiente.","breadcrumb":{"@id":"https:\/\/plasticodyssey.org\/es\/socios\/matmut\/#breadcrumb"},"inLanguage":"es","potentialAction":[{"@type":"ReadAction","target":["https:\/\/plasticodyssey.org\/es\/socios\/matmut\/"]}]},{"@type":"ImageObject","inLanguage":"es","@id":"https:\/\/plasticodyssey.org\/es\/socios\/matmut\/#primaryimage","url":"https:\/\/plasticodyssey.org\/wp-content\/uploads\/2020\/07\/matmut-partner-po.jpg","contentUrl":"https:\/\/plasticodyssey.org\/wp-content\/uploads\/2020\/07\/matmut-partner-po.jpg","width":1920,"height":1080},{"@type":"BreadcrumbList","@id":"https:\/\/plasticodyssey.org\/es\/socios\/matmut\/#breadcrumb","itemListElement":[{"@type":"ListItem","position":1,"name":"Accueil","item":"https:\/\/plasticodyssey.org\/es\/inicio\/"},{"@type":"ListItem","position":2,"name":"Socios","item":"https:\/\/plasticodyssey.org\/es\/socios\/"},{"@type":"ListItem","position":3,"name":"Matmut"}]},{"@type":"WebSite","@id":"https:\/\/plasticodyssey.org\/es\/#website","url":"https:\/\/plasticodyssey.org\/es\/","name":"Plastic Odyssey","description":"L&#039;exp\u00e9dition autour du monde contre la pollution plastique","publisher":{"@id":"https:\/\/plasticodyssey.org\/es\/#organization"},"potentialAction":[{"@type":"SearchAction","target":{"@type":"EntryPoint","urlTemplate":"https:\/\/plasticodyssey.org\/es\/?s={search_term_string}"},"query-input":{"@type":"PropertyValueSpecification","valueRequired":true,"valueName":"search_term_string"}}],"inLanguage":"es"},{"@type":"Organization","@id":"https:\/\/plasticodyssey.org\/es\/#organization","name":"Plastic Odyssey","url":"https:\/\/plasticodyssey.org\/es\/","logo":{"@type":"ImageObject","inLanguage":"es","@id":"https:\/\/plasticodyssey.org\/es\/#\/schema\/logo\/image\/","url":"https:\/\/plasticodyssey.org\/wp-content\/uploads\/2020\/02\/navire-plastic-odyssey-coucher-soleil.jpg","contentUrl":"https:\/\/plasticodyssey.org\/wp-content\/uploads\/2020\/02\/navire-plastic-odyssey-coucher-soleil.jpg","width":1920,"height":1080,"caption":"Plastic Odyssey"},"image":{"@id":"https:\/\/plasticodyssey.org\/es\/#\/schema\/logo\/image\/"},"sameAs":["https:\/\/www.facebook.com\/plasticodyssey\/","https:\/\/x.com\/plasticodyssey","https:\/\/www.instagram.com\/plasticodyssey\/","https:\/\/www.linkedin.com\/company\/plastic-odyssey\/","https:\/\/www.youtube.com\/channel\/UC4UNxaIW9ODIuLGJaTrhnow"]}]}},"_links":{"self":[{"href":"https:\/\/plasticodyssey.org\/es\/wp-json\/wp\/v2\/pages\/33380","targetHints":{"allow":["GET"]}}],"collection":[{"href":"https:\/\/plasticodyssey.org\/es\/wp-json\/wp\/v2\/pages"}],"about":[{"href":"https:\/\/plasticodyssey.org\/es\/wp-json\/wp\/v2\/types\/page"}],"author":[{"embeddable":true,"href":"https:\/\/plasticodyssey.org\/es\/wp-json\/wp\/v2\/users\/3"}],"replies":[{"embeddable":true,"href":"https:\/\/plasticodyssey.org\/es\/wp-json\/wp\/v2\/comments?post=33380"}],"version-history":[{"count":12,"href":"https:\/\/plasticodyssey.org\/es\/wp-json\/wp\/v2\/pages\/33380\/revisions"}],"predecessor-version":[{"id":48336,"href":"https:\/\/plasticodyssey.org\/es\/wp-json\/wp\/v2\/pages\/33380\/revisions\/48336"}],"up":[{"embeddable":true,"href":"https:\/\/plasticodyssey.org\/es\/wp-json\/wp\/v2\/pages\/33263"}],"wp:featuredmedia":[{"embeddable":true,"href":"https:\/\/plasticodyssey.org\/es\/wp-json\/wp\/v2\/media\/30725"}],"wp:attachment":[{"href":"https:\/\/plasticodyssey.org\/es\/wp-json\/wp\/v2\/media?parent=33380"}],"curies":[{"name":"wp","href":"https:\/\/api.w.org\/{rel}","templated":true}]}}