{"id":48859,"date":"2024-05-29T15:21:49","date_gmt":"2024-05-29T13:21:49","guid":{"rendered":"https:\/\/plasticodyssey.org\/socios\/forvia-fundacion\/"},"modified":"2024-07-26T17:15:19","modified_gmt":"2024-07-26T15:15:19","slug":"forvia-fundacion","status":"publish","type":"page","link":"https:\/\/plasticodyssey.org\/es\/socios\/forvia-fundacion\/","title":{"rendered":"Fundaci\u00f3n FORVIA"},"content":{"rendered":"<div class=\"wpb-content-wrapper\"><p>[vc_row css_animation=\u00bb\u00bb row_type=\u00bbrow\u00bb use_row_as_full_screen_section=\u00bbno\u00bb type=\u00bbgrid\u00bb angled_section=\u00bbno\u00bb text_align=\u00bbleft\u00bb background_image_as_pattern=\u00bbwithout_pattern\u00bb z_index=\u00bb\u00bb anchor=\u00bbmore\u00bb el_class=\u00bbsk_headpage_escales sk_gradient_1 white\u00bb][vc_column el_class=\u00bbalign_center\u00bb][vc_column_text css=\u00bb\u00bb el_class=\u00bbpartner_level\u00bb]<span class=\"sk_encours_tag\">Patrocinador principal<\/span>[\/vc_column_text][vc_single_image image=\u00bb48133&#8243; img_size=\u00bbfull\u00bb alignment=\u00bbcenter\u00bb css=\u00bb\u00bb qode_css_animation=\u00bb\u00bb el_class=\u00bbsk_img_300 mt3&#8243;][vc_column_text css=\u00bb\u00bb el_class=\u00bbmt3&#8243;]<\/p>\n<h1>Plastic Odyssey y la Fundaci\u00f3n FORVIA<\/h1>\n<p>La Fundaci\u00f3n FORVIA apoya la expedici\u00f3n Plastic Odyssey, cuyo <strong>objetivo es encontrar soluciones pr\u00e1cticas a la contaminaci\u00f3n por pl\u00e1sticos.<\/strong>[\/vc_column_text][\/vc_column][\/vc_row][vc_row css_animation=\u00bb\u00bb row_type=\u00bbrow\u00bb use_row_as_full_screen_section=\u00bbno\u00bb type=\u00bbgrid\u00bb angled_section=\u00bbno\u00bb text_align=\u00bbleft\u00bb background_image_as_pattern=\u00bbwithout_pattern\u00bb z_index=\u00bb\u00bb anchor=\u00bbmore\u00bb el_class=\u00bbpt6 pb6&#8243;][vc_column width=\u00bb2\/3&#8243; el_class=\u00bbmt3 sk_nomobile pb2&#8243;][vc_column_text css=\u00bb\u00bb]<\/p>\n<h2>La historia de la Fundaci\u00f3n FORVIA<\/h2>\n<p>La Fundaci\u00f3n Corporativa FORVIA fue lanzada en 2020 por FORVIA, s\u00e9ptimo proveedor mundial de automoci\u00f3n, para apoyar iniciativas innovadoras y con visi\u00f3n de futuro en torno a 3 temas: educaci\u00f3n, movilidad y medio ambiente.<\/p>\n<p>El objetivo de la Fundaci\u00f3n FORVIA es ayudar a construir una sociedad m\u00e1s justa, m\u00e1s m\u00f3vil y m\u00e1s respetuosa con el medio ambiente, a fin de preservar el planeta para las generaciones futuras. Cada a\u00f1o, se invita a los 150.000 empleados de FORVIA a presentar proyectos que tengan un impacto social y requieran tiempo o recursos financieros. Los proyectos pueden ser gestionados por nuestros propios empleados o en colaboraci\u00f3n con organizaciones sin \u00e1nimo de lucro.<\/p>\n<p>Convencida del poder de la colaboraci\u00f3n, la Fundaci\u00f3n FORVIA se asocia con expertos como Plastic Odyssey por un periodo de tres a\u00f1os. Mediante la combinaci\u00f3n de conocimientos y recursos, la Fundaci\u00f3n pretende amplificar su impacto en cuestiones medioambientales concretas.[\/vc_column_text][\/vc_column][vc_column width=\u00bb1\/3&#8243; css=\u00bb.vc_custom_1594302008550{margin-bottom: 40px !important;padding-right: 5px !important;padding-left: 5px !important;}\u00bb][vc_single_image image=\u00bb48123&#8243; img_size=\u00bbfull\u00bb alignment=\u00bbcenter\u00bb css=\u00bb\u00bb qode_css_animation=\u00bb\u00bb][\/vc_column][vc_column el_class=\u00bbmt2&#8243;][vc_column_text css=\u00bb\u00bb]En los dos \u00faltimos a\u00f1os, la Fundaci\u00f3n tambi\u00e9n ha intervenido cuando el mundo se ha enfrentado a grandes crisis sanitarias, aportando donaciones para apoyar proyectos de investigaci\u00f3n, a profesionales sociales locales y a organizaciones ben\u00e9ficas que trabajan con las poblaciones m\u00e1s vulnerables.[\/vc_column_text][\/vc_column][\/vc_row][vc_row css_animation=\u00bb\u00bb row_type=\u00bbrow\u00bb use_row_as_full_screen_section=\u00bbno\u00bb type=\u00bbgrid\u00bb angled_section=\u00bbno\u00bb text_align=\u00bbleft\u00bb background_image_as_pattern=\u00bbwithout_pattern\u00bb background_image=\u00bb48118&#8243; el_class=\u00bbsk_overlay_dark\u00bb z_index=\u00bb\u00bb][vc_column css_animation=\u00bbfadeIn\u00bb el_class=\u00bbalign_center pt16 pb16&#8243;][vc_column_text css=\u00bb\u00bb]<span class=\"citation\" style=\"color: #ffffff;\">\u00abA groundbreaking concept car interior integrating instrument and door panels made with Ocean Bound Plastics (OBP)\u00bb<\/span><\/p>\n<p><span style=\"color: #ffffff;\"><strong>Jean-Paul Michel, Vicepresidente Ejecutivo de FORVIA<\/strong><\/span>[\/vc_column_text][\/vc_column][\/vc_row][vc_row css_animation=\u00bb\u00bb row_type=\u00bbrow\u00bb use_row_as_full_screen_section=\u00bbno\u00bb type=\u00bbgrid\u00bb angled_section=\u00bbno\u00bb text_align=\u00bbleft\u00bb background_image_as_pattern=\u00bbwithout_pattern\u00bb z_index=\u00bb\u00bb padding_top=\u00bb60&#8243; padding_bottom=\u00bb20&#8243;][vc_column width=\u00bb5\/12&#8243; el_class=\u00bbshadow2 align_center shadowmobile tablet_fullwidth\u00bb css=\u00bb.vc_custom_1716990153036{margin-bottom: 20px !important;}\u00bb][vc_single_image image=\u00bb36875&#8243; img_size=\u00bb\u00bb alignment=\u00bbcenter\u00bb css=\u00bb\u00bb qode_css_animation=\u00bb\u00bb][vc_column_text css=\u00bb\u00bb el_class=\u00bbmt2&#8243;]<strong>Convicciones<\/strong><\/p>\n<p>FORVIA est\u00e1 convencida de que actuar de forma responsable es esencial para garantizar el desarrollo sostenible de las generaciones futuras. Descubra sus convicciones:[\/vc_column_text]<a  itemprop=\"url\" href=\"https:\/\/www.forvia.com\/en\/sustainability\" target=\"_blank\"  class=\"qbutton  default cta_white_bg_1\" style=\"margin: 20px 0 0; \">M\u00e1s informaci\u00f3n<span aria-hidden=\"true\" class=\"qode_icon_font_elegant arrow_right qode_button_icon_element\"><\/span><\/a>[\/vc_column][vc_column width=\u00bb7\/12&#8243; css=\u00bb.vc_custom_1716990201119{margin-bottom: 20px !important;}\u00bb el_class=\u00bbtablet_fullwidth\u00bb][vc_column_text css=\u00bb\u00bb el_class=\u00bbmt3&#8243;]<\/p>\n<h3>Compromisos para proteger los oc\u00e9anos<\/h3>\n<p><strong>Los oc\u00e9anos, que cubren el 70% de la superficie terrestre, son la principal reserva de biodiversidad del planeta. <\/strong><\/p>\n<p>Seg\u00fan el \u00faltimo informe del IPCC, preservarlos y restaurarlos es un factor clave en la lucha contra el cambio clim\u00e1tico.<\/p>\n<p>La asociaci\u00f3n establecida entre la Fundaci\u00f3n FORVIA y Plastic Odyssey fomentar\u00e1 la protecci\u00f3n de la biodiversidad marina, una mejor comprensi\u00f3n de los problemas que rodean a la contaminaci\u00f3n por pl\u00e1sticos en los oc\u00e9anos y, en \u00faltima instancia, el desarrollo de aplicaciones industriales cada vez m\u00e1s respetuosas con el medio ambiente.[\/vc_column_text][\/vc_column][vc_column el_class=\u00bbpt4 pb6&#8243;][vc_column_text css=\u00bb.vc_custom_1722006916112{margin-bottom: 20px !important;}\u00bb]<\/p>\n<h3>Presentaci\u00f3n de la asociaci\u00f3n FORVIA x Plastic Odyssey<\/h3>\n<p>[\/vc_column_text][vc_video link=\u00bbhttps:\/\/youtu.be\/nw7jWgdfQSY\u00bb css=\u00bb\u00bb][\/vc_column][\/vc_row]<\/p>\n<\/div>","protected":false},"excerpt":{"rendered":"<p>[vc_row css_animation=\u00bb\u00bb row_type=\u00bbrow\u00bb use_row_as_full_screen_section=\u00bbno\u00bb type=\u00bbgrid\u00bb angled_section=\u00bbno\u00bb text_align=\u00bbleft\u00bb background_image_as_pattern=\u00bbwithout_pattern\u00bb z_index=\u00bb\u00bb anchor=\u00bbmore\u00bb el_class=\u00bbsk_headpage_escales sk_gradient_1 white\u00bb][vc_column el_class=\u00bbalign_center\u00bb][vc_column_text css=\u00bb\u00bb el_class=\u00bbpartner_level\u00bb]Patrocinador principal[\/vc_column_text][vc_single_image image=\u00bb48133&#8243; img_size=\u00bbfull\u00bb alignment=\u00bbcenter\u00bb css=\u00bb\u00bb qode_css_animation=\u00bb\u00bb el_class=\u00bbsk_img_300 mt3&#8243;][vc_column_text css=\u00bb\u00bb el_class=\u00bbmt3&#8243;] Plastic Odyssey y la Fundaci\u00f3n FORVIA La Fundaci\u00f3n FORVIA&#8230;<\/p>\n","protected":false},"author":2,"featured_media":48120,"parent":33263,"menu_order":0,"comment_status":"closed","ping_status":"closed","template":"full_width.php","meta":{"footnotes":""},"class_list":["post-48859","page","type-page","status-publish","has-post-thumbnail","hentry"],"yoast_head":"<!-- This site is optimized with the Yoast SEO plugin v25.5 - https:\/\/yoast.com\/wordpress\/plugins\/seo\/ -->\n<title>Fundaci\u00f3n FORVIA - Patrocinador Principal | Plastic Odyssey<\/title>\n<meta name=\"description\" content=\"La Fundaci\u00f3n FORVIA apoya la expedici\u00f3n Plastic Odyssey, cuyo objetivo es encontrar soluciones pr\u00e1cticas a la contaminaci\u00f3n por pl\u00e1sticos.\" \/>\n<meta name=\"robots\" content=\"index, follow, max-snippet:-1, max-image-preview:large, max-video-preview:-1\" \/>\n<link rel=\"canonical\" href=\"https:\/\/plasticodyssey.org\/es\/socios\/forvia-fundacion\/\" \/>\n<meta property=\"og:locale\" content=\"es_ES\" \/>\n<meta property=\"og:type\" content=\"article\" \/>\n<meta property=\"og:title\" content=\"Fundaci\u00f3n FORVIA - Patrocinador Principal | Plastic Odyssey\" \/>\n<meta property=\"og:description\" content=\"La Fundaci\u00f3n FORVIA apoya la expedici\u00f3n Plastic Odyssey, cuyo objetivo es encontrar soluciones pr\u00e1cticas a la contaminaci\u00f3n por pl\u00e1sticos.\" \/>\n<meta property=\"og:url\" content=\"https:\/\/plasticodyssey.org\/es\/socios\/forvia-fundacion\/\" \/>\n<meta property=\"og:site_name\" content=\"Plastic Odyssey\" \/>\n<meta property=\"article:publisher\" content=\"https:\/\/www.facebook.com\/plasticodyssey\/\" \/>\n<meta property=\"article:modified_time\" content=\"2024-07-26T15:15:19+00:00\" \/>\n<meta property=\"og:image\" content=\"https:\/\/plasticodyssey.org\/wp-content\/uploads\/2024\/05\/concept-car-plasticodyssey-forvia.jpg\" \/>\n\t<meta property=\"og:image:width\" content=\"1920\" \/>\n\t<meta property=\"og:image:height\" content=\"1080\" \/>\n\t<meta property=\"og:image:type\" content=\"image\/jpeg\" \/>\n<meta name=\"twitter:card\" content=\"summary_large_image\" \/>\n<meta name=\"twitter:site\" content=\"@plasticodyssey\" \/>\n<meta name=\"twitter:label1\" content=\"Tiempo de lectura\" \/>\n\t<meta name=\"twitter:data1\" content=\"3 minutos\" \/>\n<script type=\"application\/ld+json\" class=\"yoast-schema-graph\">{\"@context\":\"https:\/\/schema.org\",\"@graph\":[{\"@type\":\"WebPage\",\"@id\":\"https:\/\/plasticodyssey.org\/es\/socios\/forvia-fundacion\/\",\"url\":\"https:\/\/plasticodyssey.org\/es\/socios\/forvia-fundacion\/\",\"name\":\"Fundaci\u00f3n FORVIA - Patrocinador Principal | Plastic Odyssey\",\"isPartOf\":{\"@id\":\"https:\/\/plasticodyssey.org\/es\/#website\"},\"primaryImageOfPage\":{\"@id\":\"https:\/\/plasticodyssey.org\/es\/socios\/forvia-fundacion\/#primaryimage\"},\"image\":{\"@id\":\"https:\/\/plasticodyssey.org\/es\/socios\/forvia-fundacion\/#primaryimage\"},\"thumbnailUrl\":\"https:\/\/plasticodyssey.org\/wp-content\/uploads\/2024\/05\/concept-car-plasticodyssey-forvia.jpg\",\"datePublished\":\"2024-05-29T13:21:49+00:00\",\"dateModified\":\"2024-07-26T15:15:19+00:00\",\"description\":\"La Fundaci\u00f3n FORVIA apoya la expedici\u00f3n Plastic Odyssey, cuyo objetivo es encontrar soluciones pr\u00e1cticas a la contaminaci\u00f3n por pl\u00e1sticos.\",\"breadcrumb\":{\"@id\":\"https:\/\/plasticodyssey.org\/es\/socios\/forvia-fundacion\/#breadcrumb\"},\"inLanguage\":\"es\",\"potentialAction\":[{\"@type\":\"ReadAction\",\"target\":[\"https:\/\/plasticodyssey.org\/es\/socios\/forvia-fundacion\/\"]}]},{\"@type\":\"ImageObject\",\"inLanguage\":\"es\",\"@id\":\"https:\/\/plasticodyssey.org\/es\/socios\/forvia-fundacion\/#primaryimage\",\"url\":\"https:\/\/plasticodyssey.org\/wp-content\/uploads\/2024\/05\/concept-car-plasticodyssey-forvia.jpg\",\"contentUrl\":\"https:\/\/plasticodyssey.org\/wp-content\/uploads\/2024\/05\/concept-car-plasticodyssey-forvia.jpg\",\"width\":1920,\"height\":1080},{\"@type\":\"BreadcrumbList\",\"@id\":\"https:\/\/plasticodyssey.org\/es\/socios\/forvia-fundacion\/#breadcrumb\",\"itemListElement\":[{\"@type\":\"ListItem\",\"position\":1,\"name\":\"Accueil\",\"item\":\"https:\/\/plasticodyssey.org\/es\/inicio\/\"},{\"@type\":\"ListItem\",\"position\":2,\"name\":\"Socios\",\"item\":\"https:\/\/plasticodyssey.org\/es\/socios\/\"},{\"@type\":\"ListItem\",\"position\":3,\"name\":\"Fundaci\u00f3n FORVIA\"}]},{\"@type\":\"WebSite\",\"@id\":\"https:\/\/plasticodyssey.org\/es\/#website\",\"url\":\"https:\/\/plasticodyssey.org\/es\/\",\"name\":\"Plastic Odyssey\",\"description\":\"L&#039;exp\u00e9dition autour du monde contre la pollution plastique\",\"publisher\":{\"@id\":\"https:\/\/plasticodyssey.org\/es\/#organization\"},\"potentialAction\":[{\"@type\":\"SearchAction\",\"target\":{\"@type\":\"EntryPoint\",\"urlTemplate\":\"https:\/\/plasticodyssey.org\/es\/?s={search_term_string}\"},\"query-input\":{\"@type\":\"PropertyValueSpecification\",\"valueRequired\":true,\"valueName\":\"search_term_string\"}}],\"inLanguage\":\"es\"},{\"@type\":\"Organization\",\"@id\":\"https:\/\/plasticodyssey.org\/es\/#organization\",\"name\":\"Plastic Odyssey\",\"url\":\"https:\/\/plasticodyssey.org\/es\/\",\"logo\":{\"@type\":\"ImageObject\",\"inLanguage\":\"es\",\"@id\":\"https:\/\/plasticodyssey.org\/es\/#\/schema\/logo\/image\/\",\"url\":\"https:\/\/plasticodyssey.org\/wp-content\/uploads\/2020\/02\/navire-plastic-odyssey-coucher-soleil.jpg\",\"contentUrl\":\"https:\/\/plasticodyssey.org\/wp-content\/uploads\/2020\/02\/navire-plastic-odyssey-coucher-soleil.jpg\",\"width\":1920,\"height\":1080,\"caption\":\"Plastic Odyssey\"},\"image\":{\"@id\":\"https:\/\/plasticodyssey.org\/es\/#\/schema\/logo\/image\/\"},\"sameAs\":[\"https:\/\/www.facebook.com\/plasticodyssey\/\",\"https:\/\/x.com\/plasticodyssey\",\"https:\/\/www.instagram.com\/plasticodyssey\/\",\"https:\/\/www.linkedin.com\/company\/plastic-odyssey\/\",\"https:\/\/www.youtube.com\/channel\/UC4UNxaIW9ODIuLGJaTrhnow\"]}]}<\/script>\n<!-- \/ Yoast SEO plugin. -->","yoast_head_json":{"title":"Fundaci\u00f3n FORVIA - Patrocinador Principal | Plastic Odyssey","description":"La Fundaci\u00f3n FORVIA apoya la expedici\u00f3n Plastic Odyssey, cuyo objetivo es encontrar soluciones pr\u00e1cticas a la contaminaci\u00f3n por pl\u00e1sticos.","robots":{"index":"index","follow":"follow","max-snippet":"max-snippet:-1","max-image-preview":"max-image-preview:large","max-video-preview":"max-video-preview:-1"},"canonical":"https:\/\/plasticodyssey.org\/es\/socios\/forvia-fundacion\/","og_locale":"es_ES","og_type":"article","og_title":"Fundaci\u00f3n FORVIA - Patrocinador Principal | Plastic Odyssey","og_description":"La Fundaci\u00f3n FORVIA apoya la expedici\u00f3n Plastic Odyssey, cuyo objetivo es encontrar soluciones pr\u00e1cticas a la contaminaci\u00f3n por pl\u00e1sticos.","og_url":"https:\/\/plasticodyssey.org\/es\/socios\/forvia-fundacion\/","og_site_name":"Plastic Odyssey","article_publisher":"https:\/\/www.facebook.com\/plasticodyssey\/","article_modified_time":"2024-07-26T15:15:19+00:00","og_image":[{"width":1920,"height":1080,"url":"https:\/\/plasticodyssey.org\/wp-content\/uploads\/2024\/05\/concept-car-plasticodyssey-forvia.jpg","type":"image\/jpeg"}],"twitter_card":"summary_large_image","twitter_site":"@plasticodyssey","twitter_misc":{"Tiempo de lectura":"3 minutos"},"schema":{"@context":"https:\/\/schema.org","@graph":[{"@type":"WebPage","@id":"https:\/\/plasticodyssey.org\/es\/socios\/forvia-fundacion\/","url":"https:\/\/plasticodyssey.org\/es\/socios\/forvia-fundacion\/","name":"Fundaci\u00f3n FORVIA - Patrocinador Principal | Plastic Odyssey","isPartOf":{"@id":"https:\/\/plasticodyssey.org\/es\/#website"},"primaryImageOfPage":{"@id":"https:\/\/plasticodyssey.org\/es\/socios\/forvia-fundacion\/#primaryimage"},"image":{"@id":"https:\/\/plasticodyssey.org\/es\/socios\/forvia-fundacion\/#primaryimage"},"thumbnailUrl":"https:\/\/plasticodyssey.org\/wp-content\/uploads\/2024\/05\/concept-car-plasticodyssey-forvia.jpg","datePublished":"2024-05-29T13:21:49+00:00","dateModified":"2024-07-26T15:15:19+00:00","description":"La Fundaci\u00f3n FORVIA apoya la expedici\u00f3n Plastic Odyssey, cuyo objetivo es encontrar soluciones pr\u00e1cticas a la contaminaci\u00f3n por pl\u00e1sticos.","breadcrumb":{"@id":"https:\/\/plasticodyssey.org\/es\/socios\/forvia-fundacion\/#breadcrumb"},"inLanguage":"es","potentialAction":[{"@type":"ReadAction","target":["https:\/\/plasticodyssey.org\/es\/socios\/forvia-fundacion\/"]}]},{"@type":"ImageObject","inLanguage":"es","@id":"https:\/\/plasticodyssey.org\/es\/socios\/forvia-fundacion\/#primaryimage","url":"https:\/\/plasticodyssey.org\/wp-content\/uploads\/2024\/05\/concept-car-plasticodyssey-forvia.jpg","contentUrl":"https:\/\/plasticodyssey.org\/wp-content\/uploads\/2024\/05\/concept-car-plasticodyssey-forvia.jpg","width":1920,"height":1080},{"@type":"BreadcrumbList","@id":"https:\/\/plasticodyssey.org\/es\/socios\/forvia-fundacion\/#breadcrumb","itemListElement":[{"@type":"ListItem","position":1,"name":"Accueil","item":"https:\/\/plasticodyssey.org\/es\/inicio\/"},{"@type":"ListItem","position":2,"name":"Socios","item":"https:\/\/plasticodyssey.org\/es\/socios\/"},{"@type":"ListItem","position":3,"name":"Fundaci\u00f3n FORVIA"}]},{"@type":"WebSite","@id":"https:\/\/plasticodyssey.org\/es\/#website","url":"https:\/\/plasticodyssey.org\/es\/","name":"Plastic Odyssey","description":"L&#039;exp\u00e9dition autour du monde contre la pollution plastique","publisher":{"@id":"https:\/\/plasticodyssey.org\/es\/#organization"},"potentialAction":[{"@type":"SearchAction","target":{"@type":"EntryPoint","urlTemplate":"https:\/\/plasticodyssey.org\/es\/?s={search_term_string}"},"query-input":{"@type":"PropertyValueSpecification","valueRequired":true,"valueName":"search_term_string"}}],"inLanguage":"es"},{"@type":"Organization","@id":"https:\/\/plasticodyssey.org\/es\/#organization","name":"Plastic Odyssey","url":"https:\/\/plasticodyssey.org\/es\/","logo":{"@type":"ImageObject","inLanguage":"es","@id":"https:\/\/plasticodyssey.org\/es\/#\/schema\/logo\/image\/","url":"https:\/\/plasticodyssey.org\/wp-content\/uploads\/2020\/02\/navire-plastic-odyssey-coucher-soleil.jpg","contentUrl":"https:\/\/plasticodyssey.org\/wp-content\/uploads\/2020\/02\/navire-plastic-odyssey-coucher-soleil.jpg","width":1920,"height":1080,"caption":"Plastic Odyssey"},"image":{"@id":"https:\/\/plasticodyssey.org\/es\/#\/schema\/logo\/image\/"},"sameAs":["https:\/\/www.facebook.com\/plasticodyssey\/","https:\/\/x.com\/plasticodyssey","https:\/\/www.instagram.com\/plasticodyssey\/","https:\/\/www.linkedin.com\/company\/plastic-odyssey\/","https:\/\/www.youtube.com\/channel\/UC4UNxaIW9ODIuLGJaTrhnow"]}]}},"_links":{"self":[{"href":"https:\/\/plasticodyssey.org\/es\/wp-json\/wp\/v2\/pages\/48859","targetHints":{"allow":["GET"]}}],"collection":[{"href":"https:\/\/plasticodyssey.org\/es\/wp-json\/wp\/v2\/pages"}],"about":[{"href":"https:\/\/plasticodyssey.org\/es\/wp-json\/wp\/v2\/types\/page"}],"author":[{"embeddable":true,"href":"https:\/\/plasticodyssey.org\/es\/wp-json\/wp\/v2\/users\/2"}],"replies":[{"embeddable":true,"href":"https:\/\/plasticodyssey.org\/es\/wp-json\/wp\/v2\/comments?post=48859"}],"version-history":[{"count":4,"href":"https:\/\/plasticodyssey.org\/es\/wp-json\/wp\/v2\/pages\/48859\/revisions"}],"predecessor-version":[{"id":50112,"href":"https:\/\/plasticodyssey.org\/es\/wp-json\/wp\/v2\/pages\/48859\/revisions\/50112"}],"up":[{"embeddable":true,"href":"https:\/\/plasticodyssey.org\/es\/wp-json\/wp\/v2\/pages\/33263"}],"wp:featuredmedia":[{"embeddable":true,"href":"https:\/\/plasticodyssey.org\/es\/wp-json\/wp\/v2\/media\/48120"}],"wp:attachment":[{"href":"https:\/\/plasticodyssey.org\/es\/wp-json\/wp\/v2\/media?parent=48859"}],"curies":[{"name":"wp","href":"https:\/\/api.w.org\/{rel}","templated":true}]}}