{"id":50419,"date":"2024-08-09T11:24:41","date_gmt":"2024-08-09T09:24:41","guid":{"rendered":"https:\/\/plasticodyssey.org\/socios\/removall\/"},"modified":"2025-09-05T14:57:19","modified_gmt":"2025-09-05T12:57:19","slug":"removall","status":"publish","type":"page","link":"https:\/\/plasticodyssey.org\/es\/socios\/removall\/","title":{"rendered":"Removall"},"content":{"rendered":"<div class=\"wpb-content-wrapper\"><p>[vc_row css_animation=\u00bb\u00bb row_type=\u00bbrow\u00bb use_row_as_full_screen_section=\u00bbno\u00bb type=\u00bbgrid\u00bb angled_section=\u00bbno\u00bb text_align=\u00bbleft\u00bb background_image_as_pattern=\u00bbwithout_pattern\u00bb z_index=\u00bb\u00bb anchor=\u00bbmore\u00bb el_class=\u00bbsk_headpage_escales sk_gradient_1 white\u00bb][vc_column width=\u00bb2\/3&#8243; el_class=\u00bbalign_center tablet_fullwidth\u00bb offset=\u00bbvc_col-lg-offset-2 vc_col-md-offset-2&#8243;][vc_column_text css=\u00bb\u00bb el_class=\u00bbpartner_level\u00bb]<span class=\"sk_avenir_tag\">Socio de Contribuci\u00f3n de Carbono <\/span>[\/vc_column_text][vc_single_image image=\u00bb50356&#8243; img_size=\u00bbfull\u00bb alignment=\u00bbcenter\u00bb css=\u00bb\u00bb qode_css_animation=\u00bb\u00bb el_class=\u00bbsk_img_500 mt3&#8243;][vc_column_text css=\u00bb\u00bb el_class=\u00bbmt3&#8243;]<\/p>\n<h1>Plastic Odyssey y Removall<\/h1>\n<p>Construyendo juntos una expedici\u00f3n m\u00e1s responsable, contribuyendo a trav\u00e9s de la financiaci\u00f3n de carbono en <strong>la lucha contra el cambio clim\u00e1tico<\/strong>.[\/vc_column_text][\/vc_column][\/vc_row][vc_row css_animation=\u00bb\u00bb row_type=\u00bbrow\u00bb use_row_as_full_screen_section=\u00bbno\u00bb type=\u00bbgrid\u00bb angled_section=\u00bbno\u00bb text_align=\u00bbleft\u00bb background_image_as_pattern=\u00bbwithout_pattern\u00bb z_index=\u00bb\u00bb anchor=\u00bbmore\u00bb padding_bottom=\u00bb20&#8243; el_class=\u00bbpt6&#8243;][vc_column width=\u00bb2\/3&#8243; el_class=\u00bbsk_nomobile pb2 tablet_fullwidth\u00bb][vc_column_text css=\u00bb\u00bb el_class=\u00bbsk_list\u00bb]<\/p>\n<h2>La historia de Removall<\/h2>\n<p><a href=\"https:\/\/www.removall-carbon.com\/en\/\" target=\"_blank\" rel=\"noopener\">Removall<\/a>, una empresa comprometida con una misi\u00f3n\/ empresa con prop\u00f3sito, fue cofundada en 2021 por <a href=\"https:\/\/www.linkedin.com\/in\/j%C3%A9r%C3%B4me-beilin-a0548a74\/\" target=\"_blank\" rel=\"noopener\">J\u00e9r\u00f4me Beilin<\/a> y <a href=\"https:\/\/www.linkedin.com\/in\/patrick-demaegdt-69b71a198\/\" target=\"_blank\" rel=\"noopener\">Patrick Demaegdt<\/a>, dos emprendedores especializados en mercados de carbono y transici\u00f3n ambiental, con el objetivo de escalar la financiaci\u00f3n de carbono y las inversiones de impacto.<\/p>\n<p>La empresa desarrolla e invierte en proyectos de captura de carbono y reducci\u00f3n de emisiones, con un enfoque especial en la regeneraci\u00f3n de ecosistemas naturales. Esto contribuye a aumentar los sumideros de carbono globales y a combatir el cambio clim\u00e1tico. Todas las inversiones se destinan a financiar proyectos de alta calidad que generan impactos positivos significativos y tangibles en las comunidades locales y en los ecosistemas.<\/p>\n<p>Removall posee una experiencia \u00fanica en el mercado, que combina un profundo conocimiento en proyectos de compensaci\u00f3n de carbono con una s\u00f3lida trayectoria en la financiaci\u00f3n de la transici\u00f3n ecol\u00f3gica.<\/p>\n<p><span style=\"text-decoration: underline;\">Con una cartera que abarca cientos de proyectos, Removall<\/span>:<\/p>\n<ul>\n<li>Ha <strong>desarrollado<\/strong> e <strong>invertido<\/strong> en <strong>6 proyectos<\/strong>.<\/li>\n<li>Ha <strong>apoyado m\u00e1s de 50 proyectos<\/strong> en los \u00faltimos tres a\u00f1os.<\/li>\n<li>Actualmente est\u00e1 desarrollando <strong>25 nuevos proyectos<\/strong> en Francia y en todo el mundo.<\/li>\n<li>Ha compensado m\u00e1s de <strong>4 millones de toneladas de CO2 equivalente<\/strong> en nombre de sus clientes.<\/li>\n<\/ul>\n<p>[\/vc_column_text][\/vc_column][vc_column width=\u00bb1\/3&#8243; css=\u00bb.vc_custom_1723213655154{margin-bottom: 40px !important;padding-right: 5px !important;padding-left: 5px !important;}\u00bb offset=\u00bbvc_hidden-sm\u00bb][vc_single_image image=\u00bb50400&#8243; img_size=\u00bbfull\u00bb alignment=\u00bbcenter\u00bb css=\u00bb\u00bb qode_css_animation=\u00bb\u00bb el_class=\u00bbmt2&#8243;][\/vc_column][\/vc_row][vc_row css_animation=\u00bb\u00bb row_type=\u00bbrow\u00bb use_row_as_full_screen_section=\u00bbno\u00bb type=\u00bbgrid\u00bb angled_section=\u00bbno\u00bb text_align=\u00bbleft\u00bb background_image_as_pattern=\u00bbwithout_pattern\u00bb background_image=\u00bb50401&#8243; el_class=\u00bbsk_overlay_dark\u00bb z_index=\u00bb\u00bb][vc_column css_animation=\u00bbfadeIn\u00bb el_class=\u00bbalign_center pt16 pb16&#8243;][vc_column_text css=\u00bb\u00bb]<span class=\"citation\" style=\"color: #ffffff;\">\u00abEl cambio clim\u00e1tico sigue en aumento, al igual que la contaminaci\u00f3n por pl\u00e1sticos. Es imperativo que actuemos con urgencia en todos los frentes para combatir el cambio clim\u00e1tico y preservar los ecosistemas naturales. Removall y Plastic Odyssey se asocian para construir un futuro mejor.\u00bb<\/span><\/p>\n<p><span style=\"color: #ffffff;\"><strong> J\u00e9r\u00f4me Beilin, CEO de Removall<\/strong><\/span>[\/vc_column_text][\/vc_column][\/vc_row][vc_row css_animation=\u00bb\u00bb row_type=\u00bbrow\u00bb use_row_as_full_screen_section=\u00bbno\u00bb type=\u00bbgrid\u00bb angled_section=\u00bbno\u00bb text_align=\u00bbleft\u00bb background_image_as_pattern=\u00bbwithout_pattern\u00bb z_index=\u00bb\u00bb padding_top=\u00bb60&#8243; padding_bottom=\u00bb20&#8243;][vc_column width=\u00bb1\/2&#8243; el_class=\u00bbshadow2 shadowmobile tablet_fullwidth\u00bb css=\u00bb.vc_custom_1723196416612{margin-bottom: 20px !important;}\u00bb][vc_single_image image=\u00bb50330&#8243; img_size=\u00bb\u00bb alignment=\u00bbcenter\u00bb css=\u00bb\u00bb qode_css_animation=\u00bb\u00bb el_class=\u00bbsk_img_300&#8243;][vc_column_text css=\u00bb\u00bb el_class=\u00bbmt2&#8243;]<\/p>\n<p style=\"text-align: center;\"><strong>Una visi\u00f3n compartida<\/strong><\/p>\n<p><a href=\"https:\/\/www.linkedin.com\/company\/removall-carbon\/\" target=\"_blank\" rel=\"noopener\">Removall<\/a> y Plastic Odyssey comparten una visi\u00f3n com\u00fan de un futuro mejor, que implica actuar en m\u00faltiples frentes simult\u00e1neamente para combatir el cambio clim\u00e1tico, la contaminaci\u00f3n por pl\u00e1sticos y la p\u00e9rdida de biodiversidad.<\/p>\n<p>Removall est\u00e1 convencido de que promover la concienciaci\u00f3n y la difusi\u00f3n de conocimientos es fundamental para empoderar a las comunidades en todo el mundo, permiti\u00e9ndoles emprender acciones significativas y llevar a cabo proyectos concretos sobre el terreno. La Expedici\u00f3n Plastic Odyssey tambi\u00e9n lidera estas iniciativas.[\/vc_column_text][\/vc_column][vc_column width=\u00bb1\/2&#8243; css=\u00bb.vc_custom_1723195573218{margin-bottom: 20px !important;}\u00bb el_class=\u00bbtablet_fullwidth\u00bb][vc_column_text css=\u00bb\u00bb el_class=\u00bbmt2&#8243;]<\/p>\n<h3>Removall y Plastic Odyssey, \u00e1mbito de la colaboraci\u00f3n<\/h3>\n<p>Removall est\u00e1 evaluando la huella de carbono de las Expediciones de Plastic Odyssey, enfoc\u00e1ndose en el consumo de combustible de los barcos y los viajes de negocios del equipo a nivel mundial, en alineaci\u00f3n con est\u00e1ndares internacionales como el Protocolo de Gases de Efecto Invernadero (GHG Protocol) y la metodolog\u00eda \u201cBilan Carbone\u201d, desarrollada por ADEME (Agencia Francesa para el Medio Ambiente y la Eficiencia Energ\u00e9tica).<\/p>\n<p>Las emisiones de gases de efecto invernadero se mitigan posteriormente mediante la contribuci\u00f3n a proyectos de compensaci\u00f3n de carbono certificados e impactantes, que incluyen proyectos de energ\u00eda renovable y de carbono azul.<\/p>\n<p>Removall tambi\u00e9n est\u00e1 asistiendo a Plastic Odyssey en la estimaci\u00f3n de las reducciones de carbono asociadas a sus microf\u00e1bricas de reciclaje de pl\u00e1stico, proporcionando acceso a datos y metodolog\u00edas cient\u00edficamente reconocidos.[\/vc_column_text][\/vc_column][vc_column el_class=\u00bbpt4&#8243;]<div class=\"qode-advanced-image-gallery  qode-aig-grid-type qode-normal-space   \">\n\t<div class=\"qode-aig-inner qode-outer-space qode-aig-grid qode-aig-two-columns\">\n\t\t\t\t\t<div class=\"qode-aig-image qode-item-space\">\n\t\t\t\t<div class=\"qode-aig-image-inner\">\n\t\t\t\t\t\t\t\t\t\t\t<img loading=\"lazy\" decoding=\"async\" width=\"1920\" height=\"1080\" src=\"https:\/\/plasticodyssey.org\/wp-content\/uploads\/2024\/08\/Removall-Financement-Mangroves-Inde-Sundurbans.jpg\" class=\"attachment-full size-full\" alt=\"\" srcset=\"https:\/\/plasticodyssey.org\/wp-content\/uploads\/2024\/08\/Removall-Financement-Mangroves-Inde-Sundurbans.jpg 1920w, https:\/\/plasticodyssey.org\/wp-content\/uploads\/2024\/08\/Removall-Financement-Mangroves-Inde-Sundurbans-300x169.jpg 300w, https:\/\/plasticodyssey.org\/wp-content\/uploads\/2024\/08\/Removall-Financement-Mangroves-Inde-Sundurbans-1024x576.jpg 1024w, https:\/\/plasticodyssey.org\/wp-content\/uploads\/2024\/08\/Removall-Financement-Mangroves-Inde-Sundurbans-768x432.jpg 768w, https:\/\/plasticodyssey.org\/wp-content\/uploads\/2024\/08\/Removall-Financement-Mangroves-Inde-Sundurbans-1536x864.jpg 1536w, https:\/\/plasticodyssey.org\/wp-content\/uploads\/2024\/08\/Removall-Financement-Mangroves-Inde-Sundurbans-700x394.jpg 700w, https:\/\/plasticodyssey.org\/wp-content\/uploads\/2024\/08\/Removall-Financement-Mangroves-Inde-Sundurbans-539x303.jpg 539w\" sizes=\"auto, (max-width: 1920px) 100vw, 1920px\" \/>\t\t\t\t\t\t<span class=\"aig-gallery-hover\">\n\t\t\t\t\t\t\t\t\t\t\t\t\t<\/span>\n\t\t\t\t\t\t\t\t\t<\/div>\n\t\t\t<\/div>\n\t\t\t\t\t\t\t\t<div class=\"qode-aig-image qode-item-space\">\n\t\t\t\t<div class=\"qode-aig-image-inner\">\n\t\t\t\t\t\t\t\t\t\t\t<img loading=\"lazy\" decoding=\"async\" width=\"1920\" height=\"1080\" src=\"https:\/\/plasticodyssey.org\/wp-content\/uploads\/2024\/09\/Partenariat-Removall-Mangroves-Inde-Sundurbans.jpg\" class=\"attachment-full size-full\" alt=\"\" srcset=\"https:\/\/plasticodyssey.org\/wp-content\/uploads\/2024\/09\/Partenariat-Removall-Mangroves-Inde-Sundurbans.jpg 1920w, https:\/\/plasticodyssey.org\/wp-content\/uploads\/2024\/09\/Partenariat-Removall-Mangroves-Inde-Sundurbans-300x169.jpg 300w, https:\/\/plasticodyssey.org\/wp-content\/uploads\/2024\/09\/Partenariat-Removall-Mangroves-Inde-Sundurbans-1024x576.jpg 1024w, https:\/\/plasticodyssey.org\/wp-content\/uploads\/2024\/09\/Partenariat-Removall-Mangroves-Inde-Sundurbans-768x432.jpg 768w, https:\/\/plasticodyssey.org\/wp-content\/uploads\/2024\/09\/Partenariat-Removall-Mangroves-Inde-Sundurbans-1536x864.jpg 1536w, https:\/\/plasticodyssey.org\/wp-content\/uploads\/2024\/09\/Partenariat-Removall-Mangroves-Inde-Sundurbans-700x394.jpg 700w, https:\/\/plasticodyssey.org\/wp-content\/uploads\/2024\/09\/Partenariat-Removall-Mangroves-Inde-Sundurbans-539x303.jpg 539w\" sizes=\"auto, (max-width: 1920px) 100vw, 1920px\" \/>\t\t\t\t\t\t<span class=\"aig-gallery-hover\">\n\t\t\t\t\t\t\t\t\t\t\t\t\t<\/span>\n\t\t\t\t\t\t\t\t\t<\/div>\n\t\t\t<\/div>\n\t\t\t\t\t\t<\/div>\n<\/div>[vc_column_text css=\u00bb.vc_custom_1723195932962{margin-bottom: 20px !important;}\u00bb el_class=\u00bbmt2&#8243;]<\/p>\n<h2>Compromisos de RSC de Removall<\/h2>\n<p>[\/vc_column_text][vc_column_text css=\u00bb.vc_custom_1725896809122{margin-bottom: 20px !important;}\u00bb el_class=\u00bbmt2&#8243;]<\/p>\n<h3>Empresa comprometida con una mission<\/h3>\n<p>En 2023, la empresa modific\u00f3 su estatus legal para adquirir oficialmente el estatus de empresa comprometida con una misi\u00f3n. El prop\u00f3sito de Removall es <strong><em>\u00abacelerar conjuntamente el desarrollo de soluciones con un impacto positivo en el clima, las comunidades y la biodiversidad\u00bb<\/em><\/strong>. Este prop\u00f3sito est\u00e1 en el n\u00facleo de nuestras acciones diarias, garantizando la m\u00e1xima calidad e integridad en todas las nuestras actividades. Esta misi\u00f3n nos gu\u00eda en cada uno de nuestros proyectos y acciones.[\/vc_column_text][\/vc_column][\/vc_row][vc_row css_animation=\u00bb\u00bb row_type=\u00bbrow\u00bb use_row_as_full_screen_section=\u00bbno\u00bb type=\u00bbgrid\u00bb angled_section=\u00bbno\u00bb text_align=\u00bbleft\u00bb background_image_as_pattern=\u00bbwithout_pattern\u00bb z_index=\u00bb\u00bb el_class=\u00bbpb6&#8243;][vc_column width=\u00bb1\/3&#8243; el_class=\u00bbpb2 tablet_fullwidth\u00bb][vc_single_image image=\u00bb58493&#8243; img_size=\u00bbfull\u00bb alignment=\u00bbcenter\u00bb onclick=\u00bbcustom_link\u00bb img_link_target=\u00bb_blank\u00bb css=\u00bb\u00bb qode_css_animation=\u00bb\u00bb el_class=\u00bbsk_img_300&#8243; link=\u00bbhttps:\/\/www.removall-carbon.com\/en\/csr\/\u00bb][\/vc_column][vc_column width=\u00bb2\/3&#8243; el_class=\u00bbtablet_fullwidth\u00bb][vc_column_text css=\u00bb\u00bb el_class=\u00bbmt2&#8243;]<\/p>\n<h3>Evaluaci\u00f3n de RSC<\/h3>\n<p>Comprometida en un proceso de mejora continua y deseosa de beneficiarse de una evaluaci\u00f3n externa de su pol\u00edtica de sostenibilidad realizada por un tercero independiente, Removall realiza la evaluaci\u00f3n Ecovadis cada a\u00f1o desde 2023.<\/p>\n<p>La empresa est\u00e1 orgullosa de haber obtenido la medalla Platino en 2025, situ\u00e1ndose ahora entre el 1 % de las empresas evaluadas.[\/vc_column_text]<a  itemprop=\"url\" href=\"https:\/\/www.removall-carbon.com\/en\/\" target=\"_blank\"  class=\"qbutton  default cta_white_bg_2\" style=\"margin: 20px 0; \">M\u00e1s info<span aria-hidden=\"true\" class=\"qode_icon_font_elegant arrow_right qode_button_icon_element\"><\/span><\/a>[\/vc_column][\/vc_row]<\/p>\n<\/div>","protected":false},"excerpt":{"rendered":"<p>[vc_row css_animation=\u00bb\u00bb row_type=\u00bbrow\u00bb use_row_as_full_screen_section=\u00bbno\u00bb type=\u00bbgrid\u00bb angled_section=\u00bbno\u00bb text_align=\u00bbleft\u00bb background_image_as_pattern=\u00bbwithout_pattern\u00bb z_index=\u00bb\u00bb anchor=\u00bbmore\u00bb el_class=\u00bbsk_headpage_escales sk_gradient_1 white\u00bb][vc_column width=\u00bb2\/3&#8243; el_class=\u00bbalign_center tablet_fullwidth\u00bb offset=\u00bbvc_col-lg-offset-2 vc_col-md-offset-2&#8243;][vc_column_text css=\u00bb\u00bb el_class=\u00bbpartner_level\u00bb]Socio de Contribuci\u00f3n de Carbono [\/vc_column_text][vc_single_image image=\u00bb50356&#8243; img_size=\u00bbfull\u00bb alignment=\u00bbcenter\u00bb css=\u00bb\u00bb qode_css_animation=\u00bb\u00bb el_class=\u00bbsk_img_500 mt3&#8243;][vc_column_text css=\u00bb\u00bb el_class=\u00bbmt3&#8243;] Plastic&#8230;<\/p>\n","protected":false},"author":3,"featured_media":50368,"parent":33263,"menu_order":1,"comment_status":"closed","ping_status":"closed","template":"full_width.php","meta":{"footnotes":""},"class_list":["post-50419","page","type-page","status-publish","has-post-thumbnail","hentry"],"yoast_head":"<!-- This site is optimized with the Yoast SEO plugin v25.5 - https:\/\/yoast.com\/wordpress\/plugins\/seo\/ -->\n<title>Removall - Socio de Contribuci\u00f3n de Carbono | Plastic Odyssey<\/title>\n<meta name=\"description\" content=\"Construyendo juntos una expedici\u00f3n m\u00e1s responsable, contribuyendo a trav\u00e9s de la financiaci\u00f3n de carbono en la lucha contra el cambio clim\u00e1tico.\" \/>\n<meta name=\"robots\" content=\"index, follow, max-snippet:-1, max-image-preview:large, max-video-preview:-1\" \/>\n<link rel=\"canonical\" href=\"https:\/\/plasticodyssey.org\/es\/socios\/removall\/\" \/>\n<meta property=\"og:locale\" content=\"es_ES\" \/>\n<meta property=\"og:type\" content=\"article\" \/>\n<meta property=\"og:title\" content=\"Removall - Socio de Contribuci\u00f3n de Carbono | Plastic Odyssey\" \/>\n<meta property=\"og:description\" content=\"Construyendo juntos una expedici\u00f3n m\u00e1s responsable, contribuyendo a trav\u00e9s de la financiaci\u00f3n de carbono en la lucha contra el cambio clim\u00e1tico.\" \/>\n<meta property=\"og:url\" content=\"https:\/\/plasticodyssey.org\/es\/socios\/removall\/\" \/>\n<meta property=\"og:site_name\" content=\"Plastic Odyssey\" \/>\n<meta property=\"article:publisher\" content=\"https:\/\/www.facebook.com\/plasticodyssey\/\" \/>\n<meta property=\"article:modified_time\" content=\"2025-09-05T12:57:19+00:00\" \/>\n<meta property=\"og:image\" content=\"https:\/\/plasticodyssey.org\/wp-content\/uploads\/2024\/08\/Removall-Financement-Mangroves-Inde-Sundurbans.jpg\" \/>\n\t<meta property=\"og:image:width\" content=\"1920\" \/>\n\t<meta property=\"og:image:height\" content=\"1080\" \/>\n\t<meta property=\"og:image:type\" content=\"image\/jpeg\" \/>\n<meta name=\"twitter:card\" content=\"summary_large_image\" \/>\n<meta name=\"twitter:site\" content=\"@plasticodyssey\" \/>\n<meta name=\"twitter:label1\" content=\"Tiempo de lectura\" \/>\n\t<meta name=\"twitter:data1\" content=\"6 minutos\" \/>\n<script type=\"application\/ld+json\" class=\"yoast-schema-graph\">{\"@context\":\"https:\/\/schema.org\",\"@graph\":[{\"@type\":\"WebPage\",\"@id\":\"https:\/\/plasticodyssey.org\/es\/socios\/removall\/\",\"url\":\"https:\/\/plasticodyssey.org\/es\/socios\/removall\/\",\"name\":\"Removall - Socio de Contribuci\u00f3n de Carbono | Plastic Odyssey\",\"isPartOf\":{\"@id\":\"https:\/\/plasticodyssey.org\/es\/#website\"},\"primaryImageOfPage\":{\"@id\":\"https:\/\/plasticodyssey.org\/es\/socios\/removall\/#primaryimage\"},\"image\":{\"@id\":\"https:\/\/plasticodyssey.org\/es\/socios\/removall\/#primaryimage\"},\"thumbnailUrl\":\"https:\/\/plasticodyssey.org\/wp-content\/uploads\/2024\/08\/Removall-Financement-Mangroves-Inde-Sundurbans.jpg\",\"datePublished\":\"2024-08-09T09:24:41+00:00\",\"dateModified\":\"2025-09-05T12:57:19+00:00\",\"description\":\"Construyendo juntos una expedici\u00f3n m\u00e1s responsable, contribuyendo a trav\u00e9s de la financiaci\u00f3n de carbono en la lucha contra el cambio clim\u00e1tico.\",\"breadcrumb\":{\"@id\":\"https:\/\/plasticodyssey.org\/es\/socios\/removall\/#breadcrumb\"},\"inLanguage\":\"es\",\"potentialAction\":[{\"@type\":\"ReadAction\",\"target\":[\"https:\/\/plasticodyssey.org\/es\/socios\/removall\/\"]}]},{\"@type\":\"ImageObject\",\"inLanguage\":\"es\",\"@id\":\"https:\/\/plasticodyssey.org\/es\/socios\/removall\/#primaryimage\",\"url\":\"https:\/\/plasticodyssey.org\/wp-content\/uploads\/2024\/08\/Removall-Financement-Mangroves-Inde-Sundurbans.jpg\",\"contentUrl\":\"https:\/\/plasticodyssey.org\/wp-content\/uploads\/2024\/08\/Removall-Financement-Mangroves-Inde-Sundurbans.jpg\",\"width\":1920,\"height\":1080},{\"@type\":\"BreadcrumbList\",\"@id\":\"https:\/\/plasticodyssey.org\/es\/socios\/removall\/#breadcrumb\",\"itemListElement\":[{\"@type\":\"ListItem\",\"position\":1,\"name\":\"Accueil\",\"item\":\"https:\/\/plasticodyssey.org\/es\/inicio\/\"},{\"@type\":\"ListItem\",\"position\":2,\"name\":\"Socios\",\"item\":\"https:\/\/plasticodyssey.org\/es\/socios\/\"},{\"@type\":\"ListItem\",\"position\":3,\"name\":\"Removall\"}]},{\"@type\":\"WebSite\",\"@id\":\"https:\/\/plasticodyssey.org\/es\/#website\",\"url\":\"https:\/\/plasticodyssey.org\/es\/\",\"name\":\"Plastic Odyssey\",\"description\":\"L&#039;exp\u00e9dition autour du monde contre la pollution plastique\",\"publisher\":{\"@id\":\"https:\/\/plasticodyssey.org\/es\/#organization\"},\"potentialAction\":[{\"@type\":\"SearchAction\",\"target\":{\"@type\":\"EntryPoint\",\"urlTemplate\":\"https:\/\/plasticodyssey.org\/es\/?s={search_term_string}\"},\"query-input\":{\"@type\":\"PropertyValueSpecification\",\"valueRequired\":true,\"valueName\":\"search_term_string\"}}],\"inLanguage\":\"es\"},{\"@type\":\"Organization\",\"@id\":\"https:\/\/plasticodyssey.org\/es\/#organization\",\"name\":\"Plastic Odyssey\",\"url\":\"https:\/\/plasticodyssey.org\/es\/\",\"logo\":{\"@type\":\"ImageObject\",\"inLanguage\":\"es\",\"@id\":\"https:\/\/plasticodyssey.org\/es\/#\/schema\/logo\/image\/\",\"url\":\"https:\/\/plasticodyssey.org\/wp-content\/uploads\/2020\/02\/navire-plastic-odyssey-coucher-soleil.jpg\",\"contentUrl\":\"https:\/\/plasticodyssey.org\/wp-content\/uploads\/2020\/02\/navire-plastic-odyssey-coucher-soleil.jpg\",\"width\":1920,\"height\":1080,\"caption\":\"Plastic Odyssey\"},\"image\":{\"@id\":\"https:\/\/plasticodyssey.org\/es\/#\/schema\/logo\/image\/\"},\"sameAs\":[\"https:\/\/www.facebook.com\/plasticodyssey\/\",\"https:\/\/x.com\/plasticodyssey\",\"https:\/\/www.instagram.com\/plasticodyssey\/\",\"https:\/\/www.linkedin.com\/company\/plastic-odyssey\/\",\"https:\/\/www.youtube.com\/channel\/UC4UNxaIW9ODIuLGJaTrhnow\"]}]}<\/script>\n<!-- \/ Yoast SEO plugin. -->","yoast_head_json":{"title":"Removall - Socio de Contribuci\u00f3n de Carbono | Plastic Odyssey","description":"Construyendo juntos una expedici\u00f3n m\u00e1s responsable, contribuyendo a trav\u00e9s de la financiaci\u00f3n de carbono en la lucha contra el cambio clim\u00e1tico.","robots":{"index":"index","follow":"follow","max-snippet":"max-snippet:-1","max-image-preview":"max-image-preview:large","max-video-preview":"max-video-preview:-1"},"canonical":"https:\/\/plasticodyssey.org\/es\/socios\/removall\/","og_locale":"es_ES","og_type":"article","og_title":"Removall - Socio de Contribuci\u00f3n de Carbono | Plastic Odyssey","og_description":"Construyendo juntos una expedici\u00f3n m\u00e1s responsable, contribuyendo a trav\u00e9s de la financiaci\u00f3n de carbono en la lucha contra el cambio clim\u00e1tico.","og_url":"https:\/\/plasticodyssey.org\/es\/socios\/removall\/","og_site_name":"Plastic Odyssey","article_publisher":"https:\/\/www.facebook.com\/plasticodyssey\/","article_modified_time":"2025-09-05T12:57:19+00:00","og_image":[{"width":1920,"height":1080,"url":"https:\/\/plasticodyssey.org\/wp-content\/uploads\/2024\/08\/Removall-Financement-Mangroves-Inde-Sundurbans.jpg","type":"image\/jpeg"}],"twitter_card":"summary_large_image","twitter_site":"@plasticodyssey","twitter_misc":{"Tiempo de lectura":"6 minutos"},"schema":{"@context":"https:\/\/schema.org","@graph":[{"@type":"WebPage","@id":"https:\/\/plasticodyssey.org\/es\/socios\/removall\/","url":"https:\/\/plasticodyssey.org\/es\/socios\/removall\/","name":"Removall - Socio de Contribuci\u00f3n de Carbono | Plastic Odyssey","isPartOf":{"@id":"https:\/\/plasticodyssey.org\/es\/#website"},"primaryImageOfPage":{"@id":"https:\/\/plasticodyssey.org\/es\/socios\/removall\/#primaryimage"},"image":{"@id":"https:\/\/plasticodyssey.org\/es\/socios\/removall\/#primaryimage"},"thumbnailUrl":"https:\/\/plasticodyssey.org\/wp-content\/uploads\/2024\/08\/Removall-Financement-Mangroves-Inde-Sundurbans.jpg","datePublished":"2024-08-09T09:24:41+00:00","dateModified":"2025-09-05T12:57:19+00:00","description":"Construyendo juntos una expedici\u00f3n m\u00e1s responsable, contribuyendo a trav\u00e9s de la financiaci\u00f3n de carbono en la lucha contra el cambio clim\u00e1tico.","breadcrumb":{"@id":"https:\/\/plasticodyssey.org\/es\/socios\/removall\/#breadcrumb"},"inLanguage":"es","potentialAction":[{"@type":"ReadAction","target":["https:\/\/plasticodyssey.org\/es\/socios\/removall\/"]}]},{"@type":"ImageObject","inLanguage":"es","@id":"https:\/\/plasticodyssey.org\/es\/socios\/removall\/#primaryimage","url":"https:\/\/plasticodyssey.org\/wp-content\/uploads\/2024\/08\/Removall-Financement-Mangroves-Inde-Sundurbans.jpg","contentUrl":"https:\/\/plasticodyssey.org\/wp-content\/uploads\/2024\/08\/Removall-Financement-Mangroves-Inde-Sundurbans.jpg","width":1920,"height":1080},{"@type":"BreadcrumbList","@id":"https:\/\/plasticodyssey.org\/es\/socios\/removall\/#breadcrumb","itemListElement":[{"@type":"ListItem","position":1,"name":"Accueil","item":"https:\/\/plasticodyssey.org\/es\/inicio\/"},{"@type":"ListItem","position":2,"name":"Socios","item":"https:\/\/plasticodyssey.org\/es\/socios\/"},{"@type":"ListItem","position":3,"name":"Removall"}]},{"@type":"WebSite","@id":"https:\/\/plasticodyssey.org\/es\/#website","url":"https:\/\/plasticodyssey.org\/es\/","name":"Plastic Odyssey","description":"L&#039;exp\u00e9dition autour du monde contre la pollution plastique","publisher":{"@id":"https:\/\/plasticodyssey.org\/es\/#organization"},"potentialAction":[{"@type":"SearchAction","target":{"@type":"EntryPoint","urlTemplate":"https:\/\/plasticodyssey.org\/es\/?s={search_term_string}"},"query-input":{"@type":"PropertyValueSpecification","valueRequired":true,"valueName":"search_term_string"}}],"inLanguage":"es"},{"@type":"Organization","@id":"https:\/\/plasticodyssey.org\/es\/#organization","name":"Plastic Odyssey","url":"https:\/\/plasticodyssey.org\/es\/","logo":{"@type":"ImageObject","inLanguage":"es","@id":"https:\/\/plasticodyssey.org\/es\/#\/schema\/logo\/image\/","url":"https:\/\/plasticodyssey.org\/wp-content\/uploads\/2020\/02\/navire-plastic-odyssey-coucher-soleil.jpg","contentUrl":"https:\/\/plasticodyssey.org\/wp-content\/uploads\/2020\/02\/navire-plastic-odyssey-coucher-soleil.jpg","width":1920,"height":1080,"caption":"Plastic Odyssey"},"image":{"@id":"https:\/\/plasticodyssey.org\/es\/#\/schema\/logo\/image\/"},"sameAs":["https:\/\/www.facebook.com\/plasticodyssey\/","https:\/\/x.com\/plasticodyssey","https:\/\/www.instagram.com\/plasticodyssey\/","https:\/\/www.linkedin.com\/company\/plastic-odyssey\/","https:\/\/www.youtube.com\/channel\/UC4UNxaIW9ODIuLGJaTrhnow"]}]}},"_links":{"self":[{"href":"https:\/\/plasticodyssey.org\/es\/wp-json\/wp\/v2\/pages\/50419","targetHints":{"allow":["GET"]}}],"collection":[{"href":"https:\/\/plasticodyssey.org\/es\/wp-json\/wp\/v2\/pages"}],"about":[{"href":"https:\/\/plasticodyssey.org\/es\/wp-json\/wp\/v2\/types\/page"}],"author":[{"embeddable":true,"href":"https:\/\/plasticodyssey.org\/es\/wp-json\/wp\/v2\/users\/3"}],"replies":[{"embeddable":true,"href":"https:\/\/plasticodyssey.org\/es\/wp-json\/wp\/v2\/comments?post=50419"}],"version-history":[{"count":45,"href":"https:\/\/plasticodyssey.org\/es\/wp-json\/wp\/v2\/pages\/50419\/revisions"}],"predecessor-version":[{"id":58516,"href":"https:\/\/plasticodyssey.org\/es\/wp-json\/wp\/v2\/pages\/50419\/revisions\/58516"}],"up":[{"embeddable":true,"href":"https:\/\/plasticodyssey.org\/es\/wp-json\/wp\/v2\/pages\/33263"}],"wp:featuredmedia":[{"embeddable":true,"href":"https:\/\/plasticodyssey.org\/es\/wp-json\/wp\/v2\/media\/50368"}],"wp:attachment":[{"href":"https:\/\/plasticodyssey.org\/es\/wp-json\/wp\/v2\/media?parent=50419"}],"curies":[{"name":"wp","href":"https:\/\/api.w.org\/{rel}","templated":true}]}}