{"id":53912,"date":"2025-01-27T18:24:27","date_gmt":"2025-01-27T17:24:27","guid":{"rendered":"https:\/\/plasticodyssey.org\/?page_id=53912"},"modified":"2025-02-24T20:13:42","modified_gmt":"2025-02-24T19:13:42","slug":"vietnam-halong","status":"publish","type":"page","link":"https:\/\/plasticodyssey.org\/es\/expedicion\/escalas\/vietnam-halong\/","title":{"rendered":"Vietnam"},"content":{"rendered":"<div class=\"wpb-content-wrapper\"><p>[vc_row css_animation=\u00bb\u00bb row_type=\u00bbrow\u00bb use_row_as_full_screen_section=\u00bbno\u00bb type=\u00bbgrid\u00bb angled_section=\u00bbno\u00bb text_align=\u00bbleft\u00bb background_image_as_pattern=\u00bbwithout_pattern\u00bb z_index=\u00bb\u00bb background_image=\u00bb53868&#8243; el_class=\u00bbsk_headpage_escales sk_passe_tag_headpage sk_bg_bottom\u00bb][vc_column][vc_column_text css=\u00bb\u00bb el_class=\u00bbwhite\u00bb]<\/p>\n<h1><span class=\"sk_highlight_red\">Escala en Vietnam \ud83c\uddfb\ud83c\uddf3<\/span><\/h1>\n<ul>\n<li>Escala 28<\/li>\n<li>Ha Long<\/li>\n<li>Febrero de 2025<\/li>\n<\/ul>\n<p>[\/vc_column_text][\/vc_column][\/vc_row][vc_row css_animation=\u00bb\u00bb row_type=\u00bbrow\u00bb use_row_as_full_screen_section=\u00bbno\u00bb type=\u00bbfull_width\u00bb angled_section=\u00bbno\u00bb text_align=\u00bbleft\u00bb background_image_as_pattern=\u00bbwithout_pattern\u00bb z_index=\u00bb\u00bb el_class=\u00bbsk_nav_escales\u00bb][vc_column el_class=\u00bbsk_nav_escales_position\u00bb][vc_raw_html css=\u00bb\u00bb]PGg0Pgo8YSBocmVmPSIvZXMvZXhwZWRpY2lvbi9lc2NhbGFzL2ZpbGlwaW5hcy8iPgo8aSBjbGFzcz0iZmEgZmEtYW5nbGUtbGVmdCBza19lc2NhbGVfcHJldiI+PC9pPgo8L2E+CkVzY2FsYSAyOAo8YSBocmVmPSIvZXMvZXhwZWRpY2lvbi9lc2NhbGFzL21hbGFzaWEvIj4KPGkgY2xhc3M9ImZhIGZhLWFuZ2xlLXJpZ2h0IHNrX2VzY2FsZV9uZXh0Ij48L2k+CjwvYT4KPC9oND4=[\/vc_raw_html][\/vc_column][\/vc_row][vc_row css_animation=\u00bb\u00bb row_type=\u00bbrow\u00bb use_row_as_full_screen_section=\u00bbno\u00bb type=\u00bbgrid\u00bb angled_section=\u00bbno\u00bb text_align=\u00bbleft\u00bb background_image_as_pattern=\u00bbwithout_pattern\u00bb z_index=\u00bb\u00bb el_class=\u00bbpt6&#8243;][vc_column css_animation=\u00bbnone\u00bb width=\u00bb5\/6&#8243; el_class=\u00bbtablet_fullwidth\u00bb][vc_column_text css=\u00bb\u00bb]<\/p>\n<h2>Vietnam, vig\u00e9sima octava escala de Plastic Odyssey<\/h2>\n<p>Plastic Odyssey no hizo escala en Vietnam en febrero de 2025 por razones log\u00edsticas.[\/vc_column_text][\/vc_column][vc_column el_class=\u00bbmt4&#8243;][qode_elements_holder background_color=\u00bb#05387b\u00bb number_of_columns=\u00bbone_column\u00bb][qode_elements_holder_item advanced_animations=\u00bbno\u00bb item_padding=\u00bb20px\u00bb][vc_column_text css=\u00bb\u00bb el_class=\u00bbwhite align_center\u00bb]<\/p>\n<h2>Escala cancelada<\/h2>\n<p>[\/vc_column_text][\/qode_elements_holder_item][\/qode_elements_holder][\/vc_column][\/vc_row][vc_row css_animation=\u00bb\u00bb row_type=\u00bbrow\u00bb use_row_as_full_screen_section=\u00bbno\u00bb type=\u00bbgrid\u00bb angled_section=\u00bbno\u00bb text_align=\u00bbleft\u00bb background_image_as_pattern=\u00bbwithout_pattern\u00bb z_index=\u00bb\u00bb el_class=\u00bbpt5 pb4&#8243;][vc_column width=\u00bb2\/3&#8243; offset=\u00bbvc_col-lg-offset-2&#8243; el_class=\u00bbalign_center tablet_fullwidth\u00bb][vc_column_text]<\/p>\n<h2>Todo lo que saber sobre el Expedici\u00f3n<\/h2>\n<p>El Plastic Odyssey, barco embajador en la lucha contra la contaminaci\u00f3n por pl\u00e1sticos en los oc\u00e9anos, navega alrededor del mundo para descubrir, referenciar y compartir soluciones concretas. Una expedici\u00f3n de tres a\u00f1os por tres continentes a los pa\u00edses m\u00e1s afectados por la contaminaci\u00f3n pl\u00e1stica.[\/vc_column_text]<a  itemprop=\"url\" href=\"\/es\/expedicion\/\" target=\"_self\"  class=\"qbutton  default cta_white_bg_2\" style=\"\">Descubrir la expedici\u00f3n<\/a>[\/vc_column][vc_column el_class=\u00bbmt2&#8243;][vc_single_image image=\u00bb30356&#8243; qode_css_animation=\u00bb\u00bb][\/vc_column][\/vc_row][vc_row css_animation=\u00bb\u00bb row_type=\u00bbrow\u00bb use_row_as_full_screen_section=\u00bbno\u00bb type=\u00bbfull_width\u00bb angled_section=\u00bbno\u00bb text_align=\u00bbleft\u00bb background_image_as_pattern=\u00bbwithout_pattern\u00bb z_index=\u00bb\u00bb background_color=\u00bb#ffffff\u00bb el_class=\u00bbmt1&#8243;][vc_column width=\u00bb1\/3&#8243; css=\u00bb.vc_custom_1738319718336{background-image: url(https:\/\/plasticodyssey.org\/wp-content\/uploads\/2023\/12\/escale-philippines.jpg?id=41373) !important;background-position: center !important;background-repeat: no-repeat !important;background-size: cover !important;}\u00bb el_class=\u00bbsk_box_img_full sk_col2&#8243;][vc_column_text css=\u00bb\u00bb el_class=\u00bbsk_box_img_full_align\u00bb]<\/p>\n<h2><strong>Pasada escala<\/strong><\/h2>\n<p><a class=\"qbutton default sk_cta_border\" href=\"\/es\/expedicion\/escalas\/filipinas\/\" target=\"_self\" rel=\"noopener\">Filipinas<\/a>[\/vc_column_text][\/vc_column][vc_column width=\u00bb1\/3&#8243; css=\u00bb.vc_custom_1678875212811{background-image: url(https:\/\/plasticodyssey.org\/wp-content\/uploads\/2023\/03\/navire-recherche-pollution-plastique.jpg?id=24096) !important;background-position: center !important;background-repeat: no-repeat !important;background-size: cover !important;}\u00bb el_class=\u00bbsk_box_img_full sk_col2&#8243;][vc_column_text el_class=\u00bbsk_box_img_full_align\u00bb]<\/p>\n<h2><strong>Todas las escalas<\/strong><\/h2>\n<p><a class=\"qbutton default sk_cta_border\" href=\"\/es\/expedicion\/escalas\/\" rel=\"noopener\">Volver a escalas<\/a>[\/vc_column_text][\/vc_column][vc_column width=\u00bb1\/3&#8243; css=\u00bb.vc_custom_1738319583785{background-image: url(https:\/\/plasticodyssey.org\/wp-content\/uploads\/2023\/12\/escale-malaisie-1.jpg?id=41514) !important;background-position: center !important;background-repeat: no-repeat !important;background-size: cover !important;}\u00bb el_class=\u00bbsk_box_img_full sk_col3&#8243;][vc_column_text css=\u00bb\u00bb el_class=\u00bbsk_box_img_full_align\u00bb]<\/p>\n<h2><strong>Pr\u00f3xima escala<\/strong><\/h2>\n<p><a class=\"qbutton default sk_cta_border\" href=\"\/es\/expedicion\/escalas\/malasia\/\" target=\"_self\" rel=\"noopener\">Malasia<\/a>[\/vc_column_text][\/vc_column][\/vc_row]<\/p>\n<\/div>","protected":false},"excerpt":{"rendered":"<p>[vc_row css_animation=\u00bb\u00bb row_type=\u00bbrow\u00bb use_row_as_full_screen_section=\u00bbno\u00bb type=\u00bbgrid\u00bb angled_section=\u00bbno\u00bb text_align=\u00bbleft\u00bb background_image_as_pattern=\u00bbwithout_pattern\u00bb z_index=\u00bb\u00bb background_image=\u00bb53868&#8243; el_class=\u00bbsk_headpage_escales sk_passe_tag_headpage sk_bg_bottom\u00bb][vc_column][vc_column_text css=\u00bb\u00bb el_class=\u00bbwhite\u00bb] Escala en Vietnam \ud83c\uddfb\ud83c\uddf3 Escala 28 Ha Long Febrero de 2025 [\/vc_column_text][\/vc_column][\/vc_row][vc_row css_animation=\u00bb\u00bb row_type=\u00bbrow\u00bb use_row_as_full_screen_section=\u00bbno\u00bb type=\u00bbfull_width\u00bb angled_section=\u00bbno\u00bb text_align=\u00bbleft\u00bb background_image_as_pattern=\u00bbwithout_pattern\u00bb z_index=\u00bb\u00bb&#8230;<\/p>\n","protected":false},"author":3,"featured_media":53870,"parent":32903,"menu_order":28,"comment_status":"closed","ping_status":"closed","template":"full_width.php","meta":{"footnotes":""},"class_list":["post-53912","page","type-page","status-publish","has-post-thumbnail","hentry"],"yoast_head":"<!-- This site is optimized with the Yoast SEO plugin v25.5 - https:\/\/yoast.com\/wordpress\/plugins\/seo\/ -->\n<title>Escala en Vietnam | Plastic Odyssey<\/title>\n<meta name=\"description\" content=\"El Plastic Odyssey har\u00e1 escala en Vietnam en febrero de 2025. Descubra c\u00f3mo puede ayudarnos y formar parte de la aventura.\" \/>\n<meta name=\"robots\" content=\"noindex, follow\" \/>\n<meta property=\"og:locale\" content=\"es_ES\" \/>\n<meta property=\"og:type\" content=\"article\" \/>\n<meta property=\"og:title\" content=\"Escala en Vietnam | Plastic Odyssey\" \/>\n<meta property=\"og:description\" content=\"El Plastic Odyssey har\u00e1 escala en Vietnam en febrero de 2025. Descubra c\u00f3mo puede ayudarnos y formar parte de la aventura.\" \/>\n<meta property=\"og:url\" content=\"https:\/\/plasticodyssey.org\/es\/expedicion\/escalas\/vietnam-halong\/\" \/>\n<meta property=\"og:site_name\" content=\"Plastic Odyssey\" \/>\n<meta property=\"article:publisher\" content=\"https:\/\/www.facebook.com\/plasticodyssey\/\" \/>\n<meta property=\"article:modified_time\" content=\"2025-02-24T19:13:42+00:00\" \/>\n<meta property=\"og:image\" content=\"https:\/\/plasticodyssey.org\/wp-content\/uploads\/2025\/01\/escale-baie-ha-long-vietnam.jpg\" \/>\n\t<meta property=\"og:image:width\" content=\"1920\" \/>\n\t<meta property=\"og:image:height\" content=\"1080\" \/>\n\t<meta property=\"og:image:type\" content=\"image\/jpeg\" \/>\n<meta name=\"twitter:card\" content=\"summary_large_image\" \/>\n<meta name=\"twitter:site\" content=\"@plasticodyssey\" \/>\n<meta name=\"twitter:label1\" content=\"Tiempo de lectura\" \/>\n\t<meta name=\"twitter:data1\" content=\"6 minutos\" \/>\n<script type=\"application\/ld+json\" class=\"yoast-schema-graph\">{\"@context\":\"https:\/\/schema.org\",\"@graph\":[{\"@type\":\"WebPage\",\"@id\":\"https:\/\/plasticodyssey.org\/es\/expedicion\/escalas\/vietnam-halong\/\",\"url\":\"https:\/\/plasticodyssey.org\/es\/expedicion\/escalas\/vietnam-halong\/\",\"name\":\"Escala en Vietnam | Plastic Odyssey\",\"isPartOf\":{\"@id\":\"https:\/\/plasticodyssey.org\/es\/#website\"},\"primaryImageOfPage\":{\"@id\":\"https:\/\/plasticodyssey.org\/es\/expedicion\/escalas\/vietnam-halong\/#primaryimage\"},\"image\":{\"@id\":\"https:\/\/plasticodyssey.org\/es\/expedicion\/escalas\/vietnam-halong\/#primaryimage\"},\"thumbnailUrl\":\"https:\/\/plasticodyssey.org\/wp-content\/uploads\/2025\/01\/escale-baie-ha-long-vietnam.jpg\",\"datePublished\":\"2025-01-27T17:24:27+00:00\",\"dateModified\":\"2025-02-24T19:13:42+00:00\",\"description\":\"El Plastic Odyssey har\u00e1 escala en Vietnam en febrero de 2025. Descubra c\u00f3mo puede ayudarnos y formar parte de la aventura.\",\"breadcrumb\":{\"@id\":\"https:\/\/plasticodyssey.org\/es\/expedicion\/escalas\/vietnam-halong\/#breadcrumb\"},\"inLanguage\":\"es\",\"potentialAction\":[{\"@type\":\"ReadAction\",\"target\":[\"https:\/\/plasticodyssey.org\/es\/expedicion\/escalas\/vietnam-halong\/\"]}]},{\"@type\":\"ImageObject\",\"inLanguage\":\"es\",\"@id\":\"https:\/\/plasticodyssey.org\/es\/expedicion\/escalas\/vietnam-halong\/#primaryimage\",\"url\":\"https:\/\/plasticodyssey.org\/wp-content\/uploads\/2025\/01\/escale-baie-ha-long-vietnam.jpg\",\"contentUrl\":\"https:\/\/plasticodyssey.org\/wp-content\/uploads\/2025\/01\/escale-baie-ha-long-vietnam.jpg\",\"width\":1920,\"height\":1080},{\"@type\":\"BreadcrumbList\",\"@id\":\"https:\/\/plasticodyssey.org\/es\/expedicion\/escalas\/vietnam-halong\/#breadcrumb\",\"itemListElement\":[{\"@type\":\"ListItem\",\"position\":1,\"name\":\"Accueil\",\"item\":\"https:\/\/plasticodyssey.org\/es\/inicio\/\"},{\"@type\":\"ListItem\",\"position\":2,\"name\":\"Expedici\u00f3n\",\"item\":\"https:\/\/plasticodyssey.org\/es\/expedicion\/\"},{\"@type\":\"ListItem\",\"position\":3,\"name\":\"Escalas\",\"item\":\"https:\/\/plasticodyssey.org\/es\/expedicion\/escalas\/\"},{\"@type\":\"ListItem\",\"position\":4,\"name\":\"Vietnam\"}]},{\"@type\":\"WebSite\",\"@id\":\"https:\/\/plasticodyssey.org\/es\/#website\",\"url\":\"https:\/\/plasticodyssey.org\/es\/\",\"name\":\"Plastic Odyssey\",\"description\":\"L&#039;exp\u00e9dition autour du monde contre la pollution plastique\",\"publisher\":{\"@id\":\"https:\/\/plasticodyssey.org\/es\/#organization\"},\"potentialAction\":[{\"@type\":\"SearchAction\",\"target\":{\"@type\":\"EntryPoint\",\"urlTemplate\":\"https:\/\/plasticodyssey.org\/es\/?s={search_term_string}\"},\"query-input\":{\"@type\":\"PropertyValueSpecification\",\"valueRequired\":true,\"valueName\":\"search_term_string\"}}],\"inLanguage\":\"es\"},{\"@type\":\"Organization\",\"@id\":\"https:\/\/plasticodyssey.org\/es\/#organization\",\"name\":\"Plastic Odyssey\",\"url\":\"https:\/\/plasticodyssey.org\/es\/\",\"logo\":{\"@type\":\"ImageObject\",\"inLanguage\":\"es\",\"@id\":\"https:\/\/plasticodyssey.org\/es\/#\/schema\/logo\/image\/\",\"url\":\"https:\/\/plasticodyssey.org\/wp-content\/uploads\/2020\/02\/navire-plastic-odyssey-coucher-soleil.jpg\",\"contentUrl\":\"https:\/\/plasticodyssey.org\/wp-content\/uploads\/2020\/02\/navire-plastic-odyssey-coucher-soleil.jpg\",\"width\":1920,\"height\":1080,\"caption\":\"Plastic Odyssey\"},\"image\":{\"@id\":\"https:\/\/plasticodyssey.org\/es\/#\/schema\/logo\/image\/\"},\"sameAs\":[\"https:\/\/www.facebook.com\/plasticodyssey\/\",\"https:\/\/x.com\/plasticodyssey\",\"https:\/\/www.instagram.com\/plasticodyssey\/\",\"https:\/\/www.linkedin.com\/company\/plastic-odyssey\/\",\"https:\/\/www.youtube.com\/channel\/UC4UNxaIW9ODIuLGJaTrhnow\"]}]}<\/script>\n<!-- \/ Yoast SEO plugin. -->","yoast_head_json":{"title":"Escala en Vietnam | Plastic Odyssey","description":"El Plastic Odyssey har\u00e1 escala en Vietnam en febrero de 2025. Descubra c\u00f3mo puede ayudarnos y formar parte de la aventura.","robots":{"index":"noindex","follow":"follow"},"og_locale":"es_ES","og_type":"article","og_title":"Escala en Vietnam | Plastic Odyssey","og_description":"El Plastic Odyssey har\u00e1 escala en Vietnam en febrero de 2025. Descubra c\u00f3mo puede ayudarnos y formar parte de la aventura.","og_url":"https:\/\/plasticodyssey.org\/es\/expedicion\/escalas\/vietnam-halong\/","og_site_name":"Plastic Odyssey","article_publisher":"https:\/\/www.facebook.com\/plasticodyssey\/","article_modified_time":"2025-02-24T19:13:42+00:00","og_image":[{"width":1920,"height":1080,"url":"https:\/\/plasticodyssey.org\/wp-content\/uploads\/2025\/01\/escale-baie-ha-long-vietnam.jpg","type":"image\/jpeg"}],"twitter_card":"summary_large_image","twitter_site":"@plasticodyssey","twitter_misc":{"Tiempo de lectura":"6 minutos"},"schema":{"@context":"https:\/\/schema.org","@graph":[{"@type":"WebPage","@id":"https:\/\/plasticodyssey.org\/es\/expedicion\/escalas\/vietnam-halong\/","url":"https:\/\/plasticodyssey.org\/es\/expedicion\/escalas\/vietnam-halong\/","name":"Escala en Vietnam | Plastic Odyssey","isPartOf":{"@id":"https:\/\/plasticodyssey.org\/es\/#website"},"primaryImageOfPage":{"@id":"https:\/\/plasticodyssey.org\/es\/expedicion\/escalas\/vietnam-halong\/#primaryimage"},"image":{"@id":"https:\/\/plasticodyssey.org\/es\/expedicion\/escalas\/vietnam-halong\/#primaryimage"},"thumbnailUrl":"https:\/\/plasticodyssey.org\/wp-content\/uploads\/2025\/01\/escale-baie-ha-long-vietnam.jpg","datePublished":"2025-01-27T17:24:27+00:00","dateModified":"2025-02-24T19:13:42+00:00","description":"El Plastic Odyssey har\u00e1 escala en Vietnam en febrero de 2025. Descubra c\u00f3mo puede ayudarnos y formar parte de la aventura.","breadcrumb":{"@id":"https:\/\/plasticodyssey.org\/es\/expedicion\/escalas\/vietnam-halong\/#breadcrumb"},"inLanguage":"es","potentialAction":[{"@type":"ReadAction","target":["https:\/\/plasticodyssey.org\/es\/expedicion\/escalas\/vietnam-halong\/"]}]},{"@type":"ImageObject","inLanguage":"es","@id":"https:\/\/plasticodyssey.org\/es\/expedicion\/escalas\/vietnam-halong\/#primaryimage","url":"https:\/\/plasticodyssey.org\/wp-content\/uploads\/2025\/01\/escale-baie-ha-long-vietnam.jpg","contentUrl":"https:\/\/plasticodyssey.org\/wp-content\/uploads\/2025\/01\/escale-baie-ha-long-vietnam.jpg","width":1920,"height":1080},{"@type":"BreadcrumbList","@id":"https:\/\/plasticodyssey.org\/es\/expedicion\/escalas\/vietnam-halong\/#breadcrumb","itemListElement":[{"@type":"ListItem","position":1,"name":"Accueil","item":"https:\/\/plasticodyssey.org\/es\/inicio\/"},{"@type":"ListItem","position":2,"name":"Expedici\u00f3n","item":"https:\/\/plasticodyssey.org\/es\/expedicion\/"},{"@type":"ListItem","position":3,"name":"Escalas","item":"https:\/\/plasticodyssey.org\/es\/expedicion\/escalas\/"},{"@type":"ListItem","position":4,"name":"Vietnam"}]},{"@type":"WebSite","@id":"https:\/\/plasticodyssey.org\/es\/#website","url":"https:\/\/plasticodyssey.org\/es\/","name":"Plastic Odyssey","description":"L&#039;exp\u00e9dition autour du monde contre la pollution plastique","publisher":{"@id":"https:\/\/plasticodyssey.org\/es\/#organization"},"potentialAction":[{"@type":"SearchAction","target":{"@type":"EntryPoint","urlTemplate":"https:\/\/plasticodyssey.org\/es\/?s={search_term_string}"},"query-input":{"@type":"PropertyValueSpecification","valueRequired":true,"valueName":"search_term_string"}}],"inLanguage":"es"},{"@type":"Organization","@id":"https:\/\/plasticodyssey.org\/es\/#organization","name":"Plastic Odyssey","url":"https:\/\/plasticodyssey.org\/es\/","logo":{"@type":"ImageObject","inLanguage":"es","@id":"https:\/\/plasticodyssey.org\/es\/#\/schema\/logo\/image\/","url":"https:\/\/plasticodyssey.org\/wp-content\/uploads\/2020\/02\/navire-plastic-odyssey-coucher-soleil.jpg","contentUrl":"https:\/\/plasticodyssey.org\/wp-content\/uploads\/2020\/02\/navire-plastic-odyssey-coucher-soleil.jpg","width":1920,"height":1080,"caption":"Plastic Odyssey"},"image":{"@id":"https:\/\/plasticodyssey.org\/es\/#\/schema\/logo\/image\/"},"sameAs":["https:\/\/www.facebook.com\/plasticodyssey\/","https:\/\/x.com\/plasticodyssey","https:\/\/www.instagram.com\/plasticodyssey\/","https:\/\/www.linkedin.com\/company\/plastic-odyssey\/","https:\/\/www.youtube.com\/channel\/UC4UNxaIW9ODIuLGJaTrhnow"]}]}},"_links":{"self":[{"href":"https:\/\/plasticodyssey.org\/es\/wp-json\/wp\/v2\/pages\/53912","targetHints":{"allow":["GET"]}}],"collection":[{"href":"https:\/\/plasticodyssey.org\/es\/wp-json\/wp\/v2\/pages"}],"about":[{"href":"https:\/\/plasticodyssey.org\/es\/wp-json\/wp\/v2\/types\/page"}],"author":[{"embeddable":true,"href":"https:\/\/plasticodyssey.org\/es\/wp-json\/wp\/v2\/users\/3"}],"replies":[{"embeddable":true,"href":"https:\/\/plasticodyssey.org\/es\/wp-json\/wp\/v2\/comments?post=53912"}],"version-history":[{"count":43,"href":"https:\/\/plasticodyssey.org\/es\/wp-json\/wp\/v2\/pages\/53912\/revisions"}],"predecessor-version":[{"id":54905,"href":"https:\/\/plasticodyssey.org\/es\/wp-json\/wp\/v2\/pages\/53912\/revisions\/54905"}],"up":[{"embeddable":true,"href":"https:\/\/plasticodyssey.org\/es\/wp-json\/wp\/v2\/pages\/32903"}],"wp:featuredmedia":[{"embeddable":true,"href":"https:\/\/plasticodyssey.org\/es\/wp-json\/wp\/v2\/media\/53870"}],"wp:attachment":[{"href":"https:\/\/plasticodyssey.org\/es\/wp-json\/wp\/v2\/media?parent=53912"}],"curies":[{"name":"wp","href":"https:\/\/api.w.org\/{rel}","templated":true}]}}