{"id":56976,"date":"2025-06-23T14:48:56","date_gmt":"2025-06-23T12:48:56","guid":{"rendered":"https:\/\/plasticodyssey.org\/?page_id=56976"},"modified":"2025-08-07T15:36:03","modified_gmt":"2025-08-07T13:36:03","slug":"mayotte","status":"publish","type":"page","link":"https:\/\/plasticodyssey.org\/es\/expedicion\/escalas\/mayotte\/","title":{"rendered":"Mayotte"},"content":{"rendered":"<div class=\"wpb-content-wrapper\"><p>[vc_row css_animation=\u00bb\u00bb row_type=\u00bbrow\u00bb use_row_as_full_screen_section=\u00bbno\u00bb type=\u00bbgrid\u00bb angled_section=\u00bbno\u00bb text_align=\u00bbleft\u00bb background_image_as_pattern=\u00bbwithout_pattern\u00bb z_index=\u00bb\u00bb background_image=\u00bb56984&#8243; el_class=\u00bbsk_headpage_escales sk_passe_tag_headpage\u00bb][vc_column][vc_column_text css=\u00bb\u00bb el_class=\u00bbwhite\u00bb]<\/p>\n<h1><span class=\"sk_highlight_red\">Escala en Mayotte \ud83c\uddfe\ud83c\uddf9<\/span><\/h1>\n<ul>\n<li>Escala 36<\/li>\n<li>Longoni<\/li>\n<li>Julio &#8211; Agosto 2025<\/li>\n<\/ul>\n<p>[\/vc_column_text][\/vc_column][\/vc_row][vc_row css_animation=\u00bb\u00bb row_type=\u00bbrow\u00bb use_row_as_full_screen_section=\u00bbno\u00bb type=\u00bbfull_width\u00bb angled_section=\u00bbno\u00bb text_align=\u00bbleft\u00bb background_image_as_pattern=\u00bbwithout_pattern\u00bb z_index=\u00bb\u00bb el_class=\u00bbsk_nav_escales\u00bb][vc_column el_class=\u00bbsk_nav_escales_position\u00bb][vc_raw_html css=\u00bb\u00bb]PGg0Pgo8YSBocmVmPSIvZXMvZXhwZWRpY2lvbi9lc2NhbGFzL2NvbW9yYXMvIj4KPGkgY2xhc3M9ImZhIGZhLWFuZ2xlLWxlZnQgc2tfZXNjYWxlX3ByZXYiPjwvaT4KPC9hPgpFc2NhbGEgMzYKPGEgaHJlZj0iL2VzL2V4cGVkaWNpb24vZXNjYWxhcy90YW56YW5pYS8iPgo8aSBjbGFzcz0iZmEgZmEtYW5nbGUtcmlnaHQgc2tfZXNjYWxlX25leHQiPjwvaT4KPC9hPgo8L2g0Pg==[\/vc_raw_html][\/vc_column][\/vc_row][vc_row css_animation=\u00bb\u00bb row_type=\u00bbrow\u00bb use_row_as_full_screen_section=\u00bbno\u00bb type=\u00bbgrid\u00bb angled_section=\u00bbno\u00bb text_align=\u00bbleft\u00bb background_image_as_pattern=\u00bbwithout_pattern\u00bb z_index=\u00bb\u00bb el_class=\u00bbpt6&#8243;][vc_column css_animation=\u00bbnone\u00bb width=\u00bb5\/6&#8243; el_class=\u00bbtablet_fullwidth\u00bb][vc_column_text css=\u00bb\u00bb]<\/p>\n<h2>Mayotte, trig\u00e9sima sexta escala de Plastic Odyssey<\/h2>\n<p>El Plastic Odyssey hizo escala en Mayotte en julio y agosto de 2025. He aqu\u00ed una retrospectiva de esta escala para descubrir el ecosistema del reciclaje y las soluciones para el pl\u00e1stico.[\/vc_column_text][\/vc_column][vc_column css_animation=\u00bbfadeIn\u00bb el_class=\u00bbsk_escale_article mt4&#8243;]\n<div class='latest_post_holder boxes two_columns three_rows' >\n    <ul>\n        <\/ul>\n<\/div>[\/vc_column][\/vc_row][vc_row css_animation=\u00bb\u00bb row_type=\u00bbrow\u00bb use_row_as_full_screen_section=\u00bbno\u00bb type=\u00bbfull_width\u00bb angled_section=\u00bbno\u00bb text_align=\u00bbleft\u00bb background_image_as_pattern=\u00bbwithout_pattern\u00bb z_index=\u00bb\u00bb el_class=\u00bbpt6 sk_fullwidth_gallery sk_nodisplay\u00bb][vc_column el_class=\u00bbalign_center\u00bb][vc_column_text el_class=\u00bbpb3&#8243;]<\/p>\n<h2>Galer\u00eda de fotos<\/h2>\n<p>[\/vc_column_text]<div class=\"qode-advanced-image-gallery  qode-aig-grid-type qode-tiny-space   \">\n\t<div class=\"qode-aig-inner qode-outer-space qode-aig-grid qode-aig-three-columns\">\n\t\t\t\t\t<div class=\"qode-aig-image qode-item-space\">\n\t\t\t\t<div class=\"qode-aig-image-inner\">\n\t\t\t\t\t\t\t\t\t\t\t<img loading=\"lazy\" decoding=\"async\" width=\"1920\" height=\"1080\" src=\"https:\/\/plasticodyssey.org\/wp-content\/uploads\/2024\/04\/vessel-in-fiji.jpg\" class=\"attachment-full size-full\" alt=\"\" srcset=\"https:\/\/plasticodyssey.org\/wp-content\/uploads\/2024\/04\/vessel-in-fiji.jpg 1920w, https:\/\/plasticodyssey.org\/wp-content\/uploads\/2024\/04\/vessel-in-fiji-300x169.jpg 300w, https:\/\/plasticodyssey.org\/wp-content\/uploads\/2024\/04\/vessel-in-fiji-1024x576.jpg 1024w, https:\/\/plasticodyssey.org\/wp-content\/uploads\/2024\/04\/vessel-in-fiji-768x432.jpg 768w, https:\/\/plasticodyssey.org\/wp-content\/uploads\/2024\/04\/vessel-in-fiji-1536x864.jpg 1536w, https:\/\/plasticodyssey.org\/wp-content\/uploads\/2024\/04\/vessel-in-fiji-700x394.jpg 700w, https:\/\/plasticodyssey.org\/wp-content\/uploads\/2024\/04\/vessel-in-fiji-539x303.jpg 539w\" sizes=\"auto, (max-width: 1920px) 100vw, 1920px\" \/>\t\t\t\t\t\t<span class=\"aig-gallery-hover\">\n\t\t\t\t\t\t\t\t\t\t\t\t\t<\/span>\n\t\t\t\t\t\t\t\t\t<\/div>\n\t\t\t<\/div>\n\t\t\t\t\t\t\t\t<div class=\"qode-aig-image qode-item-space\">\n\t\t\t\t<div class=\"qode-aig-image-inner\">\n\t\t\t\t\t\t\t\t\t\t\t<img loading=\"lazy\" decoding=\"async\" width=\"1920\" height=\"1080\" src=\"https:\/\/plasticodyssey.org\/wp-content\/uploads\/2024\/05\/decharge-lautoka-fidji.jpg\" class=\"attachment-full size-full\" alt=\"\" srcset=\"https:\/\/plasticodyssey.org\/wp-content\/uploads\/2024\/05\/decharge-lautoka-fidji.jpg 1920w, https:\/\/plasticodyssey.org\/wp-content\/uploads\/2024\/05\/decharge-lautoka-fidji-300x169.jpg 300w, https:\/\/plasticodyssey.org\/wp-content\/uploads\/2024\/05\/decharge-lautoka-fidji-1024x576.jpg 1024w, https:\/\/plasticodyssey.org\/wp-content\/uploads\/2024\/05\/decharge-lautoka-fidji-768x432.jpg 768w, https:\/\/plasticodyssey.org\/wp-content\/uploads\/2024\/05\/decharge-lautoka-fidji-1536x864.jpg 1536w, https:\/\/plasticodyssey.org\/wp-content\/uploads\/2024\/05\/decharge-lautoka-fidji-700x394.jpg 700w, https:\/\/plasticodyssey.org\/wp-content\/uploads\/2024\/05\/decharge-lautoka-fidji-539x303.jpg 539w\" sizes=\"auto, (max-width: 1920px) 100vw, 1920px\" \/>\t\t\t\t\t\t<span class=\"aig-gallery-hover\">\n\t\t\t\t\t\t\t\t\t\t\t\t\t<\/span>\n\t\t\t\t\t\t\t\t\t<\/div>\n\t\t\t<\/div>\n\t\t\t\t\t\t\t\t<div class=\"qode-aig-image qode-item-space\">\n\t\t\t\t<div class=\"qode-aig-image-inner\">\n\t\t\t\t\t\t\t\t\t\t\t<img loading=\"lazy\" decoding=\"async\" width=\"1920\" height=\"1080\" src=\"https:\/\/plasticodyssey.org\/wp-content\/uploads\/2024\/05\/tri-plastique-fidji.jpg\" class=\"attachment-full size-full\" alt=\"\" srcset=\"https:\/\/plasticodyssey.org\/wp-content\/uploads\/2024\/05\/tri-plastique-fidji.jpg 1920w, https:\/\/plasticodyssey.org\/wp-content\/uploads\/2024\/05\/tri-plastique-fidji-300x169.jpg 300w, https:\/\/plasticodyssey.org\/wp-content\/uploads\/2024\/05\/tri-plastique-fidji-1024x576.jpg 1024w, https:\/\/plasticodyssey.org\/wp-content\/uploads\/2024\/05\/tri-plastique-fidji-768x432.jpg 768w, https:\/\/plasticodyssey.org\/wp-content\/uploads\/2024\/05\/tri-plastique-fidji-1536x864.jpg 1536w, https:\/\/plasticodyssey.org\/wp-content\/uploads\/2024\/05\/tri-plastique-fidji-700x394.jpg 700w, https:\/\/plasticodyssey.org\/wp-content\/uploads\/2024\/05\/tri-plastique-fidji-539x303.jpg 539w\" sizes=\"auto, (max-width: 1920px) 100vw, 1920px\" \/>\t\t\t\t\t\t<span class=\"aig-gallery-hover\">\n\t\t\t\t\t\t\t\t\t\t\t\t\t<\/span>\n\t\t\t\t\t\t\t\t\t<\/div>\n\t\t\t<\/div>\n\t\t\t\t\t\t\t\t<div class=\"qode-aig-image qode-item-space\">\n\t\t\t\t<div class=\"qode-aig-image-inner\">\n\t\t\t\t\t\t\t\t\t\t\t<img loading=\"lazy\" decoding=\"async\" width=\"1920\" height=\"1080\" src=\"https:\/\/plasticodyssey.org\/wp-content\/uploads\/2024\/05\/Amitesh-Deo-Pacific-Recycling-Foundation.jpg\" class=\"attachment-full size-full\" alt=\"\" srcset=\"https:\/\/plasticodyssey.org\/wp-content\/uploads\/2024\/05\/Amitesh-Deo-Pacific-Recycling-Foundation.jpg 1920w, https:\/\/plasticodyssey.org\/wp-content\/uploads\/2024\/05\/Amitesh-Deo-Pacific-Recycling-Foundation-300x169.jpg 300w, https:\/\/plasticodyssey.org\/wp-content\/uploads\/2024\/05\/Amitesh-Deo-Pacific-Recycling-Foundation-1024x576.jpg 1024w, https:\/\/plasticodyssey.org\/wp-content\/uploads\/2024\/05\/Amitesh-Deo-Pacific-Recycling-Foundation-768x432.jpg 768w, https:\/\/plasticodyssey.org\/wp-content\/uploads\/2024\/05\/Amitesh-Deo-Pacific-Recycling-Foundation-1536x864.jpg 1536w, https:\/\/plasticodyssey.org\/wp-content\/uploads\/2024\/05\/Amitesh-Deo-Pacific-Recycling-Foundation-700x394.jpg 700w, https:\/\/plasticodyssey.org\/wp-content\/uploads\/2024\/05\/Amitesh-Deo-Pacific-Recycling-Foundation-539x303.jpg 539w\" sizes=\"auto, (max-width: 1920px) 100vw, 1920px\" \/>\t\t\t\t\t\t<span class=\"aig-gallery-hover\">\n\t\t\t\t\t\t\t\t\t\t\t\t\t<\/span>\n\t\t\t\t\t\t\t\t\t<\/div>\n\t\t\t<\/div>\n\t\t\t\t\t\t\t\t<div class=\"qode-aig-image qode-item-space\">\n\t\t\t\t<div class=\"qode-aig-image-inner\">\n\t\t\t\t\t\t\t\t\t\t\t<img loading=\"lazy\" decoding=\"async\" width=\"1920\" height=\"1080\" src=\"https:\/\/plasticodyssey.org\/wp-content\/uploads\/2024\/05\/atelier-recyclage-fidji.jpg\" class=\"attachment-full size-full\" alt=\"\" srcset=\"https:\/\/plasticodyssey.org\/wp-content\/uploads\/2024\/05\/atelier-recyclage-fidji.jpg 1920w, https:\/\/plasticodyssey.org\/wp-content\/uploads\/2024\/05\/atelier-recyclage-fidji-300x169.jpg 300w, https:\/\/plasticodyssey.org\/wp-content\/uploads\/2024\/05\/atelier-recyclage-fidji-1024x576.jpg 1024w, https:\/\/plasticodyssey.org\/wp-content\/uploads\/2024\/05\/atelier-recyclage-fidji-768x432.jpg 768w, https:\/\/plasticodyssey.org\/wp-content\/uploads\/2024\/05\/atelier-recyclage-fidji-1536x864.jpg 1536w, https:\/\/plasticodyssey.org\/wp-content\/uploads\/2024\/05\/atelier-recyclage-fidji-700x394.jpg 700w, https:\/\/plasticodyssey.org\/wp-content\/uploads\/2024\/05\/atelier-recyclage-fidji-539x303.jpg 539w\" sizes=\"auto, (max-width: 1920px) 100vw, 1920px\" \/>\t\t\t\t\t\t<span class=\"aig-gallery-hover\">\n\t\t\t\t\t\t\t\t\t\t\t\t\t<\/span>\n\t\t\t\t\t\t\t\t\t<\/div>\n\t\t\t<\/div>\n\t\t\t\t\t\t\t\t<div class=\"qode-aig-image qode-item-space\">\n\t\t\t\t<div class=\"qode-aig-image-inner\">\n\t\t\t\t\t\t\t\t\t\t\t<img loading=\"lazy\" decoding=\"async\" width=\"1920\" height=\"1080\" src=\"https:\/\/plasticodyssey.org\/wp-content\/uploads\/2024\/05\/workshop-recyclage-fidji.jpg\" class=\"attachment-full size-full\" alt=\"\" srcset=\"https:\/\/plasticodyssey.org\/wp-content\/uploads\/2024\/05\/workshop-recyclage-fidji.jpg 1920w, https:\/\/plasticodyssey.org\/wp-content\/uploads\/2024\/05\/workshop-recyclage-fidji-300x169.jpg 300w, https:\/\/plasticodyssey.org\/wp-content\/uploads\/2024\/05\/workshop-recyclage-fidji-1024x576.jpg 1024w, https:\/\/plasticodyssey.org\/wp-content\/uploads\/2024\/05\/workshop-recyclage-fidji-768x432.jpg 768w, https:\/\/plasticodyssey.org\/wp-content\/uploads\/2024\/05\/workshop-recyclage-fidji-1536x864.jpg 1536w, https:\/\/plasticodyssey.org\/wp-content\/uploads\/2024\/05\/workshop-recyclage-fidji-700x394.jpg 700w, https:\/\/plasticodyssey.org\/wp-content\/uploads\/2024\/05\/workshop-recyclage-fidji-539x303.jpg 539w\" sizes=\"auto, (max-width: 1920px) 100vw, 1920px\" \/>\t\t\t\t\t\t<span class=\"aig-gallery-hover\">\n\t\t\t\t\t\t\t\t\t\t\t\t\t<\/span>\n\t\t\t\t\t\t\t\t\t<\/div>\n\t\t\t<\/div>\n\t\t\t\t\t\t<\/div>\n<\/div>[\/vc_column][\/vc_row][vc_row css_animation=\u00bb\u00bb row_type=\u00bbrow\u00bb use_row_as_full_screen_section=\u00bbno\u00bb type=\u00bbgrid\u00bb angled_section=\u00bbno\u00bb text_align=\u00bbleft\u00bb background_image_as_pattern=\u00bbwithout_pattern\u00bb z_index=\u00bb\u00bb el_class=\u00bbpt5 pb4&#8243;][vc_column width=\u00bb2\/3&#8243; offset=\u00bbvc_col-lg-offset-2&#8243; el_class=\u00bbalign_center tablet_fullwidth\u00bb][vc_column_text]<\/p>\n<h2>Todo lo que saber sobre el Expedici\u00f3n<\/h2>\n<p>El Plastic Odyssey, barco embajador en la lucha contra la contaminaci\u00f3n por pl\u00e1sticos en los oc\u00e9anos, navega alrededor del mundo para descubrir, referenciar y compartir soluciones concretas. Una expedici\u00f3n de tres a\u00f1os por tres continentes a los pa\u00edses m\u00e1s afectados por la contaminaci\u00f3n pl\u00e1stica.[\/vc_column_text]<a  itemprop=\"url\" href=\"\/es\/expedicion\/\" target=\"_self\"  class=\"qbutton  default cta_white_bg_2\" style=\"\">Descubrir la expedici\u00f3n<\/a>[\/vc_column][vc_column el_class=\u00bbmt2&#8243;][vc_single_image image=\u00bb30356&#8243; qode_css_animation=\u00bb\u00bb][\/vc_column][\/vc_row][vc_row css_animation=\u00bb\u00bb row_type=\u00bbrow\u00bb use_row_as_full_screen_section=\u00bbno\u00bb type=\u00bbfull_width\u00bb angled_section=\u00bbno\u00bb text_align=\u00bbleft\u00bb background_image_as_pattern=\u00bbwithout_pattern\u00bb z_index=\u00bb\u00bb background_color=\u00bb#ffffff\u00bb el_class=\u00bbmt1&#8243;][vc_column width=\u00bb1\/3&#8243; css=\u00bb.vc_custom_1754572971240{background-image: url(https:\/\/plasticodyssey.org\/wp-content\/uploads\/2024\/10\/escale-comores.jpg?id=51873) !important;background-position: center !important;background-repeat: no-repeat !important;background-size: cover !important;}\u00bb el_class=\u00bbsk_box_img_full sk_col2&#8243;][vc_column_text css=\u00bb\u00bb el_class=\u00bbsk_box_img_full_align\u00bb]<\/p>\n<h2><strong>Pasada escala<\/strong><\/h2>\n<p><a class=\"qbutton default sk_cta_border\" href=\"\/es\/expedicion\/escalas\/comoras\/\" target=\"_self\" rel=\"noopener\">Comoras<\/a>[\/vc_column_text][\/vc_column][vc_column width=\u00bb1\/3&#8243; css=\u00bb.vc_custom_1678875212811{background-image: url(https:\/\/plasticodyssey.org\/wp-content\/uploads\/2023\/03\/navire-recherche-pollution-plastique.jpg?id=24096) !important;background-position: center !important;background-repeat: no-repeat !important;background-size: cover !important;}\u00bb el_class=\u00bbsk_box_img_full sk_col2&#8243;][vc_column_text el_class=\u00bbsk_box_img_full_align\u00bb]<\/p>\n<h2><strong>Todas las escalas<\/strong><\/h2>\n<p><a class=\"qbutton default sk_cta_border\" href=\"\/es\/expedicion\/escalas\/\" rel=\"noopener\">Volver a escalas<\/a>[\/vc_column_text][\/vc_column][vc_column width=\u00bb1\/3&#8243; css=\u00bb.vc_custom_1752565481961{background-image: url(https:\/\/plasticodyssey.org\/wp-content\/uploads\/2023\/12\/escale-mozambique.jpg?id=41685) !important;background-position: center !important;background-repeat: no-repeat !important;background-size: cover !important;}\u00bb el_class=\u00bbsk_box_img_full sk_col3&#8243;][vc_column_text css=\u00bb\u00bb el_class=\u00bbsk_box_img_full_align\u00bb]<\/p>\n<h2><strong>Pr\u00f3xima escala<\/strong><\/h2>\n<p><a class=\"qbutton default sk_cta_border\" href=\"\/es\/expedicion\/escalas\/tanzania\/\" target=\"_self\" rel=\"noopener\">Tanzania<\/a>[\/vc_column_text][\/vc_column][\/vc_row]<\/p>\n<\/div>","protected":false},"excerpt":{"rendered":"<p>[vc_row css_animation=\u00bb\u00bb row_type=\u00bbrow\u00bb use_row_as_full_screen_section=\u00bbno\u00bb type=\u00bbgrid\u00bb angled_section=\u00bbno\u00bb text_align=\u00bbleft\u00bb background_image_as_pattern=\u00bbwithout_pattern\u00bb z_index=\u00bb\u00bb background_image=\u00bb56984&#8243; el_class=\u00bbsk_headpage_escales sk_passe_tag_headpage\u00bb][vc_column][vc_column_text css=\u00bb\u00bb el_class=\u00bbwhite\u00bb] Escala en Mayotte \ud83c\uddfe\ud83c\uddf9 Escala 36 Longoni Julio &#8211; Agosto 2025 [\/vc_column_text][\/vc_column][\/vc_row][vc_row css_animation=\u00bb\u00bb row_type=\u00bbrow\u00bb use_row_as_full_screen_section=\u00bbno\u00bb type=\u00bbfull_width\u00bb angled_section=\u00bbno\u00bb text_align=\u00bbleft\u00bb background_image_as_pattern=\u00bbwithout_pattern\u00bb z_index=\u00bb\u00bb el_class=\u00bbsk_nav_escales\u00bb][vc_column&#8230;<\/p>\n","protected":false},"author":3,"featured_media":56986,"parent":32903,"menu_order":36,"comment_status":"closed","ping_status":"closed","template":"full_width.php","meta":{"footnotes":""},"class_list":["post-56976","page","type-page","status-publish","has-post-thumbnail","hentry"],"yoast_head":"<!-- This site is optimized with the Yoast SEO plugin v25.5 - https:\/\/yoast.com\/wordpress\/plugins\/seo\/ -->\n<title>Escala en Mayotte | Plastic Odyssey<\/title>\n<meta name=\"description\" content=\"El Plastic Odyssey hizo escala en Mayotte en julio y agosto de 2025. He aqu\u00ed una retrospectiva de esta escala para descubrir el ecosistema del reciclaje y las soluciones para el pl\u00e1stico.\" \/>\n<meta name=\"robots\" content=\"noindex, follow\" \/>\n<meta property=\"og:locale\" content=\"es_ES\" \/>\n<meta property=\"og:type\" content=\"article\" \/>\n<meta property=\"og:title\" content=\"Escala en Mayotte | Plastic Odyssey\" \/>\n<meta property=\"og:description\" content=\"El Plastic Odyssey hizo escala en Mayotte en julio y agosto de 2025. He aqu\u00ed una retrospectiva de esta escala para descubrir el ecosistema del reciclaje y las soluciones para el pl\u00e1stico.\" \/>\n<meta property=\"og:url\" content=\"https:\/\/plasticodyssey.org\/es\/expedicion\/escalas\/mayotte\/\" \/>\n<meta property=\"og:site_name\" content=\"Plastic Odyssey\" \/>\n<meta property=\"article:publisher\" content=\"https:\/\/www.facebook.com\/plasticodyssey\/\" \/>\n<meta property=\"article:modified_time\" content=\"2025-08-07T13:36:03+00:00\" \/>\n<meta property=\"og:image\" content=\"https:\/\/plasticodyssey.org\/wp-content\/uploads\/2025\/06\/escale-mayotte.jpg\" \/>\n\t<meta property=\"og:image:width\" content=\"1920\" \/>\n\t<meta property=\"og:image:height\" content=\"1080\" \/>\n\t<meta property=\"og:image:type\" content=\"image\/jpeg\" \/>\n<meta name=\"twitter:card\" content=\"summary_large_image\" \/>\n<meta name=\"twitter:site\" content=\"@plasticodyssey\" \/>\n<meta name=\"twitter:label1\" content=\"Tiempo de lectura\" \/>\n\t<meta name=\"twitter:data1\" content=\"5 minutos\" \/>\n<script type=\"application\/ld+json\" class=\"yoast-schema-graph\">{\"@context\":\"https:\/\/schema.org\",\"@graph\":[{\"@type\":\"WebPage\",\"@id\":\"https:\/\/plasticodyssey.org\/es\/expedicion\/escalas\/mayotte\/\",\"url\":\"https:\/\/plasticodyssey.org\/es\/expedicion\/escalas\/mayotte\/\",\"name\":\"Escala en Mayotte | Plastic Odyssey\",\"isPartOf\":{\"@id\":\"https:\/\/plasticodyssey.org\/es\/#website\"},\"primaryImageOfPage\":{\"@id\":\"https:\/\/plasticodyssey.org\/es\/expedicion\/escalas\/mayotte\/#primaryimage\"},\"image\":{\"@id\":\"https:\/\/plasticodyssey.org\/es\/expedicion\/escalas\/mayotte\/#primaryimage\"},\"thumbnailUrl\":\"https:\/\/plasticodyssey.org\/wp-content\/uploads\/2025\/06\/escale-mayotte.jpg\",\"datePublished\":\"2025-06-23T12:48:56+00:00\",\"dateModified\":\"2025-08-07T13:36:03+00:00\",\"description\":\"El Plastic Odyssey hizo escala en Mayotte en julio y agosto de 2025. He aqu\u00ed una retrospectiva de esta escala para descubrir el ecosistema del reciclaje y las soluciones para el pl\u00e1stico.\",\"breadcrumb\":{\"@id\":\"https:\/\/plasticodyssey.org\/es\/expedicion\/escalas\/mayotte\/#breadcrumb\"},\"inLanguage\":\"es\",\"potentialAction\":[{\"@type\":\"ReadAction\",\"target\":[\"https:\/\/plasticodyssey.org\/es\/expedicion\/escalas\/mayotte\/\"]}]},{\"@type\":\"ImageObject\",\"inLanguage\":\"es\",\"@id\":\"https:\/\/plasticodyssey.org\/es\/expedicion\/escalas\/mayotte\/#primaryimage\",\"url\":\"https:\/\/plasticodyssey.org\/wp-content\/uploads\/2025\/06\/escale-mayotte.jpg\",\"contentUrl\":\"https:\/\/plasticodyssey.org\/wp-content\/uploads\/2025\/06\/escale-mayotte.jpg\",\"width\":1920,\"height\":1080},{\"@type\":\"BreadcrumbList\",\"@id\":\"https:\/\/plasticodyssey.org\/es\/expedicion\/escalas\/mayotte\/#breadcrumb\",\"itemListElement\":[{\"@type\":\"ListItem\",\"position\":1,\"name\":\"Accueil\",\"item\":\"https:\/\/plasticodyssey.org\/es\/inicio\/\"},{\"@type\":\"ListItem\",\"position\":2,\"name\":\"Expedici\u00f3n\",\"item\":\"https:\/\/plasticodyssey.org\/es\/expedicion\/\"},{\"@type\":\"ListItem\",\"position\":3,\"name\":\"Escalas\",\"item\":\"https:\/\/plasticodyssey.org\/es\/expedicion\/escalas\/\"},{\"@type\":\"ListItem\",\"position\":4,\"name\":\"Mayotte\"}]},{\"@type\":\"WebSite\",\"@id\":\"https:\/\/plasticodyssey.org\/es\/#website\",\"url\":\"https:\/\/plasticodyssey.org\/es\/\",\"name\":\"Plastic Odyssey\",\"description\":\"L&#039;exp\u00e9dition autour du monde contre la pollution plastique\",\"publisher\":{\"@id\":\"https:\/\/plasticodyssey.org\/es\/#organization\"},\"potentialAction\":[{\"@type\":\"SearchAction\",\"target\":{\"@type\":\"EntryPoint\",\"urlTemplate\":\"https:\/\/plasticodyssey.org\/es\/?s={search_term_string}\"},\"query-input\":{\"@type\":\"PropertyValueSpecification\",\"valueRequired\":true,\"valueName\":\"search_term_string\"}}],\"inLanguage\":\"es\"},{\"@type\":\"Organization\",\"@id\":\"https:\/\/plasticodyssey.org\/es\/#organization\",\"name\":\"Plastic Odyssey\",\"url\":\"https:\/\/plasticodyssey.org\/es\/\",\"logo\":{\"@type\":\"ImageObject\",\"inLanguage\":\"es\",\"@id\":\"https:\/\/plasticodyssey.org\/es\/#\/schema\/logo\/image\/\",\"url\":\"https:\/\/plasticodyssey.org\/wp-content\/uploads\/2020\/02\/navire-plastic-odyssey-coucher-soleil.jpg\",\"contentUrl\":\"https:\/\/plasticodyssey.org\/wp-content\/uploads\/2020\/02\/navire-plastic-odyssey-coucher-soleil.jpg\",\"width\":1920,\"height\":1080,\"caption\":\"Plastic Odyssey\"},\"image\":{\"@id\":\"https:\/\/plasticodyssey.org\/es\/#\/schema\/logo\/image\/\"},\"sameAs\":[\"https:\/\/www.facebook.com\/plasticodyssey\/\",\"https:\/\/x.com\/plasticodyssey\",\"https:\/\/www.instagram.com\/plasticodyssey\/\",\"https:\/\/www.linkedin.com\/company\/plastic-odyssey\/\",\"https:\/\/www.youtube.com\/channel\/UC4UNxaIW9ODIuLGJaTrhnow\"]}]}<\/script>\n<!-- \/ Yoast SEO plugin. -->","yoast_head_json":{"title":"Escala en Mayotte | Plastic Odyssey","description":"El Plastic Odyssey hizo escala en Mayotte en julio y agosto de 2025. He aqu\u00ed una retrospectiva de esta escala para descubrir el ecosistema del reciclaje y las soluciones para el pl\u00e1stico.","robots":{"index":"noindex","follow":"follow"},"og_locale":"es_ES","og_type":"article","og_title":"Escala en Mayotte | Plastic Odyssey","og_description":"El Plastic Odyssey hizo escala en Mayotte en julio y agosto de 2025. He aqu\u00ed una retrospectiva de esta escala para descubrir el ecosistema del reciclaje y las soluciones para el pl\u00e1stico.","og_url":"https:\/\/plasticodyssey.org\/es\/expedicion\/escalas\/mayotte\/","og_site_name":"Plastic Odyssey","article_publisher":"https:\/\/www.facebook.com\/plasticodyssey\/","article_modified_time":"2025-08-07T13:36:03+00:00","og_image":[{"width":1920,"height":1080,"url":"https:\/\/plasticodyssey.org\/wp-content\/uploads\/2025\/06\/escale-mayotte.jpg","type":"image\/jpeg"}],"twitter_card":"summary_large_image","twitter_site":"@plasticodyssey","twitter_misc":{"Tiempo de lectura":"5 minutos"},"schema":{"@context":"https:\/\/schema.org","@graph":[{"@type":"WebPage","@id":"https:\/\/plasticodyssey.org\/es\/expedicion\/escalas\/mayotte\/","url":"https:\/\/plasticodyssey.org\/es\/expedicion\/escalas\/mayotte\/","name":"Escala en Mayotte | Plastic Odyssey","isPartOf":{"@id":"https:\/\/plasticodyssey.org\/es\/#website"},"primaryImageOfPage":{"@id":"https:\/\/plasticodyssey.org\/es\/expedicion\/escalas\/mayotte\/#primaryimage"},"image":{"@id":"https:\/\/plasticodyssey.org\/es\/expedicion\/escalas\/mayotte\/#primaryimage"},"thumbnailUrl":"https:\/\/plasticodyssey.org\/wp-content\/uploads\/2025\/06\/escale-mayotte.jpg","datePublished":"2025-06-23T12:48:56+00:00","dateModified":"2025-08-07T13:36:03+00:00","description":"El Plastic Odyssey hizo escala en Mayotte en julio y agosto de 2025. He aqu\u00ed una retrospectiva de esta escala para descubrir el ecosistema del reciclaje y las soluciones para el pl\u00e1stico.","breadcrumb":{"@id":"https:\/\/plasticodyssey.org\/es\/expedicion\/escalas\/mayotte\/#breadcrumb"},"inLanguage":"es","potentialAction":[{"@type":"ReadAction","target":["https:\/\/plasticodyssey.org\/es\/expedicion\/escalas\/mayotte\/"]}]},{"@type":"ImageObject","inLanguage":"es","@id":"https:\/\/plasticodyssey.org\/es\/expedicion\/escalas\/mayotte\/#primaryimage","url":"https:\/\/plasticodyssey.org\/wp-content\/uploads\/2025\/06\/escale-mayotte.jpg","contentUrl":"https:\/\/plasticodyssey.org\/wp-content\/uploads\/2025\/06\/escale-mayotte.jpg","width":1920,"height":1080},{"@type":"BreadcrumbList","@id":"https:\/\/plasticodyssey.org\/es\/expedicion\/escalas\/mayotte\/#breadcrumb","itemListElement":[{"@type":"ListItem","position":1,"name":"Accueil","item":"https:\/\/plasticodyssey.org\/es\/inicio\/"},{"@type":"ListItem","position":2,"name":"Expedici\u00f3n","item":"https:\/\/plasticodyssey.org\/es\/expedicion\/"},{"@type":"ListItem","position":3,"name":"Escalas","item":"https:\/\/plasticodyssey.org\/es\/expedicion\/escalas\/"},{"@type":"ListItem","position":4,"name":"Mayotte"}]},{"@type":"WebSite","@id":"https:\/\/plasticodyssey.org\/es\/#website","url":"https:\/\/plasticodyssey.org\/es\/","name":"Plastic Odyssey","description":"L&#039;exp\u00e9dition autour du monde contre la pollution plastique","publisher":{"@id":"https:\/\/plasticodyssey.org\/es\/#organization"},"potentialAction":[{"@type":"SearchAction","target":{"@type":"EntryPoint","urlTemplate":"https:\/\/plasticodyssey.org\/es\/?s={search_term_string}"},"query-input":{"@type":"PropertyValueSpecification","valueRequired":true,"valueName":"search_term_string"}}],"inLanguage":"es"},{"@type":"Organization","@id":"https:\/\/plasticodyssey.org\/es\/#organization","name":"Plastic Odyssey","url":"https:\/\/plasticodyssey.org\/es\/","logo":{"@type":"ImageObject","inLanguage":"es","@id":"https:\/\/plasticodyssey.org\/es\/#\/schema\/logo\/image\/","url":"https:\/\/plasticodyssey.org\/wp-content\/uploads\/2020\/02\/navire-plastic-odyssey-coucher-soleil.jpg","contentUrl":"https:\/\/plasticodyssey.org\/wp-content\/uploads\/2020\/02\/navire-plastic-odyssey-coucher-soleil.jpg","width":1920,"height":1080,"caption":"Plastic Odyssey"},"image":{"@id":"https:\/\/plasticodyssey.org\/es\/#\/schema\/logo\/image\/"},"sameAs":["https:\/\/www.facebook.com\/plasticodyssey\/","https:\/\/x.com\/plasticodyssey","https:\/\/www.instagram.com\/plasticodyssey\/","https:\/\/www.linkedin.com\/company\/plastic-odyssey\/","https:\/\/www.youtube.com\/channel\/UC4UNxaIW9ODIuLGJaTrhnow"]}]}},"_links":{"self":[{"href":"https:\/\/plasticodyssey.org\/es\/wp-json\/wp\/v2\/pages\/56976","targetHints":{"allow":["GET"]}}],"collection":[{"href":"https:\/\/plasticodyssey.org\/es\/wp-json\/wp\/v2\/pages"}],"about":[{"href":"https:\/\/plasticodyssey.org\/es\/wp-json\/wp\/v2\/types\/page"}],"author":[{"embeddable":true,"href":"https:\/\/plasticodyssey.org\/es\/wp-json\/wp\/v2\/users\/3"}],"replies":[{"embeddable":true,"href":"https:\/\/plasticodyssey.org\/es\/wp-json\/wp\/v2\/comments?post=56976"}],"version-history":[{"count":25,"href":"https:\/\/plasticodyssey.org\/es\/wp-json\/wp\/v2\/pages\/56976\/revisions"}],"predecessor-version":[{"id":57725,"href":"https:\/\/plasticodyssey.org\/es\/wp-json\/wp\/v2\/pages\/56976\/revisions\/57725"}],"up":[{"embeddable":true,"href":"https:\/\/plasticodyssey.org\/es\/wp-json\/wp\/v2\/pages\/32903"}],"wp:featuredmedia":[{"embeddable":true,"href":"https:\/\/plasticodyssey.org\/es\/wp-json\/wp\/v2\/media\/56986"}],"wp:attachment":[{"href":"https:\/\/plasticodyssey.org\/es\/wp-json\/wp\/v2\/media?parent=56976"}],"curies":[{"name":"wp","href":"https:\/\/api.w.org\/{rel}","templated":true}]}}